{"id":6156,"date":"2025-01-16T12:00:50","date_gmt":"2025-01-16T11:00:50","guid":{"rendered":"https:\/\/ntnui.no\/toppturogfrikjoring\/?post_type=product&#038;p=6156"},"modified":"2025-02-22T23:30:23","modified_gmt":"2025-02-22T22:30:23","slug":"sunndalstur-ordinaer","status":"publish","type":"product","link":"https:\/\/ntnui.no\/toppturogfrikjoring\/product\/sunndalstur-ordinaer\/","title":{"rendered":"Sunndalstur, ordin\u00e6r"},"content":{"rendered":"<div class=\"xdj266r x11i5rnm xat24cr x1mh8g0r x1vvkbs\">Sunndalstur:<\/div>\n<div class=\"x11i5rnm xat24cr x1mh8g0r x1vvkbs xtlvy1s\"><\/div>\n<div class=\"x11i5rnm xat24cr x1mh8g0r x1vvkbs xtlvy1s\">VIKTIGE DATOER:<br class=\"html-br\" \/>15.01 Early-Bird p\u00e5melding \u00e5pner klokken kl 12.00, (kun for komitemedlemmer)<br class=\"html-br\" \/>16.01 Ordin\u00e6r p\u00e5melding \u00e5pner klokken 12.00<br class=\"html-br\" \/>Ordin\u00e6r p\u00e5melding vil legges ut her i arrangementet. Det blir totalt 20 plasser p\u00e5 turen, hvor halvparten er satt av til komitemedlemmer.<br class=\"html-br\" \/>30.01 avreise til \u00c5lvundeid grendahus fra Hovedbygget p\u00e5 Gl\u00f8shaugen.<\/div>\n<div class=\"x11i5rnm xat24cr x1mh8g0r x1vvkbs xtlvy1s\"><\/div>\n<div class=\"x11i5rnm xat24cr x1mh8g0r x1vvkbs xtlvy1s\">OM TUREN:<br class=\"html-br\" \/>Kj\u00e6re kvinner og menn, det er duket for \u00e5rets f\u00f8rste Sunndalstur! Avreise fra Trondheim vil skje torsdag 30.01, f\u00f8r vi vender snuten hjem s\u00f8ndag 02.02. Vi blir boende p\u00e5 \u00c5lvundeid grendahus, omtrent en 3-timers kj\u00f8retur fra Trondheim. \u00c5lvundeid er ikke langt unna flotte toppturdestinasjoner som \u00d8ksendalen, Virumdalen, Jordalsgrenda, Eresfjord. Grendahuset er romslig og har alt som trengs for en sosial helg: 2 gymsaler hvor man kan brette ut et deilig liggeunderlag og sovepose, garderober med dusj for \u00e5 f\u00e5 varmen i seg etter tur + kj\u00f8kken hvor vi skal lage gode middager og frokost i lag.<br class=\"html-br\" \/>Det vil bli muligheter for ulike avreisetidspunkt p\u00e5 torsdag etter sj\u00e5f\u00f8renes \u00f8nske. Dette for at de som har mulighet f\u00e5r st\u00e5tt p\u00e5 ski torsdag ogs\u00e5. Men om avreise blir etter skoletid, er det ingen fare da b\u00e5de fredag og l\u00f8rdag tilbringes i Sunndalen. Det blir ogs\u00e5 mulighet for tur p\u00e5 s\u00f8ndag, f\u00f8r vi vender snuten hjem. Mer informasjon om ulike avreisetidspunkt vil sendes til p\u00e5meldte n\u00e5r turen n\u00e6rmer seg. Du vil da selv m\u00e5tte krysse av for hvilken sj\u00e5f\u00f8r (tidspunkt) du \u00f8nsker \u00e5 reise med.<\/div>\n<div class=\"x11i5rnm xat24cr x1mh8g0r x1vvkbs xtlvy1s\">TURMULIGHETER:<br class=\"html-br\" \/>I n\u00e6rhet grendahuset i \u00c5lvundeidet ligger deriblant Smisetnebba og Rokdalskammen. Tydalsnebba og andre muligheter finnes en liten fergetur unda i selveste Todalen. Klassikere som Dronningkrona, Fl\u00f8tatind, Trolltind er ikke lange kj\u00f8returen unna, og ellers for de som \u00f8nsker seg til Eresfjord med topper som Skjorta og Goks\u00f8yra er dette en mulighet.<\/div>\n<div class=\"x11i5rnm xat24cr x1mh8g0r x1vvkbs xtlvy1s\">MINIMUMSKRAV:<br class=\"html-br\" \/>Gyldig medlemskap i NTNUI kreves for \u00e5 melde seg p\u00e5.<br class=\"html-br\" \/>Betalt \u00e5rsmedlemskap i TF. Dette er en medlemskontigent som kreves for \u00e5 delta p\u00e5 NTNUI Topptur og Frikj\u00f8ring sine turer. Dette m\u00e5 skaffes f\u00f8r turen og kan kj\u00f8pes her:\u00a0<a class=\"x1i10hfl xjbqb8w x1ejq31n xd10rxx x1sy0etr x17r0tee x972fbf xcfux6l x1qhh985 xm0m39n x9f619 x1ypdohk xt0psk2 xe8uvvx xdj266r x11i5rnm xat24cr x1mh8g0r xexx8yu x4uap5 x18d9i69 xkhd6sd x16tdsg8 x1hl2dhg xggy1nq x1a2a7pz x1sur9pj xkrqix3 x1fey0fg x1s688f\" role=\"link\" href=\"https:\/\/l.facebook.com\/l.php?u=https%3A%2F%2Fntnui.no%2F...%2Fmedlemskap-i-ntnui-topptur-og...%2F%3Ffbclid%3DIwZXh0bgNhZW0CMTAAAR05nOejmtvcSdIYNwBX7bVAXLR5hQWe-hvtXBwjepQsZ0D-9BDIc1kV398_aem_6dY-PEMdAgQnLzemiQpNQw&amp;h=AT2J9pwjOVFQryudXFN3NlF7NyIy9_lxkBjk2hdLGE-n_MuxZZdKQO9uoc4PU2x-MqfGIIXxpFEjTP60IzY6pKbcr_dkr7DD4VJHqLv1V3zaVGvKY2u-QWh5GtX5JqLPbnj2uaQ-gIvz45e3husX9eIYKg&amp;__tn__=q&amp;c[0]=AT3WQGV3hCbeqmU_LuSS3--T0r3qGKB7Xic8awC6O0QojPQBEiOoz6d9y---gmstX4eLGS-Gk1DNLaqCAXJwYcAlsaZ801pf8St6xF49A-w4NCgmwR67VO80x23-cBnV9BjGg9LH12iX1N187bvAYhVep7uxqXT0tdiw6g\" target=\"_blank\" rel=\"nofollow noopener noreferrer\">https:\/\/ntnui.no\/&#8230;\/medlemskap-i-ntnui-topptur-og&#8230;\/<\/a>&#8230;<br class=\"html-br\" \/>Dere m\u00e5 ha med eget skredutstyr, sender\/mottaker, spade og s\u00f8kestang. TF har noen f\u00e5 skredpakker til utleie, send mail til tf-nestleder@ntnui.no dersom det er av interesse. Vi har dessverre ikke noe annet utstyr til leie.<br class=\"html-br\" \/>Egnet toppturutstyr til \u00e5 g\u00e5 tur med, toppturski, telemark, splitboard etc.<br class=\"html-br\" \/>Alle deltakere m\u00e5 mestre den grunnleggende bruken av b\u00e5de skred- og skiutstyret. Du m\u00e5 ha v\u00e6rt p\u00e5 tur f\u00f8r og kunne ta vare p\u00e5 deg selv i vinterfjellet. Har du ingen erfaring med toppturer p\u00e5 vinteren kan nybegynnerkurs hos DNT eller et av de profesjonelle guideselskapene anbefales som inngang til denne herlige sporten.<br class=\"html-br\" \/>Ingen av TFs turer er guidet, her st\u00e5r man fritt til \u00e5 legge opp turer selv. Ettersom omr\u00e5det inneholder en haug av lekre turer gir dette store muligheter for flotte opplevelser! Dette legger ansvaret p\u00e5 den enkelte deltaker, b\u00e5de i turplanlegging og avgj\u00f8relser som tas p\u00e5 tur. TF har ikke ansvar for deg og du er heller ikke forsikret gjennom TF n\u00e5r du er p\u00e5 tur med oss. Egen reiseforsikring anbefales sterkt.<br class=\"html-br\" \/>Ved kj\u00f8p av billetten s\u00e5 godkjenner dere TF sin ansvarsfraskrivelse. Den kan leses her:\u00a0<a class=\"x1i10hfl xjbqb8w x1ejq31n xd10rxx x1sy0etr x17r0tee x972fbf xcfux6l x1qhh985 xm0m39n x9f619 x1ypdohk xt0psk2 xe8uvvx xdj266r x11i5rnm xat24cr x1mh8g0r xexx8yu x4uap5 x18d9i69 xkhd6sd x16tdsg8 x1hl2dhg xggy1nq x1a2a7pz x1sur9pj xkrqix3 x1fey0fg x1s688f\" role=\"link\" href=\"https:\/\/l.facebook.com\/l.php?u=https%3A%2F%2Fdocs.google.com%2F...%2F13epxdiCaEWolp1GUcXg3...%2Fedit%3Ffbclid%3DIwZXh0bgNhZW0CMTAAAR3vvpFdxhOlx4PooEHEr3bNd4aLJeI7EhxU_2j1ZCVTq_nBlAKGRFsBoCA_aem_STnEtddRDHvsvlSTthhhpg&amp;h=AT362mmuwdc9HzQt8ROE1n62wuq7bvwdk66RBh1xRX7wzVQX76SQC6WdfoLWXs66Gri000jE0tTfeLf77jT1htbqyZps14WsbsBKks-Klvp_ARGLHNCocXFP1DhZXuc9FzvJpe6JYodau4HzLbo6hOm_Zg&amp;__tn__=q&amp;c[0]=AT3WQGV3hCbeqmU_LuSS3--T0r3qGKB7Xic8awC6O0QojPQBEiOoz6d9y---gmstX4eLGS-Gk1DNLaqCAXJwYcAlsaZ801pf8St6xF49A-w4NCgmwR67VO80x23-cBnV9BjGg9LH12iX1N187bvAYhVep7uxqXT0tdiw6g\" target=\"_blank\" rel=\"nofollow noopener noreferrer\">https:\/\/docs.google.com\/&#8230;\/13epxdiCaEWolp1GUcXg3&#8230;\/edit<\/a>&#8230;<\/div>\n<div class=\"x11i5rnm xat24cr x1mh8g0r x1vvkbs xtlvy1s\">KOSTNADER:<br class=\"html-br\" \/>Turen vil koste 840 kr. Det inkluderer transport, overnatting, kveldsmat torsdag, middag(fredag\/l\u00f8rdag) og frokost(fredag\/l\u00f8rdag\/s\u00f8ndag). Lunsj og snacks st\u00e5r deltakeren for selv. P\u00e5meldingen er bindende. Kan du ikke delta p\u00e5 turen er du selv ansvarlig for \u00e5 selge billetten videre. Ved videresalg er det viktig at vi f\u00e5r kontaktinformasjon til den som overtok plassen. Dette sendes til fredrik@gaudestad.no<\/div>\n<div class=\"x11i5rnm xat24cr x1mh8g0r x1vvkbs xtlvy1s\">For \u00e5 komme oss tur, er vi avhengig av at noen deltakere stiller med bil. Ta kontakt med markusja02@gmail.com. Sj\u00e5f\u00f8rer er sikret plass p\u00e5 turen f\u00f8r p\u00e5meldingen, og blir kompensert 3,5 kr\/km. Bilen din m\u00e5 ha plass til deg selv og tre andre personer og alt av utstyr. Biler med takboks og god plass vil bli prioritert. Skriv merke og modell i mailen. N\u00e5r du stiller med bil har du et ekstra ansvar for at alle faktisk kommer seg ut p\u00e5 tur hver dag. Ingen biler skal forlate hytta halvtomme, og bruker man den ikke selv s\u00e5 m\u00e5 man v\u00e6re forberedt p\u00e5 \u00e5 l\u00e5ne den bort.<\/div>\n<div class=\"x11i5rnm xat24cr x1mh8g0r x1vvkbs xtlvy1s\">&#8212;&#8212;&#8212;&#8212;&#8212;&#8212;&#8212;&#8212;&#8212;&#8212;&#8212;&#8212;&#8212;&#8212;&#8212;&#8212;&#8212;&#8212;&#8212;&#8212;&#8212;&#8212;&#8212;&#8212;<br class=\"html-br\" \/>English:<br class=\"html-br\" \/>Sunndal Trip:<\/div>\n<div class=\"x11i5rnm xat24cr x1mh8g0r x1vvkbs xtlvy1s\">IMPORTANT DATES:<br class=\"html-br\" \/>15.01: Early-bird registration opens at 12:00 (for committee members only).<br class=\"html-br\" \/>16.01: Regular registration opens at 12:00.<br class=\"html-br\" \/>Regular registration will be posted here in the event. There are 20 spots available for the trip, with half reserved for committee members.<br class=\"html-br\" \/>30.01: Departure to \u00c5lvundeid Community Center from the Main Building at Gl\u00f8shaugen.<\/div>\n<div class=\"x11i5rnm xat24cr x1mh8g0r x1vvkbs xtlvy1s\">ABOUT THE TRIP:<br class=\"html-br\" \/>Dear women and men, it\u2019s time for this year\u2019s first Sunndal trip! Departure from Trondheim will be on Thursday, January 30, and we will return home on Sunday, February 2. We will stay at \u00c5lvundeid Community Center, about a 3-hour drive from Trondheim. \u00c5lvundeid is close to some fantastic ski-touring destinations such as \u00d8ksendalen, Virumdalen, Jordalsgrenda, and Eresfjord.<br class=\"html-br\" \/>The community center is spacious and perfect for a social weekend. Accommodation: 2 gym halls where you can roll out a comfortable sleeping mat and sleeping bag.Facilities: Changing rooms with showers to warm up after skiing, plus a kitchen for group dinners and breakfasts. There will be options for various departure times on Thursday, depending on drivers\u2019 preferences. Those who wish to ski on Thursday will be able to leave earlier, but if your departure is after school hours, no worries\u2014Friday and Saturday will also be spent in Sunndal. There\u2019s also an opportunity for a trip on Sunday before we head home. More information on departure times will be sent to participants closer to the date. You will be able to select your preferred driver (and departure time) then.<\/div>\n<div class=\"x11i5rnm xat24cr x1mh8g0r x1vvkbs xtlvy1s\">SKI TOUR OPTIONS:<br class=\"html-br\" \/>Near the community center, you\u2019ll find peaks like Smisetnebba and Rokdalskammen. Tydalsnebba and other opportunities are just a short ferry ride away in Todalen. Classics such as Dronningkrona, Fl\u00f8tatind, and Trolltind are a short drive away. For those interested in Eresfjord, peaks like Skjorta and Goks\u00f8yra are also within reach.<\/div>\n<div class=\"x11i5rnm xat24cr x1mh8g0r x1vvkbs xtlvy1s\">MINIMUM REQUIREMENTS:<br class=\"html-br\" \/>A valid NTNUI membership is required to register.<br class=\"html-br\" \/>Paid annual membership in TF (Topptur og Frikj\u00f8ring). This is required to join NTNUI\u2019s ski touring and freeriding trips. Membership must be purchased before the trip and is available here.<br class=\"html-br\" \/>You must bring your own avalanche equipment: transceiver, shovel, and probe. TF has a limited number of avalanche kits available for rent. If interested, email tf-nestleder@ntnui.no. No other gear is available for rent.<br class=\"html-br\" \/>Appropriate ski touring equipment, such as touring skis, telemark skis, or splitboards.<br class=\"html-br\" \/>Basic proficiency with avalanche and ski equipment is mandatory. You must have prior experience in the winter mountains and be able to take care of yourself. If you are new to ski touring, beginner courses from DNT or professional guides are recommended.<br class=\"html-br\" \/>None of TF\u2019s trips are guided. You are free to plan your own tours. The area offers numerous amazing possibilities for unforgettable experiences! However, this also means that participants are responsible for their own trip planning and decisions in the mountains. TF is not responsible for you, nor are you insured through TF. Personal travel insurance is strongly recommended.<\/div>\n<div class=\"x11i5rnm xat24cr x1mh8g0r x1vvkbs xtlvy1s\">By purchasing a ticket, you accept TF\u2019s disclaimer of liability. You can read it here:\u00a0<a class=\"x1i10hfl xjbqb8w x1ejq31n xd10rxx x1sy0etr x17r0tee x972fbf xcfux6l x1qhh985 xm0m39n x9f619 x1ypdohk xt0psk2 xe8uvvx xdj266r x11i5rnm xat24cr x1mh8g0r xexx8yu x4uap5 x18d9i69 xkhd6sd x16tdsg8 x1hl2dhg xggy1nq x1a2a7pz x1sur9pj xkrqix3 x1fey0fg x1s688f\" role=\"link\" href=\"https:\/\/l.facebook.com\/l.php?u=https%3A%2F%2Fdocs.google.com%2F...%2F13epxdiCaEWolp1GUcXg3...%2Fedit%3Ffbclid%3DIwZXh0bgNhZW0CMTAAAR3x3v3unUWjAqf3_d4kXWFoU6ZC8J2xMT9LGARroXGO_U2CAtb2VAVDN9Y_aem_6YS4AJJUly6cYSQmSNZjSg&amp;h=AT362mmuwdc9HzQt8ROE1n62wuq7bvwdk66RBh1xRX7wzVQX76SQC6WdfoLWXs66Gri000jE0tTfeLf77jT1htbqyZps14WsbsBKks-Klvp_ARGLHNCocXFP1DhZXuc9FzvJpe6JYodau4HzLbo6hOm_Zg&amp;__tn__=q&amp;c[0]=AT3WQGV3hCbeqmU_LuSS3--T0r3qGKB7Xic8awC6O0QojPQBEiOoz6d9y---gmstX4eLGS-Gk1DNLaqCAXJwYcAlsaZ801pf8St6xF49A-w4NCgmwR67VO80x23-cBnV9BjGg9LH12iX1N187bvAYhVep7uxqXT0tdiw6g\" target=\"_blank\" rel=\"nofollow noopener noreferrer\">https:\/\/docs.google.com\/&#8230;\/13epxdiCaEWolp1GUcXg3&#8230;\/edit<\/a>&#8230;<\/div>\n<div class=\"x11i5rnm xat24cr x1mh8g0r x1vvkbs xtlvy1s\">COST:<br class=\"html-br\" \/>The trip costs 840 NOK, which includes:<br class=\"html-br\" \/>Transport<br class=\"html-br\" \/>Accommodation<br class=\"html-br\" \/>Evening snack on Thursday<br class=\"html-br\" \/>Dinner (Friday\/Saturday)<br class=\"html-br\" \/>Breakfast (Friday\/Saturday\/Sunday)<br class=\"html-br\" \/>Participants must arrange their own lunch and snacks. Registration is binding. If you cannot attend, you are responsible for reselling your ticket. If you resell, make sure to provide contact information for the new participant to fredrik@gaudestad.no.<\/div>\n<div class=\"x11i5rnm xat24cr x1mh8g0r x1vvkbs xtlvy1s\">\n<p>TRANSPORTATION:<br class=\"html-br\" \/>The trip depends on participants providing cars. If you can, contact markusja02@gmail.com. Drivers are guaranteed a spot on the trip and will be compensated 3.5 NOK\/km. Your car must have space for yourself, three other people, and all equipment. Cars with roof racks or ample space will be prioritized. Include the car\u2019s make and model in your email.<br class=\"html-br\" \/>Drivers will also take on extra responsibility to ensure everyone gets to the mountains each day. Cars should not leave the cabin half-empty. If you don\u2019t need your car, you must be prepared to lend it to others.<\/p>\n<div class=\"x1i10hfl xjbqb8w x1ejq31n xd10rxx x1sy0etr x17r0tee x972fbf xcfux6l x1qhh985 xm0m39n x9f619 x1ypdohk xt0psk2 xe8uvvx xdj266r x11i5rnm xat24cr x1mh8g0r xexx8yu x4uap5 x18d9i69 xkhd6sd x16tdsg8 x1hl2dhg xggy1nq x1a2a7pz x1sur9pj xkrqix3 xzsf02u x1s688f\" role=\"button\">Se mindre<\/div>\n<\/div>\n","protected":false},"excerpt":{"rendered":"<p>Ved \u00e5 kj\u00f8pe v\u00e5rt produkt godtar du v\u00e5re reisebetingelser<\/p>\n<hr \/>\n<p>By purchasing our product you accept our terms of travel<\/p>\n<p><em><a href=\"https:\/\/ntnui.no\/toppturogfrikjoring\/reisebetingelser-2\">Reisebetingelser<\/a>\/<a href=\"https:\/\/ntnui.no\/toppturogfrikjoring\/en\/terms-of-travel\/\">Terms of travel<\/a><\/em><\/p>\n","protected":false},"featured_media":6157,"comment_status":"open","ping_status":"closed","template":"","meta":{"inline_featured_image":false,"_coblocks_attr":"","_coblocks_dimensions":"","_coblocks_responsive_height":"","_coblocks_accordion_ie_support":"","_price":"760","_stock":"0","_tribe_ticket_header":"","_tribe_default_ticket_provider":"","_tribe_ticket_capacity":"10","_ticket_start_date":"","_ticket_end_date":"","_tribe_ticket_show_description":"","_tribe_ticket_show_not_going":false,"_tribe_ticket_use_global_stock":"","_tribe_ticket_global_stock_level":"","_global_stock_mode":"","_global_stock_cap":"","_tribe_rsvp_for_event":"","_tribe_ticket_going_count":"","_tribe_ticket_not_going_count":"","_tribe_tickets_list":[],"_tribe_ticket_has_attendee_info_fields":false},"product_brand":[],"product_cat":[39],"product_tag":[],"class_list":{"0":"post-6156","1":"product","2":"type-product","3":"status-publish","4":"has-post-thumbnail","6":"product_cat-trip","8":"first","9":"outofstock","10":"virtual","11":"sold-individually","12":"purchasable","13":"product-type-simple"},"_links":{"self":[{"href":"https:\/\/ntnui.no\/toppturogfrikjoring\/wp-json\/wp\/v2\/product\/6156","targetHints":{"allow":["GET"]}}],"collection":[{"href":"https:\/\/ntnui.no\/toppturogfrikjoring\/wp-json\/wp\/v2\/product"}],"about":[{"href":"https:\/\/ntnui.no\/toppturogfrikjoring\/wp-json\/wp\/v2\/types\/product"}],"replies":[{"embeddable":true,"href":"https:\/\/ntnui.no\/toppturogfrikjoring\/wp-json\/wp\/v2\/comments?post=6156"}],"wp:featuredmedia":[{"embeddable":true,"href":"https:\/\/ntnui.no\/toppturogfrikjoring\/wp-json\/wp\/v2\/media\/6157"}],"wp:attachment":[{"href":"https:\/\/ntnui.no\/toppturogfrikjoring\/wp-json\/wp\/v2\/media?parent=6156"}],"wp:term":[{"taxonomy":"product_brand","embeddable":true,"href":"https:\/\/ntnui.no\/toppturogfrikjoring\/wp-json\/wp\/v2\/product_brand?post=6156"},{"taxonomy":"product_cat","embeddable":true,"href":"https:\/\/ntnui.no\/toppturogfrikjoring\/wp-json\/wp\/v2\/product_cat?post=6156"},{"taxonomy":"product_tag","embeddable":true,"href":"https:\/\/ntnui.no\/toppturogfrikjoring\/wp-json\/wp\/v2\/product_tag?post=6156"}],"curies":[{"name":"wp","href":"https:\/\/api.w.org\/{rel}","templated":true}]}}