{"id":6117,"date":"2025-01-08T15:31:50","date_gmt":"2025-01-08T14:31:50","guid":{"rendered":"https:\/\/ntnui.no\/toppturogfrikjoring\/?post_type=product&#038;p=6117"},"modified":"2025-01-14T13:21:07","modified_gmt":"2025-01-14T12:21:07","slug":"tur-til-oksendalen-sjafor","status":"publish","type":"product","link":"https:\/\/ntnui.no\/toppturogfrikjoring\/product\/tur-til-oksendalen-sjafor\/","title":{"rendered":"Tur til \u00d8ksendalen, Sj\u00e5f\u00f8r"},"content":{"rendered":"<div class=\"xdj266r x11i5rnm xat24cr x1mh8g0r x1vvkbs\">Hei alle sammen! Vi gleder oss til \u00e5 arrangere tur til \u00d8ksendalen 24.01-26.01. Vi kj\u00f8rer fra Gl\u00f8shaugen kl 15.00 fredag 24.01. Turen fra Trondheim til \u00d8ksendalen tar ca 3 timer. Vi skal bo p\u00e5 \u00d8ksendalen samfunnshus, kun et lite steinkast fra Sunndals\u00f8ra og flotte turmuligheter! Vi legger opp til tur l\u00f8rdag og s\u00f8ndag, f\u00f8r vi kj\u00f8rer hjem til Trondheim s\u00f8ndag ettermiddag\/kveld.<br class=\"html-br\" \/>Ta med liggeunderlag og sovepose, og ellers alt annet du ser p\u00e5 som n\u00f8dvendig! Mer info og pakkeliste kommer.<\/div>\n<div class=\"x11i5rnm xat24cr x1mh8g0r x1vvkbs xtlvy1s\"><\/div>\n<div class=\"x11i5rnm xat24cr x1mh8g0r x1vvkbs xtlvy1s\">NB: Viktig at dere leser alt som st\u00e5r under:)<\/div>\n<div class=\"x11i5rnm xat24cr x1mh8g0r x1vvkbs xtlvy1s\"><\/div>\n<div class=\"x11i5rnm xat24cr x1mh8g0r x1vvkbs xtlvy1s\">TURMULIGHETER:<br class=\"html-br\" \/>Gr\u00f8velnebba, Trolltinden, Fl\u00f8tatind, Saufjellet, Mohaugen, Dronningkrona og mye mer.<\/div>\n<div class=\"x11i5rnm xat24cr x1mh8g0r x1vvkbs xtlvy1s\"><\/div>\n<div class=\"x11i5rnm xat24cr x1mh8g0r x1vvkbs xtlvy1s\">VIKTIGE DATOER:<br class=\"html-br\" \/>09.01 Early-Bird p\u00e5melding \u00e5pner klokken kl 12.00, (kun for komitemedlemmer)<br class=\"html-br\" \/>10.01 Ordin\u00e6r p\u00e5melding \u00e5pner klokken 12.00<br class=\"html-br\" \/>Ordin\u00e6r p\u00e5melding vil legges ut her i arrangementet. Det blir totalt 20 deltakere p\u00e5 turen, hvor halvparten er satt av til komitemedlemmer.<\/div>\n<div class=\"x11i5rnm xat24cr x1mh8g0r x1vvkbs xtlvy1s\">24.01 avreise til \u00d8ksendalen fra Hovedbygget p\u00e5 Gl\u00f8shaugen.<\/div>\n<div class=\"x11i5rnm xat24cr x1mh8g0r x1vvkbs xtlvy1s\"><\/div>\n<div class=\"x11i5rnm xat24cr x1mh8g0r x1vvkbs xtlvy1s\">MINIMUMSKRAV:<br class=\"html-br\" \/>Gyldig medlemskap i NTNUI kreves for \u00e5 melde seg p\u00e5.<br class=\"html-br\" \/>Dere m\u00e5 ha med eget skredutstyr, sender\/mottaker, spade og s\u00f8kestang. TF har noen f\u00e5 skredpakker til utleie, send mail til tf-nestleder@ntnui.no dersom det er av interesse. Vi har dessverre ikke noe annet utstyr til leie.<br class=\"html-br\" \/>Egnet toppturutstyr til \u00e5 g\u00e5 tur med, toppturski, telemark, splitboard etc.<br class=\"html-br\" \/>Alle deltakere m\u00e5 mestre den grunnleggende bruken av b\u00e5de skred- og skiutstyret. Du m\u00e5 ha v\u00e6rt p\u00e5 tur f\u00f8r og kunne ta vare p\u00e5 deg selv i vinterfjellet. Har du ingen erfaring med toppturer p\u00e5 vinteren kan nybegynnerkurs hos DNT eller et av de profesjonelle guideselskapene anbefales som inngang til denne herlige sporten.<br class=\"html-br\" \/>Ingen av TFs turer er guidet, her st\u00e5r man fritt til \u00e5 legge opp turer selv. Ettersom omr\u00e5det inneholder en haug av lekre turer gir dette store muligheter for flotte opplevelser! Dette legger ansvaret p\u00e5 den enkelte deltaker, b\u00e5de i turplanlegging og avgj\u00f8relser som tas p\u00e5 tur. TF har ikke ansvar for deg og du er heller ikke forsikret gjennom TF n\u00e5r du er p\u00e5 tur med oss. Egen reiseforsikring anbefales sterkt.<br class=\"html-br\" \/>Ved kj\u00f8p av billetten s\u00e5 godkjenner dere TF sin ansvarsfraskrivelse. Den kan leses her:\u00a0<a class=\"x1i10hfl xjbqb8w x1ejq31n xd10rxx x1sy0etr x17r0tee x972fbf xcfux6l x1qhh985 xm0m39n x9f619 x1ypdohk xt0psk2 xe8uvvx xdj266r x11i5rnm xat24cr x1mh8g0r xexx8yu x4uap5 x18d9i69 xkhd6sd x16tdsg8 x1hl2dhg xggy1nq x1a2a7pz x1sur9pj xkrqix3 x1fey0fg x1s688f\" role=\"link\" href=\"https:\/\/l.facebook.com\/l.php?u=https%3A%2F%2Fdocs.google.com%2Fdocument%2Fd%2F13epxdiCaEWolp1GUcXg31fVVpaPJNDXwCrM3qEZ-ofU%2Fedit%3Fusp%3Dsharing%26fbclid%3DIwZXh0bgNhZW0CMTAAAR2Mg3FIJmLUUn3XRkVGO4YXYUq7TcPhSjO0l5Fh8XuHCzh789JA4eu0dlk_aem_b-VxdmsZsT0qBP6-N_wa5A&amp;h=AT0RmqHsH7ShGw8o3jRO9168tqDgVmalZuXGXnNSuMULWmIOlXuSAbMWtQzMuOF3hXmc1N5Im_3zfhlnDkFSpXNdEWdsp9fxHm6P7V31H0kvcqAMdMOhMQXhAepf90bMdCnIeaJR7g&amp;__tn__=q&amp;c[0]=AT2cuIk7oJcxBvMzmUyi5hdl30asGAhWjqnSEGZnycGJkupxsS9wwXjCBtXWQa90E40NysaHddHe_9hh9g9_XvRagE44Ybfe_Kb7uEAH6meaG9PMy2gv0-qr2dtTdA6EAheUEEK0BGr3gX0g_MhK4m5u0mZ2aUq4Hjw1BA\" target=\"_blank\" rel=\"nofollow noopener noreferrer\">https:\/\/docs.google.com\/&#8230;\/13epxdiCaEWolp1GUcXg3&#8230;\/edit&#8230;<\/a><\/div>\n<div class=\"x11i5rnm xat24cr x1mh8g0r x1vvkbs xtlvy1s\"><\/div>\n<div class=\"x11i5rnm xat24cr x1mh8g0r x1vvkbs xtlvy1s\">KOSTNADER:<br class=\"html-br\" \/>Turen vil koste 785 kr. Det inkluderer transport, overnatting, middag(fredag\/l\u00f8rdag) og frokost(\/l\u00f8rdag\/s\u00f8ndag). Lunsj og snacks st\u00e5r deltakeren for selv. P\u00e5meldingen er bindende. Kan du ikke delta p\u00e5 turen er du selv ansvarlig for \u00e5 selge billetten videre. Ved videresalg er det viktig at vi f\u00e5r kontaktinformasjon til den som overtok plassen. Dette sendes til fridahsk@stud.ntnu.no<\/div>\n<div class=\"x11i5rnm xat24cr x1mh8g0r x1vvkbs xtlvy1s\">TRANSPORT:<br class=\"html-br\" \/>For \u00e5 komme oss tur, er vi avhengig av at noen deltakere stiller med bil. Ta kontakt med aaoevland@gmail.com. Sj\u00e5f\u00f8rer er sikret plass p\u00e5 turen f\u00f8r p\u00e5meldingen, og blir kompensert 3,5 kr\/km. Bilen din m\u00e5 ha plass til deg selv og tre andre personer og alt av utstyr. Biler med takboks og god plass vil bli prioritert. Skriv merke og modell i mailen. N\u00e5r du stiller med bil har du et ekstra ansvar for at alle faktisk kommer seg ut p\u00e5 tur hver dag. Ingen biler skal forlate hytta halvtomme, og bruker man den ikke selv s\u00e5 m\u00e5 man v\u00e6re forberedt p\u00e5 \u00e5 l\u00e5ne den bort. Sj\u00e5f\u00f8r er selv ansvarlig for bilen i den forstand at utforkj\u00f8ring, bulking etc m\u00e5 dekkes av egen forsikring, og NTNUI er ikke erstatningsansvarlig for eventuelle skader p\u00e5 bil.<\/div>\n<div class=\"x11i5rnm xat24cr x1mh8g0r x1vvkbs xtlvy1s\"><\/div>\n<div class=\"x11i5rnm xat24cr x1mh8g0r x1vvkbs xtlvy1s\">Vi gleder oss!<br class=\"html-br\" \/>Hilsen Frida, \u00c5dne og Hjalte<br class=\"html-br\" \/>\u2014&#8212;&#8212;&#8212;&#8212;&#8212;&#8212;&#8212;&#8212;&#8212;&#8212;&#8212;&#8212;&#8212;&#8212;&#8212;&#8212;&#8212;&#8212;&#8212;&#8212;&#8212;&#8212;&#8212;&#8212;&#8212;&#8212;&#8212;&#8212;&#8212;&#8212;&#8212;&#8212;&#8212;&#8212;&#8212;&#8212;&#8212;&#8212;<br class=\"html-br\" \/>ENGLISH<br class=\"html-br\" \/>Hi everyone! We are excited to organize a trip to \u00d8ksendalen from January 24th to January 26th. We\u2019ll be leaving from Gl\u00f8shaugen at 3 PM on Friday, January 24th. The drive from Trondheim to \u00d8ksendalen takes about 3 hours. We\u2019ll be staying at \u00d8ksendalen Community Center, not far from Sunndals\u00f8ra, which is a great starting point for many beautiful hikes in the area!<br class=\"html-br\" \/>The area offers plenty of fantastic hiking opportunities, so you can choose your own routes! We\u2019re planning hikes on both Saturday and Sunday before heading back to Trondheim Sunday afternoon\/evening.<br class=\"html-br\" \/>Remember to bring a sleeping mat, a sleeping bag, and anything else you consider necessary!<\/div>\n<div class=\"x11i5rnm xat24cr x1mh8g0r x1vvkbs xtlvy1s\"><\/div>\n<div class=\"x11i5rnm xat24cr x1mh8g0r x1vvkbs xtlvy1s\">IMPORTANT DATES:<br class=\"html-br\" \/>09.01 Early-Bird registration opens at 12.00 (only for committee members)<br class=\"html-br\" \/>10.01 Ordinary registration opens at 12.00<br class=\"html-br\" \/>Ordinary registration will be posted here in the Facebook event. The trip has 20 number of participants, of which half is reserved for committee members.<br class=\"html-br\" \/>24.01 departure to \u00d8ksendalen form Hovedbygget at Gl\u00f8shaugen.<\/div>\n<div class=\"x11i5rnm xat24cr x1mh8g0r x1vvkbs xtlvy1s\"><\/div>\n<div class=\"x11i5rnm xat24cr x1mh8g0r x1vvkbs xtlvy1s\">TOUR OPPORTUNITIES:<br class=\"html-br\" \/>Gr\u00f8velnebba, Trolltinden, Fl\u00f8tatind, Saufjellet, Mohaugen, Dronningkrona<\/div>\n<div class=\"x11i5rnm xat24cr x1mh8g0r x1vvkbs xtlvy1s\"><\/div>\n<div class=\"x11i5rnm xat24cr x1mh8g0r x1vvkbs xtlvy1s\">MINIMUM REQUIREMENTS:<br class=\"html-br\" \/>A valid NTNUI membership is mandatory for attending this trip.<br class=\"html-br\" \/>You must bring your own avalanche equipment, e.g transmitter \/ receiver, shovel and search probe. TF has a few avalanche packages for rent, send an email to tf-nestleder@ntnui.no if it is of interest. We unfortunately have no other equipment for rent.<br class=\"html-br\" \/>You must bring suitable equipment for ski touring e.g ski touring gear, telemark, splitboard etc.<br class=\"html-br\" \/>All participants must master the basic use of both the avalanche equipment and ski equipment. You must have ski toured in the mountains before and be able to take care of yourself in winter conditions. If you have no experience with ski touring, a beginner&#8217;s course at DNT or one of the professional guide companies can be recommended as an entrance to this wonderful sport.<br class=\"html-br\" \/>None of TF&#8217;s tours are guided, here you are free to plan tours yourself. As the area contains a bunch of tours, this provides great opportunities for great experiences! This places the responsibility on the individual participant, both in trip planning and decisions made in the mountains. TF is not responsible for you and you are not insured through TF when you are on a trip with us. Personal travel insurance is highly recommended.<br class=\"html-br\" \/>By filling out the registration, you approve TFs disclaimer of responsibility. It can be read here:\u00a0<a class=\"x1i10hfl xjbqb8w x1ejq31n xd10rxx x1sy0etr x17r0tee x972fbf xcfux6l x1qhh985 xm0m39n x9f619 x1ypdohk xt0psk2 xe8uvvx xdj266r x11i5rnm xat24cr x1mh8g0r xexx8yu x4uap5 x18d9i69 xkhd6sd x16tdsg8 x1hl2dhg xggy1nq x1a2a7pz x1sur9pj xkrqix3 x1fey0fg x1s688f\" role=\"link\" href=\"https:\/\/l.facebook.com\/l.php?u=https%3A%2F%2Fdocs.google.com%2Fdocument%2Fd%2F13epxdiCaEWolp1GUcXg31fVVpaPJNDXwCrM3qEZ-ofU%2Fedit%3Fusp%3Dsharing%26fbclid%3DIwZXh0bgNhZW0CMTAAAR3wRYbRJO0sm8A2w2LczeHz6Q4S6KqbR8GA7Vroev47RA2Kr75GB0SNIWA_aem_qCsV2UCj4b22-qXpRQThbA&amp;h=AT0RmqHsH7ShGw8o3jRO9168tqDgVmalZuXGXnNSuMULWmIOlXuSAbMWtQzMuOF3hXmc1N5Im_3zfhlnDkFSpXNdEWdsp9fxHm6P7V31H0kvcqAMdMOhMQXhAepf90bMdCnIeaJR7g&amp;__tn__=q&amp;c[0]=AT2cuIk7oJcxBvMzmUyi5hdl30asGAhWjqnSEGZnycGJkupxsS9wwXjCBtXWQa90E40NysaHddHe_9hh9g9_XvRagE44Ybfe_Kb7uEAH6meaG9PMy2gv0-qr2dtTdA6EAheUEEK0BGr3gX0g_MhK4m5u0mZ2aUq4Hjw1BA\" target=\"_blank\" rel=\"nofollow noopener noreferrer\">https:\/\/docs.google.com\/&#8230;\/13epxdiCaEWolp1GUcXg3&#8230;\/edit&#8230;<\/a><\/div>\n<div class=\"x11i5rnm xat24cr x1mh8g0r x1vvkbs xtlvy1s\"><\/div>\n<div class=\"x11i5rnm xat24cr x1mh8g0r x1vvkbs xtlvy1s\">COSTS:<br class=\"html-br\" \/>The trip will cost 785 NOK. It includes transport, accommodation, dinner (Friday \/ Saturday) and breakfast (\/ Saturday \/ Sunday). The participant has to bring their own lunch and snacks. The registration is binding. If you can not participate, you are responsible for reselling the ticket. In the case of resale, it is important that we receive contact information for the person who took over the place. Please send this to fridahsk@stud.ntnu.no<\/div>\n<div class=\"x11i5rnm xat24cr x1mh8g0r x1vvkbs xtlvy1s\"><\/div>\n<div class=\"x11i5rnm xat24cr x1mh8g0r x1vvkbs xtlvy1s\">TRANSPORTATION:<br class=\"html-br\" \/>In order to get our turn, we depend on some participants posing by car. Contact aaoevland@gmail.com. Drivers are guaranteed a place on the trip before registration, and will be compensated NOK 3.5 \/ km. Your car must have room for yourself and three other people and all equipment. Write the brand and model in the mail. Roomy cars with a roof box will be prefered. If you are a driver, you have an extra responsibility to ensure that everyone actually gets out on a trip every day. No cars should leave the cabin half empty, and if you do not use it yourself, you must be prepared to lend it out. You are responsible for the insurance of your own car. Which means that if an accident occurs, the damages of your car will not be refunded from NTNUI.<\/div>\n<div class=\"x11i5rnm xat24cr x1mh8g0r x1vvkbs xtlvy1s\">\n<div class=\"x1i10hfl xjbqb8w x1ejq31n xd10rxx x1sy0etr x17r0tee x972fbf xcfux6l x1qhh985 xm0m39n x9f619 x1ypdohk xt0psk2 xe8uvvx xdj266r x11i5rnm xat24cr x1mh8g0r xexx8yu x4uap5 x18d9i69 xkhd6sd x16tdsg8 x1hl2dhg xggy1nq x1a2a7pz x1sur9pj xkrqix3 xzsf02u x1s688f\" role=\"button\">Se mindre<\/div>\n<\/div>\n","protected":false},"excerpt":{"rendered":"<p>Ved \u00e5 kj\u00f8pe v\u00e5rt produkt godtar du v\u00e5re reisebetingelser<\/p>\n<hr \/>\n<p>By purchasing our product you accept our terms of travel<\/p>\n<p><em><a href=\"https:\/\/ntnui.no\/toppturogfrikjoring\/reisebetingelser-2\">Reisebetingelser<\/a>\/<a href=\"https:\/\/ntnui.no\/toppturogfrikjoring\/en\/terms-of-travel\/\">Terms of travel<\/a><\/em><\/p>\n","protected":false},"featured_media":6114,"comment_status":"open","ping_status":"closed","template":"","meta":{"inline_featured_image":false,"_coblocks_attr":"","_coblocks_dimensions":"","_coblocks_responsive_height":"","_coblocks_accordion_ie_support":"","_price":"785","_stock":"0","_tribe_ticket_header":"","_tribe_default_ticket_provider":"","_tribe_ticket_capacity":"10","_ticket_start_date":"","_ticket_end_date":"","_tribe_ticket_show_description":"","_tribe_ticket_show_not_going":false,"_tribe_ticket_use_global_stock":"","_tribe_ticket_global_stock_level":"","_global_stock_mode":"","_global_stock_cap":"","_tribe_rsvp_for_event":"","_tribe_ticket_going_count":"","_tribe_ticket_not_going_count":"","_tribe_tickets_list":[],"_tribe_ticket_has_attendee_info_fields":false},"product_brand":[],"product_cat":[39],"product_tag":[],"class_list":{"0":"post-6117","1":"product","2":"type-product","3":"status-publish","4":"has-post-thumbnail","6":"product_cat-trip","8":"first","9":"outofstock","10":"virtual","11":"sold-individually","12":"purchasable","13":"product-type-simple"},"_links":{"self":[{"href":"https:\/\/ntnui.no\/toppturogfrikjoring\/wp-json\/wp\/v2\/product\/6117","targetHints":{"allow":["GET"]}}],"collection":[{"href":"https:\/\/ntnui.no\/toppturogfrikjoring\/wp-json\/wp\/v2\/product"}],"about":[{"href":"https:\/\/ntnui.no\/toppturogfrikjoring\/wp-json\/wp\/v2\/types\/product"}],"replies":[{"embeddable":true,"href":"https:\/\/ntnui.no\/toppturogfrikjoring\/wp-json\/wp\/v2\/comments?post=6117"}],"wp:featuredmedia":[{"embeddable":true,"href":"https:\/\/ntnui.no\/toppturogfrikjoring\/wp-json\/wp\/v2\/media\/6114"}],"wp:attachment":[{"href":"https:\/\/ntnui.no\/toppturogfrikjoring\/wp-json\/wp\/v2\/media?parent=6117"}],"wp:term":[{"taxonomy":"product_brand","embeddable":true,"href":"https:\/\/ntnui.no\/toppturogfrikjoring\/wp-json\/wp\/v2\/product_brand?post=6117"},{"taxonomy":"product_cat","embeddable":true,"href":"https:\/\/ntnui.no\/toppturogfrikjoring\/wp-json\/wp\/v2\/product_cat?post=6117"},{"taxonomy":"product_tag","embeddable":true,"href":"https:\/\/ntnui.no\/toppturogfrikjoring\/wp-json\/wp\/v2\/product_tag?post=6117"}],"curies":[{"name":"wp","href":"https:\/\/api.w.org\/{rel}","templated":true}]}}