{"id":6054,"date":"2025-01-01T23:47:49","date_gmt":"2025-01-01T22:47:49","guid":{"rendered":"https:\/\/ntnui.no\/toppturogfrikjoring\/?post_type=product&#038;p=6054"},"modified":"2025-01-03T18:08:59","modified_gmt":"2025-01-03T17:08:59","slug":"topptur-med-skredfokus-oppdal-arrangor","status":"publish","type":"product","link":"https:\/\/ntnui.no\/toppturogfrikjoring\/product\/topptur-med-skredfokus-oppdal-arrangor\/","title":{"rendered":"Topptur med skredfokus, Oppdal &#8211; Arrang\u00f8r"},"content":{"rendered":"<div class=\"xdj266r x11i5rnm xat24cr x1mh8g0r x1vvkbs\">Nytt \u00e5r og nytt semester n\u00e6rmer seg og det betyr at tursesongen med TF er like rundt hj\u00f8rnet!<\/div>\n<div class=\"x11i5rnm xat24cr x1mh8g0r x1vvkbs xtlvy1s\">Vi arrangerer i \u00e5r som ifjor, toppturhelg med skredfokus! Turen vil v\u00e6re fra 17.- 19. januar, og vi kommer til \u00e5 bo p\u00e5 Skytterhuset i Oppdal. Her er det gode muligheter for \u00e5 g\u00e5 toppturer, men vi kommer mest sannsynlig til \u00e5 reise til Storlidalen for skredfokus opplegget. Det kreves ingen forkunnskaper for \u00e5 bli med p\u00e5 turen foruten at du m\u00e5 kunne bruke skiutstyret ditt! Det som du m\u00e5 ha med et topptur- og skredutstyr (Randone, telemark eller splitboard. Inkludert sender\/mottaker, s\u00f8kerstang, spade, feller og hjelm). Skred fokus opplegget vil bli delt inn i nybegynner (l\u00f8rdag) og viderekommende (s\u00f8ndag), og m\u00e5 hukes av ved p\u00e5melding. Dette blir en kul helg der du kan m\u00f8te andre toppturentusiaster og samtidig friske opp skredferdighetene dine:)<\/div>\n<div class=\"x11i5rnm xat24cr x1mh8g0r x1vvkbs xtlvy1s\"><\/div>\n<div class=\"x11i5rnm xat24cr x1mh8g0r x1vvkbs xtlvy1s\">Det blir \u00e5pent for 30 plasser, og prisen bli rundt kr 1100 kr per person. Dette vil dekke bo, mat (unntatt lunsj, snacks og drikke), transport og instrukt\u00f8r. Link til p\u00e5melding blir torsdag 2.januar kl 12:00 for komite medlemmer, og fredag 3. januar kl. 12:00 for resterende TF- medlemmer. S\u00e5 husk \u00e5 v\u00e6r rask, da plassene g\u00e5r fort!<\/div>\n<div class=\"x11i5rnm xat24cr x1mh8g0r x1vvkbs xtlvy1s\"><\/div>\n<div class=\"x11i5rnm xat24cr x1mh8g0r x1vvkbs xtlvy1s\">Vi er avhengige av at deltakere p\u00e5 turen stiller med biler. Ettersom at vi er 32 deltakere trenger vi mellom 7-9 biler, alt etter hvor god plass folk har i bilene sine, og hvor mye bagasje som skal med! Dersom du har lyst til \u00e5 v\u00e6re med og har mulighet til \u00e5 stille med bil, vil du kunne sikre deg en plass f\u00f8r p\u00e5melding. Kj\u00f8rekostnader vil bli dekket. Har du en bil til r\u00e5dighet kan du sende mail til Sondre.jordheim@gmail.com.<\/div>\n<div class=\"x11i5rnm xat24cr x1mh8g0r x1vvkbs xtlvy1s\">MERK!!<br class=\"html-br\" \/>I \u00e5r er vi heldig \u00e5 f\u00e5r med oss \u00e9n sertifisert skred instrukt\u00f8r fra Nortind. Derimot, vil deltakelse ikke gi noen form for bevis for gjennomf\u00f8relse, eller kan brukes som en del av en skredutdanning. Hvis du er ute etter dette, s\u00e5 finnes det flere akt\u00f8rer i Trondheim og omegn som kan levere denne typen kurs.<\/div>\n<div class=\"x11i5rnm xat24cr x1mh8g0r x1vvkbs xtlvy1s\"><\/div>\n<div class=\"x11i5rnm xat24cr x1mh8g0r x1vvkbs xtlvy1s\">English<\/div>\n<div class=\"x11i5rnm xat24cr x1mh8g0r x1vvkbs xtlvy1s\">Avalanche-Focused Ski Touring Weekend!<br class=\"html-br\" \/>This year, like last year, we are hosting a ski touring weekend with a focus on avalanche safety! The trip will take place from January 17th to 19th, and we will stay at Skytterhuset in Oppdal. The area offers excellent opportunities for ski touring, but we will most likely head to Storlidalen for the avalanche safety program.<br class=\"html-br\" \/>No prior experience is required to join the trip, but you must have the necessary ski touring and avalanche safety equipment (randonee, telemark, or splitboard, including transceiver, probe, shovel, skins, and helmet). The avalanche safety program will be divided into beginner (Saturday) and advanced (Sunday) levels, which you will need to select when signing up.<\/div>\n<div class=\"x11i5rnm xat24cr x1mh8g0r x1vvkbs xtlvy1s\">The Maximum number of participants on the trip is 30 persons. The price per person will be approximately NOK 1,100 per person (covers accommodation, meals (except lunch, snacks, and drinks), transport, and instructor).<br class=\"html-br\" \/>Sign-up: Opens Wednesday, January 8th at 12:00 PM for committee members and Thursday, January 9th at 12:00 PM for the rest of TF members. Spots fill up quickly, so don\u2019t miss out!<\/div>\n<div class=\"x11i5rnm xat24cr x1mh8g0r x1vvkbs xtlvy1s\">We rely on participants bringing cars for the trip. Since we are 32 participants, we will need between 7-9 cars, depending on the amount of luggage and available space in the vehicles. If you have a car and would like to join, you can secure a spot before the general sign-up. Travel costs will be covered. If you can provide a car, please send an email to Sondre.jordheim@gmail.com.<br class=\"html-br\" \/>NOTE!<br class=\"html-br\" \/>This year, we are lucky to have a certified avalanche instructor from Nortind joining us. However, participation in this program will not provide any certificate of completion or count as part of an avalanche course certification. If you are looking for such courses, there are several providers in Trondheim and surrounding areas who can offer them.<br class=\"html-br\" \/>Looking forward to an incredible weekend in the mountains!<\/div>\n","protected":false},"excerpt":{"rendered":"<p>Ved \u00e5 kj\u00f8pe v\u00e5rt produkt godtar du v\u00e5re reisebetingelser<\/p>\n<hr \/>\n<p>By purchasing our product you accept our terms of travel<\/p>\n<p><em><a href=\"https:\/\/ntnui.no\/toppturogfrikjoring\/reisebetingelser-2\">Reisebetingelser<\/a>\/<a href=\"https:\/\/ntnui.no\/toppturogfrikjoring\/en\/terms-of-travel\/\">Terms of travel<\/a><\/em><\/p>\n","protected":false},"featured_media":6051,"comment_status":"open","ping_status":"closed","template":"","meta":{"inline_featured_image":false,"_coblocks_attr":"","_coblocks_dimensions":"","_coblocks_responsive_height":"","_coblocks_accordion_ie_support":"","_price":"1114","_stock":"0","_tribe_ticket_header":"","_tribe_default_ticket_provider":"","_tribe_ticket_capacity":"10","_ticket_start_date":"","_ticket_end_date":"","_tribe_ticket_show_description":"","_tribe_ticket_show_not_going":false,"_tribe_ticket_use_global_stock":"","_tribe_ticket_global_stock_level":"","_global_stock_mode":"","_global_stock_cap":"","_tribe_rsvp_for_event":"","_tribe_ticket_going_count":"","_tribe_ticket_not_going_count":"","_tribe_tickets_list":[],"_tribe_ticket_has_attendee_info_fields":false},"product_brand":[],"product_cat":[39],"product_tag":[],"class_list":{"0":"post-6054","1":"product","2":"type-product","3":"status-publish","4":"has-post-thumbnail","6":"product_cat-trip","8":"first","9":"outofstock","10":"virtual","11":"sold-individually","12":"purchasable","13":"product-type-simple"},"_links":{"self":[{"href":"https:\/\/ntnui.no\/toppturogfrikjoring\/wp-json\/wp\/v2\/product\/6054","targetHints":{"allow":["GET"]}}],"collection":[{"href":"https:\/\/ntnui.no\/toppturogfrikjoring\/wp-json\/wp\/v2\/product"}],"about":[{"href":"https:\/\/ntnui.no\/toppturogfrikjoring\/wp-json\/wp\/v2\/types\/product"}],"replies":[{"embeddable":true,"href":"https:\/\/ntnui.no\/toppturogfrikjoring\/wp-json\/wp\/v2\/comments?post=6054"}],"wp:featuredmedia":[{"embeddable":true,"href":"https:\/\/ntnui.no\/toppturogfrikjoring\/wp-json\/wp\/v2\/media\/6051"}],"wp:attachment":[{"href":"https:\/\/ntnui.no\/toppturogfrikjoring\/wp-json\/wp\/v2\/media?parent=6054"}],"wp:term":[{"taxonomy":"product_brand","embeddable":true,"href":"https:\/\/ntnui.no\/toppturogfrikjoring\/wp-json\/wp\/v2\/product_brand?post=6054"},{"taxonomy":"product_cat","embeddable":true,"href":"https:\/\/ntnui.no\/toppturogfrikjoring\/wp-json\/wp\/v2\/product_cat?post=6054"},{"taxonomy":"product_tag","embeddable":true,"href":"https:\/\/ntnui.no\/toppturogfrikjoring\/wp-json\/wp\/v2\/product_tag?post=6054"}],"curies":[{"name":"wp","href":"https:\/\/api.w.org\/{rel}","templated":true}]}}