{"id":5906,"date":"2024-09-20T13:45:00","date_gmt":"2024-09-20T11:45:00","guid":{"rendered":"https:\/\/ntnui.no\/toppturogfrikjoring\/?post_type=product&#038;p=5906"},"modified":"2024-10-06T17:53:12","modified_gmt":"2024-10-06T15:53:12","slug":"tur-til-sylan-sjafor","status":"publish","type":"product","link":"https:\/\/ntnui.no\/toppturogfrikjoring\/product\/tur-til-sylan-sjafor\/","title":{"rendered":"Tur til Sylan &#8211; Sj\u00e5f\u00f8r"},"content":{"rendered":"<p><span style=\"font-weight: 400\">VIKTIGE DATOER:<\/span><\/p>\n<p><b>26.09 <\/b><span style=\"font-weight: 400\">Early-Bird billettsalg kl. 12.00 (kun komitemedlemmer)<\/span><\/p>\n<p><b>27.09 <\/b><span style=\"font-weight: 400\">\u00a0P\u00e5melding \u00e5pen for alle kl. 12.00<\/span><\/p>\n<p><span style=\"font-weight: 400\">Ordin\u00e6r p\u00e5melding vil bli publisert her p\u00e5 Facebook, og i slack. Turen har 24 plasser der halvparten er holdt av til komitemedlemmer.\u00a0<\/span><\/p>\n<p><b>11.10 <\/b><span style=\"font-weight: 400\">Avreise fra hovedbygget p\u00e5 Gl\u00f8shaugen klokka. 16<\/span><\/p>\n<p><span style=\"font-weight: 400\">OM TUREN:<\/span><\/p>\n<p><span style=\"font-weight: 400\">Hei dere, det er duket for \u00e5rets blir kjent tur til Sylan! Avreise fra Trondheim vil skje fredag 11.10, f\u00f8r vi vender snuten hjemover s\u00f8ndag 13.10. Vi skal bo p\u00e5 Nedalshytta, omtrent en 2-timers kj\u00f8retur fra Trondheim. Nedalshytta er ikke langt unna flotte turdestinasjoner. Sylmassivet med Storsylen (1762 moh) som h\u00f8yeste topp, og Trondheims h\u00f8yeste topp nord for Oppdal. Nedalshytta er romslig og har alt som trengs for en sosial helg: oppholdsrom med peis, sengeplass til alle og kj\u00f8kken hvor vi skal lage gode middager og frokost sammen.\u00a0<\/span><\/p>\n<p><span style=\"font-weight: 400\">Vi reiser fra hovedbygget p\u00e5 Gl\u00f8shaugen klokka 16.00. Det blir derfor ikke mulighet for tur torsdag, men vi f\u00e5r g\u00e5tt b\u00e5de l\u00f8rdag og s\u00f8ndag.\u00a0<\/span><\/p>\n<p><span style=\"font-weight: 400\">TURMULIGHETER:<\/span><\/p>\n<p><span style=\"font-weight: 400\">I n\u00e6rheten av Nedalshytta ligger blant annet Storsylen, Lillesylen, Nordsylen, Bandaklumpen og Storsola. Det er ogs\u00e5 muligheter for \u00e5 bade og fiske i et vann som like ved.<\/span><\/p>\n<p><span style=\"font-weight: 400\">MINIMUMSKRAV:<\/span><\/p>\n<p><span style=\"font-weight: 400\">Gyldig medlemskap i NTNUI kreves for \u00e5 melde seg p\u00e5.<\/span><\/p>\n<p><span style=\"font-weight: 400\">Betalt \u00e5rsmedlemskap i TF. Dette er en medlemskontingent som kreves for \u00e5 delta p\u00e5 NTNUI Topptur og Frikj\u00f8ring sine turer. Dette m\u00e5 skaffes f\u00f8r turen og kan kj\u00f8pes her: <\/span><a href=\"https:\/\/l.facebook.com\/l.php?u=https%3A%2F%2Fntnui.no%2Ftoppturogfrikjoring%2Fproduct%2Fmedlemskap-i-ntnui-topptur-og-frikjoring%2F%3Ffbclid%3DIwAR0QW8RHA7wKSFBGILDO6o9GWBwgle_OEgYLKcSIkilJE8X8oiLlTKlCYNw&amp;h=AT0jOPVBSB0xM82jbgbdRAt_trQxep_VWconqBRJO0beBrCKH99cwBCxXyAehb0H46xHr9VKxSezqCbzMPIyUDlFdICfte4hVPN4zOqyrvvPpxxySNGF7Fex_ahwIkOSyU2r3-N4lZeUCWaaL6JDsGvvcQ&amp;__tn__=q&amp;c[0]=AT24uzheVzb7KaW4PVdGqcv_Nkmg2KVpdyegsZKE-ppCV7X3ORTiICzwgcAGiQ5f_ScWlA4RRX88z7U97ttolykzLCi4_SBKqAkx-W7IffcevmH-l80cfsl64c6I6sBMONnusFDDhZzZTslnBOyu01CnLwtj\"><span style=\"font-weight: 400\">https:\/\/ntnui.no\/&#8230;\/medlemskap-i-ntnui-topptur-og&#8230;\/&#8230;<\/span><\/a><span style=\"font-weight: 400\">\u00a0<\/span><\/p>\n<p><span style=\"font-weight: 400\">Ved kj\u00f8p av billett godkjenner du TF sin ansvarsfraskrivelse. Den kan leses her: <\/span><a href=\"https:\/\/l.facebook.com\/l.php?u=https%3A%2F%2Fdocs.google.com%2Fdocument%2Fd%2F13epxdiCaEWolp1GUcXg31fVVpaPJNDXwCrM3qEZ-ofU%2Fedit%3Fusp%3Dsharing%26fbclid%3DIwAR3aPBya5YGy7fgrfBiAlsngiLS-g-vDhv5Sh0tLy3yaYH5GVr5XvqzMoag&amp;h=AT0JI17BIFrBou_YN-CwiVOHihPXpWrPcsFTdG-wfxFOnHcR8sJ2DA1ps3SExYywRwJDRuRhZJLrJxb5JI6Mg8cSf_zqosv7IpDylHGE6-dEPZdBNxWTX9oT_wnIx0DpB7JQsO6fhMN0eaK2b9sS_uoypw&amp;__tn__=q&amp;c[0]=AT24uzheVzb7KaW4PVdGqcv_Nkmg2KVpdyegsZKE-ppCV7X3ORTiICzwgcAGiQ5f_ScWlA4RRX88z7U97ttolykzLCi4_SBKqAkx-W7IffcevmH-l80cfsl64c6I6sBMONnusFDDhZzZTslnBOyu01CnLwtj\"><span style=\"font-weight: 400\">https:\/\/docs.google.com\/&#8230;\/13epxdiCaEWolp1GUcXg3&#8230;\/edit&#8230;<\/span><\/a><\/p>\n<p><span style=\"font-weight: 400\">KOSTNADER:<\/span><\/p>\n<p><span style=\"font-weight: 400\">Turen vil koste 625<\/span><span style=\"font-weight: 400\"> kr<\/span><span style=\"font-weight: 400\">. Det inkluderer transport, overnatting, middag fredag og l\u00f8rdag, og frokost l\u00f8rdag og s\u00f8ndag. Lunsj og snacks st\u00e5r deltakeren for selv.\u00a0<\/span><\/p>\n<p><span style=\"font-weight: 400\">P\u00e5meldingen er bindende. Kan du ikke delta p\u00e5 turen er du selv ansvarlig for \u00e5 selge billetten videre. Ved videresalg er det viktig at vi f\u00e5r kontaktinformasjon til den som overtok plassen. Dette sendes til vilde.tuen@gmail.com.<\/span><\/p>\n<p><span style=\"font-weight: 400\">TRANSPORT:<\/span><\/p>\n<p><span style=\"font-weight: 400\">For \u00e5 komme oss tur, er vi avhengig av at noen deltakere stiller med bil. Ta kontakt med stubrud.hege@gmail.com. Sj\u00e5f\u00f8rer er sikret plass p\u00e5 turen f\u00f8r p\u00e5meldingen, og blir kompensert 3,5 kr\/km. Bilen din m\u00e5 ha plass til deg selv og tre andre personer og alt av utstyr. Biler med god plass vil bli prioritert. Skriv merke og modell i mailen. N\u00e5r du stiller med bil har du et ekstra ansvar for at alle kommer seg frem og tilbake.\u00a0<\/span><\/p>\n<p>&nbsp;<\/p>\n<p><span style=\"font-weight: 400\">\u2014&#8212;&#8212;&#8212;&#8212;&#8212;&#8212;&#8212;&#8212;&#8212;&#8212;&#8212;&#8212;&#8212;&#8212;&#8212;&#8212;&#8212;&#8212;&#8212;&#8212;&#8212;&#8212;&#8212;&#8212;&#8212;&#8212;&#8212;&#8212;&#8212;&#8212;&#8212;&#8212;&#8212;&#8212;&#8212;&#8212;&#8212;&#8212;<\/span><\/p>\n<p><span style=\"font-weight: 400\">ENGLISH<\/span><\/p>\n<p><span style=\"font-weight: 400\">IMPORTANT DATES:<\/span><\/p>\n<p><b>26.09<\/b><span style=\"font-weight: 400\"> Early-Bird registration opens at 12:00 (only for committee members)<\/span><\/p>\n<p><b>27.09<\/b><span style=\"font-weight: 400\"> Ordinary registration opens at 12.00<\/span><\/p>\n<p><span style=\"font-weight: 400\">Ordinary registration will be posted here in the Facebook event. The trip has 24 participants, of which half is reserved for committee members.<\/span><\/p>\n<p><span style=\"font-weight: 400\">11.10 departure to destination form Hovedbygget at Gl\u00f8shaugen.<\/span><\/p>\n<p><span style=\"font-weight: 400\">ABOUT THE TRIP:<\/span><\/p>\n<p><span style=\"font-weight: 400\">Hello, it&#8217;s time for the \u201cget to know each other\u201d trip to Sylane! Departure from Trondheim will take place on Thursday 11.10, before we return home on Sunday 13.10. We will be staying at \u201cNedalshytta\u201d\/ Village home &#8211; about 2 hours by car. Nedalshytta is not far from great hiking-destinations such as Storsylen, Storsola, . The cabin is spacious and has everything you need for a social weekend: a bed to sleep in, commonroom with a fireplace and a kitchen where we will cook tasty dinner and breakfast as a team.<\/span><\/p>\n<p><span style=\"font-weight: 400\">Departure time will be from the main building at Gl\u00f8shaugen at 16.00. There will be noe possibility for a hike on friday, but we can hike saturday and sunday.\u00a0<\/span><\/p>\n<p><span style=\"font-weight: 400\">TOUR OPPORTUNITIES:<\/span><\/p>\n<p><span style=\"font-weight: 400\">Close to Nedalshytta (the place we stay) are Storsylen, Lillesylen, Nordsylen, Bandaklumpen and Storsola that we can hike. There are also opportunities to go swimming and fishing in a lake nearby.\u00a0<\/span><\/p>\n<p><span style=\"font-weight: 400\">MINIMUM REQUIREMENTS:<\/span><\/p>\n<p><span style=\"font-weight: 400\">A valid NTNUI membership is mandatory for attending this trip.<\/span><\/p>\n<p><span style=\"font-weight: 400\">A paid membership in NTNUI Topptur og Frikj\u00f8ring must be bought to join our trips. This must be fixed before the trip and can be purchased here: <\/span><a href=\"https:\/\/l.facebook.com\/l.php?u=https%3A%2F%2Fntnui.no%2Ftoppturogfrikjoring%2Fproduct%2Fmedlemskap-i-ntnui-topptur-og-frikjoring%2F%3Ffbclid%3DIwAR11oDpLPAemD71QrIfYwyd82KeWyEGSjSAx968c7E2RUbCgS9Xoz15yY74&amp;h=AT0jOPVBSB0xM82jbgbdRAt_trQxep_VWconqBRJO0beBrCKH99cwBCxXyAehb0H46xHr9VKxSezqCbzMPIyUDlFdICfte4hVPN4zOqyrvvPpxxySNGF7Fex_ahwIkOSyU2r3-N4lZeUCWaaL6JDsGvvcQ&amp;__tn__=q&amp;c[0]=AT24uzheVzb7KaW4PVdGqcv_Nkmg2KVpdyegsZKE-ppCV7X3ORTiICzwgcAGiQ5f_ScWlA4RRX88z7U97ttolykzLCi4_SBKqAkx-W7IffcevmH-l80cfsl64c6I6sBMONnusFDDhZzZTslnBOyu01CnLwtj\"><span style=\"font-weight: 400\">https:\/\/ntnui.no\/&#8230;\/medlemskap-i-ntnui-topptur-og&#8230;\/&#8230;<\/span><\/a><\/p>\n<p><span style=\"font-weight: 400\">By filling out the registration, you approve TFs disclaimer of responsibility. It can be read here: <\/span><a href=\"https:\/\/l.facebook.com\/l.php?u=https%3A%2F%2Fdocs.google.com%2Fdocument%2Fd%2F13epxdiCaEWolp1GUcXg31fVVpaPJNDXwCrM3qEZ-ofU%2Fedit%3Fusp%3Dsharing%26fbclid%3DIwAR01E5UjG2wyHNhiMl2ZsDuLHU7wIeMnDg-woxRPYUvelqxbky9_eU0A4YI&amp;h=AT0JI17BIFrBou_YN-CwiVOHihPXpWrPcsFTdG-wfxFOnHcR8sJ2DA1ps3SExYywRwJDRuRhZJLrJxb5JI6Mg8cSf_zqosv7IpDylHGE6-dEPZdBNxWTX9oT_wnIx0DpB7JQsO6fhMN0eaK2b9sS_uoypw&amp;__tn__=q&amp;c[0]=AT24uzheVzb7KaW4PVdGqcv_Nkmg2KVpdyegsZKE-ppCV7X3ORTiICzwgcAGiQ5f_ScWlA4RRX88z7U97ttolykzLCi4_SBKqAkx-W7IffcevmH-l80cfsl64c6I6sBMONnusFDDhZzZTslnBOyu01CnLwtj\"><span style=\"font-weight: 400\">https:\/\/docs.google.com\/&#8230;\/13epxdiCaEWolp1GUcXg3&#8230;\/edit&#8230;<\/span><\/a><\/p>\n<p><span style=\"font-weight: 400\">COSTS:\u00a0<\/span><\/p>\n<p><span style=\"font-weight: 400\">The trip will cost 625 NOK. It includes transport, accommodation, dinner friday and saturday, and breakfast saturday and sunday. The participant has to bring their own lunch and snacks. The registration is binding. If you can not participate, you are responsible for reselling the ticket. In the case of resale, it is important that we receive contact information for the person who took over the place. Please send this to vilde.tuen@gmail.com<\/span><\/p>\n<p><span style=\"font-weight: 400\">TRANSPORTATION:<\/span><\/p>\n<p><span style=\"font-weight: 400\">In order to go on this trip, we need cars. If you have a car contact stubrud.hege@gmail.com. Drivers are guaranteed a place on the trip before registration, and will be compensated NOK 3.5 \/ km. Your car must have room for yourself and three other people and all equipment. Write the brand and model in the mail. Roomy cars will be prefered. If you are a driver, you have an extra responsibility to ensure that everyone is getting back and forth.\u00a0<\/span><\/p>\n","protected":false},"excerpt":{"rendered":"<p>Ved \u00e5 kj\u00f8pe v\u00e5rt produkt godtar du v\u00e5re reisebetingelser<\/p>\n<hr \/>\n<p>By purchasing our product you accept our terms of travel<\/p>\n<p><em><a href=\"https:\/\/ntnui.no\/toppturogfrikjoring\/reisebetingelser-2\">Reisebetingelser<\/a>\/<a href=\"https:\/\/ntnui.no\/toppturogfrikjoring\/en\/terms-of-travel\/\">Terms of travel<\/a><\/em><\/p>\n","protected":false},"featured_media":5904,"comment_status":"open","ping_status":"closed","template":"","meta":{"inline_featured_image":false,"_coblocks_attr":"","_coblocks_dimensions":"","_coblocks_responsive_height":"","_coblocks_accordion_ie_support":"","_price":"625","_stock":"0","_tribe_ticket_header":"","_tribe_default_ticket_provider":"","_tribe_ticket_capacity":"10","_ticket_start_date":"","_ticket_end_date":"","_tribe_ticket_show_description":"","_tribe_ticket_show_not_going":false,"_tribe_ticket_use_global_stock":"","_tribe_ticket_global_stock_level":"","_global_stock_mode":"","_global_stock_cap":"","_tribe_rsvp_for_event":"","_tribe_ticket_going_count":"","_tribe_ticket_not_going_count":"","_tribe_tickets_list":[],"_tribe_ticket_has_attendee_info_fields":false},"product_brand":[],"product_cat":[39],"product_tag":[],"class_list":{"0":"post-5906","1":"product","2":"type-product","3":"status-publish","4":"has-post-thumbnail","6":"product_cat-trip","8":"first","9":"outofstock","10":"virtual","11":"sold-individually","12":"purchasable","13":"product-type-simple"},"_links":{"self":[{"href":"https:\/\/ntnui.no\/toppturogfrikjoring\/wp-json\/wp\/v2\/product\/5906","targetHints":{"allow":["GET"]}}],"collection":[{"href":"https:\/\/ntnui.no\/toppturogfrikjoring\/wp-json\/wp\/v2\/product"}],"about":[{"href":"https:\/\/ntnui.no\/toppturogfrikjoring\/wp-json\/wp\/v2\/types\/product"}],"replies":[{"embeddable":true,"href":"https:\/\/ntnui.no\/toppturogfrikjoring\/wp-json\/wp\/v2\/comments?post=5906"}],"wp:featuredmedia":[{"embeddable":true,"href":"https:\/\/ntnui.no\/toppturogfrikjoring\/wp-json\/wp\/v2\/media\/5904"}],"wp:attachment":[{"href":"https:\/\/ntnui.no\/toppturogfrikjoring\/wp-json\/wp\/v2\/media?parent=5906"}],"wp:term":[{"taxonomy":"product_brand","embeddable":true,"href":"https:\/\/ntnui.no\/toppturogfrikjoring\/wp-json\/wp\/v2\/product_brand?post=5906"},{"taxonomy":"product_cat","embeddable":true,"href":"https:\/\/ntnui.no\/toppturogfrikjoring\/wp-json\/wp\/v2\/product_cat?post=5906"},{"taxonomy":"product_tag","embeddable":true,"href":"https:\/\/ntnui.no\/toppturogfrikjoring\/wp-json\/wp\/v2\/product_tag?post=5906"}],"curies":[{"name":"wp","href":"https:\/\/api.w.org\/{rel}","templated":true}]}}