{"id":5524,"date":"2024-04-12T12:00:12","date_gmt":"2024-04-12T10:00:12","guid":{"rendered":"https:\/\/ntnui.no\/toppturogfrikjoring\/?post_type=product&#038;p=5524"},"modified":"2024-04-23T15:07:16","modified_gmt":"2024-04-23T13:07:16","slug":"blatur-ordinar","status":"publish","type":"product","link":"https:\/\/ntnui.no\/toppturogfrikjoring\/product\/blatur-ordinar\/","title":{"rendered":"Bl\u00e5tur!!!"},"content":{"rendered":"<div class=\"xdj266r x11i5rnm xat24cr x1mh8g0r x1vvkbs\">\n<p><span style=\"font-weight: 400\">26.-28. april er det igjen duket for TFs \u00e5rlige bl\u00e5tur! Sted og aktivitet er som alltid hemmelig helt til avreisedagen, men vi (leder og turkomleder) kan garantere at turen vil g\u00e5 ned i minneb\u00f8kene til samtlige deltagere.<\/span><\/p>\n<p><span style=\"font-weight: 400\">Totaltprisen p\u00e5 turen blir rundt 1100,- pr pers, som inkluderer g\u00f8y, morro, hygg, kos, transport, tak over hodet og alle m\u00e5ltider bortsett fra lunsj.<\/span><\/p>\n<p><span style=\"font-weight: 400\">Viktige datoer:<\/span><\/p>\n<p><span style=\"font-weight: 400\">Avreise fra Trondheim fredag 26. april 10:00<\/span><\/p>\n<p><span style=\"font-weight: 400\">Hjemreise ila dagen s\u00f8ndag 28. april<\/span><\/p>\n<p><span style=\"font-weight: 400\">Uten \u00e5 r\u00f8pe for mye kan vi nesten garantere nye fjellomr\u00e5der og aktiviteter for mange:D<\/span><\/p>\n<p><span style=\"font-weight: 400\">For \u00e5 komme oss p\u00e5 tur er vi avhengige av biler. Det blir 24 plasser p\u00e5 turen s\u00e5 vi har behov for 6 biler. Kan du stille med bil og samtidig \u00f8nsker \u00e5 sikre deg plass f\u00f8r billettslipp, send mail til einar.ostnor@ntnui.no. Ta gjerne med antall plasser og bilmodell i mailen.\u00a0<\/span><\/p>\n<p><span style=\"font-weight: 400\">Pakkeliste:<\/span><\/p>\n<p><span style=\"font-weight: 400\">Skiutstyr og vinterkl\u00e6r<\/span><\/p>\n<p><span style=\"font-weight: 400\">Du trenger sovepose og liggeunderlag for \u00e5 overnatte innend\u00f8rs p\u00e5 gulv<\/span><\/p>\n<p><span style=\"font-weight: 400\">Utdypende pakkeliste vil komme n\u00e6rmere turen<\/span><\/p>\n<p><span style=\"font-weight: 400\">MINIMUMSKRAV:<\/span><\/p>\n<p><span style=\"font-weight: 400\">Gyldig medlemskap i NTNUI kreves for \u00e5 melde seg p\u00e5.<\/span><\/p>\n<p><span style=\"font-weight: 400\">Betalt \u00e5rsmedlemskap i TF. Dette er en medlemskontingent som kreves for \u00e5 delta p\u00e5 NTNUI Topptur og Frikj\u00f8ring sine turer. Dette m\u00e5 skaffes f\u00f8r turen og kan kj\u00f8pes her: <\/span><a href=\"https:\/\/ntnui.no\/toppturogfrikjoring\/product\/medlemskap-i-ntnui-topptur-og-frikjoring\/?fbclid=IwAR3b4tq7coPFY_GhraSumOmSjGvrS5ot9RNFyPpUBvzFWcOiiAA3RATzn20\"><span style=\"font-weight: 400\">https:\/\/ntnui.no\/&#8230;\/medlemskap-i-ntnui-topptur-og&#8230;\/&#8230;<\/span><\/a><span style=\"font-weight: 400\">\u00a0<\/span><\/p>\n<p><span style=\"font-weight: 400\">Dere m\u00e5 ha med eget skredutstyr, sender\/mottaker, spade og s\u00f8kestang. TF har noen f\u00e5 skredpakker til utleie, send mail til tf-nestleder@ntnui.no dersom det er av interesse. Vi har dessverre ikke noe annet utstyr til leie.<\/span><\/p>\n<p><span style=\"font-weight: 400\">Ved kj\u00f8p av billetten godkjenner dere TF sin ansvarsfraskrivelse. Den kan leses her: <\/span><a href=\"https:\/\/docs.google.com\/document\/d\/13epxdiCaEWolp1GUcXg31fVVpaPJNDXwCrM3qEZ-ofU\/edit?usp=sharing\"><span style=\"font-weight: 400\">https:\/\/docs.google.com\/document\/d\/13epxdiCaEWolp1GUcXg31fVVpaPJNDXwCrM3qEZ-ofU\/edit?usp=sharing<\/span><\/a><span style=\"font-weight: 400\">\u00a0<\/span><\/p>\n<\/div>\n","protected":false},"excerpt":{"rendered":"<p>Ved \u00e5 kj\u00f8pe v\u00e5rt produkt godtar du v\u00e5re reisebetingelser<\/p>\n<hr \/>\n<p>By purchasing our product you accept our terms of travel<\/p>\n<p><em><a href=\"https:\/\/ntnui.no\/toppturogfrikjoring\/reisebetingelser-2\">Reisebetingelser<\/a>\/<a href=\"https:\/\/ntnui.no\/toppturogfrikjoring\/en\/terms-of-travel\/\">Terms of travel<\/a><\/em><\/p>\n","protected":false},"featured_media":5525,"comment_status":"open","ping_status":"closed","template":"","meta":{"inline_featured_image":false,"_coblocks_attr":"","_coblocks_dimensions":"","_coblocks_responsive_height":"","_coblocks_accordion_ie_support":"","_price":"1100","_stock":"0","_tribe_ticket_header":"","_tribe_default_ticket_provider":"","_tribe_ticket_capacity":"10","_ticket_start_date":"","_ticket_end_date":"","_tribe_ticket_show_description":"","_tribe_ticket_show_not_going":false,"_tribe_ticket_use_global_stock":"","_tribe_ticket_global_stock_level":"","_global_stock_mode":"","_global_stock_cap":"","_tribe_rsvp_for_event":"","_tribe_ticket_going_count":"","_tribe_ticket_not_going_count":"","_tribe_tickets_list":[],"_tribe_ticket_has_attendee_info_fields":false},"product_brand":[],"product_cat":[39],"product_tag":[],"class_list":{"0":"post-5524","1":"product","2":"type-product","3":"status-publish","4":"has-post-thumbnail","6":"product_cat-trip","8":"first","9":"outofstock","10":"virtual","11":"sold-individually","12":"purchasable","13":"product-type-simple"},"_links":{"self":[{"href":"https:\/\/ntnui.no\/toppturogfrikjoring\/wp-json\/wp\/v2\/product\/5524","targetHints":{"allow":["GET"]}}],"collection":[{"href":"https:\/\/ntnui.no\/toppturogfrikjoring\/wp-json\/wp\/v2\/product"}],"about":[{"href":"https:\/\/ntnui.no\/toppturogfrikjoring\/wp-json\/wp\/v2\/types\/product"}],"replies":[{"embeddable":true,"href":"https:\/\/ntnui.no\/toppturogfrikjoring\/wp-json\/wp\/v2\/comments?post=5524"}],"wp:featuredmedia":[{"embeddable":true,"href":"https:\/\/ntnui.no\/toppturogfrikjoring\/wp-json\/wp\/v2\/media\/5525"}],"wp:attachment":[{"href":"https:\/\/ntnui.no\/toppturogfrikjoring\/wp-json\/wp\/v2\/media?parent=5524"}],"wp:term":[{"taxonomy":"product_brand","embeddable":true,"href":"https:\/\/ntnui.no\/toppturogfrikjoring\/wp-json\/wp\/v2\/product_brand?post=5524"},{"taxonomy":"product_cat","embeddable":true,"href":"https:\/\/ntnui.no\/toppturogfrikjoring\/wp-json\/wp\/v2\/product_cat?post=5524"},{"taxonomy":"product_tag","embeddable":true,"href":"https:\/\/ntnui.no\/toppturogfrikjoring\/wp-json\/wp\/v2\/product_tag?post=5524"}],"curies":[{"name":"wp","href":"https:\/\/api.w.org\/{rel}","templated":true}]}}