{"id":5446,"date":"2024-03-24T13:15:58","date_gmt":"2024-03-24T12:15:58","guid":{"rendered":"https:\/\/ntnui.no\/toppturogfrikjoring\/?post_type=product&#038;p=5446"},"modified":"2024-04-11T12:02:28","modified_gmt":"2024-04-11T10:02:28","slug":"sunndalstur-sjafor-2","status":"publish","type":"product","link":"https:\/\/ntnui.no\/toppturogfrikjoring\/product\/sunndalstur-sjafor-2\/","title":{"rendered":"Sunndalstur (Sj\u00e5f\u00f8r)"},"content":{"rendered":"<div class=\"xdj266r x11i5rnm xat24cr x1mh8g0r x1vvkbs\">Hei alle sammen! H\u00e5per dere er like klare til \u00e5 kj\u00f8re slush og steike i solen som oss!! Vi gleder oss til \u00e5 arrangere Sunndalstur 19.04-21.04. Vi kj\u00f8rer fra gl\u00f8shaugen kl 15 fredag 19.04. Turen fra Trondheim til Sunndalen tar ca 3 timer. Vi skal bo p\u00e5 \u00c5lvundeidet grendahus som er ett godt utgangspunkt for mange fine turer i omr\u00e5det! Ta med liggeunderlag og sovepose, og ellers alt annet du ser p\u00e5 som n\u00f8dvendig! Omr\u00e5det byr p\u00e5 en haug med flotte turer, s\u00e5 her legger man selv opp til hvor man vil g\u00e5!<\/div>\n<div class=\"xdj266r x11i5rnm xat24cr x1mh8g0r x1vvkbs\">VI GLEDER OSS!<\/div>\n<div><\/div>\n<div class=\"x11i5rnm xat24cr x1mh8g0r x1vvkbs xtlvy1s\">VIKTIGE DATOER:<br \/>\nOnsdag 03.04 Early-Bird p\u00e5melding \u00e5pner klokken kl 12:00, (kun for komitemedlemmer)<br \/>\nTorsdag 04.04 Ordin\u00e6r p\u00e5melding \u00e5pner klokken 12:00<br \/>\nOrdin\u00e6r p\u00e5melding vil legges ut her i arrangementet. Det blir totalt 30 deltakere p\u00e5 turen, hvor halvparten er satt av til komitemedlemmer.<br \/>\nFredag 19.04 kl 15:00 blir det avreise til Sunndalen fra Hovedbygget p\u00e5 Gl\u00f8shaugen.<\/div>\n<div><\/div>\n<div class=\"x11i5rnm xat24cr x1mh8g0r x1vvkbs xtlvy1s\">TURMULIGHETER:<br \/>\nFrister det med slushf\u00f8re p\u00e5 Dronningkrona, Gr\u00f8velnebba eller kongskrona?<\/div>\n<div><\/div>\n<div class=\"x11i5rnm xat24cr x1mh8g0r x1vvkbs xtlvy1s\">MINIMUMSKRAV:<br \/>\nGyldig medlemskap i NTNUI kreves for \u00e5 melde seg p\u00e5.<br \/>\nDere m\u00e5 ha med eget skredutstyr, sender\/mottaker, spade og s\u00f8kestang. TF har noen f\u00e5 skredpakker til utleie, send mail til tf-nestleder@ntnui.no dersom det er av interesse. Vi har dessverre ikke noe annet utstyr til leie.<br \/>\nEgnet toppturutstyr til \u00e5 g\u00e5 tur med, toppturski, telemark, splitboard etc.<br \/>\nAlle deltakere m\u00e5 mestre den grunnleggende bruken av b\u00e5de skred- og skiutstyret. Du m\u00e5 ha v\u00e6rt p\u00e5 tur f\u00f8r og kunne ta vare p\u00e5 deg selv i vinterfjellet. Har du ingen erfaring med toppturer p\u00e5 vinteren kan nybegynnerkurs hos DNT eller et av de profesjonelle guideselskapene anbefales som inngang til denne herlige sporten.<br \/>\nIngen av TFs turer er guidet, her st\u00e5r man fritt til \u00e5 legge opp turer selv. Ettersom omr\u00e5det inneholder en haug av lekre turer, gir dette store muligheter for flotte opplevelser! Dette legger ansvaret p\u00e5 den enkelte deltaker, b\u00e5de i turplanlegging og avgj\u00f8relser som tas p\u00e5 tur. TF har ikke ansvar for deg og du er heller ikke forsikret gjennom TF n\u00e5r du er p\u00e5 tur med oss. Egen reiseforsikring anbefales sterkt.<br \/>\nVed kj\u00f8p av billetten s\u00e5 godkjenner dere TF sin ansvarsfraskrivelse. Den kan leses her:\u00a0<a class=\"x1i10hfl xjbqb8w x1ejq31n xd10rxx x1sy0etr x17r0tee x972fbf xcfux6l x1qhh985 xm0m39n x9f619 x1ypdohk xt0psk2 xe8uvvx xdj266r x11i5rnm xat24cr x1mh8g0r xexx8yu x4uap5 x18d9i69 xkhd6sd x16tdsg8 x1hl2dhg xggy1nq x1a2a7pz xt0b8zv x1fey0fg\" role=\"link\" href=\"https:\/\/l.facebook.com\/l.php?u=https%3A%2F%2Fdocs.google.com%2Fdocument%2Fd%2F13epxdiCaEWolp1GUcXg31fVVpaPJNDXwCrM3qEZ-ofU%2Fedit%3Fusp%3Dsharing%26fbclid%3DIwAR0v1Ul6BbZU5QTOGwyWtrK2Zj-rst-RSO9l7uQPDT7jRxVuIhiwf_1xG64&amp;h=AT14etsgaDU0ew1Ar6xsAVaerHzHR1aQ3fMOeiQ1wGyEyzM5T-oBkFF6pX5r6_nmkFzsmAx-Ilk2ClY_G854OAuJrKsoLbYooMD7-NqDkieyGJ8SaariVhjxQpjpzDOeHPC2p6g-1T0nOaLsSLKjQec0NQ&amp;__tn__=q&amp;c[0]=AT1OZ6qw375P1Q3AixelEGgXq-eN7Ssx8q25rBZwkoyUkZoH-nZVMNfExUtE3xij-3e0N9plLzLRZFm6hsbEKgPy--OsvhXJymWEJGssqApNpl9jNLHMb_1O0dHdy63fczlFI0pHhuoW2mEYGKNgGpVFSqoe\" target=\"_blank\" rel=\"nofollow noopener noreferrer\">https:\/\/docs.google.com\/&#8230;\/13epxdiCaEWolp1GUcXg3&#8230;\/edit&#8230;<\/a><\/div>\n<div><\/div>\n<div class=\"x11i5rnm xat24cr x1mh8g0r x1vvkbs xtlvy1s\">KOSTNADER:<br \/>\nTuren vil koste 685 kr. Det inkluderer transport, overnatting, middag (fredag\/l\u00f8rdag) og frokost(\/l\u00f8rdag\/s\u00f8ndag). Lunsj og snacks st\u00e5r deltakeren for selv. P\u00e5meldingen er bindende. Kan du ikke delta p\u00e5 turen er du selv ansvarlig for \u00e5 selge billetten videre. Ved videresalg er det viktig at vi f\u00e5r kontaktinformasjon til den som overtok plassen. Dette sendes til tobiasfa@stud.ntnu.no<\/div>\n<div><\/div>\n<div class=\"x11i5rnm xat24cr x1mh8g0r x1vvkbs xtlvy1s\">TRANSPORT:<br \/>\nFor \u00e5 komme oss tur, er vi avhengig av at noen deltakere stiller med bil. Ta kontakt med tobiasfa@stud.ntnu.no . Sj\u00e5f\u00f8rer er sikret plass p\u00e5 turen f\u00f8r p\u00e5meldingen, og blir kompensert 3,5 kr\/km. Bilen din m\u00e5 ha plass til deg selv og tre andre personer og alt av utstyr. Biler med takboks og god plass vil bli prioritert. Skriv merke og modell i mailen. N\u00e5r du stiller med bil har du et ekstra ansvar for at alle faktisk kommer seg ut p\u00e5 tur hver dag. Ingen biler skal forlate hytta halvtomme, og bruker man den ikke selv s\u00e5 m\u00e5 man v\u00e6re forberedt p\u00e5 \u00e5 l\u00e5ne den bort. Sj\u00e5f\u00f8r er selv ansvarlig for bilen i den forstand at utforkj\u00f8ring, bulking etc m\u00e5 dekkes av egen forsikring, og NTNUI er ikke erstatningsansvarlig for eventuelle skader p\u00e5 bil.<\/div>\n<div class=\"x11i5rnm xat24cr x1mh8g0r x1vvkbs xtlvy1s\">&#8212;&#8212;&#8212;&#8212;&#8212;&#8212;&#8212;&#8212;&#8212;&#8212;&#8212;&#8212;&#8212;&#8212;&#8212;&#8212;&#8212;&#8212;&#8212;&#8212;&#8212;&#8212;&#8212;&#8212;&#8212;&#8212;&#8212;&#8212;&#8212;&#8212;&#8212;&#8212;&#8212;&#8212;&#8212;&#8212;&#8212;&#8212;<br \/>\nENGLISH<\/div>\n<div class=\"x11i5rnm xat24cr x1mh8g0r x1vvkbs xtlvy1s\">IMPORTANT DATES:<br \/>\n03.04 Early-Bird registration opens at 12:00 (only for committee members)<br \/>\n04.04 Ordinary registration opens at 12:00<br \/>\nOrdinary registration will be posted here in the Facebook event. The trip has 30 number of participants, of which half is reserved for committee members.<br \/>\nFriday at 3pm departure to Sunndalen from Hovedbygget at Gl\u00f8shaugen.<\/div>\n<div><\/div>\n<div class=\"x11i5rnm xat24cr x1mh8g0r x1vvkbs xtlvy1s\">ABOUT THE TRIP:<br \/>\nHey everyone! Hope you are as excited to go skiing in the sun as we are! We are looking forward to arrange Sunndalstur 19.04-21.04. We will drive from Gl\u00f8shaugen at 3pm on Friday 19.04. The trip from Trondheim to Sunndalen takes about 3 hours. We will be staying at \u00c5lvundeidet village, which is great starting point for many good hikes in the area! Bring your own sleeping bag, sleeping mat, and anything else you consider as necessary! The area offers \u00e5 bunch of great hikes, so you decide where you want to go! We are looking forward to the trip!!!<\/div>\n<div><\/div>\n<div class=\"x11i5rnm xat24cr x1mh8g0r x1vvkbs xtlvy1s\">TOUR OPPORTUNITIES:<br \/>\nDronningkrona<br \/>\nGr\u00f8velnebba<br \/>\nKongskrona<\/div>\n<div><\/div>\n<div class=\"x11i5rnm xat24cr x1mh8g0r x1vvkbs xtlvy1s\">MINIMUM REQUIREMENTS:<br \/>\nA valid NTNUI membership is mandatory for attending this trip.<br \/>\nYou must bring your own avalanche equipment, e.g transmitter \/ receiver, shovel and search probe. TF has a few avalanche packages for rent, send an email to tf-nestleder@ntnui.no if it is of interest. We unfortunately have no other equipment for rent.<br \/>\nYou must bring suitable equipment for ski touring e.g ski touring gear, telemark, splitboard etc.<br \/>\nAll participants must master the basic use of both the avalanche equipment and ski equipment. You must have ski toured in the mountains before and be able to take care of yourself in winter conditions. If you have no experience with ski touring, a beginner&#8217;s course at DNT or one of the professional guide companies can be recommended as an entrance to this wonderful sport.<br \/>\nNone of TF&#8217;s tours are guided, here you are free to plan tours yourself. As the area contains a bunch of tours, this provides great opportunities for great experiences! This places the responsibility on the individual participant, both in trip planning and decisions made in the mountains. TF is not responsible for you and you are not insured through TF when you are on a trip with us. Personal travel insurance is highly recommended.<br \/>\nBy filling out the registration, you approve TFs disclaimer of responsibility. It can be read here:\u00a0<a class=\"x1i10hfl xjbqb8w x1ejq31n xd10rxx x1sy0etr x17r0tee x972fbf xcfux6l x1qhh985 xm0m39n x9f619 x1ypdohk xt0psk2 xe8uvvx xdj266r x11i5rnm xat24cr x1mh8g0r xexx8yu x4uap5 x18d9i69 xkhd6sd x16tdsg8 x1hl2dhg xggy1nq x1a2a7pz xt0b8zv x1fey0fg\" role=\"link\" href=\"https:\/\/l.facebook.com\/l.php?u=https%3A%2F%2Fdocs.google.com%2Fdocument%2Fd%2F13epxdiCaEWolp1GUcXg31fVVpaPJNDXwCrM3qEZ-ofU%2Fedit%3Fusp%3Dsharing%26fbclid%3DIwAR3zoeTYjn8rr5JoSjhEOZsLguwp5FzoShCB_xczwAVhz9PYE143pO3i3xM&amp;h=AT14etsgaDU0ew1Ar6xsAVaerHzHR1aQ3fMOeiQ1wGyEyzM5T-oBkFF6pX5r6_nmkFzsmAx-Ilk2ClY_G854OAuJrKsoLbYooMD7-NqDkieyGJ8SaariVhjxQpjpzDOeHPC2p6g-1T0nOaLsSLKjQec0NQ&amp;__tn__=q&amp;c[0]=AT1OZ6qw375P1Q3AixelEGgXq-eN7Ssx8q25rBZwkoyUkZoH-nZVMNfExUtE3xij-3e0N9plLzLRZFm6hsbEKgPy--OsvhXJymWEJGssqApNpl9jNLHMb_1O0dHdy63fczlFI0pHhuoW2mEYGKNgGpVFSqoe\" target=\"_blank\" rel=\"nofollow noopener noreferrer\">https:\/\/docs.google.com\/&#8230;\/13epxdiCaEWolp1GUcXg3&#8230;\/edit&#8230;<\/a><\/div>\n<div><\/div>\n<div class=\"x11i5rnm xat24cr x1mh8g0r x1vvkbs xtlvy1s\">COSTS:<br \/>\nThe trip will cost 685 NOK. It includes transport, accommodation, dinner (Friday \/ Saturday) and breakfast (\/ Saturday \/ Sunday). The participant has to bring their own lunch and snacks. The registration is binding. If you can not participate, you are responsible for reselling the ticket. In the case of resale, it is important that we receive contact information for the person who took over the place. Please send this to tobiasfa@stud.ntnu.no<\/div>\n<div><\/div>\n<div class=\"x11i5rnm xat24cr x1mh8g0r x1vvkbs xtlvy1s\">TRANSPORTATION:<br \/>\nIn order to get our turn, we depend on some participants posing by car. Contact tobiasfa@stud.ntnu.no. Drivers are guaranteed a place on the trip before registration, and will be compensated NOK 3.5 \/ km. Your car must have room for yourself and three other people and all equipment. Write the brand and model in the mail. Roomy cars with a roof box will be prefered. If you are a driver, you have an extra responsibility to ensure that everyone actually gets out on a trip every day. No cars should leave the cabin half empty, and if you do not use it yourself, you must be prepared to lend it out. You are responsible for the insurance of your own car. Which means that if an accident occurs, the damages of your car will not be refunded from NTNUI.<\/div>\n","protected":false},"excerpt":{"rendered":"<p>Ved \u00e5 kj\u00f8pe v\u00e5rt produkt godtar du v\u00e5re reisebetingelser<\/p>\n<hr \/>\n<p>By purchasing our product you accept our terms of travel<\/p>\n<p><em><a href=\"https:\/\/ntnui.no\/toppturogfrikjoring\/reisebetingelser-2\">Reisebetingelser<\/a>\/<a href=\"https:\/\/ntnui.no\/toppturogfrikjoring\/en\/terms-of-travel\/\">Terms of travel<\/a><\/em><\/p>\n","protected":false},"featured_media":5445,"comment_status":"open","ping_status":"closed","template":"","meta":{"inline_featured_image":false,"_coblocks_attr":"","_coblocks_dimensions":"","_coblocks_responsive_height":"","_coblocks_accordion_ie_support":"","_price":"685","_stock":"4","_tribe_ticket_header":"","_tribe_default_ticket_provider":"","_tribe_ticket_capacity":"10","_ticket_start_date":"","_ticket_end_date":"","_tribe_ticket_show_description":"","_tribe_ticket_show_not_going":false,"_tribe_ticket_use_global_stock":"","_tribe_ticket_global_stock_level":"","_global_stock_mode":"","_global_stock_cap":"","_tribe_rsvp_for_event":"","_tribe_ticket_going_count":"","_tribe_ticket_not_going_count":"","_tribe_tickets_list":[],"_tribe_ticket_has_attendee_info_fields":false},"product_brand":[],"product_cat":[39],"product_tag":[],"class_list":{"0":"post-5446","1":"product","2":"type-product","3":"status-publish","4":"has-post-thumbnail","6":"product_cat-trip","8":"first","9":"instock","10":"virtual","11":"sold-individually","12":"purchasable","13":"product-type-simple"},"_links":{"self":[{"href":"https:\/\/ntnui.no\/toppturogfrikjoring\/wp-json\/wp\/v2\/product\/5446","targetHints":{"allow":["GET"]}}],"collection":[{"href":"https:\/\/ntnui.no\/toppturogfrikjoring\/wp-json\/wp\/v2\/product"}],"about":[{"href":"https:\/\/ntnui.no\/toppturogfrikjoring\/wp-json\/wp\/v2\/types\/product"}],"replies":[{"embeddable":true,"href":"https:\/\/ntnui.no\/toppturogfrikjoring\/wp-json\/wp\/v2\/comments?post=5446"}],"wp:featuredmedia":[{"embeddable":true,"href":"https:\/\/ntnui.no\/toppturogfrikjoring\/wp-json\/wp\/v2\/media\/5445"}],"wp:attachment":[{"href":"https:\/\/ntnui.no\/toppturogfrikjoring\/wp-json\/wp\/v2\/media?parent=5446"}],"wp:term":[{"taxonomy":"product_brand","embeddable":true,"href":"https:\/\/ntnui.no\/toppturogfrikjoring\/wp-json\/wp\/v2\/product_brand?post=5446"},{"taxonomy":"product_cat","embeddable":true,"href":"https:\/\/ntnui.no\/toppturogfrikjoring\/wp-json\/wp\/v2\/product_cat?post=5446"},{"taxonomy":"product_tag","embeddable":true,"href":"https:\/\/ntnui.no\/toppturogfrikjoring\/wp-json\/wp\/v2\/product_tag?post=5446"}],"curies":[{"name":"wp","href":"https:\/\/api.w.org\/{rel}","templated":true}]}}