{"id":5376,"date":"2024-03-11T14:45:45","date_gmt":"2024-03-11T13:45:45","guid":{"rendered":"https:\/\/ntnui.no\/toppturogfrikjoring\/?post_type=product&#038;p=5376"},"modified":"2024-03-17T14:40:07","modified_gmt":"2024-03-17T13:40:07","slug":"sunnmoretur-arrangor","status":"publish","type":"product","link":"https:\/\/ntnui.no\/toppturogfrikjoring\/product\/sunnmoretur-arrangor\/","title":{"rendered":"Sunnm\u00f8resamling (Arrang\u00f8r)"},"content":{"rendered":"<p>(English below)<\/p>\n<p><span style=\"font-weight: 400\">OM TUREN:<\/span><\/p>\n<p><span style=\"font-weight: 400\">Denne turen g\u00e5r til Sunnm\u00f8re-alpene den 2-7.april! Vi skal bo p\u00e5 Bondalen grendahus som ligger veldig fint til, med mange fine topper i omr\u00e5det.<\/span><\/p>\n<p>&nbsp;<\/p>\n<p><span style=\"font-weight: 400\">MINIMUMSKRAV:<\/span><\/p>\n<p><span style=\"font-weight: 400\">Gyldig medlemskap i NTNUI kreves for \u00e5 melde seg p\u00e5.<\/span><\/p>\n<p><span style=\"font-weight: 400\">Betalt \u00e5rsmedlemskap i TF. Dette er en medlemskontingent som kreves for \u00e5 delta p\u00e5 NTNUI Topptur og Frikj\u00f8ring sine turer. Dette m\u00e5 skaffes f\u00f8r turen og kan kj\u00f8pes her: <\/span><a href=\"https:\/\/ntnui.no\/toppturogfrikjoring\/product\/medlemskap-i-ntnui-topptur-og-frikjoring\/?fbclid=IwAR3b4tq7coPFY_GhraSumOmSjGvrS5ot9RNFyPpUBvzFWcOiiAA3RATzn20\"><span style=\"font-weight: 400\">https:\/\/ntnui.no\/&#8230;\/medlemskap-i-ntnui-topptur-og&#8230;\/&#8230;<\/span><\/a><span style=\"font-weight: 400\">\u00a0<\/span><\/p>\n<p><span style=\"font-weight: 400\">Dere m\u00e5 ha med eget skredutstyr, sender\/mottaker, spade og s\u00f8kestang. TF har noen f\u00e5 skredpakker til utleie, send mail til tf-nestleder@ntnui.no dersom det er av interesse. Vi har dessverre ikke noe annet utstyr til leie.<\/span><\/p>\n<p><span style=\"font-weight: 400\">Egnet toppturutstyr til \u00e5 g\u00e5 tur med, toppturski, telemark, splitboard etc.\u00a0<\/span><\/p>\n<p><span style=\"font-weight: 400\">Alle deltakere m\u00e5 mestre den grunnleggende bruken av b\u00e5de skred- og skiutstyret. Du m\u00e5 ha v\u00e6rt p\u00e5 tur f\u00f8r og kunne ta vare p\u00e5 deg selv i vinterfjellet. Har du ingen erfaring med toppturer p\u00e5 vinteren kan nybegynnerkurs hos DNT eller et av de profesjonelle guider selskapene anbefales som inngang til denne herlige sporten.<\/span><\/p>\n<p><span style=\"font-weight: 400\">Ingen av TFs turer er guidet, her st\u00e5r man fritt til \u00e5 legge opp turer selv. Ettersom omr\u00e5det inneholder en haug av lekre turer gir dette store muligheter for flotte opplevelser! Dette legger ansvaret p\u00e5 den enkelte deltaker, b\u00e5de i turplanlegging og avgj\u00f8relser som tas p\u00e5 tur. TF har ikke ansvar for deg og du er heller ikke forsikret gjennom TF n\u00e5r du er p\u00e5 tur med oss. Egen reiseforsikring anbefales sterkt.<\/span><\/p>\n<p><span style=\"font-weight: 400\">Ved kj\u00f8p av billetten s\u00e5 godkjenner dere TF sin ansvarsfraskrivelse. Den kan leses her: https:\/\/docs.google.com\/document\/d\/13epxdiCaEWolp1GUcXg31fVVpaPJNDXwCrM3qEZ-ofU\/edit?usp=sharing<\/span><\/p>\n<p>&nbsp;<\/p>\n<p><span style=\"font-weight: 400\">KOSTNADER:<\/span><\/p>\n<p><span style=\"font-weight: 400\">Turen vil koste 915 kr. Det inkluderer transport, overnatting, middag(onsdag\/torsdag\/fredag\/l\u00f8rdag). Frokost, lunsj og snacks st\u00e5r hver enkelt for seg selv. P\u00e5meldingen er bindende. Kan du ikke delta p\u00e5 turen er du selv ansvarlig for \u00e5 selge billetten videre. Ved videresalg er det viktig at vi f\u00e5r kontaktinformasjon til den som overtok plassen.\u00a0<\/span><\/p>\n<p><span style=\"font-weight: 400\">Kontaktinfo ved videresalg: henjoh.johnsrud@gmail.com<\/span><\/p>\n<p>&nbsp;<\/p>\n<p><span style=\"font-weight: 400\">TRANSPORT:<\/span><\/p>\n<p><span style=\"font-weight: 400\">For \u00e5 komme oss p\u00e5 tur er vi avhengig av at noen deltakere stiller med bil. Ta kontakt med maja.selander@hotmail.com . Sj\u00e5f\u00f8rer er sikret plass p\u00e5 turen f\u00f8r p\u00e5meldingen, og blir kompensert 3,5 kr\/km. Det er KUN sj\u00e5f\u00f8rer som er akseptert av arrang\u00f8rene som vil bli kompensert. Bilen din m\u00e5 ha plass til deg selv og tre andre personer og alt av utstyr. Biler med takboks og god plass vil bli prioritert. Skriv merke og modell i mailen. Hvis du likevel ikke kan delta p\u00e5 turen, er du selv ansvarlig for \u00e5 videreselge billetten din til noen som kan stille med bil. N\u00e5r du stiller med bil har du et ekstra ansvar for at alle faktisk kommer seg ut p\u00e5 tur hver dag. Ingen biler skal forlate hytta halvtomme, og bruker man den ikke selv s\u00e5 m\u00e5 man v\u00e6re forberedt p\u00e5 \u00e5 l\u00e5ne den bort.<\/span><\/p>\n<p>&nbsp;<\/p>\n<p><span style=\"font-weight: 400\">ENGLISH:<\/span><\/p>\n<p>&nbsp;<\/p>\n<p><span style=\"font-weight: 400\">This trip will go to the Sunnm\u00f8re-alps on the 2-7. april! We are going to live at \u00abBondalen grendehus\u00bb which is close to many nice trips in the area.\u00a0<\/span><\/p>\n<p>&nbsp;<\/p>\n<p><span style=\"font-weight: 400\">MINIMUM REQUIREMENTS:<\/span><\/p>\n<p><span style=\"font-weight: 400\">A valid NTNUI membership is mandatory for attending this trip.<\/span><\/p>\n<p><span style=\"font-weight: 400\">A paid membership in NTNUI Topptur og Frikj\u00f8ring must be bought to join our trips. This must be fixed before the trip and can be purchased here:\u00a0 <\/span><a href=\"https:\/\/ntnui.no\/toppturogfrikjoring\/product\/medlemskap-i-ntnui-topptur-og-frikjoring\/?fbclid=IwAR118Yed3W-GTLaDwmnbNMI_h3SNThN5mqi6XRvFtcC4mq25kBjQhJEdzEQ\"><span style=\"font-weight: 400\">https:\/\/ntnui.no\/&#8230;\/medlemskap-i-ntnui-topptur-og&#8230;\/&#8230;<\/span><\/a><\/p>\n<p><span style=\"font-weight: 400\">You must bring your own avalanche equipment, e.g transmitter \/ receiver, shovel and search probe. TF has a few avalanche packages for rent, send an email to tf-nestleder@ntnui.no if it is of interest. We unfortunately have no other equipment for rent.<\/span><\/p>\n<p><span style=\"font-weight: 400\">You must bring suitable equipment for ski touring e.g ski touring gear, telemark, splitboard etc.<\/span><\/p>\n<p><span style=\"font-weight: 400\">All participants must master the basic use of both the avalanche equipment and ski equipment. You must have ski toured in the mountains before and be able to take care of yourself in winter conditions. If you have no experience with ski touring, a beginner&#8217;s course at DNT or one of the professional guide companies can be recommended as an entrance to this wonderful sport.<\/span><\/p>\n<p><span style=\"font-weight: 400\">None of TF&#8217;s tours are guided, here you are free to plan tours yourself. As the area contains a bunch of tours, this provides great opportunities for great experiences! This places the responsibility on the individual participant, both in trip planning and decisions made in the mountains. TF is not responsible for you and you are not insured through TF when you are on a trip with us. Personal travel insurance is highly recommended.<\/span><\/p>\n<p><span style=\"font-weight: 400\">By filling out the registration, you approve TFs disclaimer of responsibility. It can be read here: https:\/\/docs.google.com\/document\/d\/13epxdiCaEWolp1GUcXg31fVVpaPJNDXwCrM3qEZ-ofU\/edit?usp=sharing\u00a0<\/span><\/p>\n<p>&nbsp;<\/p>\n<p><span style=\"font-weight: 400\">COSTS:<\/span><\/p>\n<p><span style=\"font-weight: 400\">The trip will cost approximately 1000 NOK. It includes transport, accommodation, dinner (Wednesday\/Thursday\/Friday \/ Saturday). The participant has to bring their own breakfast, lunch and snacks. The registration is binding. If you can\u2019t participate, you are responsible for reselling the ticket. In the case of resale, it is important that we receive contact information for the person who took over the place.\u00a0<\/span><\/p>\n<p><span style=\"font-weight: 400\">Contact this mail if you have sold your ticket: henjoh.johnsrud@gmail.com\u00a0<\/span><\/p>\n<p>&nbsp;<\/p>\n<p><span style=\"font-weight: 400\">TRANSPORTATION:<\/span><\/p>\n<p><span style=\"font-weight: 400\">In order to get our turn, we depend on some participants posing by car. Contact maja.selander@hotmail.com. Drivers are guaranteed a place on the trip before registration, and will be compensated NOK 3.5 \/ km. ONLY the drivers which are accepted by the trip organizers will be refunded. Your car must have room for yourself and three other people and all equipment. Write the brand and model in the email. Roomy cars with a roof box will be preferred. Should you for any reason be hindered from participating on the trip, you\u2019re responsible for selling your ticket to someone else who can offer a car. If you are a driver, you have an extra responsibility to ensure that everyone actually gets out on a trip every day. No cars should leave the cabin half empty, and if you do not use it yourself, you must be prepared to lend it out.<\/span><\/p>\n","protected":false},"excerpt":{"rendered":"<p>Ved \u00e5 kj\u00f8pe v\u00e5rt produkt godtar du v\u00e5re reisebetingelser<\/p>\n<hr \/>\n<p>By purchasing our product you accept our terms of travel<\/p>\n<p><em><a href=\"https:\/\/ntnui.no\/toppturogfrikjoring\/reisebetingelser-2\">Reisebetingelser<\/a>\/<a href=\"https:\/\/ntnui.no\/toppturogfrikjoring\/en\/terms-of-travel\/\">Terms of travel<\/a><\/em><\/p>\n","protected":false},"featured_media":5374,"comment_status":"open","ping_status":"closed","template":"","meta":{"inline_featured_image":false,"_coblocks_attr":"","_coblocks_dimensions":"","_coblocks_responsive_height":"","_coblocks_accordion_ie_support":"","_price":"915","_stock":"0","_tribe_ticket_header":"","_tribe_default_ticket_provider":"","_tribe_ticket_capacity":"10","_ticket_start_date":"","_ticket_end_date":"","_tribe_ticket_show_description":"","_tribe_ticket_show_not_going":false,"_tribe_ticket_use_global_stock":"","_tribe_ticket_global_stock_level":"","_global_stock_mode":"","_global_stock_cap":"","_tribe_rsvp_for_event":"","_tribe_ticket_going_count":"","_tribe_ticket_not_going_count":"","_tribe_tickets_list":[],"_tribe_ticket_has_attendee_info_fields":false},"product_brand":[],"product_cat":[39],"product_tag":[],"class_list":{"0":"post-5376","1":"product","2":"type-product","3":"status-publish","4":"has-post-thumbnail","6":"product_cat-trip","8":"first","9":"outofstock","10":"virtual","11":"sold-individually","12":"purchasable","13":"product-type-simple"},"_links":{"self":[{"href":"https:\/\/ntnui.no\/toppturogfrikjoring\/wp-json\/wp\/v2\/product\/5376","targetHints":{"allow":["GET"]}}],"collection":[{"href":"https:\/\/ntnui.no\/toppturogfrikjoring\/wp-json\/wp\/v2\/product"}],"about":[{"href":"https:\/\/ntnui.no\/toppturogfrikjoring\/wp-json\/wp\/v2\/types\/product"}],"replies":[{"embeddable":true,"href":"https:\/\/ntnui.no\/toppturogfrikjoring\/wp-json\/wp\/v2\/comments?post=5376"}],"wp:featuredmedia":[{"embeddable":true,"href":"https:\/\/ntnui.no\/toppturogfrikjoring\/wp-json\/wp\/v2\/media\/5374"}],"wp:attachment":[{"href":"https:\/\/ntnui.no\/toppturogfrikjoring\/wp-json\/wp\/v2\/media?parent=5376"}],"wp:term":[{"taxonomy":"product_brand","embeddable":true,"href":"https:\/\/ntnui.no\/toppturogfrikjoring\/wp-json\/wp\/v2\/product_brand?post=5376"},{"taxonomy":"product_cat","embeddable":true,"href":"https:\/\/ntnui.no\/toppturogfrikjoring\/wp-json\/wp\/v2\/product_cat?post=5376"},{"taxonomy":"product_tag","embeddable":true,"href":"https:\/\/ntnui.no\/toppturogfrikjoring\/wp-json\/wp\/v2\/product_tag?post=5376"}],"curies":[{"name":"wp","href":"https:\/\/api.w.org\/{rel}","templated":true}]}}