{"id":5095,"date":"2024-02-26T14:33:36","date_gmt":"2024-02-26T13:33:36","guid":{"rendered":"https:\/\/ntnui.no\/toppturogfrikjoring\/?post_type=product&#038;p=5095"},"modified":"2024-05-19T12:33:58","modified_gmt":"2024-05-19T10:33:58","slug":"tf-skjorte-4","status":"publish","type":"product","link":"https:\/\/ntnui.no\/toppturogfrikjoring\/product\/tf-skjorte-4\/","title":{"rendered":"T(F)-skjorte"},"content":{"rendered":"<p>Her kan du kj\u00f8pe T-skjorte med TF-logo og fett bilde p\u00e5 baksiden &#8211; designet av Ingrid J\u00f8rgensen Valstad!<\/p>\n<p>Tskjorten er unisex, s\u00e5 v\u00e6r obs p\u00e5 det n\u00e5r du velger st\u00f8rrelse. Tskjorten er en &#8220;workwear&#8221;-tskjorte, som skal v\u00e6re en mer slitesterk versjon enn tidligere slik at den varer lenger&lt;3<\/p>\n<p>Mulige farger: svart, hvit, marinebl\u00e5<\/p>\n<p>(For \u00e5 dekke alle st\u00f8rrelser er det ulike modeller for svart+marinebl\u00e5 og hvit, men de er basicly like)<\/p>\n<p>&nbsp;<\/p>\n","protected":false},"excerpt":{"rendered":"<p>Her kan du kj\u00f8pe T-skjorte med TF-logo og fett bilde p\u00e5 baksiden &#8211; designet av Ingrid J\u00f8rgensen Valstad! Tskjorten er unisex, s\u00e5 v\u00e6r obs p\u00e5 det n\u00e5r du velger st\u00f8rrelse. Tskjorten er en &#8220;workwear&#8221;-tskjorte, som skal v\u00e6re en mer slitesterk versjon enn tidligere slik at den varer lenger&lt;3 Mulige farger: svart, hvit, marinebl\u00e5 (For \u00e5 [&hellip;]<\/p>\n","protected":false},"featured_media":5560,"comment_status":"open","ping_status":"closed","template":"","meta":{"inline_featured_image":false,"_coblocks_attr":"","_coblocks_dimensions":"","_coblocks_responsive_height":"","_coblocks_accordion_ie_support":"","_price":"310","_stock":"","_tribe_ticket_header":"","_tribe_default_ticket_provider":"","_tribe_ticket_capacity":"12","_ticket_start_date":"","_ticket_end_date":"","_tribe_ticket_show_description":"","_tribe_ticket_show_not_going":false,"_tribe_ticket_use_global_stock":"","_tribe_ticket_global_stock_level":"","_global_stock_mode":"","_global_stock_cap":"","_tribe_rsvp_for_event":"","_tribe_ticket_going_count":"","_tribe_ticket_not_going_count":"","_tribe_tickets_list":[],"_tribe_ticket_has_attendee_info_fields":false},"product_brand":[],"product_cat":[45],"product_tag":[],"class_list":{"0":"post-5095","1":"product","2":"type-product","3":"status-publish","4":"has-post-thumbnail","6":"product_cat-merch","8":"first","9":"instock","10":"shipping-taxable","11":"purchasable","12":"product-type-variable"},"_links":{"self":[{"href":"https:\/\/ntnui.no\/toppturogfrikjoring\/wp-json\/wp\/v2\/product\/5095","targetHints":{"allow":["GET"]}}],"collection":[{"href":"https:\/\/ntnui.no\/toppturogfrikjoring\/wp-json\/wp\/v2\/product"}],"about":[{"href":"https:\/\/ntnui.no\/toppturogfrikjoring\/wp-json\/wp\/v2\/types\/product"}],"replies":[{"embeddable":true,"href":"https:\/\/ntnui.no\/toppturogfrikjoring\/wp-json\/wp\/v2\/comments?post=5095"}],"wp:featuredmedia":[{"embeddable":true,"href":"https:\/\/ntnui.no\/toppturogfrikjoring\/wp-json\/wp\/v2\/media\/5560"}],"wp:attachment":[{"href":"https:\/\/ntnui.no\/toppturogfrikjoring\/wp-json\/wp\/v2\/media?parent=5095"}],"wp:term":[{"taxonomy":"product_brand","embeddable":true,"href":"https:\/\/ntnui.no\/toppturogfrikjoring\/wp-json\/wp\/v2\/product_brand?post=5095"},{"taxonomy":"product_cat","embeddable":true,"href":"https:\/\/ntnui.no\/toppturogfrikjoring\/wp-json\/wp\/v2\/product_cat?post=5095"},{"taxonomy":"product_tag","embeddable":true,"href":"https:\/\/ntnui.no\/toppturogfrikjoring\/wp-json\/wp\/v2\/product_tag?post=5095"}],"curies":[{"name":"wp","href":"https:\/\/api.w.org\/{rel}","templated":true}]}}