{"id":4651,"date":"2024-02-08T12:00:54","date_gmt":"2024-02-08T11:00:54","guid":{"rendered":"https:\/\/ntnui.no\/toppturogfrikjoring\/?post_type=product&#038;p=4651"},"modified":"2024-02-20T13:27:54","modified_gmt":"2024-02-20T12:27:54","slug":"eresfjord-early-bird","status":"publish","type":"product","link":"https:\/\/ntnui.no\/toppturogfrikjoring\/product\/eresfjord-early-bird\/","title":{"rendered":"Eresfjord (Early-Bird)"},"content":{"rendered":"<p>(English below)<\/p>\n<p>TF skal til Eresfjord helga 22-25. februar! Eresfjord er et lite tettsted ca. 3,5 timers kj\u00f8ring s\u00f8rvest for Trondheim. Vi skal bo p\u00e5 Eresfjord samfunnshus, som henger sammen med Eresfjord barne- og ungdomsskole. Dette er et stort samfunnshus med dusj, garderobe og fullt kj\u00f8kken, der vi sover p\u00e5 gulvet i en gymsal. Sovepose og liggeunderlag m\u00e5 dermed medbringes. Samfunnshuset ligger kun en kort kj\u00f8retur unna fantastiske turmuligheter, og vi satser p\u00e5 toppturer i omr\u00e5det b\u00e5de fredag, l\u00f8rdag og s\u00f8ndag, samt kveldskos med felles middag og topp stemning. Har du noen sp\u00f8rsm\u00e5l, kontakt adamerlandsson1@gmail.com VIKTIGE DATOER: 08.02 Early-Bird p\u00e5melding \u00e5pner klokken kl 12:00, (kun for komitemedlemmer) 09.02 Ordin\u00e6r p\u00e5melding \u00e5pner klokken 12:00 Ordin\u00e6r p\u00e5melding vil legges ut her i arrangementet. Det blir totalt 25 deltakere p\u00e5 turen, hvor ca. halvparten er satt av til komitemedlemmer. 22.02 16:00 avreise til Eresfjord samfunnshus fra Hovedbygget p\u00e5 Gl\u00f8shaugen. TURMULIGHETER: Eresfjord er inngangsporten til Eikesdalen, med fantastiske fjell og Nord-Europas h\u00f8yeste (dessverre regulerte) foss, Mardalsfossen! Noen kjente topper i omr\u00e5det er b.la Goks\u00f8yra, Skjorta og Ryssdalsnebba, men med en beliggenhet midt mellom Sunndalen og Romsdal er mulighetene nesten uendelige. Gj\u00f8r deg gjerne kjent med omr\u00e5det p\u00e5 forh\u00e5nd og tenk litt p\u00e5 hvilken topp DU vil bestige! MINIMUMSKRAV: Gyldig medlemskap i NTNUI, samt i NTNUI Topptur og Frikj\u00f8ring, kreves for \u00e5 melde seg p\u00e5. Dere m\u00e5 ha med eget skredutstyr, sender\/mottaker, spade og s\u00f8kestang. TF har noen f\u00e5 skredpakker til utleie, send mail til tf-nestleder@ntnui.no dersom det er av interesse. Vi har dessverre ikke noe annet utstyr til leie. Egnet toppturutstyr til \u00e5 g\u00e5 tur med, toppturski, telemark, splitboard etc. Alle deltakere m\u00e5 mestre den grunnleggende bruken av b\u00e5de skred- og skiutstyret. Du m\u00e5 ha v\u00e6rt p\u00e5 tur f\u00f8r og kunne ta vare p\u00e5 deg selv i vinterfjellet. Har du ingen erfaring med toppturer p\u00e5 vinteren kan nybegynnerkurs hos DNT eller et av de profesjonelle guideselskapene anbefales som inngang til denne herlige sporten. Ingen av TFs turer er guidet, her st\u00e5r man fritt til \u00e5 legge opp turer selv. Ettersom omr\u00e5det inneholder en haug av lekre turer gir dette store muligheter for flotte opplevelser! Dette legger ansvaret p\u00e5 den enkelte deltaker, b\u00e5de i turplanlegging og avgj\u00f8relser som tas p\u00e5 tur. TF har ikke ansvar for deg og du er heller ikke forsikret gjennom TF n\u00e5r du er p\u00e5 tur med oss. Egen reiseforsikring anbefales sterkt. Ved kj\u00f8p av billetten s\u00e5 godkjenner dere TF sin ansvarsfraskrivelse. Den kan leses her:<\/p>\n<div class=\"x9f619 x1n2onr6 x1ja2u2z __fb-light-mode\"><a class=\"x1i10hfl xjbqb8w x1ejq31n xd10rxx x1sy0etr x17r0tee x972fbf xcfux6l x1qhh985 xm0m39n x9f619 x1ypdohk xt0psk2 xe8uvvx xdj266r x11i5rnm xat24cr x1mh8g0r xexx8yu x4uap5 x18d9i69 xkhd6sd x16tdsg8 xggy1nq x1a2a7pz xt0b8zv x1heor9g x1bvjpef\" role=\"link\" href=\"https:\/\/l.messenger.com\/l.php?u=https%3A%2F%2Fdocs.google.com%2Fdocument%2Fd%2F13epxdiCaEWolp1GUcXg31fVVpaPJNDXwCrM3qEZ-ofU%2Fedit%3Fusp%3Dsharing&amp;h=AT2ZhO_jBDyTOVlhg-yT8ALzYWBmf8kIWe8Z7n11Q9_BBr9h1fEwwsahmqvXXjVFcW9vcXJf673gVGqzQ_g13VAoK_3Yyg1m3c_9i9ql2KX5CUyQQ89SUgbTHXeARZ9FH6oNjZhzd7SMWxY6elsHkA\" target=\"_blank\" rel=\"nofollow noopener noreferrer\">https:\/\/docs.google.com\/document\/d\/13epxdiCaEWolp1GUcXg31fVVpaPJNDXwCrM3qEZ-ofU\/edit?usp=sharing<\/a><\/div>\n<p>KOSTNADER: Turen vil koste ca. 650 kr. Det inkluderer transport, overnatting, middag(torsdag\/fredag\/l\u00f8rdag) og frokost(fredag\/l\u00f8rdag\/s\u00f8ndag). Lunsj og snacks st\u00e5r deltakeren for selv. P\u00e5meldingen er bindende. Kan du ikke delta p\u00e5 turen er du selv ansvarlig for \u00e5 selge billetten videre. Ved videresalg er det viktig at vi f\u00e5r kontaktinformasjon til den som overtok plassen. Dette sendes til adamerlandsson1@gmail.com TRANSPORT: For \u00e5 komme oss tur, er vi avhengig av at noen deltakere stiller med bil. Ta kontakt med eirik.semb@gmail.com. Sj\u00e5f\u00f8rer er sikret plass p\u00e5 turen f\u00f8r p\u00e5meldingen, og blir kompensert 3,5 kr\/km. Det er KUN sj\u00e5f\u00f8rer som er akseptert av arrang\u00f8rene som vil bli kompensert. Bilen din m\u00e5 ha plass til deg selv og tre andre personer og alt av utstyr. Biler med takboks og god plass vil bli prioritert. Skriv merke og modell i mailen. Hvis du likevel ikke kan delta p\u00e5 turen er du selv ansvarlig for \u00e5 videreselge billetten din til noen som kan stille med bil. N\u00e5r du stiller med bil har du et ekstra ansvar for at alle faktisk kommer seg ut p\u00e5 tur hver dag. Ingen biler skal forlate hytta halvtomme, og bruker man den ikke selv s\u00e5 m\u00e5 man v\u00e6re forberedt p\u00e5 \u00e5 l\u00e5ne den bort. \u2014&#8212;&#8212;&#8212;&#8212;&#8212;&#8212;&#8212;&#8212;&#8212;&#8212;&#8212;&#8212;&#8212;&#8212;&#8212;&#8212;&#8212;&#8212;&#8212;&#8212;&#8212;&#8212;&#8212;&#8212;&#8212;&#8212;&#8212;&#8212;&#8212;&#8212;&#8212;&#8212;&#8212;&#8212;&#8212;&#8212;&#8212;&#8212; ENGLISH TF is going to Eresfjord the weekend 22th-25th of February! Eresfjord is a small township app. 3,5 hours drive southwest from Trondheim. We\u2019re staying at Eresfjord samfunnshus, a part of Eresfjord elementary school. This is a big community center complete with showers, changing rooms and kitchen, where we\u2019ll sleep on the floor in a big hall. Bringing a sleeping bag and a sleeping mat is therefore essential. The community center is only a short drive from amazing tour opportunities, and we\u2019re planning on skiing in the area both Friday, Saturday and Sunday. We\u2019ll also enjoy dinners together and have fun! Should there be any questions, contact adamerlandsson1@gmail.com IMPORTANT DATES: 08.02 Early-Bird registration opens at 12:00 (only for committee members) 09.02 Ordinary registration opens at 12:00 Ordinary registration will be posted here in the Facebook event. The trip has room for 25 participants, of which around half are reserved for committee members. 22.02 at 16:00 departure to Eresfjord samfunnshus from Hovedbygget at Gl\u00f8shaugen. TOUR OPPORTUNITIES: Eresfjord is the gateway to Eikesdalen, an eldorado of amazing mountains and beautiful nature, as well as Northern Europe\u2019s tallest waterfall (unfortunately used for hydropower). Some renowned peaks in the area are Skjorta, Goks\u00f8yra and Ryssdalsnebba, but with a location between Sunndalen and Romsdalen, ski touring possibilities are almost infinite. Feel free to do some research of the area beforehand and think about which summit YOU want to ascend! MINIMUM REQUIREMENTS: A valid NTNUI membership, as well as membership in NTNUI Topptur and Freeskiing, is mandatory to attend this trip. You must bring your own avalanche equipment, e.g transmitter \/ receiver, shovel and search probe. TF has a few avalanche packages for rent, send an email to tf-nestleder@ntnui.no if it is of interest. We unfortunately have no other equipment for rent. You must bring suitable equipment for ski touring e.g ski touring gear, telemark, splitboard etc. All participants must master the basic use of both the avalanche equipment and ski equipment. You must have ski toured in the mountains before and be able to take care of yourself in winter conditions. If you have no experience with ski touring, a beginner&#8217;s course at DNT or one of the professional guide companies can be recommended as an entrance to this wonderful sport. None of TF&#8217;s tours are guided, here you are free to plan tours yourself. As the area contains a bunch of tours, this provides great opportunities for great experiences! This places the responsibility on the individual participant, both in trip planning and decisions made in the mountains. TF is not responsible for you and you are not insured through TF when you are on a trip with us. Personal travel insurance is highly recommended. By filling out the registration, you approve TFs disclaimer of responsibility. It can be read here:<\/p>\n<div class=\"x9f619 x1n2onr6 x1ja2u2z __fb-light-mode\"><a class=\"x1i10hfl xjbqb8w x1ejq31n xd10rxx x1sy0etr x17r0tee x972fbf xcfux6l x1qhh985 xm0m39n x9f619 x1ypdohk xt0psk2 xe8uvvx xdj266r x11i5rnm xat24cr x1mh8g0r xexx8yu x4uap5 x18d9i69 xkhd6sd x16tdsg8 xggy1nq x1a2a7pz xt0b8zv x1heor9g x1bvjpef\" role=\"link\" href=\"https:\/\/docs.google.com\/document\/d\/13epxdiCaEWolp1GUcXg31fVVpaPJNDXwCrM3qEZ-ofU\/edit?usp=sharing\" target=\"_blank\" rel=\"nofollow noopener noreferrer\">https:\/\/docs.google.com\/document\/d\/13epxdiCaEWolp1GUcXg31fVVpaPJNDXwCrM3qEZ-ofU\/edit?usp=sharing<\/a><\/div>\n<p>COSTS: The trip will cost app. 650 NOK. This includes transport, accommodation, dinner (Thursday \/ Friday \/ Saturday) and breakfast (Friday \/ Saturday \/ Sunday). The participant has to bring their own lunch and snacks. The registration is binding. If you can not participate, you are responsible for reselling the ticket. In the case of resale, it is important that we receive contact information for the person who took over the place. Please send this to adamerlandsson1@gmail.com TRANSPORTATION: In order to get on the trip, we depend on some participants driving their own car. Contact eirik.semb@gmail.com. Drivers are guaranteed a place on the trip before registration, and will be compensated NOK 3.5 \/ km. ONLY the drivers which are accepted by the trip organisers will be refunded. Your car must have room for yourself and three other people and all equipment. Write the brand and model in the email. Roomy cars with a roof box will be preferred. Should you for any reason be hindered from participating on the trip, you\u2019re responsible for selling your ticket to someone else who can offer a car. If you are a driver, you have an extra responsibility to ensure that everyone actually gets out on a trip every day. No cars should leave the cabin half empty, and if you do not use it yourself, you must be prepared to lend it out.<\/p>\n","protected":false},"excerpt":{"rendered":"<p>Ved \u00e5 kj\u00f8pe v\u00e5rt produkt godtar du v\u00e5re reisebetingelser<\/p>\n<hr \/>\n<p>By purchasing our product you accept our terms of travel<\/p>\n<p><em><a href=\"https:\/\/ntnui.no\/toppturogfrikjoring\/reisebetingelser-2\">Reisebetingelser<\/a>\/<a href=\"https:\/\/ntnui.no\/toppturogfrikjoring\/en\/terms-of-travel\/\">Terms of travel<\/a><\/em><\/p>\n","protected":false},"featured_media":4650,"comment_status":"open","ping_status":"closed","template":"","meta":{"inline_featured_image":false,"_coblocks_attr":"","_coblocks_dimensions":"","_coblocks_responsive_height":"","_coblocks_accordion_ie_support":"","_price":"650","_stock":"0","_tribe_ticket_header":"","_tribe_default_ticket_provider":"","_tribe_ticket_capacity":"10","_ticket_start_date":"","_ticket_end_date":"","_tribe_ticket_show_description":"","_tribe_ticket_show_not_going":false,"_tribe_ticket_use_global_stock":"","_tribe_ticket_global_stock_level":"","_global_stock_mode":"","_global_stock_cap":"","_tribe_rsvp_for_event":"","_tribe_ticket_going_count":"","_tribe_ticket_not_going_count":"","_tribe_tickets_list":[],"_tribe_ticket_has_attendee_info_fields":false},"product_brand":[],"product_cat":[39],"product_tag":[],"class_list":{"0":"post-4651","1":"product","2":"type-product","3":"status-publish","4":"has-post-thumbnail","6":"product_cat-trip","8":"first","9":"outofstock","10":"virtual","11":"sold-individually","12":"purchasable","13":"product-type-simple"},"_links":{"self":[{"href":"https:\/\/ntnui.no\/toppturogfrikjoring\/wp-json\/wp\/v2\/product\/4651","targetHints":{"allow":["GET"]}}],"collection":[{"href":"https:\/\/ntnui.no\/toppturogfrikjoring\/wp-json\/wp\/v2\/product"}],"about":[{"href":"https:\/\/ntnui.no\/toppturogfrikjoring\/wp-json\/wp\/v2\/types\/product"}],"replies":[{"embeddable":true,"href":"https:\/\/ntnui.no\/toppturogfrikjoring\/wp-json\/wp\/v2\/comments?post=4651"}],"wp:featuredmedia":[{"embeddable":true,"href":"https:\/\/ntnui.no\/toppturogfrikjoring\/wp-json\/wp\/v2\/media\/4650"}],"wp:attachment":[{"href":"https:\/\/ntnui.no\/toppturogfrikjoring\/wp-json\/wp\/v2\/media?parent=4651"}],"wp:term":[{"taxonomy":"product_brand","embeddable":true,"href":"https:\/\/ntnui.no\/toppturogfrikjoring\/wp-json\/wp\/v2\/product_brand?post=4651"},{"taxonomy":"product_cat","embeddable":true,"href":"https:\/\/ntnui.no\/toppturogfrikjoring\/wp-json\/wp\/v2\/product_cat?post=4651"},{"taxonomy":"product_tag","embeddable":true,"href":"https:\/\/ntnui.no\/toppturogfrikjoring\/wp-json\/wp\/v2\/product_tag?post=4651"}],"curies":[{"name":"wp","href":"https:\/\/api.w.org\/{rel}","templated":true}]}}