{"id":4488,"date":"2024-01-30T10:06:40","date_gmt":"2024-01-30T09:06:40","guid":{"rendered":"https:\/\/ntnui.no\/toppturogfrikjoring\/?post_type=product&#038;p=4488"},"modified":"2024-01-31T13:36:08","modified_gmt":"2024-01-31T12:36:08","slug":"sunndalstur-arrangor","status":"publish","type":"product","link":"https:\/\/ntnui.no\/toppturogfrikjoring\/product\/sunndalstur-arrangor\/","title":{"rendered":"Sunndalstur (Arrang\u00f8r)"},"content":{"rendered":"<div data-originalfontsize=\"15px\" data-originalcomputedfontsize=\"15\">\n<p>Kj\u00e6re kvinner og menn, det er duket for \u00e5rets f\u00f8rste Sunndalstur! Avreise fra Trondheim vil skje torsdag 15.02, f\u00f8r vi vender snuten hjem s\u00f8ndag 18.02. Vi blir boende p\u00e5 \u00c5lvundeid grendahus, omtrent en 3-timers kj\u00f8retur fra Trondheim. \u00c5lvundeid er ikke langt unna flotte toppturdestinasjoner som \u00d8ksendalen, Virumdalen, Jordalsgrenda, Eresfjord. Grendahuset er romslig og har alt som trengs for en sosial helg: 2 gymsaler hvor man kan brette ut et deilig liggeunderlag og sovepose, garderober med dusj for \u00e5 f\u00e5 varmen i seg etter tur + kj\u00f8kken hvor vi skal lage gode middager og frokost i lag.<\/p>\n<p>Det vil bli muligheter for ulike avreisetidspunkt p\u00e5 torsdag etter sj\u00e5f\u00f8renes \u00f8nske. Dette for at de som har mulighet f\u00e5r st\u00e5tt p\u00e5 ski torsdag ogs\u00e5. Men om avreise blir etter skoletid, er det ingen fare da b\u00e5de fredag og l\u00f8rdag tilbringes i Sunndalen. Det blir ogs\u00e5 mulighet for tur p\u00e5 s\u00f8ndag, f\u00f8r vi vender snuten hjem. Mer informasjon om ulike avreisetidspunkt vil sendes til p\u00e5meldte n\u00e5r turen n\u00e6rmer seg. Du vil da selv m\u00e5tte krysse av for hvilken sj\u00e5f\u00f8r (tidspunkt) du \u00f8nsker \u00e5 reise med.<\/p>\n<p>&nbsp;<\/p>\n<p>TURMULIGHETER:<\/p>\n<p>I n\u00e6rhet grendahuset i \u00c5lvundeidet ligger deriblant Smisetnebba og Rokdalskammen. Tydalsnebba og andre muligheter finnes en liten fergetur unda i selveste Todalen. Klassikere som Dronningkrona, Fl\u00f8tatind, Trolltind er ikke lange kj\u00f8returen unna, og ellers for de som \u00f8nsker seg til Eresfjord med topper som Skjorta og Goks\u00f8yra er dette en mulighet.<\/p>\n<p>&nbsp;<\/p>\n<p>MINIMUMSKRAV:<\/p>\n<p>Gyldig medlemskap i NTNUI kreves for \u00e5 melde seg p\u00e5.<\/p>\n<p>Betalt \u00e5rsmedlemskap i TF. Dette er en medlemskontigent som kreves for \u00e5 delta p\u00e5 NTNUI Topptur og Frikj\u00f8ring sine turer. Dette m\u00e5 skaffes f\u00f8r turen og kan kj\u00f8pes her: <a href=\"https:\/\/l.facebook.com\/l.php?u=https%3A%2F%2Fntnui.no%2Ftoppturogfrikjoring%2Fproduct%2Fmedlemskap-i-ntnui-topptur-og-frikjoring%2F%3Ffbclid%3DIwAR0QW8RHA7wKSFBGILDO6o9GWBwgle_OEgYLKcSIkilJE8X8oiLlTKlCYNw&amp;h=AT0jOPVBSB0xM82jbgbdRAt_trQxep_VWconqBRJO0beBrCKH99cwBCxXyAehb0H46xHr9VKxSezqCbzMPIyUDlFdICfte4hVPN4zOqyrvvPpxxySNGF7Fex_ahwIkOSyU2r3-N4lZeUCWaaL6JDsGvvcQ&amp;__tn__=q&amp;c%5B0%5D=AT24uzheVzb7KaW4PVdGqcv_Nkmg2KVpdyegsZKE-ppCV7X3ORTiICzwgcAGiQ5f_ScWlA4RRX88z7U97ttolykzLCi4_SBKqAkx-W7IffcevmH-l80cfsl64c6I6sBMONnusFDDhZzZTslnBOyu01CnLwtj\">https:\/\/ntnui.no\/&#8230;\/medlemskap-i-ntnui-topptur-og&#8230;\/&#8230;<\/a><\/p>\n<p>Dere m\u00e5 ha med eget skredutstyr, sender\/mottaker, spade og s\u00f8kestang. TF har noen f\u00e5 skredpakker til utleie, send mail til tf-nestleder@ntnui.no dersom det er av interesse. Vi har dessverre ikke noe annet utstyr til leie.<\/p>\n<p>Egnet toppturutstyr til \u00e5 g\u00e5 tur med, toppturski, telemark, splitboard etc.<\/p>\n<p>Alle deltakere m\u00e5 mestre den grunnleggende bruken av b\u00e5de skred- og skiutstyret. Du m\u00e5 ha v\u00e6rt p\u00e5 tur f\u00f8r og kunne ta vare p\u00e5 deg selv i vinterfjellet. Har du ingen erfaring med toppturer p\u00e5 vinteren kan nybegynnerkurs hos DNT eller et av de profesjonelle guideselskapene anbefales som inngang til denne herlige sporten.<\/p>\n<p>Ingen av TFs turer er guidet, her st\u00e5r man fritt til \u00e5 legge opp turer selv. Ettersom omr\u00e5det inneholder en haug av lekre turer gir dette store muligheter for flotte opplevelser! Dette legger ansvaret p\u00e5 den enkelte deltaker, b\u00e5de i turplanlegging og avgj\u00f8relser som tas p\u00e5 tur. TF har ikke ansvar for deg og du er heller ikke forsikret gjennom TF n\u00e5r du er p\u00e5 tur med oss. Egen reiseforsikring anbefales sterkt.<\/p>\n<p>Ved kj\u00f8p av billetten s\u00e5 godkjenner dere TF sin ansvarsfraskrivelse. Den kan leses her: <a href=\"https:\/\/l.facebook.com\/l.php?u=https%3A%2F%2Fdocs.google.com%2Fdocument%2Fd%2F13epxdiCaEWolp1GUcXg31fVVpaPJNDXwCrM3qEZ-ofU%2Fedit%3Fusp%3Dsharing%26fbclid%3DIwAR3aPBya5YGy7fgrfBiAlsngiLS-g-vDhv5Sh0tLy3yaYH5GVr5XvqzMoag&amp;h=AT0JI17BIFrBou_YN-CwiVOHihPXpWrPcsFTdG-wfxFOnHcR8sJ2DA1ps3SExYywRwJDRuRhZJLrJxb5JI6Mg8cSf_zqosv7IpDylHGE6-dEPZdBNxWTX9oT_wnIx0DpB7JQsO6fhMN0eaK2b9sS_uoypw&amp;__tn__=q&amp;c%5B0%5D=AT24uzheVzb7KaW4PVdGqcv_Nkmg2KVpdyegsZKE-ppCV7X3ORTiICzwgcAGiQ5f_ScWlA4RRX88z7U97ttolykzLCi4_SBKqAkx-W7IffcevmH-l80cfsl64c6I6sBMONnusFDDhZzZTslnBOyu01CnLwtj\">https:\/\/docs.google.com\/&#8230;\/13epxdiCaEWolp1GUcXg3&#8230;\/edit&#8230;<\/a><\/p>\n<p>&nbsp;<\/p>\n<p>KOSTNADER:<\/p>\n<p>Turen vil koste 870 kr. Det inkluderer transport, overnatting, kveldsmat torsdag, middag(fredag\/l\u00f8rdag) og frokost(fredag\/l\u00f8rdag\/s\u00f8ndag). Lunsj og snacks st\u00e5r deltakeren for selv. P\u00e5meldingen er bindende. Kan du ikke delta p\u00e5 turen er du selv ansvarlig for \u00e5 selge billetten videre. Ved videresalg er det viktig at vi f\u00e5r kontaktinformasjon til den som overtok plassen. Dette sendes til henjoh.johnsrud@gmail.com<\/p>\n<p>TRANSPORT:<\/p>\n<p>For \u00e5 komme oss tur, er vi avhengig av at noen deltakere stiller med bil. Ta kontakt med vilde.tuen@gmail.com. Sj\u00e5f\u00f8rer er sikret plass p\u00e5 turen f\u00f8r p\u00e5meldingen, og blir kompensert 3,5 kr\/km. Bilen din m\u00e5 ha plass til deg selv og tre andre personer og alt av utstyr. Biler med takboks og god plass vil bli prioritert. Skriv merke og modell i mailen. N\u00e5r du stiller med bil har du et ekstra ansvar for at alle faktisk kommer seg ut p\u00e5 tur hver dag. Ingen biler skal forlate hytta halvtomme, og bruker man den ikke selv s\u00e5 m\u00e5 man v\u00e6re forberedt p\u00e5 \u00e5 l\u00e5ne den bort.<\/p>\n<p>&nbsp;<\/p>\n<p>\u2014&#8212;&#8212;&#8212;&#8212;&#8212;&#8212;&#8212;&#8212;&#8212;&#8212;&#8212;&#8212;&#8212;&#8212;&#8212;&#8212;&#8212;&#8212;&#8212;&#8212;&#8212;&#8212;&#8212;&#8212;&#8212;&#8212;&#8212;&#8212;&#8212;&#8212;&#8212;&#8212;&#8212;&#8212;&#8212;&#8212;&#8212;&#8212;<\/p>\n<p>ENGLISH<\/p>\n<p>&nbsp;<\/p>\n<p>IMPORTANT DATES:<\/p>\n<p>01.02 Early-Bird registration opens at 12:00 (only for committee members)<\/p>\n<p>02.02 Ordinary registration opens at 12.00<\/p>\n<p>Ordinary registration will be posted here in the Facebook event. The trip has 30 number of participants, of which half is reserved for committee members.<\/p>\n<p>15.02 departure to destination form Hovedbygget at Gl\u00f8shaugen.<\/p>\n<p>ABOUT THE TRIP:<\/p>\n<p>Dear ski-enthusiasts, it&#8217;s time for a trip to Sunndalen! Departure from Trondheim will take place on Thursday 15.02, before we return home on Sunday 18.02. We will be staying at \u00c5lvundeid \u201cGrendehus\u201d\/ Village home &#8211; about 3 hours by car from Trondheim. \u00c5lvundeid is not far from great hiking destinations such as \u00d8ksendalen, Virumdalen, Jordalsgrenda and Eresfjord. The village house is spacious and has everything you need for a social weekend: 2 gymnasiums where you can roll out a nice sleeping pad and sleeping bag, changing rooms with showers to get warm after a trip + a kitchen where we will cook tasty dinner and breakfast as a team.<\/p>\n<p>There will be possibilities for optional departure times on Thursday. Which means that time for departure will depend on the individual drivers. That means that those who have the opportunity to drive early, can ski on Thursday as well. If you have to travel after school, there is no worry as both Friday and Saturday are spent in Sunndalen. It&#8217;s also possible to go skiing on Sunday before we return home. More information about different departure times will be sent to registrants as the trip approaches. You will then have to tick the box for which driver (time) you wish to travel with.<\/p>\n<p>&nbsp;<\/p>\n<p>TOUR OPPORTUNITIES:<\/p>\n<p>Close to Grendahuset (the place we stay) in \u00c5lvundeidet are Smisetnebba and Rokdalskammen. Tydalsnebba is a short ferry ride away in Todalen. Classics such as Dronningkrona, Fl\u00f8tatind, Trolltind are not a long drive away, and otherwise for those who want to go to Eresfjord with peaks such as Skjorta and Goks\u00f8yra, this is a nice opportunity!<\/p>\n<p>&nbsp;<\/p>\n<p>MINIMUM REQUIREMENTS:<\/p>\n<p>A valid NTNUI membership is mandatory for attending this trip.<\/p>\n<p>A paid membership in NTNUI Topptur og Frikj\u00f8ring must be bought to join our trips. This must be fixed before the trip and can be purchased here: <a href=\"https:\/\/l.facebook.com\/l.php?u=https%3A%2F%2Fntnui.no%2Ftoppturogfrikjoring%2Fproduct%2Fmedlemskap-i-ntnui-topptur-og-frikjoring%2F%3Ffbclid%3DIwAR11oDpLPAemD71QrIfYwyd82KeWyEGSjSAx968c7E2RUbCgS9Xoz15yY74&amp;h=AT0jOPVBSB0xM82jbgbdRAt_trQxep_VWconqBRJO0beBrCKH99cwBCxXyAehb0H46xHr9VKxSezqCbzMPIyUDlFdICfte4hVPN4zOqyrvvPpxxySNGF7Fex_ahwIkOSyU2r3-N4lZeUCWaaL6JDsGvvcQ&amp;__tn__=q&amp;c%5B0%5D=AT24uzheVzb7KaW4PVdGqcv_Nkmg2KVpdyegsZKE-ppCV7X3ORTiICzwgcAGiQ5f_ScWlA4RRX88z7U97ttolykzLCi4_SBKqAkx-W7IffcevmH-l80cfsl64c6I6sBMONnusFDDhZzZTslnBOyu01CnLwtj\">https:\/\/ntnui.no\/&#8230;\/medlemskap-i-ntnui-topptur-og&#8230;\/&#8230;<\/a><\/p>\n<p>You must bring your own avalanche equipment, e.g transmitter \/ receiver, shovel and search probe. TF has a few avalanche packages for rent, send an email to tf-nestleder@ntnui.no if it is of interest. We unfortunately have no other equipment for rent.<\/p>\n<p>You must bring suitable equipment for ski touring e.g ski touring gear, telemark, splitboard etc.<\/p>\n<p>All participants must master the basic use of both the avalanche equipment and ski equipment. You must have ski toured in the mountains before and be able to take care of yourself in winter conditions. If you have no experience with ski touring, a beginner&#8217;s course at DNT or one of the professional guide companies can be recommended as an entrance to this wonderful sport.<\/p>\n<p>None of TF&#8217;s tours are guided, here you are free to plan tours yourself. As the area contains a bunch of tours, this provides great opportunities for great experiences! This places the responsibility on the individual participant, both in trip planning and decisions made in the mountains. TF is not responsible for you and you are not insured through TF when you are on a trip with us. Personal travel insurance is highly recommended.<\/p>\n<p>By filling out the registration, you approve TFs disclaimer of responsibility. It can be read here: <a href=\"https:\/\/l.facebook.com\/l.php?u=https%3A%2F%2Fdocs.google.com%2Fdocument%2Fd%2F13epxdiCaEWolp1GUcXg31fVVpaPJNDXwCrM3qEZ-ofU%2Fedit%3Fusp%3Dsharing%26fbclid%3DIwAR01E5UjG2wyHNhiMl2ZsDuLHU7wIeMnDg-woxRPYUvelqxbky9_eU0A4YI&amp;h=AT0JI17BIFrBou_YN-CwiVOHihPXpWrPcsFTdG-wfxFOnHcR8sJ2DA1ps3SExYywRwJDRuRhZJLrJxb5JI6Mg8cSf_zqosv7IpDylHGE6-dEPZdBNxWTX9oT_wnIx0DpB7JQsO6fhMN0eaK2b9sS_uoypw&amp;__tn__=q&amp;c%5B0%5D=AT24uzheVzb7KaW4PVdGqcv_Nkmg2KVpdyegsZKE-ppCV7X3ORTiICzwgcAGiQ5f_ScWlA4RRX88z7U97ttolykzLCi4_SBKqAkx-W7IffcevmH-l80cfsl64c6I6sBMONnusFDDhZzZTslnBOyu01CnLwtj\">https:\/\/docs.google.com\/&#8230;\/13epxdiCaEWolp1GUcXg3&#8230;\/edit&#8230;<\/a><\/p>\n<p>COSTS:<\/p>\n<p>The trip will cost 870 NOK. It includes transport, accommodation, dinner (Friday \/ Saturday) and breakfast (\/ Saturday \/ Sunday). The participant has to bring their own lunch and snacks. The registration is binding. If you can not participate, you are responsible for reselling the ticket. In the case of resale, it is important that we receive contact information for the person who took over the place. Please send this to henjoh.johnsrud@gmail.com<\/p>\n<p>TRANSPORTATION:<\/p>\n<p>In order to get our turn, we depend on some participants posing by car. Contact vilde.tuen@gmail.com. Drivers are guaranteed a place on the trip before registration, and will be compensated NOK 3.5 \/ km. Your car must have room for yourself and three other people and all equipment. Write the brand and model in the mail. Roomy cars with a roof box will be prefered. If you are a driver, you have an extra responsibility to ensure that everyone actually gets out on a trip every day. No cars should leave the cabin half empty, and if you do not use it yourself, you must be prepared to lend it out.<\/p>\n<\/div>\n","protected":false},"excerpt":{"rendered":"<p>Ved \u00e5 kj\u00f8pe v\u00e5rt produkt godtar du v\u00e5re reisebetingelser<\/p>\n<hr \/>\n<p>By purchasing our product you accept our terms of travel<\/p>\n<p><em><a href=\"https:\/\/ntnui.no\/toppturogfrikjoring\/reisebetingelser-2\">Reisebetingelser<\/a>\/<a href=\"https:\/\/ntnui.no\/toppturogfrikjoring\/en\/terms-of-travel\/\">Terms of travel<\/a><\/em><\/p>\n","protected":false},"featured_media":4487,"comment_status":"open","ping_status":"closed","template":"","meta":{"inline_featured_image":false,"_coblocks_attr":"","_coblocks_dimensions":"","_coblocks_responsive_height":"","_coblocks_accordion_ie_support":"","_price":"870","_stock":"0","_tribe_ticket_header":"","_tribe_default_ticket_provider":"","_tribe_ticket_capacity":"10","_ticket_start_date":"","_ticket_end_date":"","_tribe_ticket_show_description":"","_tribe_ticket_show_not_going":false,"_tribe_ticket_use_global_stock":"","_tribe_ticket_global_stock_level":"","_global_stock_mode":"","_global_stock_cap":"","_tribe_rsvp_for_event":"","_tribe_ticket_going_count":"","_tribe_ticket_not_going_count":"","_tribe_tickets_list":[],"_tribe_ticket_has_attendee_info_fields":false},"product_brand":[],"product_cat":[39],"product_tag":[],"class_list":{"0":"post-4488","1":"product","2":"type-product","3":"status-publish","4":"has-post-thumbnail","6":"product_cat-trip","8":"first","9":"outofstock","10":"virtual","11":"sold-individually","12":"purchasable","13":"product-type-simple"},"_links":{"self":[{"href":"https:\/\/ntnui.no\/toppturogfrikjoring\/wp-json\/wp\/v2\/product\/4488","targetHints":{"allow":["GET"]}}],"collection":[{"href":"https:\/\/ntnui.no\/toppturogfrikjoring\/wp-json\/wp\/v2\/product"}],"about":[{"href":"https:\/\/ntnui.no\/toppturogfrikjoring\/wp-json\/wp\/v2\/types\/product"}],"replies":[{"embeddable":true,"href":"https:\/\/ntnui.no\/toppturogfrikjoring\/wp-json\/wp\/v2\/comments?post=4488"}],"wp:featuredmedia":[{"embeddable":true,"href":"https:\/\/ntnui.no\/toppturogfrikjoring\/wp-json\/wp\/v2\/media\/4487"}],"wp:attachment":[{"href":"https:\/\/ntnui.no\/toppturogfrikjoring\/wp-json\/wp\/v2\/media?parent=4488"}],"wp:term":[{"taxonomy":"product_brand","embeddable":true,"href":"https:\/\/ntnui.no\/toppturogfrikjoring\/wp-json\/wp\/v2\/product_brand?post=4488"},{"taxonomy":"product_cat","embeddable":true,"href":"https:\/\/ntnui.no\/toppturogfrikjoring\/wp-json\/wp\/v2\/product_cat?post=4488"},{"taxonomy":"product_tag","embeddable":true,"href":"https:\/\/ntnui.no\/toppturogfrikjoring\/wp-json\/wp\/v2\/product_tag?post=4488"}],"curies":[{"name":"wp","href":"https:\/\/api.w.org\/{rel}","templated":true}]}}