{"id":4223,"date":"2023-11-02T12:52:08","date_gmt":"2023-11-02T11:52:08","guid":{"rendered":"https:\/\/ntnui.no\/toppturogfrikjoring\/?post_type=product&#038;p=4223"},"modified":"2025-10-04T00:02:38","modified_gmt":"2025-10-03T22:02:38","slug":"medlemskap-i-ntnui-topptur-og-frikjoring","status":"publish","type":"product","link":"https:\/\/ntnui.no\/toppturogfrikjoring\/product\/medlemskap-i-ntnui-topptur-og-frikjoring\/","title":{"rendered":"Medlemskap i NTNUI Topptur og Frikj\u00f8ring"},"content":{"rendered":"<p>Her kan du kj\u00f8pe medlemskap i TF!<\/p>\n<p>For at vi skal kunne lett sjekke medlemskap er det viktig at du bruker samme e-post og telefon nummer n\u00e5r du kj\u00f8per f.eks tur som n\u00e5r du kj\u00f8per medlemskap \ud83d\ude42<\/p>\n<p>Meldemskap er n\u00f8dvendig for \u00e5 mlede seg p\u00e5 turer, fester og masse annet g\u00f8y TF organiserer.<\/p>\n<p>Det koster 50kr, og er gyldig fra 1 Januar til 31 Desember av \u00e5ret i \u00e5r : )<\/p>\n<p>&nbsp;<\/p>\n","protected":false},"excerpt":{"rendered":"<p>Her kan du kj\u00f8pe medlemskap i TF! For at vi skal kunne lett sjekke medlemskap er det viktig at du bruker samme e-post og telefon nummer n\u00e5r du kj\u00f8per f.eks tur som n\u00e5r du kj\u00f8per medlemskap \ud83d\ude42 Meldemskap er n\u00f8dvendig for \u00e5 mlede seg p\u00e5 turer, fester og masse annet g\u00f8y TF organiserer. Det koster [&hellip;]<\/p>\n","protected":false},"featured_media":1103,"comment_status":"open","ping_status":"closed","template":"","meta":{"inline_featured_image":false,"_coblocks_attr":"","_coblocks_dimensions":"","_coblocks_responsive_height":"","_coblocks_accordion_ie_support":"","_price":"50","_stock":"","_tribe_ticket_header":"","_tribe_default_ticket_provider":"","_tribe_ticket_capacity":"225","_ticket_start_date":"","_ticket_end_date":"","_tribe_ticket_show_description":"","_tribe_ticket_show_not_going":false,"_tribe_ticket_use_global_stock":"","_tribe_ticket_global_stock_level":"","_global_stock_mode":"","_global_stock_cap":"","_tribe_rsvp_for_event":"","_tribe_ticket_going_count":"","_tribe_ticket_not_going_count":"","_tribe_tickets_list":[],"_tribe_ticket_has_attendee_info_fields":false},"product_brand":[],"product_cat":[60],"product_tag":[],"class_list":{"0":"post-4223","1":"product","2":"type-product","3":"status-publish","4":"has-post-thumbnail","6":"product_cat-medlemskap","8":"first","9":"instock","10":"featured","11":"virtual","12":"purchasable","13":"product-type-simple"},"_links":{"self":[{"href":"https:\/\/ntnui.no\/toppturogfrikjoring\/wp-json\/wp\/v2\/product\/4223","targetHints":{"allow":["GET"]}}],"collection":[{"href":"https:\/\/ntnui.no\/toppturogfrikjoring\/wp-json\/wp\/v2\/product"}],"about":[{"href":"https:\/\/ntnui.no\/toppturogfrikjoring\/wp-json\/wp\/v2\/types\/product"}],"replies":[{"embeddable":true,"href":"https:\/\/ntnui.no\/toppturogfrikjoring\/wp-json\/wp\/v2\/comments?post=4223"}],"wp:featuredmedia":[{"embeddable":true,"href":"https:\/\/ntnui.no\/toppturogfrikjoring\/wp-json\/wp\/v2\/media\/1103"}],"wp:attachment":[{"href":"https:\/\/ntnui.no\/toppturogfrikjoring\/wp-json\/wp\/v2\/media?parent=4223"}],"wp:term":[{"taxonomy":"product_brand","embeddable":true,"href":"https:\/\/ntnui.no\/toppturogfrikjoring\/wp-json\/wp\/v2\/product_brand?post=4223"},{"taxonomy":"product_cat","embeddable":true,"href":"https:\/\/ntnui.no\/toppturogfrikjoring\/wp-json\/wp\/v2\/product_cat?post=4223"},{"taxonomy":"product_tag","embeddable":true,"href":"https:\/\/ntnui.no\/toppturogfrikjoring\/wp-json\/wp\/v2\/product_tag?post=4223"}],"curies":[{"name":"wp","href":"https:\/\/api.w.org\/{rel}","templated":true}]}}