{"id":316,"date":"2020-09-02T10:48:18","date_gmt":"2020-09-02T10:48:18","guid":{"rendered":"https:\/\/ntnui.no\/telemarkalpint\/product\/import-placeholder-for-2060\/"},"modified":"2026-04-24T18:23:44","modified_gmt":"2026-04-24T16:23:44","slug":"helgeleie-av-skredutstyr-avalance-equipment-rental","status":"publish","type":"product","link":"https:\/\/ntnui.no\/toppturogfrikjoring\/product\/helgeleie-av-skredutstyr-avalance-equipment-rental\/","title":{"rendered":"Helgeleie av skredutstyr | Avalance equipment rental"},"content":{"rendered":"<p><span style=\"font-weight: 400\">Important! Read this info before booking the avalanche kits!<\/span><\/p>\n<p><span style=\"font-weight: 400\">&#8212;&#8212;&#8212;&#8212;&#8212;&#8212;&#8212;&#8212;&#8212;English below&#8212;&#8212;&#8212;&#8212;&#8212;&#8212;&#8212;&#8211;<\/span><\/p>\n<p><span style=\"font-weight: 400\">NTNUI Topptur og frikj\u00f8ring leier ut skredpakker ( sender-mottaker, spade og s\u00f8kestang) for 90kr pr. uke.\u00a0<\/span><\/p>\n<p><span style=\"font-weight: 400\">\u00d8nsker du \u00e5 leie skredutstyr M\u00c5 du f\u00f8lge disse trinnene:<\/span><\/p>\n<ol>\n<li style=\"font-weight: 400\"><span style=\"font-weight: 400\">Kontakt nestleder p\u00e5 <\/span><a href=\"mailto:tf-nestleder@ntnui.no\"><span style=\"font-weight: 400\">tf-nestleder@ntnui.no<\/span><\/a><span style=\"font-weight: 400\">\u00a0for avtale om utlevering av utstyr og for \u00e5 sjekke tilgjengelighet.<\/span><span style=\"font-weight: 400\"><br \/>\n<\/span><span style=\"font-weight: 400\">Dette M\u00c5 gj\u00f8res SENEST 3 dager f\u00f8r \u00f8nsket utlevering, og det er ditt ansvar at dette blir gjort \ud83d\ude42<\/span><\/li>\n<li><span style=\"font-weight: 400\">Betal for leie den helgen du skal bruke utstyret. Betaling gj\u00f8res f\u00f8rst etter at nestleder har bekreftet tilgjengelighet av utstyret, IKKE f\u00f8r.<\/span><\/li>\n<li style=\"font-weight: 400\"><span style=\"font-weight: 400\">Kos deg p\u00e5 tur!<\/span><\/li>\n<li style=\"font-weight: 400\"><span style=\"font-weight: 400\">Lever tilbake skredpakken. Dette avtales ogs\u00e5 med nestleder og m\u00e5 gj\u00f8res senest tirsdag den p\u00e5f\u00f8lgende uken.\u00a0<\/span><\/li>\n<\/ol>\n<p><span style=\"font-weight: 400\">\u00d8nsker du \u00e5 leie skredpakken for en tur som g\u00e5r over 2 helger? Da betaler du for leie for to p\u00e5f\u00f8lgende uker her p\u00e5 nettsiden!<\/span><\/p>\n<p><span style=\"font-weight: 400\">NB! Sender-mottakeren kommer uten batterier (4-AAA batterier), s\u00e5 dette m\u00e5 dere stille med selv. <\/span><span style=\"font-weight: 400\"><br \/>\n<\/span><span style=\"font-weight: 400\">1 <\/span><span style=\"font-weight: 400\">Har du noen sp\u00f8rsm\u00e5l? Send de til <\/span><a href=\"mailto:tf-nestleder@ntnui.no\"><span style=\"font-weight: 400\">tf-<\/span><\/a><a href=\"mailto:tf-nestleder@ntnui.no\"><span style=\"font-weight: 400\">nestleder@ntnui.no<\/span><\/a><span style=\"font-weight: 400\">!<\/span><\/p>\n<p><span style=\"font-weight: 400\">&#8212;&#8212;&#8212;&#8212;&#8212;&#8212;&#8212;&#8212;&#8212;&#8212;&#8212;&#8212;&#8212;&#8212;&#8212;&#8212;&#8212;&#8212;&#8212;&#8212;&#8212;&#8212;&#8212;&#8212;&#8212;&#8211;<\/span><\/p>\n<p><span style=\"font-weight: 400\">NTNUI Ski toruing and freeski are renting out avalanche kits! The Avalance kit includes a Transceivers, Shovel and Rod. The kit does not include batteries (4xAAA).<\/span><\/p>\n<p><span style=\"font-weight: 400\">Do you want to rent an avalanche kit? Then you NEED to follow these steps:<\/span><\/p>\n<ol>\n<li style=\"font-weight: 400\"><span style=\"font-weight: 400\">Contact our deputy at <\/span><a href=\"mailto:tf-nestleder@ntnui.no\"><span style=\"font-weight: 400\">tf-nestleder@ntnui.no<\/span><\/a><span style=\"font-weight: 400\"> to arrange the hand-out of the equipment and to check the products availability. This NEEDS to be done at least 3 days prior to the hand-out.<\/span><span style=\"font-weight: 400\"><br \/>\n<\/span><span style=\"font-weight: 400\">It is your responsibility to arrange this \ud83d\ude42<\/span><\/li>\n<li style=\"font-weight: 400\"><span style=\"font-weight: 400\">To rent the avalanche kit, please ensure you check availability with the deputy leader <i data-path-to-node=\"4,0\" data-index-in-node=\"88\">before<\/i> submitting payment. Do not pay for the rental until you have received confirmation; otherwise, you risk paying for equipment that may already be booked<\/span><span style=\"font-weight: 400\">\u00a0<\/span><\/li>\n<li style=\"font-weight: 400\"><span style=\"font-weight: 400\">Enjoy your trip!<\/span><\/li>\n<li style=\"font-weight: 400\"><span style=\"font-weight: 400\">Deliver the equipment back to us! This has to be done no later than Tuesday the following week.\u00a0<\/span><\/li>\n<\/ol>\n<p><span style=\"font-weight: 400\">Do you wish to rent the avalanche kit for a trip that covers two weekends in a row? Then you just pay the rent for both of those weekends!<\/span><\/p>\n<p><span style=\"font-weight: 400\">Do you have any questions? Just send them to <a href=\"mailto:tf-nestleder@ntnui.no\">tf-nestleder@ntnui.no<\/a>!<\/span><\/p>\n","protected":false},"excerpt":{"rendered":"<blockquote><p>NB-Husk at bestilling gj\u00f8res senest 3 dager f\u00f8r \u00f8nsket opphenting av skredutstyr. Vennligst les regler rundt leie av skredutstyr lenger ned p\u00e5 siden.<\/p><\/blockquote>\n<p>-ENGLISH- Note that orders of avalanche equipment must be placed at least 3 days in advance of pick-up. Please read all rules associated with rental of avalanche equipment further down this page.<\/p>\n","protected":false},"featured_media":346,"comment_status":"closed","ping_status":"closed","template":"","meta":{"inline_featured_image":false,"_coblocks_attr":"","_coblocks_dimensions":"","_coblocks_responsive_height":"","_coblocks_accordion_ie_support":"","_price":"90","_stock":"","_tribe_ticket_header":"","_tribe_default_ticket_provider":"","_tribe_ticket_capacity":"32","_ticket_start_date":"","_ticket_end_date":"","_tribe_ticket_show_description":"","_tribe_ticket_show_not_going":false,"_tribe_ticket_use_global_stock":"","_tribe_ticket_global_stock_level":"","_global_stock_mode":"","_global_stock_cap":"","_tribe_rsvp_for_event":"","_tribe_ticket_going_count":"","_tribe_ticket_not_going_count":"","_tribe_tickets_list":[],"_tribe_ticket_has_attendee_info_fields":false},"product_brand":[],"product_cat":[37],"product_tag":[],"class_list":{"0":"post-316","1":"product","2":"type-product","3":"status-publish","4":"has-post-thumbnail","6":"product_cat-rental","8":"first","9":"instock","10":"sold-individually","11":"shipping-taxable","12":"purchasable","13":"product-type-variable"},"_links":{"self":[{"href":"https:\/\/ntnui.no\/toppturogfrikjoring\/wp-json\/wp\/v2\/product\/316","targetHints":{"allow":["GET"]}}],"collection":[{"href":"https:\/\/ntnui.no\/toppturogfrikjoring\/wp-json\/wp\/v2\/product"}],"about":[{"href":"https:\/\/ntnui.no\/toppturogfrikjoring\/wp-json\/wp\/v2\/types\/product"}],"replies":[{"embeddable":true,"href":"https:\/\/ntnui.no\/toppturogfrikjoring\/wp-json\/wp\/v2\/comments?post=316"}],"wp:featuredmedia":[{"embeddable":true,"href":"https:\/\/ntnui.no\/toppturogfrikjoring\/wp-json\/wp\/v2\/media\/346"}],"wp:attachment":[{"href":"https:\/\/ntnui.no\/toppturogfrikjoring\/wp-json\/wp\/v2\/media?parent=316"}],"wp:term":[{"taxonomy":"product_brand","embeddable":true,"href":"https:\/\/ntnui.no\/toppturogfrikjoring\/wp-json\/wp\/v2\/product_brand?post=316"},{"taxonomy":"product_cat","embeddable":true,"href":"https:\/\/ntnui.no\/toppturogfrikjoring\/wp-json\/wp\/v2\/product_cat?post=316"},{"taxonomy":"product_tag","embeddable":true,"href":"https:\/\/ntnui.no\/toppturogfrikjoring\/wp-json\/wp\/v2\/product_tag?post=316"}],"curies":[{"name":"wp","href":"https:\/\/api.w.org\/{rel}","templated":true}]}}