{"id":3016,"date":"2022-11-11T13:15:18","date_gmt":"2022-11-11T12:15:18","guid":{"rendered":"https:\/\/ntnui.no\/toppturogfrikjoring\/?post_type=product&#038;p=3016"},"modified":"2023-04-11T16:23:50","modified_gmt":"2023-04-11T14:23:50","slug":"gensermed-og-uten-hette","status":"publish","type":"product","link":"https:\/\/ntnui.no\/toppturogfrikjoring\/product\/gensermed-og-uten-hette\/","title":{"rendered":"Genser(med og uten hette)"},"content":{"rendered":"<p>Kun for betaling, hvis du ikke har bestilt i google-skjema s\u00e5 kan du ikke kj\u00f8pe her. Er du usikker p\u00e5 hvor mange du har bestilt, kontakt tf-sponsor@ntnui.no.<\/p>\n<p>Direktelink til andre produkter:<\/p>\n<p>Festivalgenser: https:\/\/ntnui.no\/toppturogfrikjoring\/product\/festivalgenser\/<\/p>\n<p>Langermet: https:\/\/ntnui.no\/toppturogfrikjoring\/product\/langermet\/<\/p>\n<p>B\u00f8ttehatt: https:\/\/ntnui.no\/toppturogfrikjoring\/product\/bottehatt-2\/<\/p>\n<p>Forkle: https:\/\/ntnui.no\/toppturogfrikjoring\/product\/forkle\/<\/p>\n<p>Kopp: https:\/\/ntnui.no\/toppturogfrikjoring\/product\/kopp\/<\/p>\n<p>T-skjorte: https:\/\/ntnui.no\/toppturogfrikjoring\/product\/t-skjorte-2\/<\/p>\n<p>Genser: https:\/\/ntnui.no\/toppturogfrikjoring\/product\/gensermed-og-uten-hette\/<\/p>\n<p>&nbsp;<\/p>\n","protected":false},"excerpt":{"rendered":"<p>Kun for betaling, hvis du ikke har bestilt i google-skjema s\u00e5 kan du ikke kj\u00f8pe her. Er du usikker p\u00e5 hvor mange du har bestilt, kontakt tf-sponsor@ntnui.no. Direktelink til andre produkter: Festivalgenser: https:\/\/ntnui.no\/toppturogfrikjoring\/product\/festivalgenser\/ Langermet: https:\/\/ntnui.no\/toppturogfrikjoring\/product\/langermet\/ B\u00f8ttehatt: https:\/\/ntnui.no\/toppturogfrikjoring\/product\/bottehatt-2\/ Forkle: https:\/\/ntnui.no\/toppturogfrikjoring\/product\/forkle\/ Kopp: https:\/\/ntnui.no\/toppturogfrikjoring\/product\/kopp\/ T-skjorte: https:\/\/ntnui.no\/toppturogfrikjoring\/product\/t-skjorte-2\/ Genser: https:\/\/ntnui.no\/toppturogfrikjoring\/product\/gensermed-og-uten-hette\/ &nbsp;<\/p>\n","protected":false},"featured_media":3017,"comment_status":"open","ping_status":"closed","template":"","meta":{"inline_featured_image":false,"_coblocks_attr":"","_coblocks_dimensions":"","_coblocks_responsive_height":"","_coblocks_accordion_ie_support":"","_price":"250","_stock":"1","_tribe_ticket_header":"","_tribe_default_ticket_provider":"","_tribe_ticket_capacity":"50","_ticket_start_date":"","_ticket_end_date":"","_tribe_ticket_show_description":"","_tribe_ticket_show_not_going":false,"_tribe_ticket_use_global_stock":"","_tribe_ticket_global_stock_level":"","_global_stock_mode":"","_global_stock_cap":"","_tribe_rsvp_for_event":"","_tribe_ticket_going_count":"","_tribe_ticket_not_going_count":"","_tribe_tickets_list":[],"_tribe_ticket_has_attendee_info_fields":false},"product_brand":[],"product_cat":[32,45],"product_tag":[],"class_list":{"0":"post-3016","1":"product","2":"type-product","3":"status-publish","4":"has-post-thumbnail","6":"product_cat-ukategorisert","7":"product_cat-merch","9":"first","10":"instock","11":"virtual","12":"purchasable","13":"product-type-simple"},"_links":{"self":[{"href":"https:\/\/ntnui.no\/toppturogfrikjoring\/wp-json\/wp\/v2\/product\/3016","targetHints":{"allow":["GET"]}}],"collection":[{"href":"https:\/\/ntnui.no\/toppturogfrikjoring\/wp-json\/wp\/v2\/product"}],"about":[{"href":"https:\/\/ntnui.no\/toppturogfrikjoring\/wp-json\/wp\/v2\/types\/product"}],"replies":[{"embeddable":true,"href":"https:\/\/ntnui.no\/toppturogfrikjoring\/wp-json\/wp\/v2\/comments?post=3016"}],"wp:featuredmedia":[{"embeddable":true,"href":"https:\/\/ntnui.no\/toppturogfrikjoring\/wp-json\/wp\/v2\/media\/3017"}],"wp:attachment":[{"href":"https:\/\/ntnui.no\/toppturogfrikjoring\/wp-json\/wp\/v2\/media?parent=3016"}],"wp:term":[{"taxonomy":"product_brand","embeddable":true,"href":"https:\/\/ntnui.no\/toppturogfrikjoring\/wp-json\/wp\/v2\/product_brand?post=3016"},{"taxonomy":"product_cat","embeddable":true,"href":"https:\/\/ntnui.no\/toppturogfrikjoring\/wp-json\/wp\/v2\/product_cat?post=3016"},{"taxonomy":"product_tag","embeddable":true,"href":"https:\/\/ntnui.no\/toppturogfrikjoring\/wp-json\/wp\/v2\/product_tag?post=3016"}],"curies":[{"name":"wp","href":"https:\/\/api.w.org\/{rel}","templated":true}]}}