{"id":1436,"date":"2021-10-14T13:15:06","date_gmt":"2021-10-14T11:15:06","guid":{"rendered":"https:\/\/ntnui.no\/toppturogfrikjoring\/?post_type=product&#038;p=1436"},"modified":"2022-09-15T11:17:20","modified_gmt":"2022-09-15T09:17:20","slug":"eksempel-for-ansvarsfraskrivelse","status":"publish","type":"product","link":"https:\/\/ntnui.no\/toppturogfrikjoring\/product\/eksempel-for-ansvarsfraskrivelse\/","title":{"rendered":"Eksempel for ansvarsfraskrivelse"},"content":{"rendered":"<p><span style=\"font-weight: 400\">Erkl\u00e6rer med dette at jeg av egen fri vilje deltar p\u00e5 tur\/samling\/arrangement med NTNUI Topptur og Frikj\u00f8ring.\u00a0<\/span><\/p>\n<p><span style=\"font-weight: 400\">Jeg erkl\u00e6rer med dette \u00e5 inneha de ferdigheter og kunnskaper som er n\u00f8dvendig for \u00e5 kunne utf\u00f8re ovennevnte aktiviteter p\u00e5 en tilfredsstillende og betryggende m\u00e5te. Er videre klar over at jeg selv p\u00e5tar meg ethvert ansvar og enhver risiko for tap eller skade jeg m\u00e5tte utsettes for som f\u00f8lge av aktivitetene, enten dette dreier seg om personskade eller tingskade. Jeg er inneforst\u00e5tt med den betydningen risiko som f\u00f8lger av aktivitetene, og med det skadepotensialet som foreligger. Jeg bekrefter at jeg ikke er p\u00e5virket av alkohol eller andre rusmidler. Jeg er kjent med at NTNUI Topptur og Frikj\u00f8ring ikke har ansvarsforsikring og ulykkesforsikring. Jeg vet derfor at jeg ikke er forsikret gjennom NTNUI Topptur og Frikj\u00f8ring dersom en ulykke oppst\u00e5r som resultat av situasjoner jeg selv er skyld i.\u00a0<\/span><\/p>\n<p><span style=\"font-weight: 400\">For det tilfellet at min familie eller andre skulle rette ansvar mot NTNUI Topptur og Frikj\u00f8ring eller andre grunnet skade p\u00e5f\u00f8rt undertegnede eller mine eiendeler, aksepterer at undertegnede er regressansvarlig for eventuelt ansvar overfor NTNUI Topptur og Frikj\u00f8ring.\u00a0<\/span><\/p>\n<p><span style=\"font-weight: 400\">Jeg fraskriver meg samtidig all rett til \u00e5 s\u00f8ke erstatning og\/eller regress av NTNUI Topptur og Frikj\u00f8ring, eller noen personer eller virksomhet NTNUI Topptur og Frikj\u00f8ring svarer for, med mindre den skade eller det tap det s\u00f8kes erstatning eller regress for, skyldes grov uaktsomhet eller forsett fra NTNUI Topptur og Frikj\u00f8ring eller den\/de NTNUI Topptur og Frikj\u00f8ring svarer for sin side. Erstatning for slike grovt uaktsomme eller forsettlige feil eller fors\u00f8mmelser skal under enhver omstendighet begrenses til omfanget av det direkte tap som er lidt.<\/span><\/p>\n<p>&nbsp;<\/p>\n<p><span style=\"font-weight: 400\">Declare with this that I of my own free will participate in a tour \/ collection \/ arrangement with NTNUI Topptur og Frikj\u00f8ring\u00a0<\/span><\/p>\n<p><span style=\"font-weight: 400\">I hereby declare to hold the skills and knowledge necessary to perform the above\u00a0 activities in a satisfactory and reassuring manner. Also, I understand that I am aware of any responsibility and any risk of loss or damage that I may be exposed to as a result of\u00a0 the activities, whether this is personal injury or property damage. I understand the\u00a0 significance of the risks that arise from the activities, and the potential damage that\u00a0 follows. I confirm that I am not affected by alcohol or any other drugs.\u00a0<\/span><\/p>\n<p><span style=\"font-weight: 400\">I am aware that NTNUI Topptur og Frikj\u00f8ring has no liability insurance or accident insurance.\u00a0 I know therefore that I&#8217;m not insured through NTNUI Topptur og Frikj\u00f8ring if an accident\u00a0 occurs as a result of situations I myself owe.\u00a0<\/span><\/p>\n<p><span style=\"font-weight: 400\">In the event that my family or others would be liable to NTNUI Topptur og Frikj\u00f8ring or any\u00a0 other due to damage caused by signatory or my assets, I agree that the signatory is\u00a0 responsible for any liability against NTNUI Topptur og Frikj\u00f8ring.\u00a0<\/span><\/p>\n<p><span style=\"font-weight: 400\">At the same time, I hereby waive the right to seek compensation and \/ or regression of\u00a0 NTNUI Topptur og Frikj\u00f8ring, or any person or business NTNUI Topptur og Frikj\u00f8ring is\u00a0 responsible for, unless the damage or loss for which compensation or regression is\u00a0 sought for, is due to gross negligence or wilful from NTNUI Topptur og Frikj\u00f8ring or NTNUI\u00a0 Topptur og Frikj\u00f8ring is the answer for its part. Compensation for such gross negligent or\u00a0 intentional error or negligence must in any case be limited to the amount of direct loss\u00a0 that is a little.\u00a0<\/span><\/p>\n<p>&nbsp;<\/p>\n","protected":false},"excerpt":{"rendered":"<p>Ansvarsfraskrivelse finnes lenger ned p\u00e5 siden.<\/p>\n<p>Responsibility disclaimer is at the bottom of this page.<\/p>\n","protected":false},"featured_media":0,"comment_status":"open","ping_status":"closed","template":"","meta":{"inline_featured_image":false,"_coblocks_attr":"","_coblocks_dimensions":"","_coblocks_responsive_height":"","_coblocks_accordion_ie_support":"","_price":"","_stock":"0","_tribe_ticket_header":"","_tribe_default_ticket_provider":"","_tribe_ticket_capacity":"4","_ticket_start_date":"","_ticket_end_date":"","_tribe_ticket_show_description":"","_tribe_ticket_show_not_going":false,"_tribe_ticket_use_global_stock":"","_tribe_ticket_global_stock_level":"","_global_stock_mode":"","_global_stock_cap":"","_tribe_rsvp_for_event":"","_tribe_ticket_going_count":"","_tribe_ticket_not_going_count":"","_tribe_tickets_list":[],"_tribe_ticket_has_attendee_info_fields":false},"product_brand":[],"product_cat":[39],"product_tag":[],"class_list":{"0":"post-1436","1":"product","2":"type-product","3":"status-publish","5":"product_cat-trip","7":"first","8":"outofstock","9":"sold-individually","10":"shipping-taxable","11":"product-type-simple"},"_links":{"self":[{"href":"https:\/\/ntnui.no\/toppturogfrikjoring\/wp-json\/wp\/v2\/product\/1436","targetHints":{"allow":["GET"]}}],"collection":[{"href":"https:\/\/ntnui.no\/toppturogfrikjoring\/wp-json\/wp\/v2\/product"}],"about":[{"href":"https:\/\/ntnui.no\/toppturogfrikjoring\/wp-json\/wp\/v2\/types\/product"}],"replies":[{"embeddable":true,"href":"https:\/\/ntnui.no\/toppturogfrikjoring\/wp-json\/wp\/v2\/comments?post=1436"}],"wp:attachment":[{"href":"https:\/\/ntnui.no\/toppturogfrikjoring\/wp-json\/wp\/v2\/media?parent=1436"}],"wp:term":[{"taxonomy":"product_brand","embeddable":true,"href":"https:\/\/ntnui.no\/toppturogfrikjoring\/wp-json\/wp\/v2\/product_brand?post=1436"},{"taxonomy":"product_cat","embeddable":true,"href":"https:\/\/ntnui.no\/toppturogfrikjoring\/wp-json\/wp\/v2\/product_cat?post=1436"},{"taxonomy":"product_tag","embeddable":true,"href":"https:\/\/ntnui.no\/toppturogfrikjoring\/wp-json\/wp\/v2\/product_tag?post=1436"}],"curies":[{"name":"wp","href":"https:\/\/api.w.org\/{rel}","templated":true}]}}