{"id":8490,"date":"2026-03-27T13:24:31","date_gmt":"2026-03-27T12:24:31","guid":{"rendered":"https:\/\/ntnui.no\/toppturogfrikjoring\/?page_id=8490"},"modified":"2026-03-27T13:47:53","modified_gmt":"2026-03-27T12:47:53","slug":"tf-freeride-2026","status":"publish","type":"page","link":"https:\/\/ntnui.no\/toppturogfrikjoring\/tf-freeride-2026\/","title":{"rendered":"TF Freeride 2026"},"content":{"rendered":"\n<figure class=\"wp-block-image size-full\"><img loading=\"lazy\" decoding=\"async\" width=\"2500\" height=\"1667\" src=\"https:\/\/ntnui.no\/toppturogfrikjoring\/wp-content\/uploads\/sites\/229\/2026\/03\/DSC06561.jpg\" alt=\"\" class=\"wp-image-8515\" \/><\/figure>\n\n\n\n<p>Foto: Pernille Holsvik Ingebrigtsen<\/p>\n\n\n\n<p><\/p>\n\n\n\n<p class=\"has-large-font-size\">TF Freeride leverte varene igjen! KonKom dro en kanin opp av hatten og serverte en folkefest av en freeride-konkurranse i Oppdal. Sn\u00f8en var kanskje knallhard, men hum\u00f8ret var heldigvis enda hardere \u2013 stemningen var helt up\u00e5klagelig!<\/p>\n\n\n\n<p class=\"has-large-font-size\">High-fives og stor takk til alle som bidro: frivillige, dommere, stavplukkere, v\u00e5re kj\u00e6re speakere, Oppdal Skisenter og skipatruljen. Takk ogs\u00e5 til bedriftene som s\u00f8rget for fete premier, alle som stilte til start, verdens beste publikum og de legendariske folka i KonKom.<\/p>\n\n\n\n<p class=\"has-huge-font-size\"><\/p>\n\n\n\n<p class=\"has-huge-font-size\"><strong>Topp tre per klasse:<\/strong><\/p>\n\n\n\n<p><strong>Beste Show:<\/strong><\/p>\n\n\n\n<ol class=\"wp-block-list\">\n<li>Per Clement Wisl\u00f8ff<\/li>\n<\/ol>\n\n\n\n<p><strong>Beste Crash:<\/strong><\/p>\n\n\n\n<ol class=\"wp-block-list\">\n<li>Carl Konow<\/li>\n<\/ol>\n\n\n\n<p><strong>Damer, telemark:<\/strong><\/p>\n\n\n\n<ol class=\"wp-block-list\">\n<li>Guro \u00d8vland<\/li>\n\n\n\n<li>Amelie Wigum<\/li>\n<\/ol>\n\n\n\n<p><strong>Menn, telemark:<\/strong><\/p>\n\n\n\n<ol class=\"wp-block-list\">\n<li>Rasmus Nordal<\/li>\n\n\n\n<li>Sondre Jordheim<\/li>\n\n\n\n<li>\u00c5dne \u00d8vland<\/li>\n<\/ol>\n\n\n\n<p><strong>Damer, snowboard:<\/strong><\/p>\n\n\n\n<ol class=\"wp-block-list\">\n<li>Eluira Palmer<\/li>\n<\/ol>\n\n\n\n<p><strong>Menn snowboard:<\/strong><\/p>\n\n\n\n<ol class=\"wp-block-list\">\n<li>Magnus Spetalen<\/li>\n\n\n\n<li>Jonas Andersen<\/li>\n<\/ol>\n\n\n\n<p><strong>Damer, ski:<\/strong><\/p>\n\n\n\n<ol class=\"wp-block-list\">\n<li>Pernille Holsvik Ingebrigtsen<\/li>\n\n\n\n<li>Hedda Hove<\/li>\n\n\n\n<li>Ingvild Lien<\/li>\n<\/ol>\n\n\n\n<p><strong>Menn, ski:<\/strong><\/p>\n\n\n\n<ol class=\"wp-block-list\">\n<li>Arman Zanjani<\/li>\n\n\n\n<li>Tobias Bruhn-Henriksen<\/li>\n\n\n\n<li>Jakob Mauritzen<\/li>\n<\/ol>\n\n\n\n<p class=\"has-huge-font-size\"><strong>Resultatliste, ski damer:<\/strong><\/p>\n\n\n\n<figure class=\"wp-block-image size-full is-resized\"><img loading=\"lazy\" decoding=\"async\" width=\"842\" height=\"431\" src=\"https:\/\/ntnui.no\/toppturogfrikjoring\/wp-content\/uploads\/sites\/229\/2026\/03\/Skjermbilde-2026-03-27-130852.png\" alt=\"\" class=\"wp-image-8511\" style=\"width:688px;height:auto\" \/><\/figure>\n\n\n\n<p class=\"has-huge-font-size\"><strong>Resultatliste, ski herrer:<\/strong><\/p>\n\n\n\n<figure class=\"wp-block-image size-full is-resized\"><img loading=\"lazy\" decoding=\"async\" width=\"629\" height=\"402\" src=\"https:\/\/ntnui.no\/toppturogfrikjoring\/wp-content\/uploads\/sites\/229\/2026\/03\/Skjermbilde-2026-03-27-130916-1.png\" alt=\"\" class=\"wp-image-8513\" style=\"width:730px;height:auto\" \/><\/figure>\n","protected":false},"excerpt":{"rendered":"<p>Foto: Pernille Holsvik Ingebrigtsen TF Freeride leverte varene igjen! KonKom dro en kanin opp av hatten og serverte en folkefest av en freeride-konkurranse i Oppdal. Sn\u00f8en var kanskje knallhard, men hum\u00f8ret var heldigvis enda hardere \u2013 stemningen var helt up\u00e5klagelig! High-fives og stor takk til alle som bidro: frivillige, dommere, stavplukkere, v\u00e5re kj\u00e6re speakere, Oppdal [&hellip;]<\/p>\n","protected":false},"author":824,"featured_media":0,"parent":0,"menu_order":0,"comment_status":"closed","ping_status":"closed","template":"","meta":{"inline_featured_image":false,"_coblocks_attr":"","_coblocks_dimensions":"","_coblocks_responsive_height":"","_coblocks_accordion_ie_support":"","_price":"","_stock":"","_tribe_ticket_header":"","_tribe_default_ticket_provider":"","_tribe_ticket_capacity":"0","_ticket_start_date":"","_ticket_end_date":"","_tribe_ticket_show_description":"","_tribe_ticket_show_not_going":false,"_tribe_ticket_use_global_stock":"","_tribe_ticket_global_stock_level":"","_global_stock_mode":"","_global_stock_cap":"","_tribe_rsvp_for_event":"","_tribe_ticket_going_count":"","_tribe_ticket_not_going_count":"","_tribe_tickets_list":[],"_tribe_ticket_has_attendee_info_fields":false,"footnotes":""},"class_list":["post-8490","page","type-page","status-publish","hentry"],"featured_image_src":null,"featured_image_src_square":null,"_links":{"self":[{"href":"https:\/\/ntnui.no\/toppturogfrikjoring\/wp-json\/wp\/v2\/pages\/8490","targetHints":{"allow":["GET"]}}],"collection":[{"href":"https:\/\/ntnui.no\/toppturogfrikjoring\/wp-json\/wp\/v2\/pages"}],"about":[{"href":"https:\/\/ntnui.no\/toppturogfrikjoring\/wp-json\/wp\/v2\/types\/page"}],"author":[{"embeddable":true,"href":"https:\/\/ntnui.no\/toppturogfrikjoring\/wp-json\/wp\/v2\/users\/824"}],"replies":[{"embeddable":true,"href":"https:\/\/ntnui.no\/toppturogfrikjoring\/wp-json\/wp\/v2\/comments?post=8490"}],"version-history":[{"count":7,"href":"https:\/\/ntnui.no\/toppturogfrikjoring\/wp-json\/wp\/v2\/pages\/8490\/revisions"}],"predecessor-version":[{"id":8536,"href":"https:\/\/ntnui.no\/toppturogfrikjoring\/wp-json\/wp\/v2\/pages\/8490\/revisions\/8536"}],"wp:attachment":[{"href":"https:\/\/ntnui.no\/toppturogfrikjoring\/wp-json\/wp\/v2\/media?parent=8490"}],"curies":[{"name":"wp","href":"https:\/\/api.w.org\/{rel}","templated":true}]}}