{"id":77,"date":"2019-01-11T19:28:21","date_gmt":"2019-01-11T19:28:21","guid":{"rendered":"https:\/\/ntnui.no\/ta\/?page_id=77"},"modified":"2026-03-05T12:03:03","modified_gmt":"2026-03-05T11:03:03","slug":"faq","status":"publish","type":"page","link":"https:\/\/ntnui.no\/toppturogfrikjoring\/faq\/","title":{"rendered":"FAQ"},"content":{"rendered":"\n<figure class=\"wp-block-image size-full\"><img loading=\"lazy\" decoding=\"async\" width=\"3024\" height=\"1566\" src=\"https:\/\/ntnui.no\/toppturogfrikjoring\/wp-content\/uploads\/sites\/229\/2026\/03\/FAQ-.jpg\" alt=\"\" class=\"wp-image-8344\" \/><figcaption class=\"wp-element-caption\">Foto: Ole Barstad<\/figcaption><\/figure>\n\n\n\n<p><strong>Hvem kan v\u00e6re med p\u00e5 turer og arrangementer (fester, treninger) som Topptur og frikj\u00f8ring (TF) arrangerer?:<\/strong><\/p>\n\n\n\n<p>Alle som er NTNUI-medlemmer kan delta p\u00e5 v\u00e5re turer og arrangementer. \u00c5 bli medlem i TF er enkelt, se fanen &#8220;<a href=\"https:\/\/ntnui.no\/toppturogfrikjoring\/bli-medlem\/\">Bli medlem<\/a>&#8220;!<\/p>\n\n\n\n<p><strong>Leier dere ut skiutstyr?<\/strong><\/p>\n\n\n\n<p>Nei, vi leier ikke ut skiutstyr. Vi leier derimot ut skredpakker, stegjern og is\u00f8kser, og leie av dette skjer gjennom webshopen. Om dere \u00f8nsker \u00e5 leie skiutstyr anbefaler vi dere \u00e5 sjekke ut NTNUI bumerang, BUA, Finn.no, Hygglo mm.<\/p>\n\n\n\n<p class=\"has-small-font-size\" style=\"font-size:16px\"><br>NB: Booking av skredpakker m\u00e5 skje senest tirsdag 23.59 for helgebruk. Ta kontakt med&nbsp;<a rel=\"noreferrer noopener\" target=\"_blank\" href=\"mailto:nestleder@ntnui.no\">nestleder@ntnui.no<\/a>&nbsp;dersom du har sp\u00f8rsm\u00e5l.<\/p>\n\n\n\n<p><strong>Hvordan f\u00e5r jeg med meg hva som skjer i TF?<\/strong><\/p>\n\n\n\n<p><strong>Slack <\/strong>nr. 1 informasjonskanal! Last ned Slack p\u00e5 mobil eller bruk Slack.com p\u00e5 nett.&nbsp;Logg deg&nbsp;p\u00e5 med studentmailen (\u2026@ntnu.no),&nbsp;join workspacet&nbsp;NTNUI Topptur og Frikj\u00f8ring og meld deg inn i alle kanalene du er gira p\u00e5 \u00e5 v\u00e6re med i! Og&nbsp;<strong>HUSK \u00c5 SL\u00c5 P\u00c5 VARSLER<\/strong>, du m\u00e5 aktivt inn p\u00e5 innstillinger og skru de p\u00e5 selv!<\/p>\n\n\n\n<p>I tillegg ligger de fleste arrangementene som events p\u00e5 facebook. <\/p>\n\n\n\n<p>Insta: @ntnuitoppturogfrikjoring<br>Facebook: NTNUI Topptur og Frikj\u00f8ring<\/p>\n\n\n\n<p><strong>Hvordan f\u00e5r man refundert penger?<\/strong><\/p>\n\n\n\n<p>Man m\u00e5 fylle ut skjema p\u00e5 <a rel=\"noreferrer noopener\" href=\"https:\/\/refusjon.ntnui.no\/?fbclid=IwAR1K_270ibUzmAk2znPxfRZ2gbL4ySZf9rgJ7gBHXTKkl_X8Xy5nHCJgT9I\" target=\"_blank\">https:\/\/refusjon.ntnui.no\/<\/a>. Eposten til kasserer i TF er  tf-kasserer@ntnui.no<\/p>\n\n\n\n<p><strong>Hva slags arrangementer arrangerer dere?<\/strong><\/p>\n\n\n\n<p>Gjennom vinteren har vi helgeturer omtrent hver helg. Vi har ogs\u00e5 faste sirkeltreninger og turntreninger. I tillegg har vi en del andre arrangementer som varierer fra \u00e5r til \u00e5r men faste innslag er skifestival, freeride-konkurranse, Pray for snow-fest, m\u00e5nedlig TF-pils, skinder og Gudenes natteliv.<\/p>\n\n\n\n<p><strong>N\u00e5r arrangerer dere turer?<\/strong><\/p>\n\n\n\n<p>Alle lengre skiturer er i tidsrommet januar-april, og i v\u00e5rsemesteret er det noe som skjer nesten hver helg! Vi arrangerer ogs\u00e5 noen sosiale turer i l\u00f8pet av h\u00f8stsemesteret for \u00e5 bli kjent med hverandre f\u00f8r skisesongen starter! <\/p>\n\n\n\n<p><strong>Arrangerer dere treninger? Og n\u00e5r er de?<\/strong><\/p>\n\n\n\n<p>Ja, det gj\u00f8r vi! Vi arrangerer sirkeltreninger hver mandag p\u00e5 SiT Idrettsbygget ved Gl\u00f8s. Vi har ogs\u00e5 turntreninger utvalgte s\u00f8ndager klokka 20:00 i Turnhallen (Prinsens Gate 1A). Sjekk Slack-kanalen v\u00e5r for oppdaterte datoer og tidspunkter for treningene. Alle NTNUI-medlemmer kan delta. <\/p>\n\n\n\n<p><strong>Hvordan kan jeg bidra mer aktivt i Topptur og frikj\u00f8ring?<\/strong><\/p>\n\n\n\n<p>Om man \u00f8nsker \u00e5 bidra i st\u00f8rre grad til Topptur og frikj\u00f8ring sine arrangementer, b\u00f8r du s\u00f8ke opptak til en av v\u00e5re komiteer. Vi har fire komiteer; turkomiteen, trenerkomiteen, fest og bl\u00e6st og konkurransekomiteen. Du finner mer info om komiteene under fanen &#8220;<a href=\"https:\/\/ntnui.no\/toppturogfrikjoring\/komiteene-vare\/\">V\u00e5re komiteer<\/a>&#8220;. <\/p>\n\n\n\n<p><strong>Hvordan blir man med i en av Topptur og frikj\u00f8ring sine komiteer?<\/strong><\/p>\n\n\n\n<p>Opptak til komiteene skjer hver h\u00f8st. Info om opptak blir gitt p\u00e5 v\u00e5re Slack-kanaler og facebookside, n\u00e5r vi st\u00e5r p\u00e5 stand og p\u00e5 generalforsamlingen.<\/p>\n\n\n\n<p><strong>Hvordan blir man med i styret til Topptur og frikj\u00f8ring?<\/strong><\/p>\n\n\n\n<p>For \u00e5 bli styremedlem m\u00e5 du stille til valg p\u00e5 generalforsamlingen. Alle NTNUI medlemmer kan stille til valg, og du m\u00e5 gjerne stille selv om du nettopp har blitt med i Topptur og frikj\u00f8ring! Vi har en overlappingsperiode med det gamle og det nye styret, slik at du vil f\u00e5 god oppl\u00e6ring i dine oppgaver. Les mer om de ulike stillingene i styret <a href=\"https:\/\/ntnui.no\/ta\/styret\/\"><span style=\"text-decoration: underline\">her!<\/span><\/a> Vi har generalforsamling b\u00e5de p\u00e5 starten av h\u00f8stsemesteret og v\u00e5rsemesteret hvor halvparten av stillingene byttes ut ved hvert genvors.<\/p>\n\n\n\n<p><strong>Statuttene v\u00e5re:<\/strong><\/p>\n\n\n\n<p>I Topptur og Frikj\u00f8ring har vi statutter, dette er forskrifter som er satt og bestemt over flere \u00e5r. Endringer av disse vil skje p\u00e5 generalforsamling, det er da n\u00f8dvendig med 2\/3 flertall for \u00e5 endre en statutt. <\/p>\n\n\n\n<div class=\"wp-block-file\"><a href=\"https:\/\/ntnui.no\/toppturogfrikjoring\/wp-content\/uploads\/sites\/229\/2023\/09\/Statutter-gjeldende.pdf\" target=\"_blank\" rel=\"noreferrer noopener\">Statutter-gjeldende<\/a><\/div>\n\n\n\n<p><\/p>\n","protected":false},"excerpt":{"rendered":"<p>Hvem kan v\u00e6re med p\u00e5 turer og arrangementer (fester, treninger) som Topptur og frikj\u00f8ring (TF) arrangerer?: Alle som er NTNUI-medlemmer kan delta p\u00e5 v\u00e5re turer og arrangementer. \u00c5 bli medlem i TF er enkelt, se fanen &#8220;Bli medlem&#8220;! Leier dere ut skiutstyr? Nei, vi leier ikke ut skiutstyr. Vi leier derimot ut skredpakker, stegjern og [&hellip;]<\/p>\n","protected":false},"author":4,"featured_media":0,"parent":0,"menu_order":0,"comment_status":"closed","ping_status":"closed","template":"","meta":{"inline_featured_image":false,"_coblocks_attr":"","_coblocks_dimensions":"","_coblocks_responsive_height":"","_coblocks_accordion_ie_support":"","_price":"","_stock":"","_tribe_ticket_header":"","_tribe_default_ticket_provider":"","_tribe_ticket_capacity":"0","_ticket_start_date":"","_ticket_end_date":"","_tribe_ticket_show_description":"","_tribe_ticket_show_not_going":false,"_tribe_ticket_use_global_stock":"","_tribe_ticket_global_stock_level":"","_global_stock_mode":"","_global_stock_cap":"","_tribe_rsvp_for_event":"","_tribe_ticket_going_count":"","_tribe_ticket_not_going_count":"","_tribe_tickets_list":[],"_tribe_ticket_has_attendee_info_fields":false,"footnotes":""},"class_list":["post-77","page","type-page","status-publish","hentry"],"featured_image_src":null,"featured_image_src_square":null,"_links":{"self":[{"href":"https:\/\/ntnui.no\/toppturogfrikjoring\/wp-json\/wp\/v2\/pages\/77","targetHints":{"allow":["GET"]}}],"collection":[{"href":"https:\/\/ntnui.no\/toppturogfrikjoring\/wp-json\/wp\/v2\/pages"}],"about":[{"href":"https:\/\/ntnui.no\/toppturogfrikjoring\/wp-json\/wp\/v2\/types\/page"}],"author":[{"embeddable":true,"href":"https:\/\/ntnui.no\/toppturogfrikjoring\/wp-json\/wp\/v2\/users\/4"}],"replies":[{"embeddable":true,"href":"https:\/\/ntnui.no\/toppturogfrikjoring\/wp-json\/wp\/v2\/comments?post=77"}],"version-history":[{"count":31,"href":"https:\/\/ntnui.no\/toppturogfrikjoring\/wp-json\/wp\/v2\/pages\/77\/revisions"}],"predecessor-version":[{"id":8346,"href":"https:\/\/ntnui.no\/toppturogfrikjoring\/wp-json\/wp\/v2\/pages\/77\/revisions\/8346"}],"wp:attachment":[{"href":"https:\/\/ntnui.no\/toppturogfrikjoring\/wp-json\/wp\/v2\/media?parent=77"}],"curies":[{"name":"wp","href":"https:\/\/api.w.org\/{rel}","templated":true}]}}