{"id":7629,"date":"2025-12-21T14:58:15","date_gmt":"2025-12-21T13:58:15","guid":{"rendered":"https:\/\/ntnui.no\/toppturogfrikjoring\/?page_id=7629"},"modified":"2025-12-21T14:58:15","modified_gmt":"2025-12-21T13:58:15","slug":"skredhjornet","status":"publish","type":"page","link":"https:\/\/ntnui.no\/toppturogfrikjoring\/skredhjornet\/","title":{"rendered":"Skredhj\u00f8rnet"},"content":{"rendered":"\n<p>Her i skredhj\u00f8rnet finnes litt info og ressurser rundt TF-turer og skredfaget. Siden er laget av Kurs og Kompetanse-gruppa, der ingen av oss p\u00e5 noen m\u00e5te er noen utdannet ekspert p\u00e5 fagfeltet. Denne teksten er derfor ikke en fasit, men heller ment til \u00e5 opplyse om TF-turer. Det er ogs\u00e5 en samling av ressurser hvor mang kan l\u00e6re mere om skred-faget og det \u00e5 ferdes trygt i vinterfjellet.<\/p>\n\n\n\n<figure class=\"wp-block-image size-full\"><img loading=\"lazy\" decoding=\"async\" width=\"3024\" height=\"2521\" src=\"https:\/\/ntnui.no\/toppturogfrikjoring\/wp-content\/uploads\/sites\/229\/2025\/12\/IMG_3808-1.jpeg\" alt=\"\" class=\"wp-image-7631\" \/><\/figure>\n\n\n\n<p class=\"has-large-font-size\"><strong>Innhold:<\/strong><\/p>\n\n\n\n<details class=\"wp-block-details is-layout-flow wp-block-details-is-layout-flow\"><summary><strong>Hvordan funker en TF-tur?<\/strong><\/summary>\n<p class=\"has-regular-font-size\">Topptur og Frikj\u00f8ring arrangerer ukentlig skiturer til toppturdestinasjoner rundt om i Norge, med grendehus, hytter etc. som basecamp for \u00e5 g\u00e5 dagsturer p\u00e5 ski. For \u00e5 komme oss til stedet vi skal bo og til toppturene, stiller deltakere p\u00e5 turene med biler som alle fordeles rundt i. Hver bil f\u00e5r stort sett ansvaret for innkj\u00f8p og kokkelering av enten en frokost eller en middag. Enhver deltaker er selv ansvarlig for lunsj og snacks.<\/p>\n<\/details>\n\n\n\n<p class=\"has-regular-font-size\"><\/p>\n\n\n\n<details class=\"wp-block-details is-layout-flow wp-block-details-is-layout-flow\"><summary><strong>Bil- og turgruppelogistikk:<\/strong><\/summary>\n<p class=\"has-regular-font-size\">En utfordring som ofte oppst\u00e5r p\u00e5 TF-tur er fordeling av turgrupper. P\u00e5 turene er det ofte et stort sprik i skiferdigheter og toppturerfaring hos deltagerne. Vi ser ofte en tendens til at de med mest erfaring og lokalkunnskap ser seg ut en topptur og at de mindre erfarne slenger seg med p\u00e5 disse turene. Dette kan bli problematisk siden det f\u00f8rer til store turgrupper med d\u00e5rlig gruppedynamikk.&nbsp;<\/p>\n\n\n\n<p>Tross forskjellene mellom deltakerne pleier dette ofte \u00e5 l\u00f8se seg veldig greit. Det fine er at man ofte er flere som deler samme visjon for tur, og utfordringen er bare \u00e5 finne de med ca. likt ambisjonsniv\u00e5. P\u00e5 hver tur holdes det et kveldsm\u00f8te hvor turarrang\u00f8rene sp\u00f8r hvilke turplaner folk har og fordeler biler. Dersom man ikke har funnet en turgruppe, finner man det p\u00e5 dette m\u00f8tet! De fleste utgangspunktene for turer byr ogs\u00e5 p\u00e5 flere forskjellige turmuligheter, noe som ogs\u00e5 forenkler problemstillingen betydelig. <\/p>\n\n\n\n<p class=\"has-regular-font-size\">V\u00e6r likevel forberedt p\u00e5 at det er mange forskjellige hensyn som m\u00e5 tas p\u00e5 en TF-tur, og at man ofte vil g\u00e5 tur med b\u00e5de kjente og ukjente. Det er selvf\u00f8lgelig ogs\u00e5 mulig \u00e5 legge til rette for \u00e5 g\u00e5 i mindre grupper dersom man skal g\u00e5 en litt mer krevende tur. <strong>Det kan v\u00e6re lurt \u00e5 lese seg litt opp p\u00e5 turer i omr\u00e5det man skal til p\u00e5 forh\u00e5nd!<\/strong> Det skal v\u00e6re lav terskel for \u00e5 delta p\u00e5 en TF-tur og form\u00e5let med denne teksten er \u00e5 forventingsstyre og oppfordre deltagerne til \u00e5 forberede seg p\u00e5 forh\u00e5nd!<\/p>\n<\/details>\n\n\n\n<p class=\"has-regular-font-size\"><\/p>\n\n\n\n<details class=\"wp-block-details is-layout-flow wp-block-details-is-layout-flow\"><summary><strong>Turplanlegging:<\/strong><\/summary>\n<p>For \u00e5 finne passende toppturer i omr\u00e5det man befinner seg i er resursene under en god start til \u00e5 f\u00e5 noen ideer og inspirasjoner samt planlegge turen:<\/p>\n\n\n\n<ol class=\"wp-block-list\">\n<li>Guideb\u00f8ker: TF har ofte guideb\u00f8ker for omr\u00e5det man kan l\u00e5ne med p\u00e5 turene.<\/li>\n\n\n\n<li>TF-f\u00f8reren: <a href=\"https:\/\/ntnui.no\/toppturogfrikjoring\/skiforer\/\">https:\/\/ntnui.no\/toppturogfrikjoring\/skiforer\/<\/a><\/li>\n\n\n\n<li>Google \u00abrandone + omr\u00e5det du befinner deg i\u00bb og man f\u00e5r mange gode artikler.<\/li>\n\n\n\n<li>FriFlyt f\u00f8reren: <a href=\"https:\/\/www.friflyt.no\/topptur\">https:\/\/www.friflyt.no\/topptur<\/a><\/li>\n\n\n\n<li>Sp\u00f8r noen som har hvert i omr\u00e5det f\u00f8r eller har mye erfaring.<\/li>\n\n\n\n<li>Kart: Det \u00e5 studere kart kan ofte gi mye inspirasjon. S\u00e6rlig varsom sitt bratthetskart gir god oversikt over hva slags type terreng en finner p\u00e5 turen: <a href=\"https:\/\/temakart.nve.no\/tema\/bratthet\">https:\/\/temakart.nve.no\/tema\/bratthet<\/a><\/li>\n\n\n\n<li>Apper som FatMap, Strava og Skida har gps spor fra folk som har g\u00e5tt turer i omr\u00e5det.\u00a0<\/li>\n<\/ol>\n<\/details>\n\n\n\n<p class=\"has-large-font-size\"><\/p>\n\n\n\n<details class=\"wp-block-details is-layout-flow wp-block-details-is-layout-flow\"><summary><strong>Viktig \u00e5 tenke p\u00e5 n\u00e5r skal p\u00e5 tur:<\/strong><\/summary>\n<ol class=\"wp-block-list\">\n<li>Finn en tur som passer dine evner p\u00e5 ski OG evner til \u00e5 vurdere skredfare. Har man lite erfaring og kunnskap innen skred kan det v\u00e6re lurt \u00e5 holde seg i slakere terreng.\u00a0<\/li>\n\n\n\n<li>St\u00f8rrelse og evner til turgruppa: Hvor mange er dere? Hvor mye erfaring har folka du er p\u00e5 tur med? Hvor godt kjenner dere hverandre? Hvor gode er dere p\u00e5 ski og hvilke forventinger har dere til turen? Dette er sp\u00f8rsm\u00e5l man burde stille seg for \u00e5 finne en passende tur.\u00a0<\/li>\n\n\n\n<li>Les skredvarselet og last ned varsom sitt offline-kart. Varsom er en app som b\u00e5de har skredvarselet for omr\u00e5det du befinner deg i, og man kan ogs\u00e5 laste ned et gratis offline-kart med bratthetsfileter slik at du alltid kan se om du befinner deg i skredterreng n\u00e5r du er p\u00e5 tur.\u00a0<\/li>\n\n\n\n<li>Sammenlign skredvarselet med turen du skal g\u00e5. De forskjellige skredproblemene i skredvarselet har markert himmelretning og h\u00f8yden en finner dem i. Sammenlign dette med ruta du skal g\u00e5 og merk deg ut de gangene de eventuelt befinner deg i skredterreng.<\/li>\n\n\n\n<li>Finn ut hva slags type terreng og vanskelighetsgrad turen din er. Dette finnes ofte gradert i guideb\u00f8ker eller p\u00e5 nettet.\u00a0<\/li>\n\n\n\n<li>Snakk om forventinger til turen i gruppa og ha god kommunikasjon i b\u00e5de planleggingsprosessen og p\u00e5 turen.\u00a0<\/li>\n<\/ol>\n<\/details>\n\n\n\n<p class=\"has-large-font-size\"><\/p>\n\n\n\n<details class=\"wp-block-details is-layout-flow wp-block-details-is-layout-flow\"><summary><strong>Resurser til utdanning innen skred:<\/strong><\/summary>\n<p><strong>Norsk Fjellsport forum sin skredskole:<\/strong><\/p>\n\n\n\n<ul class=\"wp-block-list\">\n<li>NF grunnkurs skred, NF videreg\u00e5ende kurs skred, NF Metodekurs skred. Dette er den beste m\u00e5ten \u00e5 l\u00e6re mer om sn\u00f8skred.<\/li>\n<\/ul>\n\n\n\n<p><strong>B\u00f8ker: <\/strong><\/p>\n\n\n\n<ul class=\"wp-block-list\">\n<li>Staying Alive in Avalanche Terrain, Bruce Tremper<\/li>\n\n\n\n<li>Sn\u00f8skred p\u00e5 1-2-3, Kjetil Brattlien<\/li>\n\n\n\n<li>Den lille sn\u00f8skredboka, Kjetil Brattlien\u00a0<\/li>\n\n\n\n<li>Skikompis, Krister Lundberg Nes<\/li>\n<\/ul>\n\n\n\n<p class=\"has-regular-font-size\"><strong>Online ressurser:<\/strong><\/p>\n\n\n\n<ul class=\"wp-block-list\">\n<li><strong>Varsom har et online skredkurs<\/strong> som kan fungere som en fin intro til et ordentlig skredkurs:\u00a0<a href=\"https:\/\/www.varsom.no\/snoskred\/snoskredskolen\/interaktivt-grunnkurs\/\">https:\/\/www.varsom.no\/snoskred\/snoskredskolen\/interaktivt-grunnkurs\/<\/a><\/li>\n\n\n\n<li><strong>Varsom har egen side med info og l\u00e6ringsressurser:<\/strong> <a href=\"https:\/\/www.varsom.no\/snoskred\/snoskredskolen\">https:\/\/www.varsom.no\/snoskred\/snoskredskolen<\/a><\/li>\n\n\n\n<li><strong>Avalanche Canada<\/strong> har en egen side med info og l\u00e6ringsressurser. Denne er veldig god fra:\u00a0<a href=\"https:\/\/avalanche.ca\/education\">https:\/\/avalanche.ca\/education<\/a><\/li>\n\n\n\n<li><strong>Varsom og CARE har en podcast om sn\u00f8skred:<\/strong>\u00a0<a href=\"https:\/\/open.spotify.com\/show\/3bUbvwotk1n2SScmpt4MsV?si=60aa8290c9204833\">https:\/\/open.spotify.com\/show\/3bUbvwotk1n2SScmpt4MsV?si=60aa8290c9204833<\/a><\/li>\n\n\n\n<li><strong>Ortovox Safety Academy<\/strong> har en spilleliste med videoer om skredteori:\u00a0<a href=\"https:\/\/www.youtube.com\/playlist?list=PLpNJNTd93SblL447belxr2-t0JTCC-P-z\">https:\/\/www.youtube.com\/playlist?list=PLpNJNTd93SblL447belxr2-t0JTCC-P-z<\/a><\/li>\n<\/ul>\n\n\n\n<ul class=\"wp-block-list\">\n<li><strong>Foredrag:<\/strong> Dra p\u00e5 skredforedrag. Dette arrangeres ofte av guidefirmaer, Varsom, NVE eller CARE. TF pleier ogs\u00e5 \u00e5 arrangere dette ila \u00e5ret.<\/li>\n<\/ul>\n<\/details>\n\n\n\n<p><\/p>\n","protected":false},"excerpt":{"rendered":"<p>Her i skredhj\u00f8rnet finnes litt info og ressurser rundt TF-turer og skredfaget. Siden er laget av Kurs og Kompetanse-gruppa, der ingen av oss p\u00e5 noen m\u00e5te er noen utdannet ekspert p\u00e5 fagfeltet. Denne teksten er derfor ikke en fasit, men heller ment til \u00e5 opplyse om TF-turer. Det er ogs\u00e5 en samling av ressurser hvor [&hellip;]<\/p>\n","protected":false},"author":668,"featured_media":0,"parent":0,"menu_order":0,"comment_status":"closed","ping_status":"closed","template":"","meta":{"inline_featured_image":false,"_coblocks_attr":"","_coblocks_dimensions":"","_coblocks_responsive_height":"","_coblocks_accordion_ie_support":"","_price":"","_stock":"","_tribe_ticket_header":"","_tribe_default_ticket_provider":"","_tribe_ticket_capacity":"0","_ticket_start_date":"","_ticket_end_date":"","_tribe_ticket_show_description":"","_tribe_ticket_show_not_going":false,"_tribe_ticket_use_global_stock":"","_tribe_ticket_global_stock_level":"","_global_stock_mode":"","_global_stock_cap":"","_tribe_rsvp_for_event":"","_tribe_ticket_going_count":"","_tribe_ticket_not_going_count":"","_tribe_tickets_list":[],"_tribe_ticket_has_attendee_info_fields":false,"footnotes":"[]"},"class_list":["post-7629","page","type-page","status-publish","hentry"],"featured_image_src":null,"featured_image_src_square":null,"_links":{"self":[{"href":"https:\/\/ntnui.no\/toppturogfrikjoring\/wp-json\/wp\/v2\/pages\/7629","targetHints":{"allow":["GET"]}}],"collection":[{"href":"https:\/\/ntnui.no\/toppturogfrikjoring\/wp-json\/wp\/v2\/pages"}],"about":[{"href":"https:\/\/ntnui.no\/toppturogfrikjoring\/wp-json\/wp\/v2\/types\/page"}],"author":[{"embeddable":true,"href":"https:\/\/ntnui.no\/toppturogfrikjoring\/wp-json\/wp\/v2\/users\/668"}],"replies":[{"embeddable":true,"href":"https:\/\/ntnui.no\/toppturogfrikjoring\/wp-json\/wp\/v2\/comments?post=7629"}],"version-history":[{"count":5,"href":"https:\/\/ntnui.no\/toppturogfrikjoring\/wp-json\/wp\/v2\/pages\/7629\/revisions"}],"predecessor-version":[{"id":7636,"href":"https:\/\/ntnui.no\/toppturogfrikjoring\/wp-json\/wp\/v2\/pages\/7629\/revisions\/7636"}],"wp:attachment":[{"href":"https:\/\/ntnui.no\/toppturogfrikjoring\/wp-json\/wp\/v2\/media?parent=7629"}],"curies":[{"name":"wp","href":"https:\/\/api.w.org\/{rel}","templated":true}]}}