{"id":7577,"date":"2025-11-29T15:15:23","date_gmt":"2025-11-29T14:15:23","guid":{"rendered":"https:\/\/ntnui.no\/toppturogfrikjoring\/?page_id=7577"},"modified":"2025-11-29T15:15:23","modified_gmt":"2025-11-29T14:15:23","slug":"vinterkurs-med-opplev-oppdal","status":"publish","type":"page","link":"https:\/\/ntnui.no\/toppturogfrikjoring\/vinterkurs-med-opplev-oppdal\/","title":{"rendered":"Vinterkurs med Opplev Oppdal"},"content":{"rendered":"\n<figure class=\"wp-block-image size-full\"><img loading=\"lazy\" decoding=\"async\" width=\"2040\" height=\"1536\" src=\"https:\/\/ntnui.no\/toppturogfrikjoring\/wp-content\/uploads\/sites\/229\/2025\/11\/26bbecbf4f9d87491118b849b3aa9408.jpeg\" alt=\"\" class=\"wp-image-7578\" \/><\/figure>\n\n\n\n<p>Alle TF-medlemmer f\u00e5r 15% rabatt p\u00e5 alle Opplev Oppdal sine vinterkurs. &nbsp;Dette inkluderer bl.a. isklatrekurser, skredkurs, og NF skredkurs.&nbsp;<\/p>\n\n\n\n<p>Her er prislista som inkluderer overnatting i Opplev Oppdal sitt hus med 8 soveplasser! <\/p>\n\n\n\n<p><strong>Priser med overnatting (pr person)<\/strong><\/p>\n\n\n\n<figure class=\"wp-block-table\"><table class=\"has-fixed-layout\"><tbody><tr><td><\/td><td><\/td><td><\/td><\/tr><tr><td><\/td><td>5 til 6<\/td><td>7-8<\/td><\/tr><tr><td>2 dager hos Opplev Oppdal (2 overnattinger)<\/td><td>3560<\/td><td>3430,5<\/td><\/tr><tr><td>NF grunnkurs (3 overnattinger)<\/td><td>4915<\/td><td>3825<\/td><\/tr><tr><td>NF videreg\u00e5ende kurs&nbsp;(3 overnattinger)<\/td><td>4915<\/td><td><\/td><\/tr><tr><td>NF metodekurs (4 overnattinger)<\/td><td>7375<\/td><\/tr><\/tbody><\/table><\/figure>\n\n\n\n<p>Vi har satt opp 3 kurs for vinteren du kan melde seg p\u00e5:<\/p>\n\n\n\n<p>9-11 jan NF grunnkurs<\/p>\n\n\n\n<p>30 jan- 1 feb NF videreg\u00e5ende kurs<\/p>\n\n\n\n<p>26 feb- 1 mars NF metodekurs<br><\/p>\n\n\n\n<p>For \u00e5 melde seg p\u00e5 kan man enten sende en mail til\u00a0<a href=\"mailto:post@opplevoppdal.no\" target=\"_blank\" rel=\"noreferrer noopener\">post@opplevoppdal.no<\/a>\u00a0eller bes\u00f8ke\u00a0<a href=\"https:\/\/www.opplevoppdal.no\/kurs\/\">https:\/\/www.opplevoppdal.no\/kurs\/<\/a><\/p>\n\n\n\n<figure class=\"wp-block-image size-full\"><img loading=\"lazy\" decoding=\"async\" width=\"2268\" height=\"1810\" src=\"https:\/\/ntnui.no\/toppturogfrikjoring\/wp-content\/uploads\/sites\/229\/2025\/11\/PXL_20240118_203139282.MP_Original-1.jpg\" alt=\"\" class=\"wp-image-7580\" \/><\/figure>\n\n\n\n<p>Rabattkoden er sendt p\u00e5 mail til alle betalende medlemmer. Send en mail til tf-websjef@ntnui.no dersom du ikke har f\u00e5tt rabattkoden. <\/p>\n\n\n\n<p>Dersom du og noen venner \u00f8nsker \u00e5 booke andre datoer og fylle opp deres egne kurs kan man kontakte Opplev Oppdal direkte p\u00e5 mail og f\u00e5 samme rabatt!<\/p>\n\n\n\n<p>Stor takk til Opplev Oppdal for ekstremt gode rabatter. Standardpris p\u00e5 et NF videreg\u00e5ende skredkurs UTEN overnatting ligger p\u00e5 ca. 5500kr hos andre guidefirmaer, mens Opplev Oppdal tilbyr 4915kr MED overnatting!<\/p>\n\n\n\n<p>Vi ser fram mot en trygg og l\u00e6rerik vinter med Opplev Oppdal! F\u00f8lg ogs\u00e5 med p\u00e5 sosiale medier for info om skredforedrag for v\u00e5rsemesteret!<\/p>\n","protected":false},"excerpt":{"rendered":"<p>Alle TF-medlemmer f\u00e5r 15% rabatt p\u00e5 alle Opplev Oppdal sine vinterkurs. &nbsp;Dette inkluderer bl.a. isklatrekurser, skredkurs, og NF skredkurs.&nbsp; Her er prislista som inkluderer overnatting i Opplev Oppdal sitt hus med 8 soveplasser! Priser med overnatting (pr person) 5 til 6 7-8 2 dager hos Opplev Oppdal (2 overnattinger) 3560 3430,5 NF grunnkurs (3 overnattinger) [&hellip;]<\/p>\n","protected":false},"author":668,"featured_media":0,"parent":0,"menu_order":0,"comment_status":"closed","ping_status":"closed","template":"","meta":{"inline_featured_image":false,"_coblocks_attr":"","_coblocks_dimensions":"","_coblocks_responsive_height":"","_coblocks_accordion_ie_support":"","_price":"","_stock":"","_tribe_ticket_header":"","_tribe_default_ticket_provider":"","_tribe_ticket_capacity":"0","_ticket_start_date":"","_ticket_end_date":"","_tribe_ticket_show_description":"","_tribe_ticket_show_not_going":false,"_tribe_ticket_use_global_stock":"","_tribe_ticket_global_stock_level":"","_global_stock_mode":"","_global_stock_cap":"","_tribe_rsvp_for_event":"","_tribe_ticket_going_count":"","_tribe_ticket_not_going_count":"","_tribe_tickets_list":[],"_tribe_ticket_has_attendee_info_fields":false,"footnotes":""},"class_list":["post-7577","page","type-page","status-publish","hentry"],"featured_image_src":null,"featured_image_src_square":null,"_links":{"self":[{"href":"https:\/\/ntnui.no\/toppturogfrikjoring\/wp-json\/wp\/v2\/pages\/7577","targetHints":{"allow":["GET"]}}],"collection":[{"href":"https:\/\/ntnui.no\/toppturogfrikjoring\/wp-json\/wp\/v2\/pages"}],"about":[{"href":"https:\/\/ntnui.no\/toppturogfrikjoring\/wp-json\/wp\/v2\/types\/page"}],"author":[{"embeddable":true,"href":"https:\/\/ntnui.no\/toppturogfrikjoring\/wp-json\/wp\/v2\/users\/668"}],"replies":[{"embeddable":true,"href":"https:\/\/ntnui.no\/toppturogfrikjoring\/wp-json\/wp\/v2\/comments?post=7577"}],"version-history":[{"count":1,"href":"https:\/\/ntnui.no\/toppturogfrikjoring\/wp-json\/wp\/v2\/pages\/7577\/revisions"}],"predecessor-version":[{"id":7581,"href":"https:\/\/ntnui.no\/toppturogfrikjoring\/wp-json\/wp\/v2\/pages\/7577\/revisions\/7581"}],"wp:attachment":[{"href":"https:\/\/ntnui.no\/toppturogfrikjoring\/wp-json\/wp\/v2\/media?parent=7577"}],"curies":[{"name":"wp","href":"https:\/\/api.w.org\/{rel}","templated":true}]}}