{"id":7528,"date":"2025-11-13T19:13:13","date_gmt":"2025-11-13T18:13:13","guid":{"rendered":"https:\/\/ntnui.no\/toppturogfrikjoring\/?page_id=7528"},"modified":"2025-11-13T19:13:13","modified_gmt":"2025-11-13T18:13:13","slug":"arrangementskalenderen","status":"publish","type":"page","link":"https:\/\/ntnui.no\/toppturogfrikjoring\/arrangementskalenderen\/","title":{"rendered":"Arrangementskalenderen!"},"content":{"rendered":"\n<figure class=\"wp-block-image size-full\"><img loading=\"lazy\" decoding=\"async\" width=\"1536\" height=\"2048\" src=\"https:\/\/ntnui.no\/toppturogfrikjoring\/wp-content\/uploads\/sites\/229\/2025\/11\/IMG_4060.jpeg\" alt=\"\" class=\"wp-image-7529\" \/><\/figure>\n\n\n\n<p>Lei av \u00e5 g\u00e5 glipp av alle de kule tingene i TF? abonner p\u00e5 TFs arrangementskalender og f\u00e5 alle arrangementer inn i din personlige kalender! Slik gj\u00f8r du:<\/p>\n\n\n\n<p><strong>I Apple Kalender (Mac\/iPhone): <\/strong><\/p>\n\n\n\n<p>Kopi\u00e9r kalenderlenken. \u00c5pne Apple Kalender \u2192 Arkiv &gt; Nytt kalenderabonnement\u2026 Lim inn lenken og trykk Abonner. <\/p>\n\n\n\n<p><strong>I Google Kalender (nettleser): <\/strong><\/p>\n\n\n\n<p>G\u00e5 til Google Kalender Klikk \u00ab+\u00bb ved Andre kalendere \u2192 velg \u00abFra nettadresse\u00bb. Lim inn lenken \u2192 klikk \u00abLegg til kalender\u00bb.   <\/p>\n\n\n\n<p><strong>Lenken til kalenderen:<\/strong><\/p>\n\n\n\n<p><a href=\"https:\/\/calendar.google.com\">https:\/\/calendar.google.com<\/a><\/p>\n\n\n\n<p><\/p>\n","protected":false},"excerpt":{"rendered":"<p>Lei av \u00e5 g\u00e5 glipp av alle de kule tingene i TF? abonner p\u00e5 TFs arrangementskalender og f\u00e5 alle arrangementer inn i din personlige kalender! Slik gj\u00f8r du: I Apple Kalender (Mac\/iPhone): Kopi\u00e9r kalenderlenken. \u00c5pne Apple Kalender \u2192 Arkiv &gt; Nytt kalenderabonnement\u2026 Lim inn lenken og trykk Abonner. I Google Kalender (nettleser): G\u00e5 til Google [&hellip;]<\/p>\n","protected":false},"author":668,"featured_media":0,"parent":0,"menu_order":0,"comment_status":"closed","ping_status":"closed","template":"","meta":{"inline_featured_image":false,"_coblocks_attr":"","_coblocks_dimensions":"","_coblocks_responsive_height":"","_coblocks_accordion_ie_support":"","_price":"","_stock":"","_tribe_ticket_header":"","_tribe_default_ticket_provider":"","_tribe_ticket_capacity":"0","_ticket_start_date":"","_ticket_end_date":"","_tribe_ticket_show_description":"","_tribe_ticket_show_not_going":false,"_tribe_ticket_use_global_stock":"","_tribe_ticket_global_stock_level":"","_global_stock_mode":"","_global_stock_cap":"","_tribe_rsvp_for_event":"","_tribe_ticket_going_count":"","_tribe_ticket_not_going_count":"","_tribe_tickets_list":[],"_tribe_ticket_has_attendee_info_fields":false,"footnotes":""},"class_list":["post-7528","page","type-page","status-publish","hentry"],"featured_image_src":null,"featured_image_src_square":null,"_links":{"self":[{"href":"https:\/\/ntnui.no\/toppturogfrikjoring\/wp-json\/wp\/v2\/pages\/7528","targetHints":{"allow":["GET"]}}],"collection":[{"href":"https:\/\/ntnui.no\/toppturogfrikjoring\/wp-json\/wp\/v2\/pages"}],"about":[{"href":"https:\/\/ntnui.no\/toppturogfrikjoring\/wp-json\/wp\/v2\/types\/page"}],"author":[{"embeddable":true,"href":"https:\/\/ntnui.no\/toppturogfrikjoring\/wp-json\/wp\/v2\/users\/668"}],"replies":[{"embeddable":true,"href":"https:\/\/ntnui.no\/toppturogfrikjoring\/wp-json\/wp\/v2\/comments?post=7528"}],"version-history":[{"count":7,"href":"https:\/\/ntnui.no\/toppturogfrikjoring\/wp-json\/wp\/v2\/pages\/7528\/revisions"}],"predecessor-version":[{"id":7560,"href":"https:\/\/ntnui.no\/toppturogfrikjoring\/wp-json\/wp\/v2\/pages\/7528\/revisions\/7560"}],"wp:attachment":[{"href":"https:\/\/ntnui.no\/toppturogfrikjoring\/wp-json\/wp\/v2\/media?parent=7528"}],"curies":[{"name":"wp","href":"https:\/\/api.w.org\/{rel}","templated":true}]}}