{"id":7032,"date":"2025-08-24T23:29:45","date_gmt":"2025-08-24T21:29:45","guid":{"rendered":"https:\/\/ntnui.no\/toppturogfrikjoring\/?page_id=7032"},"modified":"2025-09-29T14:24:02","modified_gmt":"2025-09-29T12:24:02","slug":"soknadsskjema-komite-tf-25-26","status":"publish","type":"page","link":"https:\/\/ntnui.no\/toppturogfrikjoring\/soknadsskjema-komite-tf-25-26\/","title":{"rendered":"S\u00f8knadsskjema komite TF 25\/26:"},"content":{"rendered":"\n<figure class=\"wp-block-image size-full\"><img loading=\"lazy\" decoding=\"async\" width=\"2048\" height=\"1362\" src=\"https:\/\/ntnui.no\/toppturogfrikjoring\/wp-content\/uploads\/sites\/229\/2025\/08\/32d087d854474f1c1d06690a83ffccfb.jpeg\" alt=\"\" class=\"wp-image-7033\" \/><\/figure>\n\n\n\n<p>S\u00f8knadsfristen for komite i Topptur og frikj\u00f8ring er dessverre g\u00e5tt ut. Neste opptak blir h\u00f8sten 2026!<\/p>\n\n\n\n<p>Info om hver komite kan finnes her: <a href=\"https:\/\/ntnui.no\/toppturogfrikjoring\/komiteene-vare\/\">https:\/\/ntnui.no\/toppturogfrikjoring\/komiteene-vare\/<\/a><\/p>\n\n\n\n<p><\/p>\n\n\n\n<p><\/p>\n\n\n\n<p><\/p>\n","protected":false},"excerpt":{"rendered":"<p>S\u00f8knadsfristen for komite i Topptur og frikj\u00f8ring er dessverre g\u00e5tt ut. Neste opptak blir h\u00f8sten 2026! Info om hver komite kan finnes her: https:\/\/ntnui.no\/toppturogfrikjoring\/komiteene-vare\/<\/p>\n","protected":false},"author":668,"featured_media":0,"parent":0,"menu_order":0,"comment_status":"closed","ping_status":"closed","template":"","meta":{"inline_featured_image":false,"_coblocks_attr":"","_coblocks_dimensions":"","_coblocks_responsive_height":"","_coblocks_accordion_ie_support":"","_price":"","_stock":"","_tribe_ticket_header":"","_tribe_default_ticket_provider":"","_tribe_ticket_capacity":"0","_ticket_start_date":"","_ticket_end_date":"","_tribe_ticket_show_description":"","_tribe_ticket_show_not_going":false,"_tribe_ticket_use_global_stock":"","_tribe_ticket_global_stock_level":"","_global_stock_mode":"","_global_stock_cap":"","_tribe_rsvp_for_event":"","_tribe_ticket_going_count":"","_tribe_ticket_not_going_count":"","_tribe_tickets_list":[],"_tribe_ticket_has_attendee_info_fields":false,"footnotes":""},"class_list":["post-7032","page","type-page","status-publish","hentry"],"featured_image_src":null,"featured_image_src_square":null,"_links":{"self":[{"href":"https:\/\/ntnui.no\/toppturogfrikjoring\/wp-json\/wp\/v2\/pages\/7032","targetHints":{"allow":["GET"]}}],"collection":[{"href":"https:\/\/ntnui.no\/toppturogfrikjoring\/wp-json\/wp\/v2\/pages"}],"about":[{"href":"https:\/\/ntnui.no\/toppturogfrikjoring\/wp-json\/wp\/v2\/types\/page"}],"author":[{"embeddable":true,"href":"https:\/\/ntnui.no\/toppturogfrikjoring\/wp-json\/wp\/v2\/users\/668"}],"replies":[{"embeddable":true,"href":"https:\/\/ntnui.no\/toppturogfrikjoring\/wp-json\/wp\/v2\/comments?post=7032"}],"version-history":[{"count":2,"href":"https:\/\/ntnui.no\/toppturogfrikjoring\/wp-json\/wp\/v2\/pages\/7032\/revisions"}],"predecessor-version":[{"id":7206,"href":"https:\/\/ntnui.no\/toppturogfrikjoring\/wp-json\/wp\/v2\/pages\/7032\/revisions\/7206"}],"wp:attachment":[{"href":"https:\/\/ntnui.no\/toppturogfrikjoring\/wp-json\/wp\/v2\/media?parent=7032"}],"curies":[{"name":"wp","href":"https:\/\/api.w.org\/{rel}","templated":true}]}}