{"id":7,"date":"2019-01-10T17:36:13","date_gmt":"2019-01-10T16:36:13","guid":{"rendered":"https:\/\/ntnui.no\/ta\/?page_id=7"},"modified":"2026-03-11T20:17:37","modified_gmt":"2026-03-11T19:17:37","slug":"0-forside","status":"publish","type":"page","link":"https:\/\/ntnui.no\/toppturogfrikjoring\/","title":{"rendered":"Velkommen!"},"content":{"rendered":"\n<div class=\"wp-block-cover alignfull\"><span aria-hidden=\"true\" class=\"wp-block-cover__background has-background-dim-0 has-background-dim\" style=\"background-color:#717b89\"><\/span><img loading=\"lazy\" decoding=\"async\" width=\"5184\" height=\"3456\" class=\"wp-block-cover__image-background wp-image-6978\" alt=\"\" src=\"https:\/\/ntnui.no\/toppturogfrikjoring\/wp-content\/uploads\/sites\/229\/2025\/05\/IMG_4863.jpeg\" style=\"object-position:51% 73%\" data-object-fit=\"cover\" data-object-position=\"51% 73%\" \/><div class=\"wp-block-cover__inner-container is-layout-flow wp-block-cover-is-layout-flow\">\n<p class=\"has-text-align-center has-large-font-size has-helvetica-font-family has-custom-font has-custom-weight\" style=\"font-family:Helvetica;font-weight:bold;font-size:50px\"><strong>TOPPTUR OG FRIKJ\u00d8RING<\/strong><\/p>\n<\/div><\/div>\n\n\n\n<div class=\"wp-block-media-text alignwide is-image-fill-element is-stacked-on-mobile\" style=\"grid-template-columns:46% auto\"><figure class=\"wp-block-media-text__media\"><img loading=\"lazy\" decoding=\"async\" width=\"4032\" height=\"3024\" src=\"https:\/\/ntnui.no\/toppturogfrikjoring\/wp-content\/uploads\/sites\/229\/2025\/05\/IMG_3048.jpeg\" alt=\"\" class=\"wp-image-6995 size-full\" style=\"object-position:50% 50%\" \/><\/figure><div class=\"wp-block-media-text__content\">\n<p class=\"has-large-font-size\">Velkommen til nettsiden til NTNUI Topptur og Frikj\u00f8ring! <\/p>\n\n\n\n<p>NTNUI Topptur og Frikj\u00f8ring er en gruppe for alle som er gira p\u00e5 \u00e5 dra p\u00e5 turer, opps\u00f8ke digg sn\u00f8 og kj\u00f8re utenfor preparerte l\u00f8yper!<\/p>\n\n\n\n<p>Vi arrangerer <strong>turer nesten hver helg gjennom vinteren<\/strong> der vi drar til nydelige skiomr\u00e5der slik som Romsdalen, Sunnm\u00f8re, Sunndalen og Storlidalen mm. <\/p>\n\n\n\n<p><strong>Hver uke<\/strong> arrangerer vi <strong>sirkeltreninger<\/strong> for dere som vil ha litt ekstra kraft i l\u00e5ra f\u00f8r skisesongen begynner.<\/p>\n\n\n\n<p>I tillegg har vi <strong>sosiale eventer<\/strong> slik som skifestival, Freeride-konkurranse, TF-pils hver m\u00e5ned, pray-for-snow-fest og mye mer!<\/p>\n\n\n\n<p>F\u00f8lg med p\u00e5 v\u00e5re <strong>sosiale medier:<\/strong><\/p>\n\n\n\n<div class=\"wp-block-buttons is-layout-flex wp-block-buttons-is-layout-flex\">\n<div class=\"wp-block-button is-style-shadow coblocks-animate\" data-coblocks-animation=\"slideInLeft\"><a class=\"wp-block-button__link has-text-align-center wp-element-button\">Facebook<\/a><\/div>\n\n\n\n<div class=\"wp-block-button is-style-shadow coblocks-animate\" data-coblocks-animation=\"slideInRight\"><a class=\"wp-block-button__link has-text-align-center wp-element-button\">Instagram<\/a><\/div>\n\n\n\n<div class=\"wp-block-button is-style-shadow coblocks-animate\" data-coblocks-animation=\"slideInBottom\"><a class=\"wp-block-button__link has-text-align-center wp-element-button\">Slack<\/a><\/div>\n<\/div>\n\n\n\n<div class=\"wp-block-group is-layout-grid wp-container-core-group-is-layout-1 wp-block-group-is-layout-grid\">\n<div class=\"wp-block-columns is-layout-flex wp-container-core-columns-is-layout-1 wp-block-columns-is-layout-flex\">\n<div class=\"wp-block-column is-layout-flow wp-block-column-is-layout-flow\" style=\"flex-basis:100%\"><\/div>\n<\/div>\n<\/div>\n<\/div><\/div>\n\n\n\n<div class=\"wp-block-cover alignwide is-light has-custom-content-position is-position-top-center is-style-default has-huge-font-size\" style=\"min-height:100vh;aspect-ratio:unset;\"><span aria-hidden=\"true\" class=\"wp-block-cover__background has-background-dim-0 has-background-dim\"><\/span><img loading=\"lazy\" decoding=\"async\" width=\"2040\" height=\"1536\" class=\"wp-block-cover__image-background wp-image-7583\" alt=\"\" src=\"https:\/\/ntnui.no\/toppturogfrikjoring\/wp-content\/uploads\/sites\/229\/2025\/11\/26bbecbf4f9d87491118b849b3aa9408-1.jpeg\" style=\"object-position:52% 74%\" data-object-fit=\"cover\" data-object-position=\"52% 74%\" \/><div class=\"wp-block-cover__inner-container is-layout-flow wp-block-cover-is-layout-flow\">\n<div style=\"text-align:center\" class=\"wp-block-atomic-blocks-ab-button ab-block-button\"><a href=\"https:\/\/ntnui.no\/toppturogfrikjoring\/vinterkurs-med-opplev-oppdal\/\" class=\"ab-button ab-button-shape-circular ab-button-size-medium\" style=\"color:#f8f8f8;background-color:#ff5b44\">Skred og vinterkurs med Opplev Oppdal:<\/a><\/div>\n<\/div><\/div>\n\n\n\n<div class=\"wp-block-media-text alignwide has-media-on-the-right is-stacked-on-mobile\"><div class=\"wp-block-media-text__content\">\n<p class=\"has-large-font-size\">Medlemsskap &#8211; fordeler:<\/p>\n\n\n\n<ul class=\"wp-block-list\">\n<li>Mulighet til \u00e5 v\u00e6re med p\u00e5 <strong>TFs turer<\/strong>, <strong>arrangementer<\/strong>, treninger og fester, inkl TF Freeride<\/li>\n\n\n\n<li><strong>Rabatt hos Anton Sport<\/strong> Tillertorget<\/li>\n\n\n\n<li><strong>Rabatt hos Opplev Oppdal<\/strong> p\u00e5 vinterkurs<\/li>\n\n\n\n<li>Mulighet til \u00e5 <strong>leie utstyr<\/strong> i Shop-en<\/li>\n<\/ul>\n\n\n\n<p>TF-medlemsskap koster 50kr (pluss NTNUI-medlemsskap), se hvordan du blir det her:<\/p>\n\n\n\n<div class=\"wp-block-atomic-blocks-ab-button ab-block-button\"><a href=\"https:\/\/ntnui.no\/toppturogfrikjoring\/?page_id=5153&amp;preview=true\" class=\"ab-button ab-button-shape-circular ab-button-size-medium\" style=\"color:#ffffff;background-color:#24e86c\">Bli TF-medlem<\/a><\/div>\n<\/div><figure class=\"wp-block-media-text__media\"><img loading=\"lazy\" decoding=\"async\" width=\"4000\" height=\"3000\" src=\"https:\/\/ntnui.no\/toppturogfrikjoring\/wp-content\/uploads\/sites\/229\/2025\/05\/IMG_4070-1.jpg\" alt=\"\" class=\"wp-image-6988 size-full\" \/><\/figure><\/div>\n\n\n\n<div class=\"wp-block-group\"><div class=\"wp-block-group__inner-container is-layout-flow wp-block-group-is-layout-flow\">\n<blockquote class=\"wp-block-quote coblocks-animate is-layout-flow wp-block-quote-is-layout-flow\" data-coblocks-animation=\"slideInLeft\">\n<p>Sjekk ut <strong>arrangementkalenderen<\/strong> for \u00e5 holde deg oppdatert p\u00e5 alt det fete som skjer i l\u00f8pet av \u00e5ret!<\/p>\n<\/blockquote>\n\n\n\n<blockquote class=\"wp-block-quote coblocks-animate is-layout-flow wp-block-quote-is-layout-flow\" data-coblocks-animation=\"slideInRight\">\n<p>Lyst p\u00e5 billetter til turer, billetter til fester, leie skredpakke eller kj\u00f8pe merch?<\/p>\n\n\n\n<p>&#8211; Dette finner du inne p\u00e5 <strong>Shoppen<\/strong>!<\/p>\n<\/blockquote>\n<\/div><\/div>\n\n\n\n<div class=\"wp-block-media-text alignwide is-stacked-on-mobile\"><figure class=\"wp-block-media-text__media\"><img loading=\"lazy\" decoding=\"async\" width=\"4032\" height=\"3024\" src=\"https:\/\/ntnui.no\/toppturogfrikjoring\/wp-content\/uploads\/sites\/229\/2025\/05\/IMG_1520.jpg\" alt=\"\" class=\"wp-image-6997 size-full\" \/><\/figure><div class=\"wp-block-media-text__content\">\n<p class=\"has-large-font-size\">Komiteer:<\/p>\n\n\n\n<p>Er du gira p\u00e5 \u00e5 bli kjent med nye mennesker? Organisere fete arrangementer eller turer for andre medlemmer? Og bidra til et fantastisk frivillig-milj\u00f8? Da kan du <strong>bli med i en av v\u00e5re komiteer!<\/strong><\/p>\n\n\n\n<p>Vi har <strong>4 komiteer<\/strong>:<br>&#8211; Fest og Bl\u00e6st<br>&#8211; Turkomiteen<br>&#8211; Konkurransekomiteen<br>&#8211; Trenerkomiteen<\/p>\n\n\n\n<div class=\"wp-block-atomic-blocks-ab-button ab-block-button\"><a href=\"https:\/\/ntnui.no\/toppturogfrikjoring\/komiteene-vare\/\" class=\"ab-button ab-button-shape-circular ab-button-size-medium\" style=\"color:#ffffff;background-color:#ff7ce1\">Komiteene v\u00e5re<\/a><\/div>\n\n\n\n<p>S\u00f8k komit\u00e9 via lenken under. S\u00f8knadsfrist 7.september!<\/p>\n\n\n\n<div class=\"wp-block-atomic-blocks-ab-button ab-block-button\"><a href=\"https:\/\/ntnui.no\/toppturogfrikjoring\/soknadsskjema-komite-tf-25-26\/\" class=\"ab-button ab-button-shape-circular ab-button-size-medium\" style=\"color:#ffffff;background-color:#ff7ce1\">S\u00f8k komit\u00e9!<\/a><\/div>\n\n\n\n<p>Men, arrangementene til TF er <strong>for alle medlemmer! <\/strong>Man trenger ikke v\u00e6re i komit\u00e9 for \u00e5 v\u00e6re med!<\/p>\n<\/div><\/div>\n\n\n\n<blockquote class=\"wp-block-quote coblocks-animate is-layout-flow wp-block-quote-is-layout-flow\" data-coblocks-animation=\"slideInBottom\">\n<p>Vi har gode avtaler med Anton Sport! Se nederst for info!<br><img loading=\"lazy\" decoding=\"async\" width=\"2156\" height=\"488\" class=\"wp-image-4909\" style=\"width: 150px\" src=\"https:\/\/ntnui.no\/toppturogfrikjoring\/wp-content\/uploads\/sites\/229\/2024\/02\/Screenshot-2024-02-13-at-17.38.59-1.png\" alt=\"\"><\/p>\n<\/blockquote>\n\n\n\n<div class=\"wp-block-media-text alignwide is-image-fill-element is-stacked-on-mobile\"><figure class=\"wp-block-media-text__media\"><img loading=\"lazy\" decoding=\"async\" width=\"480\" height=\"640\" src=\"https:\/\/ntnui.no\/toppturogfrikjoring\/wp-content\/uploads\/sites\/229\/2025\/04\/IMG_0347-\u2013-middels.jpeg\" alt=\"\" class=\"wp-image-6954 size-full\" style=\"object-position:50% 50%\" \/><\/figure><div class=\"wp-block-media-text__content\">\n<p class=\"has-large-font-size\">Informasjonskanalene v\u00e5re:<\/p>\n\n\n\n<p>Gira p\u00e5 \u00e5 f\u00e5 med deg alt det fete det som skjer?&nbsp;<strong>Slack er der det skjer!&nbsp;<\/strong>Det er v\u00e5r nr. 1 informasjonskanal! <\/p>\n\n\n\n<p>Last ned Slack p\u00e5 mobil eller bruk Slack.com p\u00e5 nett. <strong>Logg deg<\/strong> p\u00e5 med studentmailen (&#8230;<strong>@ntnu.no<\/strong>), <strong>join workspacet<\/strong> NTNUI Topptur og Frikj\u00f8ring og meld deg inn i alle kanalene du er gira p\u00e5 \u00e5 v\u00e6re med i! <\/p>\n\n\n\n<p>Og&nbsp;<strong>HUSK \u00c5 SL\u00c5 P\u00c5 VARSLER<\/strong>, du m\u00e5 aktivt inn p\u00e5 innstillinger og skru de p\u00e5 selv!<\/p>\n\n\n\n<p>Insta: @ntnuitoppturogfrikjoring<br>Facebook: NTNUI Topptur og Frikj\u00f8ring<\/p>\n<\/div><\/div>\n\n\n\n<div class=\"wp-block-media-text alignwide has-media-on-the-right is-stacked-on-mobile\"><div class=\"wp-block-media-text__content\">\n<p class=\"has-large-font-size\">Hotte tips fra websjef:<\/p>\n\n\n\n<p>Sjekk ut Lurken &#8211; TF sin helt egne avis <strong>Lurken<\/strong><\/p>\n\n\n\n<div class=\"wp-block-atomic-blocks-ab-button ab-block-button\"><a href=\"https:\/\/ntnui.no\/toppturogfrikjoring\/lurken\/\" class=\"ab-button ab-button-shape-circular ab-button-size-medium\" style=\"color:#ffffff;background-color:#10def4\">Lurken<\/a><\/div>\n\n\n\n<p>Trenger du turtips? Sjekk ut <strong>Skif\u00f8reren<\/strong><\/p>\n\n\n\n<div class=\"wp-block-atomic-blocks-ab-button ab-block-button\"><a href=\"https:\/\/ntnui.no\/toppturogfrikjoring\/skiforer\/\" class=\"ab-button ab-button-shape-circular ab-button-size-medium\" style=\"color:#ffffff;background-color:#0fbbff\">Skif\u00f8reren<\/a><\/div>\n<\/div><figure class=\"wp-block-media-text__media\"><img loading=\"lazy\" decoding=\"async\" width=\"420\" height=\"595\" src=\"https:\/\/ntnui.no\/toppturogfrikjoring\/wp-content\/uploads\/sites\/229\/2025\/03\/image-47.png\" alt=\"\" class=\"wp-image-6686 size-full\" \/><\/figure><\/div>\n\n\n\n<div class=\"wp-block-blockgallery-carousel\"><div class=\"is-cropped blockgallery has-no-alignment has-caption-style-dark\"><div class=\"has-carousel has-carousel-xlrg\" style=\"height:465px\" data-flickity=\"{&quot;autoPlay&quot;:4000,&quot;draggable&quot;:true,&quot;pageDots&quot;:true,&quot;prevNextButtons&quot;:false,&quot;wrapAround&quot;:true,&quot;arrowShape&quot;:{&quot;x0&quot;:10,&quot;x1&quot;:60,&quot;y1&quot;:50,&quot;x2&quot;:65,&quot;y2&quot;:45,&quot;x3&quot;:20}}\"><div class=\"blockgallery--item\"><figure class=\"blockgallery--figure\"><img loading=\"lazy\" decoding=\"async\" width=\"4000\" height=\"3000\" src=\"https:\/\/ntnui.no\/toppturogfrikjoring\/wp-content\/uploads\/sites\/229\/2025\/05\/IMG_4065.jpeg\" alt=\"\" data-id=\"6993\" data-link=\"https:\/\/ntnui.no\/toppturogfrikjoring\/img_4065\/\" class=\"wp-image-6993\" \/><\/figure><\/div><div class=\"blockgallery--item\"><figure class=\"blockgallery--figure\"><img loading=\"lazy\" decoding=\"async\" width=\"4000\" height=\"3000\" src=\"https:\/\/ntnui.no\/toppturogfrikjoring\/wp-content\/uploads\/sites\/229\/2025\/05\/IMG_4086.jpeg\" alt=\"\" data-id=\"6992\" data-link=\"https:\/\/ntnui.no\/toppturogfrikjoring\/img_4086-2\/\" class=\"wp-image-6992\" \/><\/figure><\/div><div class=\"blockgallery--item\"><figure class=\"blockgallery--figure\"><img loading=\"lazy\" decoding=\"async\" width=\"2048\" height=\"1362\" src=\"https:\/\/ntnui.no\/toppturogfrikjoring\/wp-content\/uploads\/sites\/229\/2025\/05\/32d087d854474f1c1d06690a83ffccfb.jpeg\" alt=\"\" data-id=\"6983\" data-link=\"https:\/\/ntnui.no\/toppturogfrikjoring\/32d087d854474f1c1d06690a83ffccfb\/\" class=\"wp-image-6983\" \/><\/figure><\/div><div class=\"blockgallery--item\"><figure class=\"blockgallery--figure\"><img loading=\"lazy\" decoding=\"async\" width=\"4752\" height=\"3168\" src=\"https:\/\/ntnui.no\/toppturogfrikjoring\/wp-content\/uploads\/sites\/229\/2025\/05\/IMG_7689.jpg\" alt=\"\" data-id=\"6982\" data-link=\"https:\/\/ntnui.no\/toppturogfrikjoring\/img_7689\/\" class=\"wp-image-6982\" \/><\/figure><\/div><div class=\"blockgallery--item\"><figure class=\"blockgallery--figure\"><img loading=\"lazy\" decoding=\"async\" width=\"5184\" height=\"3456\" src=\"https:\/\/ntnui.no\/toppturogfrikjoring\/wp-content\/uploads\/sites\/229\/2025\/05\/IMG_4784.jpeg\" alt=\"\" data-id=\"6979\" data-link=\"https:\/\/ntnui.no\/toppturogfrikjoring\/img_4784\/\" class=\"wp-image-6979\" \/><\/figure><\/div><div class=\"blockgallery--item\"><figure class=\"blockgallery--figure\"><img loading=\"lazy\" decoding=\"async\" width=\"980\" height=\"650\" src=\"https:\/\/ntnui.no\/toppturogfrikjoring\/wp-content\/uploads\/sites\/229\/2025\/04\/image.jpeg\" alt=\"En mann med ski henger opp ned i luften\" data-id=\"6891\" data-link=\"https:\/\/ntnui.no\/toppturogfrikjoring\/tf-freeride-2025\/image-53\/\" class=\"wp-image-6891\" \/><\/figure><\/div><\/div><\/div><\/div>\n\n\n\n<p class=\"has-text-align-center mt-0 pt-0\" style=\"font-size:14px\"><\/p>\n\n\n\n<p><\/p>\n\n\n\n<div class=\"wp-block-group\"><div class=\"wp-block-group__inner-container is-layout-flow wp-block-group-is-layout-flow\">\n<figure class=\"alignwide wp-block-coblocks-gallery-masonry alignwide masonry-grid has-border-radius-5 has-medium-gutter\">\n<figure class=\"wp-block-image size-large masonry-brick has-lightbox\"><a href=\"https:\/\/ntnui.no\/toppturogfrikjoring\/om-oss\/\"><img loading=\"lazy\" decoding=\"async\" width=\"1024\" height=\"683\" src=\"https:\/\/ntnui.no\/ta\/wp-content\/uploads\/sites\/229\/2020\/08\/HvemErVi-1-1024x683.png\" alt=\"Image gallery image\" class=\"wp-image-260\" srcset=\"https:\/\/ntnui.no\/toppturogfrikjoring\/wp-content\/uploads\/sites\/229\/2020\/08\/HvemErVi-1-1024x683.png 1024w, https:\/\/ntnui.no\/toppturogfrikjoring\/wp-content\/uploads\/sites\/229\/2020\/08\/HvemErVi-1-300x200.png 300w, https:\/\/ntnui.no\/toppturogfrikjoring\/wp-content\/uploads\/sites\/229\/2020\/08\/HvemErVi-1-768x512.png 768w, https:\/\/ntnui.no\/toppturogfrikjoring\/wp-content\/uploads\/sites\/229\/2020\/08\/HvemErVi-1-600x400.png 600w, https:\/\/ntnui.no\/toppturogfrikjoring\/wp-content\/uploads\/sites\/229\/2020\/08\/HvemErVi-1.png 1500w\" sizes=\"auto, (max-width: 1024px) 100vw, 1024px\" \/><\/a><figcaption class=\"wp-element-caption\">Foto: Hauk Bj\u00f8rnland<\/figcaption><\/figure>\n\n\n\n<figure class=\"wp-block-image size-large masonry-brick has-lightbox\"><a href=\"https:\/\/ntnui.no\/toppturogfrikjoring\/komiteene-vare\/\"><img loading=\"lazy\" decoding=\"async\" width=\"1024\" height=\"683\" src=\"https:\/\/ntnui.no\/ta\/wp-content\/uploads\/sites\/229\/2020\/08\/komiteer-1-1024x683.png\" alt=\"Image gallery image\" class=\"wp-image-255\" srcset=\"https:\/\/ntnui.no\/toppturogfrikjoring\/wp-content\/uploads\/sites\/229\/2020\/08\/komiteer-1-1024x683.png 1024w, https:\/\/ntnui.no\/toppturogfrikjoring\/wp-content\/uploads\/sites\/229\/2020\/08\/komiteer-1-300x200.png 300w, https:\/\/ntnui.no\/toppturogfrikjoring\/wp-content\/uploads\/sites\/229\/2020\/08\/komiteer-1-768x512.png 768w, https:\/\/ntnui.no\/toppturogfrikjoring\/wp-content\/uploads\/sites\/229\/2020\/08\/komiteer-1-600x400.png 600w, https:\/\/ntnui.no\/toppturogfrikjoring\/wp-content\/uploads\/sites\/229\/2020\/08\/komiteer-1.png 1500w\" sizes=\"auto, (max-width: 1024px) 100vw, 1024px\" \/><\/a><figcaption class=\"wp-element-caption\">Foto: Felicitas Weber<\/figcaption><\/figure>\n\n\n\n<figure class=\"wp-block-image size-large masonry-brick has-lightbox\"><a href=\"https:\/\/ntnui.no\/toppturogfrikjoring\/faq\/\"><img loading=\"lazy\" decoding=\"async\" width=\"1024\" height=\"683\" src=\"https:\/\/ntnui.no\/ta\/wp-content\/uploads\/sites\/229\/2020\/08\/FAQ-1-1024x683.png\" alt=\"Image gallery image\" class=\"wp-image-253\" srcset=\"https:\/\/ntnui.no\/toppturogfrikjoring\/wp-content\/uploads\/sites\/229\/2020\/08\/FAQ-1-1024x683.png 1024w, https:\/\/ntnui.no\/toppturogfrikjoring\/wp-content\/uploads\/sites\/229\/2020\/08\/FAQ-1-300x200.png 300w, https:\/\/ntnui.no\/toppturogfrikjoring\/wp-content\/uploads\/sites\/229\/2020\/08\/FAQ-1-768x512.png 768w, https:\/\/ntnui.no\/toppturogfrikjoring\/wp-content\/uploads\/sites\/229\/2020\/08\/FAQ-1-600x400.png 600w, https:\/\/ntnui.no\/toppturogfrikjoring\/wp-content\/uploads\/sites\/229\/2020\/08\/FAQ-1.png 1500w\" sizes=\"auto, (max-width: 1024px) 100vw, 1024px\" \/><\/a><figcaption class=\"wp-element-caption\">Foto: Jon Lytskjold<\/figcaption><\/figure>\n\n\n\n<figure class=\"wp-block-image size-large masonry-brick has-lightbox\"><a href=\"https:\/\/ntnui.no\/toppturogfrikjoring\/hoest-2025\/\"><img loading=\"lazy\" decoding=\"async\" width=\"1024\" height=\"683\" src=\"https:\/\/ntnui.no\/ta\/wp-content\/uploads\/sites\/229\/2020\/08\/arrangementer-1024x683.png\" alt=\"Image gallery image\" class=\"wp-image-258\" srcset=\"https:\/\/ntnui.no\/toppturogfrikjoring\/wp-content\/uploads\/sites\/229\/2020\/08\/arrangementer-1024x683.png 1024w, https:\/\/ntnui.no\/toppturogfrikjoring\/wp-content\/uploads\/sites\/229\/2020\/08\/arrangementer-300x200.png 300w, https:\/\/ntnui.no\/toppturogfrikjoring\/wp-content\/uploads\/sites\/229\/2020\/08\/arrangementer-768x512.png 768w, https:\/\/ntnui.no\/toppturogfrikjoring\/wp-content\/uploads\/sites\/229\/2020\/08\/arrangementer-600x400.png 600w, https:\/\/ntnui.no\/toppturogfrikjoring\/wp-content\/uploads\/sites\/229\/2020\/08\/arrangementer.png 1500w\" sizes=\"auto, (max-width: 1024px) 100vw, 1024px\" \/><\/a><figcaption class=\"wp-element-caption\">Foto: Sigvor D. Mala<\/figcaption><\/figure>\n<\/figure>\n\n\n\n<p><\/p>\n<\/div><\/div>\n\n\n<div class=\"wp-block-coblocks-social wp-block-coblocks-social-profiles has-text-align-center has-colors\"><ul><li><a href=\"https:\/\/www.facebook.com\/ntnuita\/\" title=\"Facebook\" class=\"wp-block-button__link wp-block-coblocks-social__button wp-block-coblocks-social__button--facebook has-padding\" style=\"border-radius:40px\"><span class=\"wp-block-coblocks-social__icon\"><\/span><span class=\"wp-block-coblocks-social__text\">Facebook<\/span><\/a><\/li><li><a href=\"https:\/\/www.instagram.com\/ntnuita\/\" title=\"Instagram\" class=\"wp-block-button__link wp-block-coblocks-social__button wp-block-coblocks-social__button--instagram has-padding\" style=\"border-radius:40px\"><span class=\"wp-block-coblocks-social__icon\"><\/span><span class=\"wp-block-coblocks-social__text\">Instagram<\/span><\/a><\/li><\/ul><\/div>\n\n\n<div class=\"wp-block-group\"><div class=\"wp-block-group__inner-container is-layout-flow wp-block-group-is-layout-flow\"><\/div><\/div>\n\n\n\n<div class=\"wp-block-group\"><div class=\"wp-block-group__inner-container is-layout-flow wp-block-group-is-layout-flow\"><\/div><\/div>\n\n\n\n<div class=\"wp-block-group\"><div class=\"wp-block-group__inner-container is-layout-flow wp-block-group-is-layout-flow\">\n<figure class=\"wp-block-image size-large\"><img loading=\"lazy\" decoding=\"async\" width=\"2230\" height=\"564\" src=\"https:\/\/ntnui.no\/toppturogfrikjoring\/wp-content\/uploads\/sites\/229\/2024\/02\/Screenshot-2024-02-13-at-18.00.02.png\" alt=\"\" class=\"wp-image-4914\" \/><\/figure>\n\n\n\n<p>NTNUI Topptur og Frikj\u00f8ring har en samarbeidsavtale med Anton Sport Tillertorget! Dette inneb\u00e6rer gode rabatter p\u00e5 en rekke utvalgte produkter!<\/p>\n\n\n\n<p>For \u00e5 f\u00e5 disse rabattene m\u00e5 man v\u00e6re medlem av TF og melde seg inn i Anton Sport sin medlemsklubb. Dette gj\u00f8r du enten ved \u00e5 scanne QR-koden, eller f\u00f8lge denne linken: <a href=\"https:\/\/www.antonsport.no\/klubbmedlemskap\/99900124\">https:\/\/www.antonsport.no\/klubbmedlemskap\/99900124<\/a><\/p>\n\n\n\n<p>Les mer her: https:\/\/ntnui.no\/toppturogfrikjoring\/anton-sport-2\/ <\/p>\n<\/div><\/div>\n\n\n\n<div class=\"wp-block-group alignwide\"><div class=\"wp-block-group__inner-container is-layout-flow wp-block-group-is-layout-flow\">\n<div class=\"wp-block-group alignwide\"><div class=\"wp-block-group__inner-container is-layout-flow wp-block-group-is-layout-flow\">\n<div class=\"wp-block-media-text alignwide has-media-on-the-right is-stacked-on-mobile is-style-default\"><div class=\"wp-block-media-text__content\">\n<figure class=\"wp-block-image size-large\"><img loading=\"lazy\" decoding=\"async\" width=\"1080\" height=\"1080\" src=\"https:\/\/ntnui.no\/toppturogfrikjoring\/wp-content\/uploads\/sites\/229\/2023\/11\/Rabatter-som-TF-medlem-2.png\" alt=\"\" class=\"wp-image-4277\" \/><figcaption class=\"wp-element-caption\">Scan QR-koden!<\/figcaption><\/figure>\n<\/div><figure class=\"wp-block-media-text__media\"><img loading=\"lazy\" decoding=\"async\" width=\"1080\" height=\"1080\" src=\"https:\/\/ntnui.no\/toppturogfrikjoring\/wp-content\/uploads\/sites\/229\/2023\/11\/94E44669-36A0-4D76-BBA8-35343FCFB77A.png\" alt=\"\" class=\"wp-image-4278 size-full\" \/><\/figure><\/div>\n<\/div><\/div>\n<\/div><\/div>\n","protected":false},"excerpt":{"rendered":"<p>Sjekk ut arrangementkalenderen for \u00e5 holde deg oppdatert p\u00e5 alt det fete som skjer i l\u00f8pet av \u00e5ret! Lyst p\u00e5 billetter til turer, billetter til fester, leie skredpakke eller kj\u00f8pe merch? &#8211; Dette finner du inne p\u00e5 Shoppen! Vi har gode avtaler med Anton Sport! Se nederst for info! Informasjonskanalene v\u00e5re: Gira p\u00e5 \u00e5 f\u00e5 [&hellip;]<\/p>\n","protected":false},"author":363,"featured_media":0,"parent":0,"menu_order":0,"comment_status":"closed","ping_status":"closed","template":"","meta":{"inline_featured_image":false,"_coblocks_attr":"Helvetica,Helvetica","_coblocks_dimensions":"{\"coblocks-hero-7917128946\":{\"padding\":{}}}","_coblocks_responsive_height":"","_coblocks_accordion_ie_support":"","_price":"","_stock":"","_tribe_ticket_header":"","_tribe_default_ticket_provider":"","_tribe_ticket_capacity":"0","_ticket_start_date":"","_ticket_end_date":"","_tribe_ticket_show_description":"","_tribe_ticket_show_not_going":false,"_tribe_ticket_use_global_stock":"","_tribe_ticket_global_stock_level":"","_global_stock_mode":"","_global_stock_cap":"","_tribe_rsvp_for_event":"","_tribe_ticket_going_count":"","_tribe_ticket_not_going_count":"","_tribe_tickets_list":[],"_tribe_ticket_has_attendee_info_fields":false,"footnotes":""},"class_list":["post-7","page","type-page","status-publish","hentry"],"featured_image_src":null,"featured_image_src_square":null,"_links":{"self":[{"href":"https:\/\/ntnui.no\/toppturogfrikjoring\/wp-json\/wp\/v2\/pages\/7","targetHints":{"allow":["GET"]}}],"collection":[{"href":"https:\/\/ntnui.no\/toppturogfrikjoring\/wp-json\/wp\/v2\/pages"}],"about":[{"href":"https:\/\/ntnui.no\/toppturogfrikjoring\/wp-json\/wp\/v2\/types\/page"}],"author":[{"embeddable":true,"href":"https:\/\/ntnui.no\/toppturogfrikjoring\/wp-json\/wp\/v2\/users\/363"}],"replies":[{"embeddable":true,"href":"https:\/\/ntnui.no\/toppturogfrikjoring\/wp-json\/wp\/v2\/comments?post=7"}],"version-history":[{"count":270,"href":"https:\/\/ntnui.no\/toppturogfrikjoring\/wp-json\/wp\/v2\/pages\/7\/revisions"}],"predecessor-version":[{"id":8441,"href":"https:\/\/ntnui.no\/toppturogfrikjoring\/wp-json\/wp\/v2\/pages\/7\/revisions\/8441"}],"wp:attachment":[{"href":"https:\/\/ntnui.no\/toppturogfrikjoring\/wp-json\/wp\/v2\/media?parent=7"}],"curies":[{"name":"wp","href":"https:\/\/api.w.org\/{rel}","templated":true}]}}