{"id":5881,"date":"2024-09-10T12:50:02","date_gmt":"2024-09-10T10:50:02","guid":{"rendered":"https:\/\/ntnui.no\/toppturogfrikjoring\/?page_id=5881"},"modified":"2024-09-10T12:50:02","modified_gmt":"2024-09-10T10:50:02","slug":"refusjonsskjema","status":"publish","type":"page","link":"https:\/\/ntnui.no\/toppturogfrikjoring\/refusjonsskjema\/","title":{"rendered":"Refusjonsskjema"},"content":{"rendered":"\n<p>Lagt ut noe for TF?<\/p>\n\n\n\n<p>Her er lenke til refusjonsskjema, s\u00e5 kommer pengene tilbake til deg s\u00e5 fort kasserer er tilbake fra pudderdager p\u00e5 Sunnm\u00f8re!<\/p>\n\n\n\n<div class=\"wp-block-atomic-blocks-ab-button ab-block-button\"><a href=\"https:\/\/hub.ntnui.no\/refund\" class=\"ab-button ab-button-shape-rounded ab-button-size-medium\" style=\"color:#ffffff;background-color:#27df24\">Refusjonsskjema<\/a><\/div>\n","protected":false},"excerpt":{"rendered":"<p>Lagt ut noe for TF? Her er lenke til refusjonsskjema, s\u00e5 kommer pengene tilbake til deg s\u00e5 fort kasserer er tilbake fra pudderdager p\u00e5 Sunnm\u00f8re!<\/p>\n","protected":false},"author":570,"featured_media":0,"parent":0,"menu_order":0,"comment_status":"closed","ping_status":"closed","template":"","meta":{"inline_featured_image":false,"_coblocks_attr":"","_coblocks_dimensions":"","_coblocks_responsive_height":"","_coblocks_accordion_ie_support":"","_price":"","_stock":"","_tribe_ticket_header":"","_tribe_default_ticket_provider":"","_tribe_ticket_capacity":"0","_ticket_start_date":"","_ticket_end_date":"","_tribe_ticket_show_description":"","_tribe_ticket_show_not_going":false,"_tribe_ticket_use_global_stock":"","_tribe_ticket_global_stock_level":"","_global_stock_mode":"","_global_stock_cap":"","_tribe_rsvp_for_event":"","_tribe_ticket_going_count":"","_tribe_ticket_not_going_count":"","_tribe_tickets_list":[],"_tribe_ticket_has_attendee_info_fields":false,"footnotes":""},"class_list":["post-5881","page","type-page","status-publish","hentry"],"featured_image_src":null,"featured_image_src_square":null,"_links":{"self":[{"href":"https:\/\/ntnui.no\/toppturogfrikjoring\/wp-json\/wp\/v2\/pages\/5881","targetHints":{"allow":["GET"]}}],"collection":[{"href":"https:\/\/ntnui.no\/toppturogfrikjoring\/wp-json\/wp\/v2\/pages"}],"about":[{"href":"https:\/\/ntnui.no\/toppturogfrikjoring\/wp-json\/wp\/v2\/types\/page"}],"author":[{"embeddable":true,"href":"https:\/\/ntnui.no\/toppturogfrikjoring\/wp-json\/wp\/v2\/users\/570"}],"replies":[{"embeddable":true,"href":"https:\/\/ntnui.no\/toppturogfrikjoring\/wp-json\/wp\/v2\/comments?post=5881"}],"version-history":[{"count":1,"href":"https:\/\/ntnui.no\/toppturogfrikjoring\/wp-json\/wp\/v2\/pages\/5881\/revisions"}],"predecessor-version":[{"id":5882,"href":"https:\/\/ntnui.no\/toppturogfrikjoring\/wp-json\/wp\/v2\/pages\/5881\/revisions\/5882"}],"wp:attachment":[{"href":"https:\/\/ntnui.no\/toppturogfrikjoring\/wp-json\/wp\/v2\/media?parent=5881"}],"curies":[{"name":"wp","href":"https:\/\/api.w.org\/{rel}","templated":true}]}}