{"id":5190,"date":"2024-03-06T10:57:46","date_gmt":"2024-03-06T09:57:46","guid":{"rendered":"https:\/\/ntnui.no\/toppturogfrikjoring\/?page_id=5190"},"modified":"2024-03-15T14:17:59","modified_gmt":"2024-03-15T13:17:59","slug":"tf-freeride","status":"publish","type":"page","link":"https:\/\/ntnui.no\/toppturogfrikjoring\/tf-freeride\/","title":{"rendered":"TF Freeride 2024"},"content":{"rendered":"\n<p class=\"coblocks-animate has-custom-weight\" style=\"font-weight:normal;font-size:28px\" data-coblocks-animation=\"slideInRight\">TF Freeride 2024 var en stor suksess!<\/p>\n\n\n\n<p><strong>Takk til alle som bidro til \u00e5 gj\u00f8re dagen fantastisk!<\/strong> B\u00e5de frivillige, dommere, stavplukkere, speakere, Vassfjellet, Skipatruljen, NTNUI Blits, alle bedrifter som stilte med spons og premier, v\u00e6rgudene for sol og mykt f\u00f8re, og Frikj\u00f8ringskomiteen til TF! Og takk til alle deltakere og publikum for god stemning, h\u00f8y sendefaktor og show.<\/p>\n\n\n\n<p>FriFlyt publiserte en artikkel fra konkurransen, les den her! <\/p>\n\n\n\n<div class=\"wp-block-atomic-blocks-ab-button ab-block-button\"><a href=\"https:\/\/www.friflyt.no\/skisteder\/vassfjellet\/fellestrekket-er-at-alle-er-like-nervose\" class=\"ab-button ab-button-shape-circular ab-button-size-medium\" style=\"color:#ffffff;background-color:#15b6fc\">FriFlyt-artikkel: &#8220;Univers(itet)ets beste frikj\u00f8rere&#8221;<\/a><\/div>\n\n\n\n<p>Flere fete bilder fra NTNUI Blits kommer!<\/p>\n\n\n\n<div class=\"wp-block-blockgallery-carousel\"><div class=\"is-cropped blockgallery has-no-alignment has-caption-style-dark has-horizontal-gutter\"><div class=\"has-carousel has-carousel-lrg\" style=\"height:400px\" data-flickity=\"{&quot;autoPlay&quot;:false,&quot;draggable&quot;:true,&quot;pageDots&quot;:false,&quot;prevNextButtons&quot;:true,&quot;wrapAround&quot;:true,&quot;arrowShape&quot;:{&quot;x0&quot;:10,&quot;x1&quot;:60,&quot;y1&quot;:50,&quot;x2&quot;:65,&quot;y2&quot;:45,&quot;x3&quot;:20}}\"><div class=\"blockgallery--item\"><figure class=\"blockgallery--figure has-margin-left-5 has-margin-left-mobile-5 has-margin-right-5 has-margin-right-mobile-5\"><img loading=\"lazy\" decoding=\"async\" width=\"6000\" height=\"4000\" src=\"https:\/\/ntnui.no\/toppturogfrikjoring\/wp-content\/uploads\/sites\/229\/2024\/03\/2024-03-02-AndreasFlo-Freeride-24.jpg\" alt=\"\" data-id=\"5206\" data-link=\"https:\/\/ntnui.no\/toppturogfrikjoring\/tf-freeride\/2024-03-02-andreasflo-freeride-24\/\" class=\"wp-image-5206\" \/><\/figure><\/div><div class=\"blockgallery--item\"><figure class=\"blockgallery--figure has-margin-left-5 has-margin-left-mobile-5 has-margin-right-5 has-margin-right-mobile-5\"><img loading=\"lazy\" decoding=\"async\" width=\"5255\" height=\"3503\" src=\"https:\/\/ntnui.no\/toppturogfrikjoring\/wp-content\/uploads\/sites\/229\/2024\/03\/2024-03-02-AndreasFlo-Freeride-1.jpg\" alt=\"\" data-id=\"5233\" data-link=\"https:\/\/ntnui.no\/toppturogfrikjoring\/tf-freeride\/2024-03-02-andreasflo-freeride-1\/\" class=\"wp-image-5233\" \/><\/figure><\/div><div class=\"blockgallery--item\"><figure class=\"blockgallery--figure has-margin-left-5 has-margin-left-mobile-5 has-margin-right-5 has-margin-right-mobile-5\"><img loading=\"lazy\" decoding=\"async\" width=\"4432\" height=\"2955\" src=\"https:\/\/ntnui.no\/toppturogfrikjoring\/wp-content\/uploads\/sites\/229\/2024\/03\/2024-03-02-AndreasFlo-Freeride-8.jpg\" alt=\"\" data-id=\"5203\" data-link=\"https:\/\/ntnui.no\/toppturogfrikjoring\/tf-freeride\/2024-03-02-andreasflo-freeride-8\/\" class=\"wp-image-5203\" \/><\/figure><\/div><div class=\"blockgallery--item\"><figure class=\"blockgallery--figure has-margin-left-5 has-margin-left-mobile-5 has-margin-right-5 has-margin-right-mobile-5\"><img loading=\"lazy\" decoding=\"async\" width=\"4096\" height=\"2731\" src=\"https:\/\/ntnui.no\/toppturogfrikjoring\/wp-content\/uploads\/sites\/229\/2024\/03\/426166555_1453335168942930_2764430494246184373_n.jpg\" alt=\"\" data-id=\"5165\" data-link=\"https:\/\/ntnui.no\/toppturogfrikjoring\/bli-medlem\/426166555_1453335168942930_2764430494246184373_n\/\" class=\"wp-image-5165\" \/><\/figure><\/div><div class=\"blockgallery--item\"><figure class=\"blockgallery--figure has-margin-left-5 has-margin-left-mobile-5 has-margin-right-5 has-margin-right-mobile-5\"><img loading=\"lazy\" decoding=\"async\" width=\"4579\" height=\"3053\" src=\"https:\/\/ntnui.no\/toppturogfrikjoring\/wp-content\/uploads\/sites\/229\/2024\/03\/2024-03-02-AndreasFlo-Freeride-18.jpg\" alt=\"\" data-id=\"5163\" data-link=\"https:\/\/ntnui.no\/toppturogfrikjoring\/bli-medlem\/2024-03-02-andreasflo-freeride-18\/\" class=\"wp-image-5163\" \/><\/figure><\/div><div class=\"blockgallery--item\"><figure class=\"blockgallery--figure has-margin-left-5 has-margin-left-mobile-5 has-margin-right-5 has-margin-right-mobile-5\"><img loading=\"lazy\" decoding=\"async\" width=\"4842\" height=\"3228\" src=\"https:\/\/ntnui.no\/toppturogfrikjoring\/wp-content\/uploads\/sites\/229\/2024\/03\/2024-03-02-AndreasFlo-Freeride-2.jpg\" alt=\"\" data-id=\"5234\" data-link=\"https:\/\/ntnui.no\/toppturogfrikjoring\/tf-freeride\/2024-03-02-andreasflo-freeride-2\/\" class=\"wp-image-5234\" \/><\/figure><\/div><div class=\"blockgallery--item\"><figure class=\"blockgallery--figure has-margin-left-5 has-margin-left-mobile-5 has-margin-right-5 has-margin-right-mobile-5\"><img loading=\"lazy\" decoding=\"async\" width=\"5427\" height=\"3618\" src=\"https:\/\/ntnui.no\/toppturogfrikjoring\/wp-content\/uploads\/sites\/229\/2024\/03\/2024-03-02-AndreasFlo-Freeride-4.jpg\" alt=\"\" data-id=\"5235\" data-link=\"https:\/\/ntnui.no\/toppturogfrikjoring\/tf-freeride\/2024-03-02-andreasflo-freeride-4\/\" class=\"wp-image-5235\" \/><\/figure><\/div><\/div><\/div><figcaption class=\"blockgallery--caption blockgallery--primary-caption\">Foto: Andreas Flo\/NTNUI (CC BY 4.0)<\/figcaption><\/div>\n\n\n<h1>RESULTATER<\/h1>\n<h2>Telemark Damer:<\/h2>\n<ol>\n<li style=\"list-style-type: none\">\n<ol>\n<li>Plass: Anna Leonora Brekkhus<\/li>\n<li>Plass: Mirjam Lid<\/li>\n<li>Plass: Amelie Marie Wigum<\/li>\n<\/ol>\n<\/li>\n<\/ol>\n<p><img loading=\"lazy\" decoding=\"async\" class=\"alignnone size-full wp-image-5215\" src=\"https:\/\/ntnui.no\/toppturogfrikjoring\/wp-content\/uploads\/sites\/229\/2024\/03\/Screenshot-2024-03-06-at-11.27.24-1.png\" alt=\"\" width=\"942\" height=\"260\"><\/p>\n<h2>Telemark Herrer:<\/h2>\n<ol>\n<li style=\"list-style-type: none\">\n<ol>\n<li>Plass: H\u00e5kon Vikes\u00e5<\/li>\n<li>Plass: Marius Brunvand Fredriksen<\/li>\n<li>Plass: \u00c5dne \u00d8vland<\/li>\n<\/ol>\n<\/li>\n<\/ol>\n<p><img loading=\"lazy\" decoding=\"async\" class=\"alignnone size-full wp-image-5217\" src=\"https:\/\/ntnui.no\/toppturogfrikjoring\/wp-content\/uploads\/sites\/229\/2024\/03\/Screenshot-2024-03-06-at-11.32.15.png\" alt=\"\" width=\"954\" height=\"378\"><\/p>\n<h2>Snowboard Damer:<\/h2>\n<ol>\n<li style=\"list-style-type: none\">\n<ol>\n<li>Plass: Sunniva S\u00f8rheim<\/li>\n<li>Plass: Sigrid Husum<\/li>\n<\/ol>\n<\/li>\n<\/ol>\n<p><img loading=\"lazy\" decoding=\"async\" class=\"alignnone size-full wp-image-5222\" src=\"https:\/\/ntnui.no\/toppturogfrikjoring\/wp-content\/uploads\/sites\/229\/2024\/03\/Screenshot-2024-03-06-at-11.34.43.png\" alt=\"\" width=\"938\" height=\"210\"><\/p>\n<h2>Snowboard Herre:<\/h2>\n<ol>\n<li style=\"list-style-type: none\">\n<ol>\n<li>Plass: Jakob Gilhuus<\/li>\n<li>Plass: Tobias Knudsen<\/li>\n<li>Plass: S\u00f8lve Gr\u00f8teide<\/li>\n<\/ol>\n<\/li>\n<\/ol>\n<p><img loading=\"lazy\" decoding=\"async\" class=\"alignnone size-full wp-image-5223\" src=\"https:\/\/ntnui.no\/toppturogfrikjoring\/wp-content\/uploads\/sites\/229\/2024\/03\/Screenshot-2024-03-06-at-11.31.33.png\" alt=\"\" width=\"958\" height=\"254\"><\/p>\n<h2>Alpin Damer:<\/h2>\n<ol>\n<li style=\"list-style-type: none\">\n<ol>\n<li>Plass: Tiril Jacobsen Maseng<\/li>\n<li>Plass: Christine Dahl<\/li>\n<li>Plass: Synne Eikeland<\/li>\n<\/ol>\n<\/li>\n<\/ol>\n<p><img loading=\"lazy\" decoding=\"async\" class=\"alignnone size-full wp-image-5224\" src=\"https:\/\/ntnui.no\/toppturogfrikjoring\/wp-content\/uploads\/sites\/229\/2024\/03\/Screenshot-2024-03-06-at-11.37.56.png\" alt=\"\" width=\"704\" height=\"802\"><\/p>\n<h2>Alpin Herre:<\/h2>\n<ol>\n<li style=\"list-style-type: none\">\n<ol>\n<li>Plass: Ingebrigt Killingberg<\/li>\n<li>Plass: Ole Barstad<\/li>\n<li>Plass: Hugo B\u00e4s\u00e9n<\/li>\n<\/ol>\n<\/li>\n<\/ol>\n<p><img loading=\"lazy\" decoding=\"async\" class=\"alignnone size-full wp-image-5225\" src=\"https:\/\/ntnui.no\/toppturogfrikjoring\/wp-content\/uploads\/sites\/229\/2024\/03\/Screenshot-2024-03-06-at-11.40.36.png\" alt=\"\" width=\"476\" height=\"1010\"><\/p>\n<p><\/p>\n<p><img loading=\"lazy\" decoding=\"async\" class=\"alignnone size-full wp-image-5165\" src=\"https:\/\/ntnui.no\/toppturogfrikjoring\/wp-content\/uploads\/sites\/229\/2024\/03\/426166555_1453335168942930_2764430494246184373_n.jpg\" alt=\"\" width=\"4096\" height=\"2731\"><\/p>\n\n\n<p>Foto: Andreas Flo\/NTNUI (CC BY 4.0)<\/p>\n","protected":false},"excerpt":{"rendered":"<p>TF Freeride 2024 var en stor suksess! Takk til alle som bidro til \u00e5 gj\u00f8re dagen fantastisk! B\u00e5de frivillige, dommere, stavplukkere, speakere, Vassfjellet, Skipatruljen, NTNUI Blits, alle bedrifter som stilte med spons og premier, v\u00e6rgudene for sol og mykt f\u00f8re, og Frikj\u00f8ringskomiteen til TF! Og takk til alle deltakere og publikum for god stemning, h\u00f8y [&hellip;]<\/p>\n","protected":false},"author":570,"featured_media":5233,"parent":0,"menu_order":0,"comment_status":"closed","ping_status":"closed","template":"","meta":{"inline_featured_image":false,"_coblocks_attr":"","_coblocks_dimensions":"","_coblocks_responsive_height":"","_coblocks_accordion_ie_support":"","_price":"","_stock":"","_tribe_ticket_header":"","_tribe_default_ticket_provider":"","_tribe_ticket_capacity":"0","_ticket_start_date":"","_ticket_end_date":"","_tribe_ticket_show_description":"","_tribe_ticket_show_not_going":false,"_tribe_ticket_use_global_stock":"","_tribe_ticket_global_stock_level":"","_global_stock_mode":"","_global_stock_cap":"","_tribe_rsvp_for_event":"","_tribe_ticket_going_count":"","_tribe_ticket_not_going_count":"","_tribe_tickets_list":[],"_tribe_ticket_has_attendee_info_fields":false,"footnotes":""},"class_list":["post-5190","page","type-page","status-publish","has-post-thumbnail","hentry"],"featured_image_src":"https:\/\/ntnui.no\/toppturogfrikjoring\/wp-content\/uploads\/sites\/229\/2024\/03\/2024-03-02-AndreasFlo-Freeride-1.jpg","featured_image_src_square":"https:\/\/ntnui.no\/toppturogfrikjoring\/wp-content\/uploads\/sites\/229\/2024\/03\/2024-03-02-AndreasFlo-Freeride-1.jpg","_links":{"self":[{"href":"https:\/\/ntnui.no\/toppturogfrikjoring\/wp-json\/wp\/v2\/pages\/5190","targetHints":{"allow":["GET"]}}],"collection":[{"href":"https:\/\/ntnui.no\/toppturogfrikjoring\/wp-json\/wp\/v2\/pages"}],"about":[{"href":"https:\/\/ntnui.no\/toppturogfrikjoring\/wp-json\/wp\/v2\/types\/page"}],"author":[{"embeddable":true,"href":"https:\/\/ntnui.no\/toppturogfrikjoring\/wp-json\/wp\/v2\/users\/570"}],"replies":[{"embeddable":true,"href":"https:\/\/ntnui.no\/toppturogfrikjoring\/wp-json\/wp\/v2\/comments?post=5190"}],"version-history":[{"count":19,"href":"https:\/\/ntnui.no\/toppturogfrikjoring\/wp-json\/wp\/v2\/pages\/5190\/revisions"}],"predecessor-version":[{"id":5405,"href":"https:\/\/ntnui.no\/toppturogfrikjoring\/wp-json\/wp\/v2\/pages\/5190\/revisions\/5405"}],"wp:featuredmedia":[{"embeddable":true,"href":"https:\/\/ntnui.no\/toppturogfrikjoring\/wp-json\/wp\/v2\/media\/5233"}],"wp:attachment":[{"href":"https:\/\/ntnui.no\/toppturogfrikjoring\/wp-json\/wp\/v2\/media?parent=5190"}],"curies":[{"name":"wp","href":"https:\/\/api.w.org\/{rel}","templated":true}]}}