{"id":5153,"date":"2024-03-06T10:15:39","date_gmt":"2024-03-06T09:15:39","guid":{"rendered":"https:\/\/ntnui.no\/toppturogfrikjoring\/?page_id=5153"},"modified":"2024-10-08T13:45:45","modified_gmt":"2024-10-08T11:45:45","slug":"bli-medlem","status":"publish","type":"page","link":"https:\/\/ntnui.no\/toppturogfrikjoring\/bli-medlem\/","title":{"rendered":"Bli medlem"},"content":{"rendered":"<h2>Fordeler med \u00e5 v\u00e6re TF-medlem:<\/h2>\n<ul>\n<li>Mulighet til \u00e5 v\u00e6re med p\u00e5 <strong>turer med TF<\/strong>, arrangeres nesten hver helg gjennom vinteren<\/li>\n<li>Mulighet til \u00e5 v\u00e6re med p\u00e5 <strong>TFs arrangementer, treninger og fester<\/strong><\/li>\n<li>Mulighet til \u00e5 v\u00e6re med p\u00e5 <strong>TF Freeride<\/strong>, lavterksel frikj\u00f8ringskonkurranse og et av \u00e5rets st\u00f8rste eventer<\/li>\n<li><strong>Rabatt<\/strong> <strong>hos Anton Sport<\/strong><\/li>\n<li>Mulighet til \u00e5 <strong>leie utstyr<\/strong> i Shop-en<\/li>\n<\/ul>\n\n\n<div class=\"wp-block-group is-layout-flow wp-block-group-is-layout-flow\"><div class=\"wp-block-group__inner-container\"><\/div><\/div>\n\n\n\n<div class=\"wp-block-media-text alignwide is-stacked-on-mobile is-image-fill\" style=\"grid-template-columns:80% auto\"><figure class=\"wp-block-media-text__media\" style=\"background-image:url(https:\/\/ntnui.no\/toppturogfrikjoring\/wp-content\/uploads\/sites\/229\/2024\/03\/2024-03-02-AndreasFlo-Freeride-5.jpg);background-position:54% 100%\"><img loading=\"lazy\" decoding=\"async\" width=\"4530\" height=\"3020\" src=\"https:\/\/ntnui.no\/toppturogfrikjoring\/wp-content\/uploads\/sites\/229\/2024\/03\/2024-03-02-AndreasFlo-Freeride-5.jpg\" alt=\"\" class=\"wp-image-5167\" \/><\/figure><div class=\"wp-block-media-text__content\">\n<h2 class=\"wp-block-heading\">Hvordan bli TF-medlem:<\/h2>\n\n\n\n<p>1. <strong>V\u00e6r medlem av NTNUI<\/strong><br>NTNUI-medlemsskap er inkludert i \u00e5rsabonnement hos Sit. Eller kan du kj\u00f8pe det separat hos Sit.&nbsp;<\/p>\n\n\n\n<div class=\"wp-block-atomic-blocks-ab-button ab-block-button\"><a href=\"https:\/\/ntnui.no\/blimedlem\/\" class=\"ab-button ab-button-shape-circular ab-button-size-medium\" style=\"color:#ffffff;background-color:#24e86c\">Bli NTNUI-medlem<\/a><\/div>\n\n\n\n<p>2. <strong>Kj\u00f8p TF-medlemsskap<\/strong><\/p>\n\n\n\n<div class=\"wp-block-atomic-blocks-ab-button ab-block-button\"><a href=\"https:\/\/ntnui.no\/toppturogfrikjoring\/product\/medlemskap-i-ntnui-topptur-og-frikjoring\/\" class=\"ab-button ab-button-shape-circular ab-button-size-medium\" style=\"color:#ffffff;background-color:#24e86c\">Bli TF-medlem<\/a><\/div>\n\n\n\n<p>3. <strong>Registrer deg i medlemsdatabasen<\/strong><br>Lag en bruker og meld deg inn i Topptur og Frikj\u00f8ring<\/p>\n\n\n\n<div class=\"wp-block-atomic-blocks-ab-button ab-block-button\"><a href=\"https:\/\/medlem.ntnui.no\/\" class=\"ab-button ab-button-shape-circular ab-button-size-medium\" style=\"color:#ffffff;background-color:#24e86c\">Registrer deg<\/a><\/div>\n\n\n\n<p><em>Ps: Plis bruk samme epost eller tlf-nummer p\u00e5 medlemskap som n\u00e5r du kj\u00f8per en tur, det gj\u00f8r ting lettere for oss<\/em>!<\/p>\n<\/div><\/div>\n\n\n\n<p><\/p>\n\n\n\n<div class=\"wp-block-media-text alignwide is-stacked-on-mobile\"><figure class=\"wp-block-media-text__media\"><img loading=\"lazy\" decoding=\"async\" width=\"4032\" height=\"3024\" src=\"https:\/\/ntnui.no\/toppturogfrikjoring\/wp-content\/uploads\/sites\/229\/2024\/03\/423735495_1566593140864873_1861056430084876990_n.jpg\" alt=\"\" class=\"wp-image-5239\" \/><\/figure><div class=\"wp-block-media-text__content\">\n<p class=\"has-large-font-size\">Komiteer:<\/p>\n\n\n\n<p>Er du gira p\u00e5 \u00e5 bli kjent med nye mennesker? Organisere fete arrangementer eller turer for andre medlemmer? Og bidra til et fantastisk frivillig-milj\u00f8? Da kan du <strong>bli med i en av v\u00e5re komiteer!<\/strong><\/p>\n\n\n\n<p>Vi har <strong>5 komiteer<\/strong>:<br>&#8211; Fest og Bl\u00e6st<br>&#8211; Turkomiteen<br>&#8211; Konkurransekomiteen<br>&#8211; Trenerkomiteen<\/p>\n\n\n\n<div class=\"wp-block-atomic-blocks-ab-button ab-block-button\"><a href=\"https:\/\/ntnui.no\/toppturogfrikjoring\/komiteene-vare\/\" class=\"ab-button ab-button-shape-circular ab-button-size-medium\" style=\"color:#ffffff;background-color:#ff7ce1\">Komiteene v\u00e5re<\/a><\/div>\n\n\n\n<p>S\u00f8k komit\u00e9 via lenken under. S\u00f8knadsfrist 8.september!<\/p>\n\n\n\n<div class=\"wp-block-atomic-blocks-ab-button ab-block-button\"><a href=\"https:\/\/forms.gle\/TVcsM5xWD6jvZxMK6\" class=\"ab-button ab-button-shape-circular ab-button-size-medium\" style=\"color:#ffffff;background-color:#ff7ce1\">S\u00f8k komit\u00e9!<\/a><\/div>\n\n\n\n<p>Men, arrangementene til TF er <strong>for alle medlemmer! <\/strong>Man trenger ikke v\u00e6re i komit\u00e9 for \u00e5 v\u00e6re med!<\/p>\n<\/div><\/div>\n","protected":false},"excerpt":{"rendered":"<p>Fordeler med \u00e5 v\u00e6re TF-medlem: Mulighet til \u00e5 v\u00e6re med p\u00e5 turer med TF, arrangeres nesten hver helg gjennom vinteren Mulighet til \u00e5 v\u00e6re med p\u00e5 TFs arrangementer, treninger og fester Mulighet til \u00e5 v\u00e6re med p\u00e5 TF Freeride, lavterksel frikj\u00f8ringskonkurranse og et av \u00e5rets st\u00f8rste eventer Rabatt hos Anton Sport Mulighet til \u00e5 leie [&hellip;]<\/p>\n","protected":false},"author":570,"featured_media":0,"parent":0,"menu_order":0,"comment_status":"closed","ping_status":"closed","template":"","meta":{"inline_featured_image":false,"_coblocks_attr":"","_coblocks_dimensions":"","_coblocks_responsive_height":"","_coblocks_accordion_ie_support":"","_price":"","_stock":"","_tribe_ticket_header":"","_tribe_default_ticket_provider":"","_tribe_ticket_capacity":"0","_ticket_start_date":"","_ticket_end_date":"","_tribe_ticket_show_description":"","_tribe_ticket_show_not_going":false,"_tribe_ticket_use_global_stock":"","_tribe_ticket_global_stock_level":"","_global_stock_mode":"","_global_stock_cap":"","_tribe_rsvp_for_event":"","_tribe_ticket_going_count":"","_tribe_ticket_not_going_count":"","_tribe_tickets_list":[],"_tribe_ticket_has_attendee_info_fields":false,"footnotes":""},"class_list":["post-5153","page","type-page","status-publish","hentry"],"featured_image_src":null,"featured_image_src_square":null,"_links":{"self":[{"href":"https:\/\/ntnui.no\/toppturogfrikjoring\/wp-json\/wp\/v2\/pages\/5153","targetHints":{"allow":["GET"]}}],"collection":[{"href":"https:\/\/ntnui.no\/toppturogfrikjoring\/wp-json\/wp\/v2\/pages"}],"about":[{"href":"https:\/\/ntnui.no\/toppturogfrikjoring\/wp-json\/wp\/v2\/types\/page"}],"author":[{"embeddable":true,"href":"https:\/\/ntnui.no\/toppturogfrikjoring\/wp-json\/wp\/v2\/users\/570"}],"replies":[{"embeddable":true,"href":"https:\/\/ntnui.no\/toppturogfrikjoring\/wp-json\/wp\/v2\/comments?post=5153"}],"version-history":[{"count":21,"href":"https:\/\/ntnui.no\/toppturogfrikjoring\/wp-json\/wp\/v2\/pages\/5153\/revisions"}],"predecessor-version":[{"id":5953,"href":"https:\/\/ntnui.no\/toppturogfrikjoring\/wp-json\/wp\/v2\/pages\/5153\/revisions\/5953"}],"wp:attachment":[{"href":"https:\/\/ntnui.no\/toppturogfrikjoring\/wp-json\/wp\/v2\/media?parent=5153"}],"curies":[{"name":"wp","href":"https:\/\/api.w.org\/{rel}","templated":true}]}}