{"id":5144,"date":"2024-03-06T09:28:25","date_gmt":"2024-03-06T08:28:25","guid":{"rendered":"https:\/\/ntnui.no\/toppturogfrikjoring\/?page_id=5144"},"modified":"2026-01-29T21:58:03","modified_gmt":"2026-01-29T20:58:03","slug":"hoest-2025","status":"publish","type":"page","link":"https:\/\/ntnui.no\/toppturogfrikjoring\/hoest-2025\/","title":{"rendered":"V\u00e5r 2026"},"content":{"rendered":"\n<p>Her er planen for v\u00e5rsemesteret 2026!<\/p>\n\n\n\n<figure class=\"wp-block-image size-full\"><img loading=\"lazy\" decoding=\"async\" width=\"1280\" height=\"487\" src=\"https:\/\/ntnui.no\/toppturogfrikjoring\/wp-content\/uploads\/sites\/229\/2026\/01\/liggende-fb-header_1-\u2013-stort.jpeg\" alt=\"\" class=\"wp-image-7902\" \/><\/figure>\n\n\n\n<p>Planen for h\u00f8stsemesteret 2026 er ikke klart, men under finner du planen for h\u00f8sten 2025 som gir en pekepinn for hva vi pleier \u00e5 finne p\u00e5!<\/p>\n\n\n\n<p>Plan for h\u00f8stsemesteret 2025:<\/p>\n\n\n\n<figure class=\"wp-block-image size-full\"><img loading=\"lazy\" decoding=\"async\" width=\"2880\" height=\"1254\" src=\"https:\/\/ntnui.no\/toppturogfrikjoring\/wp-content\/uploads\/sites\/229\/2025\/09\/Skjermbilde-2025-09-29-kl.-14.38.02.png\" alt=\"\" class=\"wp-image-7209\" \/><\/figure>\n","protected":false},"excerpt":{"rendered":"<p>Her er planen for v\u00e5rsemesteret 2026! Planen for h\u00f8stsemesteret 2026 er ikke klart, men under finner du planen for h\u00f8sten 2025 som gir en pekepinn for hva vi pleier \u00e5 finne p\u00e5! Plan for h\u00f8stsemesteret 2025:<\/p>\n","protected":false},"author":570,"featured_media":0,"parent":0,"menu_order":0,"comment_status":"closed","ping_status":"closed","template":"","meta":{"inline_featured_image":false,"_coblocks_attr":"","_coblocks_dimensions":"","_coblocks_responsive_height":"","_coblocks_accordion_ie_support":"","_price":"","_stock":"","_tribe_ticket_header":"","_tribe_default_ticket_provider":"","_tribe_ticket_capacity":"0","_ticket_start_date":"","_ticket_end_date":"","_tribe_ticket_show_description":"","_tribe_ticket_show_not_going":false,"_tribe_ticket_use_global_stock":"","_tribe_ticket_global_stock_level":"","_global_stock_mode":"","_global_stock_cap":"","_tribe_rsvp_for_event":"","_tribe_ticket_going_count":"","_tribe_ticket_not_going_count":"","_tribe_tickets_list":[],"_tribe_ticket_has_attendee_info_fields":false,"footnotes":""},"class_list":["post-5144","page","type-page","status-publish","hentry"],"featured_image_src":null,"featured_image_src_square":null,"_links":{"self":[{"href":"https:\/\/ntnui.no\/toppturogfrikjoring\/wp-json\/wp\/v2\/pages\/5144","targetHints":{"allow":["GET"]}}],"collection":[{"href":"https:\/\/ntnui.no\/toppturogfrikjoring\/wp-json\/wp\/v2\/pages"}],"about":[{"href":"https:\/\/ntnui.no\/toppturogfrikjoring\/wp-json\/wp\/v2\/types\/page"}],"author":[{"embeddable":true,"href":"https:\/\/ntnui.no\/toppturogfrikjoring\/wp-json\/wp\/v2\/users\/570"}],"replies":[{"embeddable":true,"href":"https:\/\/ntnui.no\/toppturogfrikjoring\/wp-json\/wp\/v2\/comments?post=5144"}],"version-history":[{"count":5,"href":"https:\/\/ntnui.no\/toppturogfrikjoring\/wp-json\/wp\/v2\/pages\/5144\/revisions"}],"predecessor-version":[{"id":7903,"href":"https:\/\/ntnui.no\/toppturogfrikjoring\/wp-json\/wp\/v2\/pages\/5144\/revisions\/7903"}],"wp:attachment":[{"href":"https:\/\/ntnui.no\/toppturogfrikjoring\/wp-json\/wp\/v2\/media?parent=5144"}],"curies":[{"name":"wp","href":"https:\/\/api.w.org\/{rel}","templated":true}]}}