{"id":4138,"date":"2023-10-19T13:29:43","date_gmt":"2023-10-19T11:29:43","guid":{"rendered":"https:\/\/ntnui.no\/toppturogfrikjoring\/?page_id=4138"},"modified":"2023-10-19T13:31:25","modified_gmt":"2023-10-19T11:31:25","slug":"skackerfjallen","status":"publish","type":"page","link":"https:\/\/ntnui.no\/toppturogfrikjoring\/skackerfjallen\/","title":{"rendered":"Sk\u00e4ckerfj\u00e4llen"},"content":{"rendered":"\n<p>Sk\u00e4ckerfj\u00e4llen er et villmarkspreget fjell- og urskogsomr\u00e5de i det eksotiske landet Sverige. Fjellene er avrundet og noe utilgjengelige, og kombinert med 2.30 i bil fra Trondheim skremmer nok dette mange fra \u00e5 bes\u00f8ke omr\u00e5det, til tross for at svenskene kaller det \u201csveriges Alaska\u201d.<\/p>\n\n\n\n<p>Sn\u00f8messig f\u00e5r omr\u00e5det mer enn man skulle tro, med tanke p\u00e5 at det ligger p\u00e5 andre siden av grensa. Dessuten kommer det gjerne ogs\u00e5 med litt forskjellige v\u00e6rsystemer enn andre fjell rundt Trondheim, og kan dermed ha ganske annerledes forhold.<\/p>\n\n\n\n<p>Sk\u00e4ckerfj\u00e4llen byr ikke p\u00e5 spesielt effektiv skikj\u00f8ring. Drar man hit f\u00e5r man villmark. For de som vil utforske omr\u00e5det med telt eller fjellski kan Rutsdalen anbefales. Det er en perle.<\/p>\n\n\n\n<p>Skredvarsel og helningskart for Sverige finnes p\u00e5:<\/p>\n\n\n\n<p class=\"has-coblocks-blue-color has-text-color\"> <a rel=\"noreferrer noopener\" href=\"https:\/\/www.lavinprognoser.se\/\" target=\"_blank\">https:\/\/www.lavinprognoser.se\/<\/a><\/p>\n\n\n\n<figure class=\"wp-block-image size-large is-resized\"><a href=\"https:\/\/ntnui.no\/toppturogfrikjoring\/wp-content\/uploads\/sites\/229\/2022\/09\/P1060064-copy-1.jpg\"><img loading=\"lazy\" decoding=\"async\" src=\"https:\/\/ntnui.no\/toppturogfrikjoring\/wp-content\/uploads\/sites\/229\/2022\/09\/P1060064-copy-1.jpg\" alt=\"\" class=\"wp-image-2582\" width=\"1450\" height=\"1010\" \/><\/a><figcaption>Trykk p\u00e5 bilde for \u00e5 laste ned f\u00f8r tur \ud83d\ude42<\/figcaption><\/figure>\n\n\n\n<p style=\"font-size:40px\"><strong>Sandfj\u00e4llet fra Veressj\u00f8en<\/strong><\/p>\n\n\n\n<div class=\"wp-block-coblocks-alert has-text-color has-dark-black-color has-text-align-left has-background is-style-warning\" style=\"background-color:#cecece;font-size:17px\" aria-label=\"Alert section of type warning\"><p class=\"wp-block-coblocks-alert__title\"><strong>Vanskelighetsgrad:<\/strong>\u2026.\u2605\u2606\u2606\u2606<br><strong>Lengde:<\/strong>\u2026\u2026\u2026\u2026\u2026..\u2026\u2026850 hm, 10 (20) km<br><strong>Bratteste helning:<\/strong>\u2026\u202625\u00b0<br><strong>Faremomenter:<\/strong>\u2026\u2026.\u2026Ingen spesielle<\/p><\/div>\n\n\n\n<p>Kj\u00f8r til Veressj\u00f8en og ta av der det er skilta til Str\u00e5dalen. Parker ved g\u00e5rden i enden av veien. Skogen i begynnelsen kan v\u00e6re litt tett og uframkommelig, men \u00e5pner seg fort. Videre er det stort sett bare \u00e5 skr\u00e5ne slakt oppover i retning den store bollen under toppen. Hold ca midt i bollen, og deretter enkelt til topps.<\/p>\n\n\n\n<p>Ned igjen kan en ved litt smart sporvalg skli helt ned til bilen uten \u00e5 m\u00e5tte ta p\u00e5 fellene.<\/p>\n\n\n\n<div class=\"wp-block-blockgallery-stacked alignfull\"><ul class=\"blockgallery has-caption-color has-background has-light-gray-background-color has-padding has-padding-30 has-padding-mobile-30 has-dark-black-color has-fullwidth-images has-margin\"><li class=\"blockgallery--item\"><figure class=\"blockgallery--figure has-margin-bottom-20\"><img loading=\"lazy\" decoding=\"async\" width=\"5247\" height=\"3498\" src=\"https:\/\/ntnui.no\/toppturogfrikjoring\/wp-content\/uploads\/sites\/229\/2022\/09\/Skackerfjallenfravera-4.jpg\" alt=\"\" data-id=\"2599\" data-link=\"https:\/\/ntnui.no\/toppturogfrikjoring\/skackerfjallen\/skackerfjallenfravera-4\/\" class=\"wp-image-2599 has-shadow-none\" \/><\/figure><\/li><\/ul><\/div>\n\n\n\n<p><\/p>\n","protected":false},"excerpt":{"rendered":"<p>Sk\u00e4ckerfj\u00e4llen er et villmarkspreget fjell- og urskogsomr\u00e5de i det eksotiske landet Sverige. Fjellene er avrundet og noe utilgjengelige, og kombinert med 2.30 i bil fra Trondheim skremmer nok dette mange fra \u00e5 bes\u00f8ke omr\u00e5det, til tross for at svenskene kaller det \u201csveriges Alaska\u201d. Sn\u00f8messig f\u00e5r omr\u00e5det mer enn man skulle tro, med tanke p\u00e5 at [&hellip;]<\/p>\n","protected":false},"author":460,"featured_media":0,"parent":0,"menu_order":0,"comment_status":"closed","ping_status":"closed","template":"","meta":{"inline_featured_image":false,"_coblocks_attr":"","_coblocks_dimensions":"","_coblocks_responsive_height":"","_coblocks_accordion_ie_support":"","_price":"","_stock":"","_tribe_ticket_header":"","_tribe_default_ticket_provider":"","_tribe_ticket_capacity":"0","_ticket_start_date":"","_ticket_end_date":"","_tribe_ticket_show_description":"","_tribe_ticket_show_not_going":false,"_tribe_ticket_use_global_stock":"","_tribe_ticket_global_stock_level":"","_global_stock_mode":"","_global_stock_cap":"","_tribe_rsvp_for_event":"","_tribe_ticket_going_count":"","_tribe_ticket_not_going_count":"","_tribe_tickets_list":[],"_tribe_ticket_has_attendee_info_fields":false,"footnotes":""},"class_list":["post-4138","page","type-page","status-publish","hentry"],"featured_image_src":null,"featured_image_src_square":null,"_links":{"self":[{"href":"https:\/\/ntnui.no\/toppturogfrikjoring\/wp-json\/wp\/v2\/pages\/4138","targetHints":{"allow":["GET"]}}],"collection":[{"href":"https:\/\/ntnui.no\/toppturogfrikjoring\/wp-json\/wp\/v2\/pages"}],"about":[{"href":"https:\/\/ntnui.no\/toppturogfrikjoring\/wp-json\/wp\/v2\/types\/page"}],"author":[{"embeddable":true,"href":"https:\/\/ntnui.no\/toppturogfrikjoring\/wp-json\/wp\/v2\/users\/460"}],"replies":[{"embeddable":true,"href":"https:\/\/ntnui.no\/toppturogfrikjoring\/wp-json\/wp\/v2\/comments?post=4138"}],"version-history":[{"count":2,"href":"https:\/\/ntnui.no\/toppturogfrikjoring\/wp-json\/wp\/v2\/pages\/4138\/revisions"}],"predecessor-version":[{"id":4140,"href":"https:\/\/ntnui.no\/toppturogfrikjoring\/wp-json\/wp\/v2\/pages\/4138\/revisions\/4140"}],"wp:attachment":[{"href":"https:\/\/ntnui.no\/toppturogfrikjoring\/wp-json\/wp\/v2\/media?parent=4138"}],"curies":[{"name":"wp","href":"https:\/\/api.w.org\/{rel}","templated":true}]}}