{"id":3999,"date":"2023-09-21T09:44:44","date_gmt":"2023-09-21T07:44:44","guid":{"rendered":"https:\/\/ntnui.no\/toppturogfrikjoring\/?page_id=3999"},"modified":"2024-08-09T21:42:22","modified_gmt":"2024-08-09T19:42:22","slug":"ridder","status":"publish","type":"page","link":"https:\/\/ntnui.no\/toppturogfrikjoring\/ridder\/","title":{"rendered":"Ridder"},"content":{"rendered":"\n<div class=\"wp-block-group\"><div class=\"wp-block-group__inner-container is-layout-flow wp-block-group-is-layout-flow\">\n<div class=\"wp-block-columns is-layout-flex wp-container-core-columns-is-layout-1 wp-block-columns-is-layout-flex\">\n<div class=\"wp-block-column is-layout-flow wp-block-column-is-layout-flow\" style=\"flex-basis:30%\">\n<figure class=\"wp-block-image size-large is-resized is-style-default\"><img loading=\"lazy\" decoding=\"async\" src=\"https:\/\/ntnui.no\/toppturogfrikjoring\/wp-content\/uploads\/sites\/229\/2023\/09\/EirikSemb.jpg\" alt=\"\" class=\"wp-image-4001\" width=\"281\" height=\"351\" \/><\/figure>\n<\/div>\n\n\n\n<div class=\"wp-block-column is-layout-flow wp-block-column-is-layout-flow\" style=\"flex-basis:5%\">\n<p><\/p>\n<\/div>\n\n\n\n<div class=\"wp-block-column is-layout-flow wp-block-column-is-layout-flow\" style=\"flex-basis:65%\">\n<p class=\"has-large-font-size\"><strong>Eirik Semb<\/strong><\/p>\n\n\n\n<p style=\"font-size:15px\">P\u00e5 generalforsamlingen 05.09.2023 fikk gruppa sin f\u00f8rste ridder av NTNUIs orden, selveste\u00a0<a href=\"https:\/\/www.instagram.com\/eiriksemb\/\">@eiriksemb<\/a>\u00a0!\ud83e\udd73 Eirik har bidratt til gruppa som turkom-medlem, kasserer og leder! Han gikk inn i styret i det tr\u00f8blete \u00e5ret 2020, og har v\u00e6rt en viktig bidragsyter for \u00e5 styre gruppa gjennom en enorm medlems\u00f8kning. Topptur og frikj\u00f8ring har aldri hatt flere medlemmer, enn under Eiriks styre, og det er nok sv\u00e6rt f\u00e5 TFere som ikke har m\u00f8tt hans blide og im\u00f8tekommende vesen p\u00e5 v\u00e5re arrangementer. I tillegg til dette har Eirik brukt mye tid og gjort en solid mengde arbeid p\u00e5 fornyelsen av NTNUIs retningslinjer for reisegodtgj\u00f8relse. Noe som er veldig viktig for \u00e5 kunne gjennomf\u00f8re TF-turer. TUSEN TAKK Eirik, for alt du har gjort, og gj\u00f8r, for NTNUI Topptur og frikj\u00f8ring<\/p>\n<\/div>\n<\/div>\n<\/div><\/div>\n","protected":false},"excerpt":{"rendered":"<p>Eirik Semb P\u00e5 generalforsamlingen 05.09.2023 fikk gruppa sin f\u00f8rste ridder av NTNUIs orden, selveste\u00a0@eiriksemb\u00a0!\ud83e\udd73 Eirik har bidratt til gruppa som turkom-medlem, kasserer og leder! Han gikk inn i styret i det tr\u00f8blete \u00e5ret 2020, og har v\u00e6rt en viktig bidragsyter for \u00e5 styre gruppa gjennom en enorm medlems\u00f8kning. Topptur og frikj\u00f8ring har aldri hatt flere [&hellip;]<\/p>\n","protected":false},"author":460,"featured_media":0,"parent":0,"menu_order":0,"comment_status":"closed","ping_status":"closed","template":"","meta":{"inline_featured_image":false,"_coblocks_attr":"","_coblocks_dimensions":"","_coblocks_responsive_height":"","_coblocks_accordion_ie_support":"","_price":"","_stock":"","_tribe_ticket_header":"","_tribe_default_ticket_provider":"","_tribe_ticket_capacity":"0","_ticket_start_date":"","_ticket_end_date":"","_tribe_ticket_show_description":"","_tribe_ticket_show_not_going":false,"_tribe_ticket_use_global_stock":"","_tribe_ticket_global_stock_level":"","_global_stock_mode":"","_global_stock_cap":"","_tribe_rsvp_for_event":"","_tribe_ticket_going_count":"","_tribe_ticket_not_going_count":"","_tribe_tickets_list":[],"_tribe_ticket_has_attendee_info_fields":false,"footnotes":""},"class_list":["post-3999","page","type-page","status-publish","hentry"],"featured_image_src":null,"featured_image_src_square":null,"_links":{"self":[{"href":"https:\/\/ntnui.no\/toppturogfrikjoring\/wp-json\/wp\/v2\/pages\/3999","targetHints":{"allow":["GET"]}}],"collection":[{"href":"https:\/\/ntnui.no\/toppturogfrikjoring\/wp-json\/wp\/v2\/pages"}],"about":[{"href":"https:\/\/ntnui.no\/toppturogfrikjoring\/wp-json\/wp\/v2\/types\/page"}],"author":[{"embeddable":true,"href":"https:\/\/ntnui.no\/toppturogfrikjoring\/wp-json\/wp\/v2\/users\/460"}],"replies":[{"embeddable":true,"href":"https:\/\/ntnui.no\/toppturogfrikjoring\/wp-json\/wp\/v2\/comments?post=3999"}],"version-history":[{"count":5,"href":"https:\/\/ntnui.no\/toppturogfrikjoring\/wp-json\/wp\/v2\/pages\/3999\/revisions"}],"predecessor-version":[{"id":6565,"href":"https:\/\/ntnui.no\/toppturogfrikjoring\/wp-json\/wp\/v2\/pages\/3999\/revisions\/6565"}],"wp:attachment":[{"href":"https:\/\/ntnui.no\/toppturogfrikjoring\/wp-json\/wp\/v2\/media?parent=3999"}],"curies":[{"name":"wp","href":"https:\/\/api.w.org\/{rel}","templated":true}]}}