{"id":2727,"date":"2022-09-26T12:33:26","date_gmt":"2022-09-26T10:33:26","guid":{"rendered":"https:\/\/ntnui.no\/toppturogfrikjoring\/?page_id=2727"},"modified":"2022-09-26T12:46:09","modified_gmt":"2022-09-26T10:46:09","slug":"strikke-merch","status":"publish","type":"page","link":"https:\/\/ntnui.no\/toppturogfrikjoring\/strikke-merch\/","title":{"rendered":"Strikke-merch"},"content":{"rendered":"\n<p>Har du lyst p\u00e5 TFs feteste merch? Den objektivt kuleste strikkegenseren i NTNUI? Da trenger du ikke lete mer!<\/p>\n\n\n\n<h2 class=\"wp-block-heading\"><strong>TF-genser<\/strong><\/h2>\n\n\n\n<figure class=\"wp-block-image size-large\"><img loading=\"lazy\" decoding=\"async\" width=\"904\" height=\"989\" src=\"https:\/\/ntnui.no\/toppturogfrikjoring\/wp-content\/uploads\/sites\/229\/2022\/09\/tf-strikkegenser.jpg\" alt=\"\" class=\"wp-image-2730\" \/><\/figure>\n\n\n\n<div class=\"wp-block-coblocks-accordion\">\n<div class=\"wp-block-coblocks-accordion-item\"><details><summary class=\"wp-block-coblocks-accordion-item__title\">Oppskrift til Topptur- og frikj\u00f8ring genser<\/summary><div class=\"wp-block-coblocks-accordion-item__content\">\n<p>Dette er oppskriften p\u00e5 TFs hjemmemekket merch! Strikk deg genseren f\u00f8r vinteren sklir inn og skia sklis p\u00e5! Det er det perfekte plagget til \u00e5 holde seg varm p\u00e5 tur.<br>Genseren er lettstrikket og strikkes ovenfra og ned. Lengde p\u00e5 bol og ermer kan derfor tilpasses mens du strikker. Vi h\u00e5per du f\u00e5r litt strikkeglede samtidig som du f\u00e5r et varmt og deilig plagg f\u00f8r vinteren!<br>M\u00f8nsteret er pr\u00f8vestrikket i st\u00f8rrelse 2 og 3, men ikke i de andre st\u00f8rrelsene. Vi tar derfor gjerne imot tips om dere oppdager feil eller mangler i oppskriften, eller om dere har forslag til forbedringer. Send da gjerne en mail til b\u00e5de ingrid.astrup@gmail.com og minbat96@gmail.com.<br>Oppskriften er unisex, men st\u00f8rrelse 5-8 er laget med bredere skuldre. For \u00e5 finne riktig st\u00f8rrelse m\u00e5ler du deg der du er bredest over brystet, og bruker s\u00e5 dette m\u00e5let til \u00e5 velge st\u00f8rrelse.<br>Oppgitt overvidde tar utgangspunkt i strikkefasthet 18\/10 (etter vask). Strikk derfor en pr\u00f8velapp som du vasker, f\u00f8r du starter, for \u00e5 sjekke at du oppn\u00e5r riktig strikkefasthet!<br>Hilsen Ingrid &amp; Mina<\/p>\n\n\n\n<p><\/p>\n\n\n\n<div class=\"wp-block-file\"><a href=\"https:\/\/ntnui.no\/toppturogfrikjoring\/wp-content\/uploads\/sites\/229\/2022\/09\/Oppskrift-TF-genser_hel.pdf\">Oppskrift-TF-genser_hel<\/a><a href=\"https:\/\/ntnui.no\/toppturogfrikjoring\/wp-content\/uploads\/sites\/229\/2022\/09\/Oppskrift-TF-genser_hel.pdf\" class=\"wp-block-file__button\" download>Last ned<\/a><\/div>\n\n\n\n<div class=\"wp-block-file\"><a href=\"https:\/\/ntnui.no\/toppturogfrikjoring\/wp-content\/uploads\/sites\/229\/2022\/09\/TF-Genser_Monsterark.xlsx\">TF-Genser_Monsterark<\/a><a href=\"https:\/\/ntnui.no\/toppturogfrikjoring\/wp-content\/uploads\/sites\/229\/2022\/09\/TF-Genser_Monsterark.xlsx\" class=\"wp-block-file__button\" download>Last ned<\/a><\/div>\n<\/div><\/details><\/div>\n<\/div>\n\n\n\n<p><\/p>\n","protected":false},"excerpt":{"rendered":"<p>Har du lyst p\u00e5 TFs feteste merch? Den objektivt kuleste strikkegenseren i NTNUI? Da trenger du ikke lete mer! TF-genser<\/p>\n","protected":false},"author":363,"featured_media":0,"parent":0,"menu_order":0,"comment_status":"closed","ping_status":"closed","template":"","meta":{"inline_featured_image":false,"_coblocks_attr":"","_coblocks_dimensions":"","_coblocks_responsive_height":"","_coblocks_accordion_ie_support":"","_price":"","_stock":"","_tribe_ticket_header":"","_tribe_default_ticket_provider":"","_tribe_ticket_capacity":"0","_ticket_start_date":"","_ticket_end_date":"","_tribe_ticket_show_description":"","_tribe_ticket_show_not_going":false,"_tribe_ticket_use_global_stock":"","_tribe_ticket_global_stock_level":"","_global_stock_mode":"","_global_stock_cap":"","_tribe_rsvp_for_event":"","_tribe_ticket_going_count":"","_tribe_ticket_not_going_count":"","_tribe_tickets_list":[],"_tribe_ticket_has_attendee_info_fields":false,"footnotes":""},"class_list":["post-2727","page","type-page","status-publish","hentry"],"featured_image_src":null,"featured_image_src_square":null,"_links":{"self":[{"href":"https:\/\/ntnui.no\/toppturogfrikjoring\/wp-json\/wp\/v2\/pages\/2727","targetHints":{"allow":["GET"]}}],"collection":[{"href":"https:\/\/ntnui.no\/toppturogfrikjoring\/wp-json\/wp\/v2\/pages"}],"about":[{"href":"https:\/\/ntnui.no\/toppturogfrikjoring\/wp-json\/wp\/v2\/types\/page"}],"author":[{"embeddable":true,"href":"https:\/\/ntnui.no\/toppturogfrikjoring\/wp-json\/wp\/v2\/users\/363"}],"replies":[{"embeddable":true,"href":"https:\/\/ntnui.no\/toppturogfrikjoring\/wp-json\/wp\/v2\/comments?post=2727"}],"version-history":[{"count":12,"href":"https:\/\/ntnui.no\/toppturogfrikjoring\/wp-json\/wp\/v2\/pages\/2727\/revisions"}],"predecessor-version":[{"id":2752,"href":"https:\/\/ntnui.no\/toppturogfrikjoring\/wp-json\/wp\/v2\/pages\/2727\/revisions\/2752"}],"wp:attachment":[{"href":"https:\/\/ntnui.no\/toppturogfrikjoring\/wp-json\/wp\/v2\/media?parent=2727"}],"curies":[{"name":"wp","href":"https:\/\/api.w.org\/{rel}","templated":true}]}}