{"id":2677,"date":"2022-09-15T11:48:51","date_gmt":"2022-09-15T09:48:51","guid":{"rendered":"https:\/\/ntnui.no\/toppturogfrikjoring\/?page_id=2677"},"modified":"2022-09-15T11:48:51","modified_gmt":"2022-09-15T09:48:51","slug":"reisebetingelser-2","status":"publish","type":"page","link":"https:\/\/ntnui.no\/toppturogfrikjoring\/reisebetingelser-2\/","title":{"rendered":"Reisebetingelser"},"content":{"rendered":"\n<h3 class=\"wp-block-heading\">Informasjon om gruppens oppgaver, og din oppgave som turdeltaker:<\/h3>\n\n\n\n<p><\/p>\n\n\n\n<p>NTNUI Topptur og frikj\u00f8ring er et studentidrettslag for topptur og<br>frikj\u00f8rings-interesserte studenter ved NTNU. Idrettslaget tilrettelegger og organiserer i l\u00f8pet av h\u00f8sten, vinteren og v\u00e5ren en rekke turer, samlinger og aktiviteter for at studentene, hvor hovedaktivitetene er topptur og frikj\u00f8ring p\u00e5 ski\/randone og snowboard\/splitboard. P\u00e5 alle aktivitetene som NTNUI Topptur og frikj\u00f8ring arrangerer, er studentidrettslaget tilrettelegger og organisator for at studentene skal komme seg ut p\u00e5 tur.<\/p>\n\n\n\n<p>Studentidrettslagets oppgaver er \u00e5 organisere transport og tur til et<br>overnattingssted (hytte\/kulturhus\/klubbhus), samt organisere felles middag. Det er ikke studentidrettslagets oppgave eller ansvar \u00e5 p\u00e5 noen m\u00e5te v\u00e6re turledere p\u00e5 disse turene. Den enkelte er selv ansvarlig for \u00e5 planlegge tur etter evne, samt \u00e5 gjennomf\u00f8re denne p\u00e5 tilfredsstillende m\u00e5te. For \u00e5 kunne delta p\u00e5 tur, samtykker den enkelte til dette.<\/p>\n\n\n\n<h3 class=\"wp-block-heading\"><strong><em>Premiss for turdeltakelse:<\/em><\/strong><\/h3>\n\n\n\n<p><\/p>\n\n\n\n<p>Jeg erkl\u00e6rer med dette at jeg av egen fri vilje deltar p\u00e5 tur\/samling\/arrangement med NTNUI Topptur og Frikj\u00f8ring.<\/p>\n\n\n\n<p>Jeg erkl\u00e6rer med dette \u00e5 inneha de ferdigheter og kunnskaper som er n\u00f8dvendig for \u00e5 kunne utf\u00f8re overnevnte aktiviteter p\u00e5 en tilfredsstillende og betryggende m\u00e5te. Er videre klar over at jeg selv p\u00e5tar meg ethvert ansvar og enhver risiko for tap eller skade jeg m\u00e5tte utsettes for som f\u00f8lge av aktivitetene, enten dette dreier seg om personskade eller skade p\u00e5 eiendeler. Jeg er innforst\u00e5tt med&nbsp; risikoen som medf\u00f8lger aktivitetene, samt skadepotensialet som foreligger for disse. Jeg bekrefter at jeg ikke er p\u00e5virket av alkohol eller andre rusmidler. Jeg er kjent med at NTNUI Topptur og Frikj\u00f8ring ikke har ansvarsforsikring og ulykkesforsikring. Jeg vet derfor at jeg ikke er forsikret gjennom NTNUI Topptur og Frikj\u00f8ring dersom en ulykke oppst\u00e5r som resultat av situasjoner jeg selv er skyld i.<\/p>\n\n\n\n<p>For det tilfellet at min familie eller andre skulle rette ansvar mot NTNUI Topptur og Frikj\u00f8ring eller andre grunnet skade p\u00e5f\u00f8rt undertegnede eller mine eiendeler, aksepterer at undertegnede er regressansvarlig for eventuelt ansvar overfor NTNUI Topptur og Frikj\u00f8ring. Jeg fraskriver meg all rett til \u00e5 s\u00f8ke erstatning og\/eller regress av NTNUI Topptur og Frikj\u00f8ring, eller noen personer\/ virksomhet NTNUI Topptur og Frikj\u00f8ring svarer for, med mindre den skade eller det tap det s\u00f8kes erstatning og\/eller regress for, skyldes grov uaktsomhet eller forsett fra NTNUI Topptur og Frikj\u00f8ring eller den\/de NTNUI Topptur og Frikj\u00f8ring svarer for sin side. Erstatning for slike grovt uaktsomme eller forsettlige feil eller fors\u00f8mmelser skal under enhver omstendighet begrenses til omfanget av det direkte tap som er lidt.<\/p>\n","protected":false},"excerpt":{"rendered":"<p>Informasjon om gruppens oppgaver, og din oppgave som turdeltaker: NTNUI Topptur og frikj\u00f8ring er et studentidrettslag for topptur ogfrikj\u00f8rings-interesserte studenter ved NTNU. Idrettslaget tilrettelegger og organiserer i l\u00f8pet av h\u00f8sten, vinteren og v\u00e5ren en rekke turer, samlinger og aktiviteter for at studentene, hvor hovedaktivitetene er topptur og frikj\u00f8ring p\u00e5 ski\/randone og snowboard\/splitboard. P\u00e5 alle aktivitetene [&hellip;]<\/p>\n","protected":false},"author":363,"featured_media":0,"parent":0,"menu_order":0,"comment_status":"closed","ping_status":"closed","template":"","meta":{"inline_featured_image":false,"_coblocks_attr":"","_coblocks_dimensions":"","_coblocks_responsive_height":"","_coblocks_accordion_ie_support":"","_price":"","_stock":"","_tribe_ticket_header":"","_tribe_default_ticket_provider":"","_tribe_ticket_capacity":"0","_ticket_start_date":"","_ticket_end_date":"","_tribe_ticket_show_description":"","_tribe_ticket_show_not_going":false,"_tribe_ticket_use_global_stock":"","_tribe_ticket_global_stock_level":"","_global_stock_mode":"","_global_stock_cap":"","_tribe_rsvp_for_event":"","_tribe_ticket_going_count":"","_tribe_ticket_not_going_count":"","_tribe_tickets_list":[],"_tribe_ticket_has_attendee_info_fields":false,"footnotes":""},"class_list":["post-2677","page","type-page","status-publish","hentry"],"featured_image_src":null,"featured_image_src_square":null,"_links":{"self":[{"href":"https:\/\/ntnui.no\/toppturogfrikjoring\/wp-json\/wp\/v2\/pages\/2677","targetHints":{"allow":["GET"]}}],"collection":[{"href":"https:\/\/ntnui.no\/toppturogfrikjoring\/wp-json\/wp\/v2\/pages"}],"about":[{"href":"https:\/\/ntnui.no\/toppturogfrikjoring\/wp-json\/wp\/v2\/types\/page"}],"author":[{"embeddable":true,"href":"https:\/\/ntnui.no\/toppturogfrikjoring\/wp-json\/wp\/v2\/users\/363"}],"replies":[{"embeddable":true,"href":"https:\/\/ntnui.no\/toppturogfrikjoring\/wp-json\/wp\/v2\/comments?post=2677"}],"version-history":[{"count":3,"href":"https:\/\/ntnui.no\/toppturogfrikjoring\/wp-json\/wp\/v2\/pages\/2677\/revisions"}],"predecessor-version":[{"id":2680,"href":"https:\/\/ntnui.no\/toppturogfrikjoring\/wp-json\/wp\/v2\/pages\/2677\/revisions\/2680"}],"wp:attachment":[{"href":"https:\/\/ntnui.no\/toppturogfrikjoring\/wp-json\/wp\/v2\/media?parent=2677"}],"curies":[{"name":"wp","href":"https:\/\/api.w.org\/{rel}","templated":true}]}}