{"id":2618,"date":"2022-09-12T13:29:29","date_gmt":"2022-09-12T11:29:29","guid":{"rendered":"https:\/\/ntnui.no\/toppturogfrikjoring\/?page_id=2618"},"modified":"2023-10-19T13:16:47","modified_gmt":"2023-10-19T11:16:47","slug":"1-1-1-ytre-sula-fra-nordviksetra","status":"publish","type":"page","link":"https:\/\/ntnui.no\/toppturogfrikjoring\/1-1-1-ytre-sula-fra-nordviksetra\/","title":{"rendered":"1.1.1 Ytre Sula fra Nordviksetra"},"content":{"rendered":"\n<p>Ytre Sula er en popul\u00e6r topp med god utsikt og lang sesong. Veien opp til Nordviksetra (400 moh) blir br\u00f8yta i vinterhalv\u00e5ret og gj\u00f8r turen opp enkel og effektiv. Normalruta g\u00e5r i den vestvendte og noe vindutsatte flanken, som ofte er best p\u00e5 slushf\u00f8re.<\/p>\n\n\n\n<h4 class=\"wp-block-heading\"><strong>1.1.1 Direkte<\/strong><\/h4>\n\n\n\n<div class=\"wp-block-coblocks-alert has-text-color has-dark-black-color has-text-align-left has-background is-style-warning\" style=\"background-color:#cecece;font-size:17px\" aria-label=\"Alert section of type warning\"><p class=\"wp-block-coblocks-alert__title\"><strong>Vanskelighetsgrad:<\/strong>\u2026.\u2605\u2605\u2606\u2606<br><strong>Lengde:<\/strong>\u2026\u2026\u2026\u2026&#8230;..\u2026\u2026900 hm, 3.5 (7) km<br><strong>Bratteste helning:<\/strong>\u2026\u202635\u00b0<br><strong>Faremomenter:<\/strong>\u2026\u2026.\u2026skred<\/p><\/div>\n\n\n\n<p>Ryggen som sommerstien f\u00f8lger kan holdes til den bratner til og man tar seg ut i flanken. Deretter slakt til topps. Alternativt kan ogs\u00e5 en rampe som skr\u00e5r mot h\u00f8yre p\u00e5 tvers av flanken ogs\u00e5 f\u00f8lges for \u00e5 f\u00e5 litt slakere oppstigning.<\/p>\n\n\n\n<p>Nedkj\u00f8ring samme vei eller via \u00f8stsida (link)<\/p>\n\n\n\n<figure class=\"wp-block-image size-large is-resized\"><a href=\"https:\/\/ntnui.no\/toppturogfrikjoring\/wp-content\/uploads\/sites\/229\/2023\/10\/Sula-1.png\"><img loading=\"lazy\" decoding=\"async\" src=\"https:\/\/ntnui.no\/toppturogfrikjoring\/wp-content\/uploads\/sites\/229\/2023\/10\/Sula-1.png\" alt=\"\" class=\"wp-image-4112\" width=\"1450\" height=\"1166\" \/><\/a><figcaption>Trykk p\u00e5 bilde for \u00e5 \u00e5pne alene<\/figcaption><\/figure>\n\n\n\n<div class=\"wp-block-blockgallery-stacked alignfull\"><ul class=\"blockgallery has-caption-color has-background has-light-gray-background-color has-padding has-padding-30 has-padding-mobile-30 has-dark-black-color has-fullwidth-images has-margin\"><li class=\"blockgallery--item\"><figure class=\"blockgallery--figure has-margin-bottom-20\"><img loading=\"lazy\" decoding=\"async\" width=\"4488\" height=\"2952\" src=\"https:\/\/ntnui.no\/toppturogfrikjoring\/wp-content\/uploads\/sites\/229\/2022\/09\/P1000322-copy.jpg\" alt=\"\" data-id=\"2516\" data-link=\"https:\/\/ntnui.no\/toppturogfrikjoring\/todalen\/p1000322-copy\/\" class=\"wp-image-2516 has-shadow-none\" \/><\/figure><\/li><li class=\"blockgallery--item\"><figure class=\"blockgallery--figure has-margin-bottom-20\"><img loading=\"lazy\" decoding=\"async\" width=\"5472\" height=\"3648\" src=\"https:\/\/ntnui.no\/toppturogfrikjoring\/wp-content\/uploads\/sites\/229\/2022\/09\/P1000342-copy.jpg\" alt=\"\" data-id=\"2625\" data-link=\"https:\/\/ntnui.no\/toppturogfrikjoring\/1-1-1-ytre-sula-fra-nordviksetra\/p1000342-copy\/\" class=\"wp-image-2625 has-shadow-none\" \/><\/figure><\/li><li class=\"blockgallery--item\"><figure class=\"blockgallery--figure has-margin-bottom-20\"><img loading=\"lazy\" decoding=\"async\" width=\"5472\" height=\"3648\" src=\"https:\/\/ntnui.no\/toppturogfrikjoring\/wp-content\/uploads\/sites\/229\/2022\/09\/Sula.jpg\" alt=\"\" data-id=\"2620\" data-link=\"https:\/\/ntnui.no\/toppturogfrikjoring\/1-1-1-ytre-sula-fra-nordviksetra\/sula\/\" class=\"wp-image-2620 has-shadow-none\" \/><figcaption class=\"blockgallery--caption\">Sula sett fra \u00f8st<\/figcaption><\/figure><\/li><\/ul><\/div>\n","protected":false},"excerpt":{"rendered":"<p>Ytre Sula er en popul\u00e6r topp med god utsikt og lang sesong. Veien opp til Nordviksetra (400 moh) blir br\u00f8yta i vinterhalv\u00e5ret og gj\u00f8r turen opp enkel og effektiv. Normalruta g\u00e5r i den vestvendte og noe vindutsatte flanken, som ofte er best p\u00e5 slushf\u00f8re. 1.1.1 Direkte Ryggen som sommerstien f\u00f8lger kan holdes til den bratner [&hellip;]<\/p>\n","protected":false},"author":388,"featured_media":0,"parent":0,"menu_order":0,"comment_status":"closed","ping_status":"closed","template":"","meta":{"inline_featured_image":false,"_coblocks_attr":"","_coblocks_dimensions":"","_coblocks_responsive_height":"","_coblocks_accordion_ie_support":"","_price":"","_stock":"","_tribe_ticket_header":"","_tribe_default_ticket_provider":"","_tribe_ticket_capacity":"0","_ticket_start_date":"","_ticket_end_date":"","_tribe_ticket_show_description":"","_tribe_ticket_show_not_going":false,"_tribe_ticket_use_global_stock":"","_tribe_ticket_global_stock_level":"","_global_stock_mode":"","_global_stock_cap":"","_tribe_rsvp_for_event":"","_tribe_ticket_going_count":"","_tribe_ticket_not_going_count":"","_tribe_tickets_list":[],"_tribe_ticket_has_attendee_info_fields":false,"footnotes":""},"class_list":["post-2618","page","type-page","status-publish","hentry"],"featured_image_src":null,"featured_image_src_square":null,"_links":{"self":[{"href":"https:\/\/ntnui.no\/toppturogfrikjoring\/wp-json\/wp\/v2\/pages\/2618","targetHints":{"allow":["GET"]}}],"collection":[{"href":"https:\/\/ntnui.no\/toppturogfrikjoring\/wp-json\/wp\/v2\/pages"}],"about":[{"href":"https:\/\/ntnui.no\/toppturogfrikjoring\/wp-json\/wp\/v2\/types\/page"}],"author":[{"embeddable":true,"href":"https:\/\/ntnui.no\/toppturogfrikjoring\/wp-json\/wp\/v2\/users\/388"}],"replies":[{"embeddable":true,"href":"https:\/\/ntnui.no\/toppturogfrikjoring\/wp-json\/wp\/v2\/comments?post=2618"}],"version-history":[{"count":9,"href":"https:\/\/ntnui.no\/toppturogfrikjoring\/wp-json\/wp\/v2\/pages\/2618\/revisions"}],"predecessor-version":[{"id":4132,"href":"https:\/\/ntnui.no\/toppturogfrikjoring\/wp-json\/wp\/v2\/pages\/2618\/revisions\/4132"}],"wp:attachment":[{"href":"https:\/\/ntnui.no\/toppturogfrikjoring\/wp-json\/wp\/v2\/media?parent=2618"}],"curies":[{"name":"wp","href":"https:\/\/api.w.org\/{rel}","templated":true}]}}