{"id":2511,"date":"2022-09-05T23:02:32","date_gmt":"2022-09-05T21:02:32","guid":{"rendered":"https:\/\/ntnui.no\/toppturogfrikjoring\/?page_id=2511"},"modified":"2024-08-09T20:44:47","modified_gmt":"2024-08-09T18:44:47","slug":"skiforer","status":"publish","type":"page","link":"https:\/\/ntnui.no\/toppturogfrikjoring\/skiforer\/","title":{"rendered":"Skif\u00f8rer"},"content":{"rendered":"\n<p>Her er skif\u00f8rer laget av TFs medlemmer med info om skiomr\u00e5der rundt Trondheim. Gjerne send inn info om turer du g\u00e5r slik at de ogs\u00e5 kan legges inn og v\u00e6re til nytte for andre!<\/p>\n\n\n\n<p style=\"font-size:21px\">Link til kart over  ~Trollheimen:<\/p>\n\n\n\n<p class=\"has-coblocks-blue-color has-text-color\" style=\"font-size:28px\"><a href=\"https:\/\/folk.ntnu.no\/hansal\/Skitur%20Kart.png\" target=\"_blank\" rel=\"noreferrer noopener\">Kart (570 MB)<\/a><br><a href=\"https:\/\/folk.ntnu.no\/hansal\/Mindre_skitur_kart.png\" target=\"_blank\" rel=\"noreferrer noopener\">Lavere oppl\u00f8sning kart (130 MB)<\/a><\/p>\n\n\n\n<p class=\"has-medium-gray-color has-text-color\" style=\"font-size:14px\">NB! bildet er veldig stort s\u00e5 det kan ta mye tid \u00e5 laste inn<\/p>\n\n\n\n<p>Det er viktig \u00e5 ta forholdene i betraktning n\u00e5r man drar ut p\u00e5 tur, selv om noen av turene er markert som &#8216;lette&#8217; m\u00e5 man ta egne vurderinger etter forholdene. Husk at det er bedre \u00e5 snu hvis man er usikker. <\/p>\n\n\n\n<p>Varsom er en god ressurs for \u00e5 f\u00e5 overblikk over forholdene: <a href=\"https:\/\/www.varsom.no\/snoskred\/varsling\/varsel\/Trollheimen\/\">Varsom<\/a><\/p>\n\n\n\n<p class=\"has-medium-gray-color has-text-color\" style=\"font-size:14px\"><br><\/p>\n\n\n\n<div class=\"wp-block-coblocks-gallery-masonry alignwide\"><div class=\"coblocks-gallery has-caption-style-dark has-gutter\"><ul class=\"has-grid-xlrg has-gutter-5 has-gutter-mobile-15\"><li class=\"coblocks-gallery--item\"><figure class=\"coblocks-gallery--figure\"><a href=\"https:\/\/ntnui.no\/toppturogfrikjoring\/storulvan\/\" rel=\"\"><img loading=\"lazy\" decoding=\"async\" width=\"4782\" height=\"2820\" alt=\"\" class=\"wp-image-2553\" data-id=\"2553\" data-imglink=\"https:\/\/ntnui.no\/toppturogfrikjoring\/storulvan\/\" data-link=\"https:\/\/ntnui.no\/toppturogfrikjoring\/skiforer\/p1060110-copy\/\" src=\"https:\/\/ntnui.no\/toppturogfrikjoring\/wp-content\/uploads\/sites\/229\/2022\/09\/P1060110-copy.jpg\" \/><\/a><figcaption class=\"coblocks-gallery--caption\">Storulv\u00e5n<\/figcaption><\/figure><\/li><li class=\"coblocks-gallery--item\"><figure class=\"coblocks-gallery--figure\"><a href=\"https:\/\/ntnui.no\/toppturogfrikjoring\/todalen\/\" rel=\"\"><img loading=\"lazy\" decoding=\"async\" width=\"4000\" height=\"3000\" alt=\"\" class=\"wp-image-2512\" data-id=\"2512\" data-imglink=\"https:\/\/ntnui.no\/toppturogfrikjoring\/todalen\/\" data-link=\"https:\/\/ntnui.no\/toppturogfrikjoring\/?attachment_id=2512\" src=\"https:\/\/ntnui.no\/toppturogfrikjoring\/wp-content\/uploads\/sites\/229\/2022\/09\/Todalen.jpg\" \/><\/a><figcaption class=\"coblocks-gallery--caption\">Todalen<\/figcaption><\/figure><\/li><li class=\"coblocks-gallery--item\"><figure class=\"coblocks-gallery--figure\"><a href=\"https:\/\/ntnui.no\/toppturogfrikjoring\/storlidalen\/\" rel=\"\"><img loading=\"lazy\" decoding=\"async\" width=\"3455\" height=\"2591\" alt=\"\" class=\"wp-image-2513\" data-id=\"2513\" data-imglink=\"https:\/\/ntnui.no\/toppturogfrikjoring\/storlidalen\/\" data-link=\"https:\/\/ntnui.no\/toppturogfrikjoring\/?attachment_id=2513\" src=\"https:\/\/ntnui.no\/toppturogfrikjoring\/wp-content\/uploads\/sites\/229\/2022\/09\/IMG_3322.jpg\" \/><\/a><figcaption class=\"coblocks-gallery--caption\">Storlidalen<\/figcaption><\/figure><\/li><li class=\"coblocks-gallery--item\"><figure class=\"coblocks-gallery--figure\"><a href=\"https:\/\/ntnui.no\/toppturogfrikjoring\/skackerfjallen\/\" rel=\"\"><img loading=\"lazy\" decoding=\"async\" width=\"4898\" height=\"3265\" alt=\"\" class=\"wp-image-2566\" data-id=\"2566\" data-imglink=\"https:\/\/ntnui.no\/toppturogfrikjoring\/skackerfjallen\/\" data-link=\"https:\/\/ntnui.no\/toppturogfrikjoring\/skiforer\/p1060064-copy\/\" src=\"https:\/\/ntnui.no\/toppturogfrikjoring\/wp-content\/uploads\/sites\/229\/2022\/09\/P1060064-copy.jpg\" \/><\/a><figcaption class=\"coblocks-gallery--caption\">Sk\u00e4ckerfj\u00e4llen<\/figcaption><\/figure><\/li><li class=\"coblocks-gallery--item\"><figure class=\"coblocks-gallery--figure\"><a href=\"https:\/\/ntnui.no\/toppturogfrikjoring\/innerdalen-viromdalen\/\" rel=\"\"><img loading=\"lazy\" decoding=\"async\" width=\"4000\" height=\"3000\" alt=\"\" class=\"wp-image-2366\" data-id=\"2366\" data-imglink=\"https:\/\/ntnui.no\/toppturogfrikjoring\/innerdalen-viromdalen\/\" data-link=\"https:\/\/ntnui.no\/toppturogfrikjoring\/innerdalen-viromdalen\/p1010395\/\" src=\"https:\/\/ntnui.no\/toppturogfrikjoring\/wp-content\/uploads\/sites\/229\/2022\/08\/P1010395.jpg\" \/><\/a><figcaption class=\"coblocks-gallery--caption\">Innerdalen og Viromdalen<\/figcaption><\/figure><\/li><li class=\"coblocks-gallery--item\"><figure class=\"coblocks-gallery--figure\"><a href=\"https:\/\/ntnui.no\/toppturogfrikjoring\/trolltind\/\" rel=\"\"><img loading=\"lazy\" decoding=\"async\" width=\"3976\" height=\"2842\" alt=\"\" class=\"wp-image-2549\" data-id=\"2549\" data-imglink=\"https:\/\/ntnui.no\/toppturogfrikjoring\/trolltind\/\" data-link=\"https:\/\/ntnui.no\/toppturogfrikjoring\/skiforer\/20191102_130216\/\" src=\"https:\/\/ntnui.no\/toppturogfrikjoring\/wp-content\/uploads\/sites\/229\/2022\/09\/20191102_130216.jpg\" \/><\/a><figcaption class=\"coblocks-gallery--caption\">Trolltind<\/figcaption><\/figure><\/li><\/ul><\/div><\/div>\n\n\n\n<p><\/p>\n","protected":false},"excerpt":{"rendered":"<p>Her er skif\u00f8rer laget av TFs medlemmer med info om skiomr\u00e5der rundt Trondheim. Gjerne send inn info om turer du g\u00e5r slik at de ogs\u00e5 kan legges inn og v\u00e6re til nytte for andre! Link til kart over ~Trollheimen: Kart (570 MB)Lavere oppl\u00f8sning kart (130 MB) NB! bildet er veldig stort s\u00e5 det kan ta [&hellip;]<\/p>\n","protected":false},"author":388,"featured_media":0,"parent":0,"menu_order":0,"comment_status":"closed","ping_status":"closed","template":"","meta":{"inline_featured_image":false,"_coblocks_attr":"","_coblocks_dimensions":"","_coblocks_responsive_height":"","_coblocks_accordion_ie_support":"","_price":"","_stock":"","_tribe_ticket_header":"","_tribe_default_ticket_provider":"","_tribe_ticket_capacity":"0","_ticket_start_date":"","_ticket_end_date":"","_tribe_ticket_show_description":"","_tribe_ticket_show_not_going":false,"_tribe_ticket_use_global_stock":"","_tribe_ticket_global_stock_level":"","_global_stock_mode":"","_global_stock_cap":"","_tribe_rsvp_for_event":"","_tribe_ticket_going_count":"","_tribe_ticket_not_going_count":"","_tribe_tickets_list":[],"_tribe_ticket_has_attendee_info_fields":false,"footnotes":""},"class_list":["post-2511","page","type-page","status-publish","hentry"],"featured_image_src":null,"featured_image_src_square":null,"_links":{"self":[{"href":"https:\/\/ntnui.no\/toppturogfrikjoring\/wp-json\/wp\/v2\/pages\/2511","targetHints":{"allow":["GET"]}}],"collection":[{"href":"https:\/\/ntnui.no\/toppturogfrikjoring\/wp-json\/wp\/v2\/pages"}],"about":[{"href":"https:\/\/ntnui.no\/toppturogfrikjoring\/wp-json\/wp\/v2\/types\/page"}],"author":[{"embeddable":true,"href":"https:\/\/ntnui.no\/toppturogfrikjoring\/wp-json\/wp\/v2\/users\/388"}],"replies":[{"embeddable":true,"href":"https:\/\/ntnui.no\/toppturogfrikjoring\/wp-json\/wp\/v2\/comments?post=2511"}],"version-history":[{"count":33,"href":"https:\/\/ntnui.no\/toppturogfrikjoring\/wp-json\/wp\/v2\/pages\/2511\/revisions"}],"predecessor-version":[{"id":5691,"href":"https:\/\/ntnui.no\/toppturogfrikjoring\/wp-json\/wp\/v2\/pages\/2511\/revisions\/5691"}],"wp:attachment":[{"href":"https:\/\/ntnui.no\/toppturogfrikjoring\/wp-json\/wp\/v2\/media?parent=2511"}],"curies":[{"name":"wp","href":"https:\/\/api.w.org\/{rel}","templated":true}]}}