{"id":2510,"date":"2022-09-05T23:42:19","date_gmt":"2022-09-05T21:42:19","guid":{"rendered":"https:\/\/ntnui.no\/toppturogfrikjoring\/?page_id=2510"},"modified":"2023-10-19T13:16:58","modified_gmt":"2023-10-19T11:16:58","slug":"todalen","status":"publish","type":"page","link":"https:\/\/ntnui.no\/toppturogfrikjoring\/todalen\/","title":{"rendered":"Todalen"},"content":{"rendered":"\n<p>Todalen ligger vest i Trollheimen og er ca 2 timer og 15 minutter med bil fra Trondheim. Omr\u00e5det er mye bes\u00f8kt, og har topper som er b\u00e5de enkle og ganske krevende. Her finnes det ogs\u00e5 mye furuskog som kan by p\u00e5 \u00e5pen og fin skogskj\u00f8ring.<\/p>\n\n\n\n<p>Omr\u00e5det er n\u00e6rt havet, og de fleste turene starter p\u00e5 0-200 moh som gj\u00f8r at omr\u00e5det er utsatt for mildv\u00e6r. Det kommer likevel ofte relativt mye sn\u00f8 her, og noen turer starter ogs\u00e5 h\u00f8yere. Veien inn til K\u00e5rvatn blir br\u00f8yta \u00e5ret rundt, og veien opp til Nordviksetra blir normalt br\u00f8ytet helt opp. Skogsbilveiene som finnes i dalsidene blir ikke br\u00f8ytet, men noen av dem er uten bom og kan gi noen gratis h\u00f8ydemetre tidlig og seint i sesongen.<\/p>\n\n\n\n<div class=\"wp-block-image\"><figure class=\"aligncenter is-resized\"><a href=\"https:\/\/ntnui.no\/toppturogfrikjoring-test\/wp-content\/uploads\/sites\/279\/2022\/05\/Trollheimen_kladd_todalen.jpg\"><img loading=\"lazy\" decoding=\"async\" src=\"https:\/\/ntnui.no\/toppturogfrikjoring-test\/wp-content\/uploads\/sites\/279\/2022\/05\/Trollheimen_kladd_todalen.jpg\" alt=\"\" width=\"1000\" height=\"740\" \/><\/a><figcaption><em>\u00a9 Kartverket<\/em><br>Trykk p\u00e5 kart-bildet for \u00e5 \u00e5pne alene, og lettere \u00e5 laste ned<\/figcaption><\/figure><\/div>\n\n\n\n<div class=\"wp-block-coblocks-gallery-masonry alignwide\"><div class=\"coblocks-gallery has-caption-style-dark has-gutter\"><ul class=\"has-grid-xlrg has-gutter-5 has-gutter-mobile-15\"><li class=\"coblocks-gallery--item\"><figure class=\"coblocks-gallery--figure\"><a href=\"https:\/\/ntnui.no\/toppturogfrikjoring\/1-1-1-ytre-sula-fra-nordviksetra\/\" rel=\"\"><img loading=\"lazy\" decoding=\"async\" width=\"4488\" height=\"2952\" alt=\"\" class=\"wp-image-2516\" data-id=\"2516\" data-imglink=\"https:\/\/ntnui.no\/toppturogfrikjoring\/1-1-1-ytre-sula-fra-nordviksetra\/\" data-link=\"https:\/\/ntnui.no\/toppturogfrikjoring\/?attachment_id=2516\" src=\"https:\/\/ntnui.no\/toppturogfrikjoring\/wp-content\/uploads\/sites\/229\/2022\/09\/P1000322-copy.jpg\" \/><\/a><figcaption class=\"coblocks-gallery--caption\">Ytre Sula<\/figcaption><\/figure><\/li><li class=\"coblocks-gallery--item\"><figure class=\"coblocks-gallery--figure\"><a href=\"https:\/\/ntnui.no\/toppturogfrikjoring\/1-2-ostsida\/\" rel=\"\"><img loading=\"lazy\" decoding=\"async\" width=\"3660\" height=\"2556\" alt=\"\" class=\"wp-image-2525\" data-id=\"2525\" data-imglink=\"https:\/\/ntnui.no\/toppturogfrikjoring\/1-2-ostsida\/\" data-link=\"https:\/\/ntnui.no\/toppturogfrikjoring\/todalen\/p1000346\/\" src=\"https:\/\/ntnui.no\/toppturogfrikjoring\/wp-content\/uploads\/sites\/229\/2022\/09\/P1000346.jpg\" \/><\/a><figcaption class=\"coblocks-gallery--caption\">Ytre Sula \u00d8stsida<\/figcaption><\/figure><\/li><li class=\"coblocks-gallery--item\"><figure class=\"coblocks-gallery--figure\"><a href=\"https:\/\/ntnui.no\/toppturogfrikjoring\/1-2-1-indre-sula-fra-todalsora\/\" rel=\"\"><img loading=\"lazy\" decoding=\"async\" width=\"5472\" height=\"3648\" alt=\"\" class=\"wp-image-2521\" data-id=\"2521\" data-imglink=\"\" data-link=\"https:\/\/ntnui.no\/toppturogfrikjoring\/?attachment_id=2521\" src=\"https:\/\/ntnui.no\/toppturogfrikjoring\/wp-content\/uploads\/sites\/229\/2022\/09\/P1040723-copy.jpg\" \/><\/a><figcaption class=\"coblocks-gallery--caption\">1.2.1 Indre Sula fra Todals\u00f8ra<\/figcaption><\/figure><\/li><li class=\"coblocks-gallery--item\"><figure class=\"coblocks-gallery--figure\"><a href=\"https:\/\/ntnui.no\/toppturogfrikjoring\/1-2-2-sulatraversen\/\" rel=\"\"><img loading=\"lazy\" decoding=\"async\" width=\"4032\" height=\"3024\" alt=\"\" class=\"wp-image-2522\" data-id=\"2522\" data-imglink=\"\" data-link=\"https:\/\/ntnui.no\/toppturogfrikjoring\/?attachment_id=2522\" src=\"https:\/\/ntnui.no\/toppturogfrikjoring\/wp-content\/uploads\/sites\/229\/2022\/09\/20201128_140842-copy.jpg\" \/><\/a><figcaption class=\"coblocks-gallery--caption\">1.2.2 Sulatraversen<\/figcaption><\/figure><\/li><li class=\"coblocks-gallery--item\"><figure class=\"coblocks-gallery--figure\"><a href=\"https:\/\/ntnui.no\/toppturogfrikjoring\/2-1-1-tydalsnebba\/\" rel=\"\"><img loading=\"lazy\" decoding=\"async\" width=\"3203\" height=\"2700\" alt=\"\" class=\"wp-image-2533\" data-id=\"2533\" data-imglink=\"\" data-link=\"https:\/\/ntnui.no\/toppturogfrikjoring\/todalen\/p1010031-copy-1\/\" src=\"https:\/\/ntnui.no\/toppturogfrikjoring\/wp-content\/uploads\/sites\/229\/2022\/09\/P1010031-copy-1.jpg\" \/><\/a><figcaption class=\"coblocks-gallery--caption\">1.2.1 Tydalsnebba<\/figcaption><\/figure><\/li><li class=\"coblocks-gallery--item\"><figure class=\"coblocks-gallery--figure\"><a href=\"https:\/\/ntnui.no\/toppturogfrikjoring\/1-3-1-granebba\/\" rel=\"\"><img loading=\"lazy\" decoding=\"async\" width=\"4000\" height=\"3000\" alt=\"\" class=\"wp-image-2528\" data-id=\"2528\" data-imglink=\"\" data-link=\"https:\/\/ntnui.no\/toppturogfrikjoring\/todalen\/p1010013-copy\/\" src=\"https:\/\/ntnui.no\/toppturogfrikjoring\/wp-content\/uploads\/sites\/229\/2022\/09\/P1010013-copy.jpg\" \/><\/a><figcaption class=\"coblocks-gallery--caption\">1.x Gr\u00e5nebba<\/figcaption><\/figure><\/li><\/ul><\/div><\/div>\n","protected":false},"excerpt":{"rendered":"<p>Todalen ligger vest i Trollheimen og er ca 2 timer og 15 minutter med bil fra Trondheim. Omr\u00e5det er mye bes\u00f8kt, og har topper som er b\u00e5de enkle og ganske krevende. Her finnes det ogs\u00e5 mye furuskog som kan by p\u00e5 \u00e5pen og fin skogskj\u00f8ring. Omr\u00e5det er n\u00e6rt havet, og de fleste turene starter p\u00e5 [&hellip;]<\/p>\n","protected":false},"author":388,"featured_media":0,"parent":0,"menu_order":0,"comment_status":"closed","ping_status":"closed","template":"","meta":{"inline_featured_image":false,"_coblocks_attr":"","_coblocks_dimensions":"","_coblocks_responsive_height":"","_coblocks_accordion_ie_support":"","_price":"","_stock":"","_tribe_ticket_header":"","_tribe_default_ticket_provider":"","_tribe_ticket_capacity":"0","_ticket_start_date":"","_ticket_end_date":"","_tribe_ticket_show_description":"","_tribe_ticket_show_not_going":false,"_tribe_ticket_use_global_stock":"","_tribe_ticket_global_stock_level":"","_global_stock_mode":"","_global_stock_cap":"","_tribe_rsvp_for_event":"","_tribe_ticket_going_count":"","_tribe_ticket_not_going_count":"","_tribe_tickets_list":[],"_tribe_ticket_has_attendee_info_fields":false,"footnotes":""},"class_list":["post-2510","page","type-page","status-publish","hentry"],"featured_image_src":null,"featured_image_src_square":null,"_links":{"self":[{"href":"https:\/\/ntnui.no\/toppturogfrikjoring\/wp-json\/wp\/v2\/pages\/2510","targetHints":{"allow":["GET"]}}],"collection":[{"href":"https:\/\/ntnui.no\/toppturogfrikjoring\/wp-json\/wp\/v2\/pages"}],"about":[{"href":"https:\/\/ntnui.no\/toppturogfrikjoring\/wp-json\/wp\/v2\/types\/page"}],"author":[{"embeddable":true,"href":"https:\/\/ntnui.no\/toppturogfrikjoring\/wp-json\/wp\/v2\/users\/388"}],"replies":[{"embeddable":true,"href":"https:\/\/ntnui.no\/toppturogfrikjoring\/wp-json\/wp\/v2\/comments?post=2510"}],"version-history":[{"count":24,"href":"https:\/\/ntnui.no\/toppturogfrikjoring\/wp-json\/wp\/v2\/pages\/2510\/revisions"}],"predecessor-version":[{"id":4129,"href":"https:\/\/ntnui.no\/toppturogfrikjoring\/wp-json\/wp\/v2\/pages\/2510\/revisions\/4129"}],"wp:attachment":[{"href":"https:\/\/ntnui.no\/toppturogfrikjoring\/wp-json\/wp\/v2\/media?parent=2510"}],"curies":[{"name":"wp","href":"https:\/\/api.w.org\/{rel}","templated":true}]}}