{"id":2478,"date":"2022-09-01T00:17:46","date_gmt":"2022-08-31T22:17:46","guid":{"rendered":"https:\/\/ntnui.no\/toppturogfrikjoring\/?page_id=2478"},"modified":"2023-10-19T12:24:24","modified_gmt":"2023-10-19T10:24:24","slug":"2-3-1-kongskrona-normalveien","status":"publish","type":"page","link":"https:\/\/ntnui.no\/toppturogfrikjoring\/2-3-1-kongskrona-normalveien\/","title":{"rendered":"2.3.1 Kongskrona normalveien"},"content":{"rendered":"\n<p>P\u00e5 gamle kart er Kongskrona ofte markert som h\u00f8yere enn Dronningkrona. I dag har breen p\u00e5 toppen smeltet s\u00e5pass at den ikke lenger er den h\u00f8yeste av de to.<\/p>\n\n\n\n<p>Normalruta er en popul\u00e6r tur og et litt mer krevende og variert alternativ til Dronningkrona. De aller fleste g\u00e5r over breen uten tau, selv om ruta krysser en del sprekker. Er en her tidlig i sesongen eller et \u00e5r med lite sn\u00f8 b\u00f8r nok sikring vurderes likevel.<\/p>\n\n\n\n<div class=\"wp-block-coblocks-alert has-text-color has-dark-black-color has-text-align-left has-background is-style-warning\" style=\"background-color:#cecece;font-size:17px\" aria-label=\"Alert section of type warning\"><p class=\"wp-block-coblocks-alert__title\"><strong>Vanskelighetsgrad:<\/strong>\u2026.\u2605\u2605\u2605\u2606<br><strong>Lengde:<\/strong>\u2026\u2026\u2026\u2026&#8230;..\u2026\u20261600 hm, 9 (18) km<br><strong>Bratteste helning:<\/strong>\u2026\u202636\u00b0<br><strong>Faremomenter:<\/strong>\u2026\u2026.\u2026skred, bresprekker<\/p><\/div>\n\n\n\n<p>Fra parkeringsplassen i enden av veien krysser du \u00e5keren og broa over elva. Videre ganske rett fram til en m\u00f8ter elva igjen. F\u00f8lg denne og kryss deretter ny bro. Hold venstre side av elva til du kommer til Viromsetra. Deretter fortsetter du inn mot Botnen og begynner p\u00e5 den lange motbakken opp mot Tunga. P\u00e5 ca 1370moh er det et kort parti som er noe bratt rett f\u00f8r brekanten. Selve breen krysses greit fram til den siste bratte kneika opp til topplat\u00e5et, som ikke er spesielt eksponert men kan oppleves litt ekkel hvis det er hardt. Nedkj\u00f8ringa samme vei har ofte god sn\u00f8.<\/p>\n\n\n\n<figure class=\"wp-block-image size-large is-resized\"><a href=\"https:\/\/ntnui.no\/toppturogfrikjoring\/wp-content\/uploads\/sites\/229\/2023\/10\/KongsKrona.png\"><img loading=\"lazy\" decoding=\"async\" src=\"https:\/\/ntnui.no\/toppturogfrikjoring\/wp-content\/uploads\/sites\/229\/2023\/10\/KongsKrona.png\" alt=\"\" class=\"wp-image-4080\" width=\"1450\" height=\"1792\" \/><\/a><figcaption>Bildet kan lastes ned s\u00e5 du kan se p\u00e5 det uten dekning \ud83d\ude09<\/figcaption><\/figure>\n\n\n\n<div class=\"wp-block-blockgallery-stacked alignfull\"><ul class=\"blockgallery has-caption-color has-background has-light-gray-background-color has-padding has-padding-30 has-padding-mobile-30 has-dark-black-color has-fullwidth-images has-margin\"><li class=\"blockgallery--item\"><figure class=\"blockgallery--figure has-margin-bottom-20\"><img loading=\"lazy\" decoding=\"async\" width=\"4000\" height=\"3000\" src=\"https:\/\/ntnui.no\/toppturogfrikjoring\/wp-content\/uploads\/sites\/229\/2022\/08\/P1010394-copy-1.jpg\" alt=\"\" data-id=\"2465\" data-link=\"https:\/\/ntnui.no\/toppturogfrikjoring\/innerdalen-viromdalen\/p1010394-copy-1\/\" class=\"wp-image-2465 has-shadow-none\" \/><figcaption class=\"blockgallery--caption\"><em>Fra parkeringa p\u00e5 Dalen<\/em><\/figcaption><\/figure><\/li><li class=\"blockgallery--item\"><figure class=\"blockgallery--figure has-margin-bottom-20\"><img loading=\"lazy\" decoding=\"async\" width=\"5472\" height=\"3648\" src=\"https:\/\/ntnui.no\/toppturogfrikjoring\/wp-content\/uploads\/sites\/229\/2022\/08\/P1060266.jpg\" alt=\"\" data-id=\"2371\" data-link=\"https:\/\/ntnui.no\/toppturogfrikjoring\/innerdalen-viromdalen\/p1060266\/\" class=\"wp-image-2371 has-shadow-none\" \/><figcaption class=\"blockgallery--caption\"><em>Fra Vinnubreen<\/em><\/figcaption><\/figure><\/li><\/ul><\/div>\n\n\n\n<p><\/p>\n","protected":false},"excerpt":{"rendered":"<p>P\u00e5 gamle kart er Kongskrona ofte markert som h\u00f8yere enn Dronningkrona. I dag har breen p\u00e5 toppen smeltet s\u00e5pass at den ikke lenger er den h\u00f8yeste av de to. Normalruta er en popul\u00e6r tur og et litt mer krevende og variert alternativ til Dronningkrona. De aller fleste g\u00e5r over breen uten tau, selv om ruta [&hellip;]<\/p>\n","protected":false},"author":388,"featured_media":0,"parent":0,"menu_order":0,"comment_status":"closed","ping_status":"closed","template":"","meta":{"inline_featured_image":false,"_coblocks_attr":"","_coblocks_dimensions":"","_coblocks_responsive_height":"","_coblocks_accordion_ie_support":"","_price":"","_stock":"","_tribe_ticket_header":"","_tribe_default_ticket_provider":"","_tribe_ticket_capacity":"0","_ticket_start_date":"","_ticket_end_date":"","_tribe_ticket_show_description":"","_tribe_ticket_show_not_going":false,"_tribe_ticket_use_global_stock":"","_tribe_ticket_global_stock_level":"","_global_stock_mode":"","_global_stock_cap":"","_tribe_rsvp_for_event":"","_tribe_ticket_going_count":"","_tribe_ticket_not_going_count":"","_tribe_tickets_list":[],"_tribe_ticket_has_attendee_info_fields":false,"footnotes":""},"class_list":["post-2478","page","type-page","status-publish","hentry"],"featured_image_src":null,"featured_image_src_square":null,"_links":{"self":[{"href":"https:\/\/ntnui.no\/toppturogfrikjoring\/wp-json\/wp\/v2\/pages\/2478","targetHints":{"allow":["GET"]}}],"collection":[{"href":"https:\/\/ntnui.no\/toppturogfrikjoring\/wp-json\/wp\/v2\/pages"}],"about":[{"href":"https:\/\/ntnui.no\/toppturogfrikjoring\/wp-json\/wp\/v2\/types\/page"}],"author":[{"embeddable":true,"href":"https:\/\/ntnui.no\/toppturogfrikjoring\/wp-json\/wp\/v2\/users\/388"}],"replies":[{"embeddable":true,"href":"https:\/\/ntnui.no\/toppturogfrikjoring\/wp-json\/wp\/v2\/comments?post=2478"}],"version-history":[{"count":3,"href":"https:\/\/ntnui.no\/toppturogfrikjoring\/wp-json\/wp\/v2\/pages\/2478\/revisions"}],"predecessor-version":[{"id":4081,"href":"https:\/\/ntnui.no\/toppturogfrikjoring\/wp-json\/wp\/v2\/pages\/2478\/revisions\/4081"}],"wp:attachment":[{"href":"https:\/\/ntnui.no\/toppturogfrikjoring\/wp-json\/wp\/v2\/media?parent=2478"}],"curies":[{"name":"wp","href":"https:\/\/api.w.org\/{rel}","templated":true}]}}