{"id":2468,"date":"2022-08-31T20:56:40","date_gmt":"2022-08-31T18:56:40","guid":{"rendered":"https:\/\/ntnui.no\/toppturogfrikjoring\/?page_id=2468"},"modified":"2023-10-19T12:14:48","modified_gmt":"2023-10-19T10:14:48","slug":"2-2-2-dronningkrona-fra-dalen","status":"publish","type":"page","link":"https:\/\/ntnui.no\/toppturogfrikjoring\/2-2-2-dronningkrona-fra-dalen\/","title":{"rendered":"2.2.2 Dronningkrona fra Dalen"},"content":{"rendered":"\n<p><\/p>\n\n\n\n<p>En mindre brukt, men kanskje finere variant enn normalruta, er \u00e5 g\u00e5 fra parkeringa innerst i Viromdalen. Kombinerer en dette med nedkj\u00f8ringa ned breene i \u00f8stsida (rute 2.2.3 \u201cVallee Blanche\u201d) har du fort en veldig stilig rundtur.<\/p>\n\n\n\n<div class=\"wp-block-coblocks-alert has-text-color has-dark-black-color has-text-align-left has-background is-style-warning\" style=\"background-color:#cecece;font-size:17px\" aria-label=\"Alert section of type warning\"><p class=\"wp-block-coblocks-alert__title\"><strong>Vanskelighetsgrad:<\/strong>\u2026.\u2605\u2605\u2605\u2606<br><strong>Lengde:<\/strong>\u2026\u2026\u2026\u2026&#8230;..\u2026\u20261600 hm, 10 (20) km<br><strong>Bratteste helning:<\/strong>\u2026\u202632\u00b0<br><strong>Faremomenter:<\/strong>\u2026\u2026.\u2026skred, skavlbrudd, bresprekker<\/p><\/div>\n\n\n\n<p>Fra parkeringsplassen krysser du \u00e5keren og broa over elva. Videre ganske rett fram til en m\u00f8ter elva igjen. F\u00f8lg denne og kryss deretter ny bro. Hold venstre side av elva opp bratta til du kommer til Viromsetra. Herifra f\u00f8lger en dalen inn mot Kongskrona et lite stykke til og krysser elva n\u00e5r det lar seg gj\u00f8re. Ta s\u00e5 til h\u00f8yre og f\u00f8lg den slake sida opp til h\u00f8yre for Hesten. Videre bratt opp til den vesle breen nord for Sandvikhaugen som du krysser. Der breen er p\u00e5 sitt bratteste finnes sprekker, hold venstre for \u00e5 unng\u00e5 de verste. Breen har smeltet en del i det siste og er nok n\u00e5 ogs\u00e5 brattere enn det skredkartet viser.<\/p>\n\n\n\n<figure class=\"wp-block-image size-large is-resized\"><a href=\"https:\/\/ntnui.no\/toppturogfrikjoring\/wp-content\/uploads\/sites\/229\/2023\/10\/DronningKrona-4.png\"><img loading=\"lazy\" decoding=\"async\" src=\"https:\/\/ntnui.no\/toppturogfrikjoring\/wp-content\/uploads\/sites\/229\/2023\/10\/DronningKrona-4.png\" alt=\"\" class=\"wp-image-4077\" width=\"1450\" height=\"1150\" \/><\/a><figcaption>Trykk p\u00e5 bilde for \u00e5 laste ned f\u00f8r turen \ud83d\ude42<\/figcaption><\/figure>\n\n\n\n<div class=\"wp-block-blockgallery-stacked alignfull\"><ul class=\"blockgallery has-caption-color has-background has-light-gray-background-color has-padding has-padding-30 has-padding-mobile-30 has-dark-black-color has-fullwidth-images has-margin\"><li class=\"blockgallery--item\"><figure class=\"blockgallery--figure has-margin-bottom-20\"><img loading=\"lazy\" decoding=\"async\" width=\"5472\" height=\"3648\" src=\"https:\/\/ntnui.no\/toppturogfrikjoring\/wp-content\/uploads\/sites\/229\/2022\/08\/P1060275-copy.jpg\" alt=\"\" data-id=\"2470\" data-link=\"https:\/\/ntnui.no\/toppturogfrikjoring\/?attachment_id=2470\" class=\"wp-image-2470 has-shadow-none\" \/><\/figure><\/li><li class=\"blockgallery--item\"><figure class=\"blockgallery--figure has-margin-bottom-20\"><img loading=\"lazy\" decoding=\"async\" width=\"5220\" height=\"3216\" src=\"https:\/\/ntnui.no\/toppturogfrikjoring\/wp-content\/uploads\/sites\/229\/2022\/08\/P1060308-1.jpg\" alt=\"\" data-id=\"2469\" data-link=\"https:\/\/ntnui.no\/toppturogfrikjoring\/?attachment_id=2469\" class=\"wp-image-2469 has-shadow-none\" \/><figcaption class=\"blockgallery--caption\"><em>P\u00e5 toppen av den vesle breen nord for Sandvikhaugen<\/em><\/figcaption><\/figure><\/li><\/ul><\/div>\n\n\n\n<p><\/p>\n","protected":false},"excerpt":{"rendered":"<p>En mindre brukt, men kanskje finere variant enn normalruta, er \u00e5 g\u00e5 fra parkeringa innerst i Viromdalen. Kombinerer en dette med nedkj\u00f8ringa ned breene i \u00f8stsida (rute 2.2.3 \u201cVallee Blanche\u201d) har du fort en veldig stilig rundtur. Fra parkeringsplassen krysser du \u00e5keren og broa over elva. Videre ganske rett fram til en m\u00f8ter elva igjen. [&hellip;]<\/p>\n","protected":false},"author":388,"featured_media":0,"parent":0,"menu_order":0,"comment_status":"closed","ping_status":"closed","template":"","meta":{"inline_featured_image":false,"_coblocks_attr":"","_coblocks_dimensions":"","_coblocks_responsive_height":"","_coblocks_accordion_ie_support":"","_price":"","_stock":"","_tribe_ticket_header":"","_tribe_default_ticket_provider":"","_tribe_ticket_capacity":"0","_ticket_start_date":"","_ticket_end_date":"","_tribe_ticket_show_description":"","_tribe_ticket_show_not_going":false,"_tribe_ticket_use_global_stock":"","_tribe_ticket_global_stock_level":"","_global_stock_mode":"","_global_stock_cap":"","_tribe_rsvp_for_event":"","_tribe_ticket_going_count":"","_tribe_ticket_not_going_count":"","_tribe_tickets_list":[],"_tribe_ticket_has_attendee_info_fields":false,"footnotes":""},"class_list":["post-2468","page","type-page","status-publish","hentry"],"featured_image_src":null,"featured_image_src_square":null,"_links":{"self":[{"href":"https:\/\/ntnui.no\/toppturogfrikjoring\/wp-json\/wp\/v2\/pages\/2468","targetHints":{"allow":["GET"]}}],"collection":[{"href":"https:\/\/ntnui.no\/toppturogfrikjoring\/wp-json\/wp\/v2\/pages"}],"about":[{"href":"https:\/\/ntnui.no\/toppturogfrikjoring\/wp-json\/wp\/v2\/types\/page"}],"author":[{"embeddable":true,"href":"https:\/\/ntnui.no\/toppturogfrikjoring\/wp-json\/wp\/v2\/users\/388"}],"replies":[{"embeddable":true,"href":"https:\/\/ntnui.no\/toppturogfrikjoring\/wp-json\/wp\/v2\/comments?post=2468"}],"version-history":[{"count":6,"href":"https:\/\/ntnui.no\/toppturogfrikjoring\/wp-json\/wp\/v2\/pages\/2468\/revisions"}],"predecessor-version":[{"id":4078,"href":"https:\/\/ntnui.no\/toppturogfrikjoring\/wp-json\/wp\/v2\/pages\/2468\/revisions\/4078"}],"wp:attachment":[{"href":"https:\/\/ntnui.no\/toppturogfrikjoring\/wp-json\/wp\/v2\/media?parent=2468"}],"curies":[{"name":"wp","href":"https:\/\/api.w.org\/{rel}","templated":true}]}}