{"id":2456,"date":"2022-08-31T20:25:24","date_gmt":"2022-08-31T18:25:24","guid":{"rendered":"https:\/\/ntnui.no\/toppturogfrikjoring\/?page_id=2456"},"modified":"2023-10-19T12:14:24","modified_gmt":"2023-10-19T10:14:24","slug":"2-2-1-dronningkrona-normalveien","status":"publish","type":"page","link":"https:\/\/ntnui.no\/toppturogfrikjoring\/2-2-1-dronningkrona-normalveien\/","title":{"rendered":"2.2.1 Dronningkrona normalveien"},"content":{"rendered":"\n<p>Dronningkrona er en skikkelig toppturklassiker og den klart mest popul\u00e6re turen i omr\u00e5det. Husk \u00e5 parker forsvarlig hvis det er folksomt, det har hendt at biler blir tauet bort. Normalruta er en typisk v\u00e5rtur med sin vestvendte flanke og mange h\u00f8ydemetre.<\/p>\n\n\n\n<div class=\"wp-block-coblocks-alert has-text-color has-dark-black-color has-text-align-left has-background is-style-warning\" style=\"background-color:#cecece;font-size:17px\" aria-label=\"Alert section of type warning\"><p class=\"wp-block-coblocks-alert__title\"><strong>Vanskelighetsgrad:<\/strong>\u2026.\u2605\u2605\u2606\u2606<br><strong>Lengde:<\/strong>\u2026\u2026\u2026\u2026&#8230;..\u2026\u20261650 hm, 7.5 (15) km<br><strong>Bratteste helning:<\/strong>\u2026\u202632\u00b0 <em>(kort parti)<\/em><br><strong>Faremomenter:<\/strong>\u2026\u2026.\u2026skred, skavlbrudd<\/p><\/div>\n\n\n\n<p>Fra parkeringa ved Camp Dronningkrona krysser en jordet til h\u00f8yre. Videre opp gjennom skogen er det vanligvis spor en kan f\u00f8lge. Over tregrensa svinger en gradvis mot venstre og begynner deretter p\u00e5 1000-metersbakken (den er egentlig bare 700). Noen velger \u00e5 snu ved 1686-toppen, som gir mer effektiv skikj\u00f8ring. Veien videre langs ryggen best\u00e5r av litt opp, litt ned og en del flatt. Hold god avstand til stupet, skavlene her blir enorme. Den siste kneika til topps kan oppleves litt utsatt hvis det er isete f\u00f8re.<\/p>\n\n\n\n<figure class=\"wp-block-image size-large is-resized\"><a href=\"https:\/\/ntnui.no\/toppturogfrikjoring\/wp-content\/uploads\/sites\/229\/2023\/10\/DronningKrona-3.png\"><img loading=\"lazy\" decoding=\"async\" src=\"https:\/\/ntnui.no\/toppturogfrikjoring\/wp-content\/uploads\/sites\/229\/2023\/10\/DronningKrona-3.png\" alt=\"\" class=\"wp-image-4075\" width=\"1450\" height=\"1150\" \/><\/a><figcaption>Trykk p\u00e5 bilde for \u00e5 laste ned f\u00f8r tur \ud83d\ude42<\/figcaption><\/figure>\n\n\n\n<div class=\"wp-block-blockgallery-stacked alignfull\"><ul class=\"blockgallery has-caption-color has-background has-light-gray-background-color has-padding has-padding-30 has-padding-mobile-30 has-dark-black-color has-fullwidth-images has-margin\"><li class=\"blockgallery--item\"><figure class=\"blockgallery--figure has-margin-bottom-20\"><img loading=\"lazy\" decoding=\"async\" width=\"5472\" height=\"3648\" src=\"https:\/\/ntnui.no\/toppturogfrikjoring\/wp-content\/uploads\/sites\/229\/2022\/08\/P1000204.jpg\" alt=\"\" data-id=\"2365\" data-link=\"https:\/\/ntnui.no\/toppturogfrikjoring\/innerdalen-viromdalen\/p1000204\/\" class=\"wp-image-2365 has-shadow-none\" \/><figcaption class=\"blockgallery--caption\">Dronningkrona sett fra fjorden<\/figcaption><\/figure><\/li><li class=\"blockgallery--item\"><figure class=\"blockgallery--figure has-margin-bottom-20\"><img loading=\"lazy\" decoding=\"async\" width=\"5022\" height=\"3390\" src=\"https:\/\/ntnui.no\/toppturogfrikjoring\/wp-content\/uploads\/sites\/229\/2022\/08\/P1060250-copy.jpg\" alt=\"\" data-id=\"2458\" data-link=\"https:\/\/ntnui.no\/toppturogfrikjoring\/2-2-1-dronningkrona-normalveien\/p1060250-copy\/\" class=\"wp-image-2458 has-shadow-none\" \/><figcaption class=\"blockgallery--caption\">Det siste partiet opp mot toppen<\/figcaption><\/figure><\/li><\/ul><\/div>\n\n\n\n<p><\/p>\n","protected":false},"excerpt":{"rendered":"<p>Dronningkrona er en skikkelig toppturklassiker og den klart mest popul\u00e6re turen i omr\u00e5det. Husk \u00e5 parker forsvarlig hvis det er folksomt, det har hendt at biler blir tauet bort. Normalruta er en typisk v\u00e5rtur med sin vestvendte flanke og mange h\u00f8ydemetre. Fra parkeringa ved Camp Dronningkrona krysser en jordet til h\u00f8yre. Videre opp gjennom skogen [&hellip;]<\/p>\n","protected":false},"author":388,"featured_media":0,"parent":0,"menu_order":0,"comment_status":"closed","ping_status":"closed","template":"","meta":{"inline_featured_image":false,"_coblocks_attr":"","_coblocks_dimensions":"","_coblocks_responsive_height":"","_coblocks_accordion_ie_support":"","_price":"","_stock":"","_tribe_ticket_header":"","_tribe_default_ticket_provider":"","_tribe_ticket_capacity":"0","_ticket_start_date":"","_ticket_end_date":"","_tribe_ticket_show_description":"","_tribe_ticket_show_not_going":false,"_tribe_ticket_use_global_stock":"","_tribe_ticket_global_stock_level":"","_global_stock_mode":"","_global_stock_cap":"","_tribe_rsvp_for_event":"","_tribe_ticket_going_count":"","_tribe_ticket_not_going_count":"","_tribe_tickets_list":[],"_tribe_ticket_has_attendee_info_fields":false,"footnotes":""},"class_list":["post-2456","page","type-page","status-publish","hentry"],"featured_image_src":null,"featured_image_src_square":null,"_links":{"self":[{"href":"https:\/\/ntnui.no\/toppturogfrikjoring\/wp-json\/wp\/v2\/pages\/2456","targetHints":{"allow":["GET"]}}],"collection":[{"href":"https:\/\/ntnui.no\/toppturogfrikjoring\/wp-json\/wp\/v2\/pages"}],"about":[{"href":"https:\/\/ntnui.no\/toppturogfrikjoring\/wp-json\/wp\/v2\/types\/page"}],"author":[{"embeddable":true,"href":"https:\/\/ntnui.no\/toppturogfrikjoring\/wp-json\/wp\/v2\/users\/388"}],"replies":[{"embeddable":true,"href":"https:\/\/ntnui.no\/toppturogfrikjoring\/wp-json\/wp\/v2\/comments?post=2456"}],"version-history":[{"count":5,"href":"https:\/\/ntnui.no\/toppturogfrikjoring\/wp-json\/wp\/v2\/pages\/2456\/revisions"}],"predecessor-version":[{"id":4076,"href":"https:\/\/ntnui.no\/toppturogfrikjoring\/wp-json\/wp\/v2\/pages\/2456\/revisions\/4076"}],"wp:attachment":[{"href":"https:\/\/ntnui.no\/toppturogfrikjoring\/wp-json\/wp\/v2\/media?parent=2456"}],"curies":[{"name":"wp","href":"https:\/\/api.w.org\/{rel}","templated":true}]}}