{"id":2449,"date":"2022-08-31T19:36:52","date_gmt":"2022-08-31T17:36:52","guid":{"rendered":"https:\/\/ntnui.no\/toppturogfrikjoring\/?page_id=2449"},"modified":"2023-10-19T12:15:53","modified_gmt":"2023-10-19T10:15:53","slug":"2-2-4-valle-blanche","status":"publish","type":"page","link":"https:\/\/ntnui.no\/toppturogfrikjoring\/2-2-4-valle-blanche\/","title":{"rendered":"2.2.3 Valle Blanche"},"content":{"rendered":"\n<p>Fra Sandvikhaugen er det mulig \u00e5 kj\u00f8re ned breene i \u00f8stsida. Navnestjelinga fra den klassiske frikj\u00f8ringsruta i Chamonix er ikke tilfeldig, selv om denne turen kanskje ikke er helt sammenlignbar. Ruta g\u00e5r uansett i stilige alpine omgivelser og har ofte god sn\u00f8. V\u00e6r forsiktig med \u00e5 kj\u00f8re ned her i d\u00e5rlig sikt, det finnes en del stup og skrenter en m\u00e5 navigere seg rundt. Hvis en starter fra parkeringa til Dronningkrona trengs to biler, eventuelt hvis det er mye folk i fjellet er det ofte greit \u00e5 f\u00e5 haik tilbake.<\/p>\n\n\n\n<div class=\"wp-block-coblocks-alert has-text-color has-dark-black-color has-text-align-left has-background is-style-warning\" style=\"background-color:#cecece;font-size:17px\" aria-label=\"Alert section of type warning\"><p class=\"wp-block-coblocks-alert__title\"><strong>Vanskelighetsgrad:<\/strong>\u2026.\u2605\u2605\u2605\u2606<br><strong>Lengde:<\/strong>\u2026\u2026\u2026\u2026&#8230;..\u2026\u2026<br><strong>Bratteste helning:<\/strong>\u2026\u202635-40\u00b0 <em>(kort parti)<\/em><br><strong>Faremomenter:<\/strong>\u2026\u2026.\u2026skred, bresprekker<\/p><\/div>\n\n\n\n<p>Den slakeste inngangen til sida finner en et lite stykke s\u00f8r for Sandvikhaugen. Kj\u00f8r til venstre for den lille nabben litt ned i sida s\u00e5 du havner p\u00e5 riktig bre. Videre krysser en breflata i bunn, og finner passasjen ned fra breen. Hold deretter litt h\u00f8yre for \u00e5 passere gjennom en ny skrentrekke og skli ned til der normalruta til Kongskrona g\u00e5r.<\/p>\n\n\n\n<figure class=\"wp-block-image size-large is-resized\"><img loading=\"lazy\" decoding=\"async\" src=\"https:\/\/ntnui.no\/toppturogfrikjoring\/wp-content\/uploads\/sites\/229\/2023\/10\/DronningKrona-4.png\" alt=\"\" class=\"wp-image-4077\" width=\"1450\" height=\"1149\" \/><figcaption>Last ned bildet s\u00e5 kan du bruke det selv uten dekning \ud83d\ude09<\/figcaption><\/figure>\n\n\n\n<div class=\"wp-block-blockgallery-stacked alignfull\"><ul class=\"blockgallery has-caption-color has-background has-light-gray-background-color has-padding has-padding-30 has-padding-mobile-30 has-dark-black-color has-fullwidth-images has-margin\"><li class=\"blockgallery--item\"><figure class=\"blockgallery--figure has-margin-bottom-20\"><img loading=\"lazy\" decoding=\"async\" width=\"3000\" height=\"3201\" src=\"https:\/\/ntnui.no\/toppturogfrikjoring\/wp-content\/uploads\/sites\/229\/2022\/08\/P1010400.jpg\" alt=\"\" data-id=\"2453\" data-link=\"https:\/\/ntnui.no\/toppturogfrikjoring\/2-2-4-valle-blanche\/p1010400\/\" class=\"wp-image-2453 has-shadow-none\" \/><\/figure><\/li><\/ul><\/div>\n\n\n\n<p><\/p>\n","protected":false},"excerpt":{"rendered":"<p>Fra Sandvikhaugen er det mulig \u00e5 kj\u00f8re ned breene i \u00f8stsida. Navnestjelinga fra den klassiske frikj\u00f8ringsruta i Chamonix er ikke tilfeldig, selv om denne turen kanskje ikke er helt sammenlignbar. Ruta g\u00e5r uansett i stilige alpine omgivelser og har ofte god sn\u00f8. V\u00e6r forsiktig med \u00e5 kj\u00f8re ned her i d\u00e5rlig sikt, det finnes en [&hellip;]<\/p>\n","protected":false},"author":388,"featured_media":0,"parent":0,"menu_order":0,"comment_status":"closed","ping_status":"closed","template":"","meta":{"inline_featured_image":false,"_coblocks_attr":"","_coblocks_dimensions":"","_coblocks_responsive_height":"","_coblocks_accordion_ie_support":"","_price":"","_stock":"","_tribe_ticket_header":"","_tribe_default_ticket_provider":"","_tribe_ticket_capacity":"0","_ticket_start_date":"","_ticket_end_date":"","_tribe_ticket_show_description":"","_tribe_ticket_show_not_going":false,"_tribe_ticket_use_global_stock":"","_tribe_ticket_global_stock_level":"","_global_stock_mode":"","_global_stock_cap":"","_tribe_rsvp_for_event":"","_tribe_ticket_going_count":"","_tribe_ticket_not_going_count":"","_tribe_tickets_list":[],"_tribe_ticket_has_attendee_info_fields":false,"footnotes":""},"class_list":["post-2449","page","type-page","status-publish","hentry"],"featured_image_src":null,"featured_image_src_square":null,"_links":{"self":[{"href":"https:\/\/ntnui.no\/toppturogfrikjoring\/wp-json\/wp\/v2\/pages\/2449","targetHints":{"allow":["GET"]}}],"collection":[{"href":"https:\/\/ntnui.no\/toppturogfrikjoring\/wp-json\/wp\/v2\/pages"}],"about":[{"href":"https:\/\/ntnui.no\/toppturogfrikjoring\/wp-json\/wp\/v2\/types\/page"}],"author":[{"embeddable":true,"href":"https:\/\/ntnui.no\/toppturogfrikjoring\/wp-json\/wp\/v2\/users\/388"}],"replies":[{"embeddable":true,"href":"https:\/\/ntnui.no\/toppturogfrikjoring\/wp-json\/wp\/v2\/comments?post=2449"}],"version-history":[{"count":3,"href":"https:\/\/ntnui.no\/toppturogfrikjoring\/wp-json\/wp\/v2\/pages\/2449\/revisions"}],"predecessor-version":[{"id":4079,"href":"https:\/\/ntnui.no\/toppturogfrikjoring\/wp-json\/wp\/v2\/pages\/2449\/revisions\/4079"}],"wp:attachment":[{"href":"https:\/\/ntnui.no\/toppturogfrikjoring\/wp-json\/wp\/v2\/media?parent=2449"}],"curies":[{"name":"wp","href":"https:\/\/api.w.org\/{rel}","templated":true}]}}