{"id":2429,"date":"2022-08-31T17:22:15","date_gmt":"2022-08-31T15:22:15","guid":{"rendered":"https:\/\/ntnui.no\/toppturogfrikjoring\/?page_id=2429"},"modified":"2023-10-19T12:00:18","modified_gmt":"2023-10-19T10:00:18","slug":"2-1-4-2-1-3-ostflanken","status":"publish","type":"page","link":"https:\/\/ntnui.no\/toppturogfrikjoring\/2-1-4-2-1-3-ostflanken\/","title":{"rendered":"2.1.4 &amp; 2.1.3 \u00d8stflanken"},"content":{"rendered":"\n<h2 class=\"wp-block-heading\">2.1.3 Flanken<\/h2>\n\n\n\n<div class=\"wp-block-coblocks-alert has-text-color has-dark-black-color has-text-align-left has-background is-style-warning\" style=\"background-color:#cecece;font-size:17px\" aria-label=\"Alert section of type warning\"><p class=\"wp-block-coblocks-alert__title\"><strong>Vanskelighetsgrad:<\/strong>\u2026.\u2605\u2605\u2605\u2605\/\u2605\u2605\u2605\u2606&nbsp;<em>eksponert ved hardt f\u00f8re<\/em><br><strong>Lengde:<\/strong>\u2026\u2026\u2026\u2026&#8230;..\u2026\u2026<br><strong>Bratteste helning:<\/strong>\u2026\u202640-45\u00b0<br><strong>Faremomenter:<\/strong>\u2026\u2026.\u2026skred<\/p><\/div>\n\n\n\n<p>Omtrent der en setter igjen skia f\u00f8r eggen er det mulig \u00e5 kj\u00f8re ned \u00f8stsida. Toppen av flanken er i underkant av 40\u00b0 og kan oppleves noe eksponert hvis det er hardt f\u00f8re. Midtveis flater det ut. Derifra er det to korte renner en kan ta, den sydligste er den slakeste og i underkant av 45\u00b0 \u00f8verst.<\/p>\n\n\n\n<h2 class=\"wp-block-heading\">2.1.4 Topprenna<\/h2>\n\n\n\n<p><\/p>\n\n\n\n<div class=\"wp-block-coblocks-alert has-text-color has-dark-black-color has-text-align-left has-background is-style-warning\" style=\"background-color:#cecece;font-size:17px\" aria-label=\"Alert section of type warning\"><p class=\"wp-block-coblocks-alert__title\"><strong>Vanskelighetsgrad:<\/strong>\u2026.\u2605\u2605\u2605\u2605<br><strong>Lengde:<\/strong>\u2026\u2026\u2026\u2026&#8230;..\u2026\u2026<br><strong>Bratteste helning:<\/strong>\u2026\u2026&gt;50\u00b0<br><strong>Faremomenter:<\/strong>\u2026\u2026.\u2026skred<\/p><\/div>\n\n\n\n<p>Mellom fortoppen og hovedtoppen g\u00e5r det en bratt renne det er mulig \u00e5 kj\u00f8re ved trygge forhold.<\/p>\n\n\n\n<figure class=\"wp-block-image size-large is-resized\"><a href=\"https:\/\/ntnui.no\/toppturogfrikjoring\/wp-content\/uploads\/sites\/229\/2022\/08\/Skjermbilde-2022-08-31-164846.jpg\"><img loading=\"lazy\" decoding=\"async\" src=\"https:\/\/ntnui.no\/toppturogfrikjoring\/wp-content\/uploads\/sites\/229\/2022\/08\/Skjermbilde-2022-08-31-164846.jpg\" alt=\"\" class=\"wp-image-2398\" width=\"1450\" height=\"1320\" \/><\/a><figcaption>\u00a9 Kartverket<\/figcaption><\/figure>\n\n\n\n<div class=\"wp-block-blockgallery-stacked alignfull\"><ul class=\"blockgallery has-caption-color has-background has-light-gray-background-color has-padding has-padding-30 has-padding-mobile-30 has-dark-black-color has-fullwidth-images has-margin\"><li class=\"blockgallery--item\"><figure class=\"blockgallery--figure has-margin-bottom-20\"><img loading=\"lazy\" decoding=\"async\" width=\"2079\" height=\"1631\" src=\"https:\/\/ntnui.no\/toppturogfrikjoring\/wp-content\/uploads\/sites\/229\/2022\/08\/P1060245-Recovered-1.jpg\" alt=\"\" data-id=\"2440\" data-link=\"https:\/\/ntnui.no\/toppturogfrikjoring\/2-1-4-2-1-3-ostflanken\/p1060245-recovered-1\/\" class=\"wp-image-2440 has-shadow-none\" \/><\/figure><\/li><li class=\"blockgallery--item\"><figure class=\"blockgallery--figure has-margin-bottom-20\"><img loading=\"lazy\" decoding=\"async\" width=\"4032\" height=\"3024\" src=\"https:\/\/ntnui.no\/toppturogfrikjoring\/wp-content\/uploads\/sites\/229\/2022\/08\/IMG_3445-2.jpg\" alt=\"\" data-id=\"2441\" data-link=\"https:\/\/ntnui.no\/toppturogfrikjoring\/2-1-4-2-1-3-ostflanken\/img_3445-2\/\" class=\"wp-image-2441 has-shadow-none\" \/><\/figure><\/li><li class=\"blockgallery--item\"><figure class=\"blockgallery--figure has-margin-bottom-20\"><img loading=\"lazy\" decoding=\"async\" width=\"3024\" height=\"2696\" src=\"https:\/\/ntnui.no\/toppturogfrikjoring\/wp-content\/uploads\/sites\/229\/2022\/09\/IMG_3442.jpg\" alt=\"\" data-id=\"2482\" data-link=\"https:\/\/ntnui.no\/toppturogfrikjoring\/2-1-4-2-1-3-ostflanken\/img_3442-2\/\" class=\"wp-image-2482 has-shadow-none\" \/><figcaption class=\"blockgallery--caption\"><em>Topprenna sett ovenifra. De fleste vil nok velge \u00e5 sette litt flere svinger enn det som er gjort her.<\/em><\/figcaption><\/figure><\/li><\/ul><\/div>\n\n\n\n<p><\/p>\n","protected":false},"excerpt":{"rendered":"<p>2.1.3 Flanken Omtrent der en setter igjen skia f\u00f8r eggen er det mulig \u00e5 kj\u00f8re ned \u00f8stsida. Toppen av flanken er i underkant av 40\u00b0 og kan oppleves noe eksponert hvis det er hardt f\u00f8re. Midtveis flater det ut. Derifra er det to korte renner en kan ta, den sydligste er den slakeste og i [&hellip;]<\/p>\n","protected":false},"author":388,"featured_media":0,"parent":0,"menu_order":0,"comment_status":"closed","ping_status":"closed","template":"","meta":{"inline_featured_image":false,"_coblocks_attr":"","_coblocks_dimensions":"","_coblocks_responsive_height":"","_coblocks_accordion_ie_support":"","_price":"","_stock":"","_tribe_ticket_header":"","_tribe_default_ticket_provider":"","_tribe_ticket_capacity":"0","_ticket_start_date":"","_ticket_end_date":"","_tribe_ticket_show_description":"","_tribe_ticket_show_not_going":false,"_tribe_ticket_use_global_stock":"","_tribe_ticket_global_stock_level":"","_global_stock_mode":"","_global_stock_cap":"","_tribe_rsvp_for_event":"","_tribe_ticket_going_count":"","_tribe_ticket_not_going_count":"","_tribe_tickets_list":[],"_tribe_ticket_has_attendee_info_fields":false,"footnotes":""},"class_list":["post-2429","page","type-page","status-publish","hentry"],"featured_image_src":null,"featured_image_src_square":null,"_links":{"self":[{"href":"https:\/\/ntnui.no\/toppturogfrikjoring\/wp-json\/wp\/v2\/pages\/2429","targetHints":{"allow":["GET"]}}],"collection":[{"href":"https:\/\/ntnui.no\/toppturogfrikjoring\/wp-json\/wp\/v2\/pages"}],"about":[{"href":"https:\/\/ntnui.no\/toppturogfrikjoring\/wp-json\/wp\/v2\/types\/page"}],"author":[{"embeddable":true,"href":"https:\/\/ntnui.no\/toppturogfrikjoring\/wp-json\/wp\/v2\/users\/388"}],"replies":[{"embeddable":true,"href":"https:\/\/ntnui.no\/toppturogfrikjoring\/wp-json\/wp\/v2\/comments?post=2429"}],"version-history":[{"count":10,"href":"https:\/\/ntnui.no\/toppturogfrikjoring\/wp-json\/wp\/v2\/pages\/2429\/revisions"}],"predecessor-version":[{"id":4066,"href":"https:\/\/ntnui.no\/toppturogfrikjoring\/wp-json\/wp\/v2\/pages\/2429\/revisions\/4066"}],"wp:attachment":[{"href":"https:\/\/ntnui.no\/toppturogfrikjoring\/wp-json\/wp\/v2\/media?parent=2429"}],"curies":[{"name":"wp","href":"https:\/\/api.w.org\/{rel}","templated":true}]}}