{"id":2377,"date":"2022-08-31T15:38:17","date_gmt":"2022-08-31T13:38:17","guid":{"rendered":"https:\/\/ntnui.no\/toppturogfrikjoring\/?page_id=2377"},"modified":"2023-10-19T11:58:49","modified_gmt":"2023-10-19T09:58:49","slug":"skiforer-2-1-1-grovelnebba","status":"publish","type":"page","link":"https:\/\/ntnui.no\/toppturogfrikjoring\/skiforer-2-1-1-grovelnebba\/","title":{"rendered":"2.1.1 Gr\u00f8velnebba"},"content":{"rendered":"\n<p>Gr\u00f8velnebba er et bratt fjell, men ikke brattere enn at de fleste med litt klyve- og<br>tauerfaring kommer seg greit opp. \u00d8stsida samler mye sn\u00f8, og har flere gode<br>nedkj\u00f8ringsmuligheter.<\/p>\n\n\n\n<div class=\"wp-block-coblocks-alert has-text-color has-dark-black-color has-text-align-left has-background is-style-warning\" style=\"background-color:#cecece;font-size:17px\" aria-label=\"Alert section of type warning\"><p class=\"wp-block-coblocks-alert__title\"><strong>Vanskelighetsgrad:<\/strong>\u2026.\u2605\u2605\u2605\u2605 <em>krever en kort rappell<\/em><br><strong>Lengde:<\/strong>\u2026\u2026\u2026\u2026&#8230;..\u2026\u20261250 hm, 5.5 (11) km<br><strong>Bratteste helning:<\/strong>\u2026\u202630-35\u00b0<br><strong>Faremomenter:<\/strong>\u2026\u2026.\u2026skred, skavlbrudd, utglidning<\/p><\/div>\n\n\n\n<p><br>Fra parkeringa ved Camp Dronningkrona krysser en jordet til h\u00f8yre. Videre opp gjennom skogen er det vanligvis spor en kan f\u00f8lge. Over tregrensa g\u00e5r en slakt litt p\u00e5 h\u00f8yre side av dalen f\u00f8r en tar av opp mot Mohaugen. Den siste biten av flanken bikker 30. Det kan v\u00e6re lurt \u00e5 v\u00e6re litt obs p\u00e5 skavlen fra toppen en har over seg, som ofte blir stor. Etter \u00e5 ha bikket over kanten er det enkelt videre opp til Mohaugen. Skia kan settes igjen der selve toppeggen begynner. Derfra er det greit men noe luftig fram til fortoppen med en og annen omg\u00e5else til h\u00f8yre. Etter fortoppen m\u00e5 en ned en liten hammer p\u00e5 rundt 2-3 meter, ofte litt mindre p\u00e5 sn\u00f8rike vintre. Noen meter ovenfor hammeren finnes det et riss en kan sette sikringer i, ca lilla\/gr\u00f8nn kambredde. 10 meter tau holder. De fleste velger \u00e5 rappellere her, men det er ogs\u00e5 mulig \u00e5 hoppe ned hammeren og klyve opp igjen tilbake, selv om dette kan fortone seg ganske luftig. Videre er det greit, men noe luftig opp til toppen.<\/p>\n\n\n\n<p><\/p>\n\n\n\n<figure class=\"wp-block-image size-large is-resized\"><a href=\"https:\/\/ntnui.no\/toppturogfrikjoring\/wp-content\/uploads\/sites\/229\/2022\/08\/Skjermbilde-2022-08-31-164846.jpg\"><img loading=\"lazy\" decoding=\"async\" src=\"https:\/\/ntnui.no\/toppturogfrikjoring\/wp-content\/uploads\/sites\/229\/2022\/08\/Skjermbilde-2022-08-31-164846.jpg\" alt=\"\" class=\"wp-image-2398\" width=\"1450\" height=\"1320\" \/><\/a><figcaption>\u00a9 Kartverket<\/figcaption><\/figure>\n\n\n\n<div class=\"wp-block-blockgallery-stacked alignfull\"><ul class=\"blockgallery has-caption-color has-background has-light-gray-background-color has-padding has-padding-30 has-padding-mobile-30 has-dark-black-color has-fullwidth-images has-margin\"><li class=\"blockgallery--item\"><figure class=\"blockgallery--figure has-margin-bottom-20\"><img loading=\"lazy\" decoding=\"async\" width=\"5472\" height=\"3648\" src=\"https:\/\/ntnui.no\/toppturogfrikjoring\/wp-content\/uploads\/sites\/229\/2022\/08\/P1050953-2.jpg\" alt=\"\" data-id=\"2395\" data-link=\"https:\/\/ntnui.no\/toppturogfrikjoring\/skiforer-2-1-1-grovelnebba\/p1050953-2\/\" class=\"wp-image-2395 has-shadow-none\" \/><\/figure><\/li><\/ul><\/div>\n","protected":false},"excerpt":{"rendered":"<p>Gr\u00f8velnebba er et bratt fjell, men ikke brattere enn at de fleste med litt klyve- ogtauerfaring kommer seg greit opp. \u00d8stsida samler mye sn\u00f8, og har flere godenedkj\u00f8ringsmuligheter. Fra parkeringa ved Camp Dronningkrona krysser en jordet til h\u00f8yre. Videre opp gjennom skogen er det vanligvis spor en kan f\u00f8lge. Over tregrensa g\u00e5r en slakt litt [&hellip;]<\/p>\n","protected":false},"author":388,"featured_media":0,"parent":0,"menu_order":0,"comment_status":"closed","ping_status":"closed","template":"","meta":{"inline_featured_image":false,"_coblocks_attr":"","_coblocks_dimensions":"","_coblocks_responsive_height":"","_coblocks_accordion_ie_support":"","_price":"","_stock":"","_tribe_ticket_header":"","_tribe_default_ticket_provider":"","_tribe_ticket_capacity":"0","_ticket_start_date":"","_ticket_end_date":"","_tribe_ticket_show_description":"","_tribe_ticket_show_not_going":false,"_tribe_ticket_use_global_stock":"","_tribe_ticket_global_stock_level":"","_global_stock_mode":"","_global_stock_cap":"","_tribe_rsvp_for_event":"","_tribe_ticket_going_count":"","_tribe_ticket_not_going_count":"","_tribe_tickets_list":[],"_tribe_ticket_has_attendee_info_fields":false,"footnotes":""},"class_list":["post-2377","page","type-page","status-publish","hentry"],"featured_image_src":null,"featured_image_src_square":null,"_links":{"self":[{"href":"https:\/\/ntnui.no\/toppturogfrikjoring\/wp-json\/wp\/v2\/pages\/2377","targetHints":{"allow":["GET"]}}],"collection":[{"href":"https:\/\/ntnui.no\/toppturogfrikjoring\/wp-json\/wp\/v2\/pages"}],"about":[{"href":"https:\/\/ntnui.no\/toppturogfrikjoring\/wp-json\/wp\/v2\/types\/page"}],"author":[{"embeddable":true,"href":"https:\/\/ntnui.no\/toppturogfrikjoring\/wp-json\/wp\/v2\/users\/388"}],"replies":[{"embeddable":true,"href":"https:\/\/ntnui.no\/toppturogfrikjoring\/wp-json\/wp\/v2\/comments?post=2377"}],"version-history":[{"count":32,"href":"https:\/\/ntnui.no\/toppturogfrikjoring\/wp-json\/wp\/v2\/pages\/2377\/revisions"}],"predecessor-version":[{"id":4065,"href":"https:\/\/ntnui.no\/toppturogfrikjoring\/wp-json\/wp\/v2\/pages\/2377\/revisions\/4065"}],"wp:attachment":[{"href":"https:\/\/ntnui.no\/toppturogfrikjoring\/wp-json\/wp\/v2\/media?parent=2377"}],"curies":[{"name":"wp","href":"https:\/\/api.w.org\/{rel}","templated":true}]}}