{"id":2357,"date":"2022-08-31T15:29:19","date_gmt":"2022-08-31T13:29:19","guid":{"rendered":"https:\/\/ntnui.no\/toppturogfrikjoring\/?page_id=2357"},"modified":"2023-10-19T11:50:57","modified_gmt":"2023-10-19T09:50:57","slug":"innerdalen-viromdalen","status":"publish","type":"page","link":"https:\/\/ntnui.no\/toppturogfrikjoring\/innerdalen-viromdalen\/","title":{"rendered":"Innerdalen\/Viromdalen"},"content":{"rendered":"\n<h2 class=\"wp-block-heading\"><\/h2>\n\n\n\n<p>Innerdalen og Viromdalen danner til sammen det omtrent 20 kilometer lange dalf\u00f8ret mellom Todalen og Sunndalen. Selv om omr\u00e5det kanskje er mest kjent som en klatredestinasjon er det ogs\u00e5 et popul\u00e6rt utgangspunkt for ski med Dronningkrona som det mest kjente m\u00e5let.<\/p>\n\n\n\n<p>Fjellene i her er h\u00f8ye, og de h\u00f8yeste toppene bikker 1 800. De fleste utgangspunktene ligger p\u00e5 rundt 200 moh, som gj\u00f8r motbakkene her lange. Til gjengjeld gir ogs\u00e5 de store h\u00f8ydeforskjellene og alpine fjellene mye interessant skiterreng, kanskje det beste nest etter \u00d8ksendalen. De h\u00f8ye fjellene akkumulerer ogs\u00e5 mye nedb\u00f8r, og n\u00e5r nordvesten kommer med sn\u00f8 er det ofte her det havner mest.<\/p>\n\n\n\n<figure class=\"wp-block-image size-large\"><a href=\"https:\/\/ntnui.no\/toppturogfrikjoring\/wp-content\/uploads\/sites\/229\/2022\/08\/kart-1.jpg\"><img loading=\"lazy\" decoding=\"async\" width=\"2681\" height=\"3629\" src=\"https:\/\/ntnui.no\/toppturogfrikjoring\/wp-content\/uploads\/sites\/229\/2022\/08\/kart-1.jpg\" alt=\"\" class=\"wp-image-2389\" \/><\/a><figcaption><em>\u00a9 Kartverket<\/em><br>Trykk p\u00e5 bildet for \u00e5 laste ned<\/figcaption><\/figure>\n\n\n\n<div class=\"wp-block-coblocks-gallery-masonry alignwide\"><div class=\"coblocks-gallery has-caption-style-dark has-gutter\"><ul class=\"has-grid-xlrg has-gutter-5 has-gutter-mobile-15\"><li class=\"coblocks-gallery--item\"><figure class=\"coblocks-gallery--figure\"><a href=\"https:\/\/ntnui.no\/toppturogfrikjoring\/skiforer-2-1-1-grovelnebba\/\" rel=\"\"><img loading=\"lazy\" decoding=\"async\" width=\"5472\" height=\"3648\" alt=\"\" class=\"wp-image-2386\" data-id=\"2386\" data-imglink=\"https:\/\/ntnui.no\/toppturogfrikjoring\/skiforer-2-1-1-grovelnebba\/\" data-link=\"https:\/\/ntnui.no\/toppturogfrikjoring\/skiforer-trondheim\/p1050953-1\/\" src=\"https:\/\/ntnui.no\/toppturogfrikjoring\/wp-content\/uploads\/sites\/229\/2022\/08\/P1050953-1.jpg\" \/><\/a><figcaption class=\"coblocks-gallery--caption\">2.1.1 Gr\u00f8velnebba<\/figcaption><\/figure><\/li><li class=\"coblocks-gallery--item\"><figure class=\"coblocks-gallery--figure\"><a href=\"https:\/\/ntnui.no\/toppturogfrikjoring\/2-1-4-2-1-3-ostflanken\/\" rel=\"\"><img loading=\"lazy\" decoding=\"async\" width=\"2079\" height=\"1631\" alt=\"\" class=\"wp-image-2433\" data-id=\"2433\" data-imglink=\"https:\/\/ntnui.no\/toppturogfrikjoring\/2-1-4-2-1-3-ostflanken\/\" data-link=\"https:\/\/ntnui.no\/toppturogfrikjoring\/skiforer-trondheim\/grov-ost-1\/\" src=\"https:\/\/ntnui.no\/toppturogfrikjoring\/wp-content\/uploads\/sites\/229\/2022\/08\/Grov-ost-1.jpg\" \/><\/a><figcaption class=\"coblocks-gallery--caption\">2.1.4 &amp; 2.1.3 \u00d8stflanken<\/figcaption><\/figure><\/li><li class=\"coblocks-gallery--item\"><figure class=\"coblocks-gallery--figure\"><a href=\"https:\/\/ntnui.no\/toppturogfrikjoring\/2-2-1-dronningkrona-normalveien\/\" rel=\"\"><img loading=\"lazy\" decoding=\"async\" width=\"5472\" height=\"3648\" alt=\"\" class=\"wp-image-2365\" data-id=\"2365\" data-imglink=\"https:\/\/ntnui.no\/toppturogfrikjoring\/2-2-1-dronningkrona-normalveien\/\" data-link=\"https:\/\/ntnui.no\/toppturogfrikjoring\/skiforer-trondheim\/p1000204\/\" src=\"https:\/\/ntnui.no\/toppturogfrikjoring\/wp-content\/uploads\/sites\/229\/2022\/08\/P1000204.jpg\" \/><\/a><figcaption class=\"coblocks-gallery--caption\">2.2.1 Dronningkrona normalveien<\/figcaption><\/figure><\/li><li class=\"coblocks-gallery--item\"><figure class=\"coblocks-gallery--figure\"><a href=\"https:\/\/ntnui.no\/toppturogfrikjoring\/2-2-2-dronningkrona-fra-dalen\/\" rel=\"\"><img loading=\"lazy\" decoding=\"async\" width=\"5472\" height=\"3648\" alt=\"\" class=\"wp-image-2476\" data-id=\"2476\" data-imglink=\"https:\/\/ntnui.no\/toppturogfrikjoring\/2-2-2-dronningkrona-fra-dalen\/\" data-link=\"https:\/\/ntnui.no\/toppturogfrikjoring\/innerdalen-viromdalen\/p1060305-copy\/\" src=\"https:\/\/ntnui.no\/toppturogfrikjoring\/wp-content\/uploads\/sites\/229\/2022\/08\/P1060305-copy.jpg\" \/><\/a><figcaption class=\"coblocks-gallery--caption\">2.2.2 Dronningkrona fra Dalen<\/figcaption><\/figure><\/li><li class=\"coblocks-gallery--item\"><figure class=\"coblocks-gallery--figure\"><a href=\"https:\/\/ntnui.no\/toppturogfrikjoring\/2-2-4-valle-blanche\/\" rel=\"\"><img loading=\"lazy\" decoding=\"async\" width=\"3000\" height=\"3201\" alt=\"\" class=\"wp-image-2453\" data-id=\"2453\" data-imglink=\"https:\/\/ntnui.no\/toppturogfrikjoring\/2-2-4-valle-blanche\/\" data-link=\"https:\/\/ntnui.no\/toppturogfrikjoring\/2-2-4-valle-blanche\/p1010400\/\" src=\"https:\/\/ntnui.no\/toppturogfrikjoring\/wp-content\/uploads\/sites\/229\/2022\/08\/P1010400.jpg\" \/><\/a><figcaption class=\"coblocks-gallery--caption\">2.2.3 Valle Blanche<\/figcaption><\/figure><\/li><li class=\"coblocks-gallery--item\"><figure class=\"coblocks-gallery--figure\"><a href=\"https:\/\/ntnui.no\/toppturogfrikjoring\/2-3-1-kongskrona-normalveien\/\" rel=\"\"><img loading=\"lazy\" decoding=\"async\" width=\"4000\" height=\"3000\" alt=\"\" class=\"wp-image-2465\" data-id=\"2465\" data-imglink=\"https:\/\/ntnui.no\/toppturogfrikjoring\/2-3-1-kongskrona-normalveien\/\" data-link=\"https:\/\/ntnui.no\/toppturogfrikjoring\/innerdalen-viromdalen\/p1010394-copy-1\/\" src=\"https:\/\/ntnui.no\/toppturogfrikjoring\/wp-content\/uploads\/sites\/229\/2022\/08\/P1010394-copy-1.jpg\" \/><\/a><figcaption class=\"coblocks-gallery--caption\">2.3.1 Kongskrona Normalveien<\/figcaption><\/figure><\/li><li class=\"coblocks-gallery--item\"><figure class=\"coblocks-gallery--figure\"><a href=\"https:\/\/ntnui.no\/toppturogfrikjoring\/2-3-2-kongskrona-fra-sunndalen\/\" rel=\"\"><img loading=\"lazy\" decoding=\"async\" width=\"5472\" height=\"3648\" alt=\"\" class=\"wp-image-2367\" data-id=\"2367\" data-imglink=\"https:\/\/ntnui.no\/toppturogfrikjoring\/2-3-2-kongskrona-fra-sunndalen\/\" data-link=\"https:\/\/ntnui.no\/toppturogfrikjoring\/skiforer-trondheim\/p1050085\/\" src=\"https:\/\/ntnui.no\/toppturogfrikjoring\/wp-content\/uploads\/sites\/229\/2022\/08\/P1050085.jpg\" \/><\/a><figcaption class=\"coblocks-gallery--caption\">2.3.2 Kongskrona fra Sunndalen<\/figcaption><\/figure><\/li><li class=\"coblocks-gallery--item\"><figure class=\"coblocks-gallery--figure\"><a href=\"https:\/\/ntnui.no\/toppturogfrikjoring\/2-3-3-kongskrona-via-dronningkrona\/\" rel=\"\"><img loading=\"lazy\" decoding=\"async\" width=\"3660\" height=\"3024\" alt=\"\" class=\"wp-image-2484\" data-id=\"2484\" data-imglink=\"https:\/\/ntnui.no\/toppturogfrikjoring\/2-3-3-kongskrona-via-dronningkrona\/\" data-link=\"https:\/\/ntnui.no\/toppturogfrikjoring\/innerdalen-viromdalen\/1e99668b-c491-4a63-96ab-72226f25c086-copy\/\" src=\"https:\/\/ntnui.no\/toppturogfrikjoring\/wp-content\/uploads\/sites\/229\/2022\/09\/1E99668B-C491-4A63-96AB-72226F25C086-copy.jpg\" \/><\/a><figcaption class=\"coblocks-gallery--caption\">2.3.3 Kongskrona via Dronningkrona<\/figcaption><\/figure><\/li><\/ul><\/div><\/div>\n\n\n\n<p><\/p>\n","protected":false},"excerpt":{"rendered":"<p>Innerdalen og Viromdalen danner til sammen det omtrent 20 kilometer lange dalf\u00f8ret mellom Todalen og Sunndalen. Selv om omr\u00e5det kanskje er mest kjent som en klatredestinasjon er det ogs\u00e5 et popul\u00e6rt utgangspunkt for ski med Dronningkrona som det mest kjente m\u00e5let. Fjellene i her er h\u00f8ye, og de h\u00f8yeste toppene bikker 1 800. De fleste [&hellip;]<\/p>\n","protected":false},"author":388,"featured_media":0,"parent":0,"menu_order":0,"comment_status":"closed","ping_status":"closed","template":"","meta":{"inline_featured_image":false,"_coblocks_attr":"","_coblocks_dimensions":"","_coblocks_responsive_height":"","_coblocks_accordion_ie_support":"","_price":"","_stock":"","_tribe_ticket_header":"","_tribe_default_ticket_provider":"","_tribe_ticket_capacity":"0","_ticket_start_date":"","_ticket_end_date":"","_tribe_ticket_show_description":"","_tribe_ticket_show_not_going":false,"_tribe_ticket_use_global_stock":"","_tribe_ticket_global_stock_level":"","_global_stock_mode":"","_global_stock_cap":"","_tribe_rsvp_for_event":"","_tribe_ticket_going_count":"","_tribe_ticket_not_going_count":"","_tribe_tickets_list":[],"_tribe_ticket_has_attendee_info_fields":false,"footnotes":""},"class_list":["post-2357","page","type-page","status-publish","hentry"],"featured_image_src":null,"featured_image_src_square":null,"_links":{"self":[{"href":"https:\/\/ntnui.no\/toppturogfrikjoring\/wp-json\/wp\/v2\/pages\/2357","targetHints":{"allow":["GET"]}}],"collection":[{"href":"https:\/\/ntnui.no\/toppturogfrikjoring\/wp-json\/wp\/v2\/pages"}],"about":[{"href":"https:\/\/ntnui.no\/toppturogfrikjoring\/wp-json\/wp\/v2\/types\/page"}],"author":[{"embeddable":true,"href":"https:\/\/ntnui.no\/toppturogfrikjoring\/wp-json\/wp\/v2\/users\/388"}],"replies":[{"embeddable":true,"href":"https:\/\/ntnui.no\/toppturogfrikjoring\/wp-json\/wp\/v2\/comments?post=2357"}],"version-history":[{"count":38,"href":"https:\/\/ntnui.no\/toppturogfrikjoring\/wp-json\/wp\/v2\/pages\/2357\/revisions"}],"predecessor-version":[{"id":4062,"href":"https:\/\/ntnui.no\/toppturogfrikjoring\/wp-json\/wp\/v2\/pages\/2357\/revisions\/4062"}],"wp:attachment":[{"href":"https:\/\/ntnui.no\/toppturogfrikjoring\/wp-json\/wp\/v2\/media?parent=2357"}],"curies":[{"name":"wp","href":"https:\/\/api.w.org\/{rel}","templated":true}]}}