{"id":2242,"date":"2022-04-29T13:59:28","date_gmt":"2022-04-29T11:59:28","guid":{"rendered":"https:\/\/ntnui.no\/toppturogfrikjoring\/?page_id=2242"},"modified":"2024-08-30T23:59:21","modified_gmt":"2024-08-30T21:59:21","slug":"dette-gjor-styret","status":"publish","type":"page","link":"https:\/\/ntnui.no\/toppturogfrikjoring\/dette-gjor-styret\/","title":{"rendered":"Hva skjer egentlig i TF?"},"content":{"rendered":"\n<figure class=\"wp-block-image size-large\"><img loading=\"lazy\" decoding=\"async\" width=\"3389\" height=\"2723\" src=\"https:\/\/ntnui.no\/toppturogfrikjoring\/wp-content\/uploads\/sites\/229\/2024\/08\/IMG_8211-1.jpg\" alt=\"\" class=\"wp-image-5775\" \/><figcaption>Bl\u00e5tur, April 2024<\/figcaption><\/figure>\n\n\n\n<h2 class=\"wp-block-heading\">Tilbakeblikk p\u00e5 TF-\u00e5ret 2023\/2024<br><\/h2>\n\n\n\n<p style=\"font-size:15px\"><em>Av Oskar Farbrot (Nestleder) og Ingrid Steensland Hoels\u00e6ter (Websjef<\/em>)<\/p>\n\n\n\n<p>Nytt semester st\u00e5r for tur, og vi i styret har h\u00f8rt at i dag er den f\u00f8rste dagen i resten av ditt liv. S\u00e5 du lurer kanskje p\u00e5 hva du skal gj\u00f8re med resten av livet ditt? Begrenser vi oss til resten av studieperioden, har du svaret foran deg n\u00e5. Vi har nemlig skrevet epilog for en lykkelig historie, nemlig det foreg\u00e5ende \u00e5ret, og kan garantere at du har s\u00f8kt komit\u00e9 lenge f\u00f8r du har kommet til siste avsnitt.<\/p>\n\n\n\n<p>\u00c5ret startet med et styre som var ut\u00e5lmodige etter nye komitemedlemmer. Fremragende oppm\u00f8te p\u00e5 b\u00e5de grilling og gen-vors satte ikke noe demper for dette, og vi kunne ta inn en alle tiders gjeng. Denne gjengen, og store deler av gruppas medlemmer, varmet opp med blant annet Fri Flyt film-tour og Pray-for-snow-fest, f\u00f8r vinteren endelig kunne komme og gj\u00f8re Trondheim vakker.<\/p>\n\n\n\n<p>En sein november ble pupillene store og hjerter startet \u00e5 dunke. Bakken fyltes av den beste formen for hvitt pulver, og vintersesongen var i gang! Billettsalget til TF-turene satte rekord etter rekord, og hver fredag satte biler med livstr\u00f8tte studenter ut fra Trondheim, men returnerte s\u00f8ndag kveld med munnviker st\u00f8le av latter, solr\u00f8de kinn, godslitne l\u00e5r og nye riper i skia. Uansett hvorhen en stakkars utenforst\u00e5ende dro, var det alltid TF-medlemmer \u00e5 spotte, fra Jotunheimen i s\u00f8r, til Romsdalen i vest, Sylan i \u00f8st, og B\u00f8rgefjell i nord.&nbsp;<\/p>\n\n\n\n<p>Vinteren b\u00f8d ogs\u00e5 p\u00e5 frikj\u00f8ringskonkurranser sitt store h\u00f8ydepunkt, intet ringere enn TF Freeride. Gruppas leder inns\u00e5 raskt at kj\u00f8ring over evne var kotyme og bestemte seg for \u00e5 brekke begge skiene i en backflip. Til alles store glede fikk vi dermed to nye shotteski i gruppa. Allerede samme kveld skulle vi f\u00e5 glede av disse under etterfest p\u00e5 Singsaker Studenterhjem. Topptur og Frikj\u00f8ring har nemlig for f\u00f8rste gang f\u00e5tt komme tilbake dit etter \u00e5 ha blitt utestengt p\u00e5 livstid. P\u00e5 90-tallet var det ikke s\u00e5 popul\u00e6rt \u00e5 brenne ski i kjelleren til Trondheims eldste trebygg, selv om det var helt avgj\u00f8rende for vinterens nedb\u00f8r. Om v\u00e5r velkomst tilbake skyldes navnebytte fra tidligere navn Telemark Alpint, er uvisst.&nbsp;<\/p>\n\n\n\n<p>Selv om kj\u00e6rligheten for planker og krystallisert vann under beina er det som binder TFs medlemmer sammen, har vi f\u00e5tt testet kj\u00e6rligheten mellom hverandre ogs\u00e5. Skinder var en stor suksess med over 60 deltakere, men ettersom dette ogs\u00e5 var arrangert p\u00e5 ski, kan vi ikke garantere forhold eller vennskap som t\u00e5ler andre omstendigheter. For \u00e5 utfordre dette arrangerte vi skifestival med litt mindre ski og s\u00e5 17. mai frokost fullstendig uten ski.<\/p>\n\n\n\n<p>Om du fortsatt ikke har s\u00f8kt komit\u00e9, skj\u00f8nner vi at det ikke var s\u00e5 lett \u00e5 finne ut hvor p\u00e5meldingskjemaet ligger. Er denne teksten allerede utdatert kan vi dessverre ikke hjelpe deg, men det meste ligger p\u00e5 facebook, slack og nettsiden v\u00e5r. Leser du derimot teksten i tide er det hvert fall nettopp her du finner det, og du kan n\u00e5 l\u00f8pe og s\u00f8ke innen 8. september!<\/p>\n\n\n\n<p><\/p>\n\n\n\n<div class=\"wp-block-file\"><a href=\"https:\/\/ntnui.no\/toppturogfrikjoring\/wp-content\/uploads\/sites\/229\/2022\/04\/Dette-holder-styret-pa-med-om-dagen-varen-2022.pdf\" target=\"_blank\" rel=\"noreferrer noopener\"><br><em>Medlemsbrev fra tidligere \u00e5r er nedlastbare via .pdf her:<\/em><br>Dette-holder-styret-pa-med-om-dagen-varen-2022<\/a><a href=\"https:\/\/ntnui.no\/toppturogfrikjoring\/wp-content\/uploads\/sites\/229\/2022\/04\/Dette-holder-styret-pa-med-om-dagen-varen-2022.pdf\" class=\"wp-block-file__button\" download>Last ned<\/a><\/div>\n","protected":false},"excerpt":{"rendered":"<p>Tilbakeblikk p\u00e5 TF-\u00e5ret 2023\/2024 Av Oskar Farbrot (Nestleder) og Ingrid Steensland Hoels\u00e6ter (Websjef) Nytt semester st\u00e5r for tur, og vi i styret har h\u00f8rt at i dag er den f\u00f8rste dagen i resten av ditt liv. S\u00e5 du lurer kanskje p\u00e5 hva du skal gj\u00f8re med resten av livet ditt? Begrenser vi oss til resten [&hellip;]<\/p>\n","protected":false},"author":363,"featured_media":5775,"parent":0,"menu_order":0,"comment_status":"closed","ping_status":"closed","template":"","meta":{"inline_featured_image":false,"_coblocks_attr":"","_coblocks_dimensions":"","_coblocks_responsive_height":"","_coblocks_accordion_ie_support":"","_price":"","_stock":"","_tribe_ticket_header":"","_tribe_default_ticket_provider":"","_tribe_ticket_capacity":"0","_ticket_start_date":"","_ticket_end_date":"","_tribe_ticket_show_description":"","_tribe_ticket_show_not_going":false,"_tribe_ticket_use_global_stock":"","_tribe_ticket_global_stock_level":"","_global_stock_mode":"","_global_stock_cap":"","_tribe_rsvp_for_event":"","_tribe_ticket_going_count":"","_tribe_ticket_not_going_count":"","_tribe_tickets_list":[],"_tribe_ticket_has_attendee_info_fields":false,"footnotes":""},"class_list":["post-2242","page","type-page","status-publish","has-post-thumbnail","hentry"],"featured_image_src":"https:\/\/ntnui.no\/toppturogfrikjoring\/wp-content\/uploads\/sites\/229\/2024\/08\/IMG_8211-1.jpg","featured_image_src_square":"https:\/\/ntnui.no\/toppturogfrikjoring\/wp-content\/uploads\/sites\/229\/2024\/08\/IMG_8211-1.jpg","_links":{"self":[{"href":"https:\/\/ntnui.no\/toppturogfrikjoring\/wp-json\/wp\/v2\/pages\/2242","targetHints":{"allow":["GET"]}}],"collection":[{"href":"https:\/\/ntnui.no\/toppturogfrikjoring\/wp-json\/wp\/v2\/pages"}],"about":[{"href":"https:\/\/ntnui.no\/toppturogfrikjoring\/wp-json\/wp\/v2\/types\/page"}],"author":[{"embeddable":true,"href":"https:\/\/ntnui.no\/toppturogfrikjoring\/wp-json\/wp\/v2\/users\/363"}],"replies":[{"embeddable":true,"href":"https:\/\/ntnui.no\/toppturogfrikjoring\/wp-json\/wp\/v2\/comments?post=2242"}],"version-history":[{"count":16,"href":"https:\/\/ntnui.no\/toppturogfrikjoring\/wp-json\/wp\/v2\/pages\/2242\/revisions"}],"predecessor-version":[{"id":5839,"href":"https:\/\/ntnui.no\/toppturogfrikjoring\/wp-json\/wp\/v2\/pages\/2242\/revisions\/5839"}],"wp:featuredmedia":[{"embeddable":true,"href":"https:\/\/ntnui.no\/toppturogfrikjoring\/wp-json\/wp\/v2\/media\/5775"}],"wp:attachment":[{"href":"https:\/\/ntnui.no\/toppturogfrikjoring\/wp-json\/wp\/v2\/media?parent=2242"}],"curies":[{"name":"wp","href":"https:\/\/api.w.org\/{rel}","templated":true}]}}