{"id":154,"date":"2020-08-08T13:29:29","date_gmt":"2020-08-08T13:29:29","guid":{"rendered":"https:\/\/ntnui.no\/ta\/?page_id=154"},"modified":"2024-09-04T11:46:27","modified_gmt":"2024-09-04T09:46:27","slug":"om-oss","status":"publish","type":"page","link":"https:\/\/ntnui.no\/toppturogfrikjoring\/om-oss\/","title":{"rendered":"Hvem er vi?"},"content":{"rendered":"\n<figure class=\"wp-block-image size-large\"><img loading=\"lazy\" decoding=\"async\" width=\"1024\" height=\"576\" src=\"https:\/\/ntnui.no\/toppturogfrikjoring\/wp-content\/uploads\/sites\/229\/2024\/08\/IMG_1938.jpg\" alt=\"\" class=\"wp-image-5737\" \/><figcaption>Foto: Einar \u00d8stnor<\/figcaption><\/figure>\n\n\n\n<p>Topptur og Frikj\u00f8ring er gruppa for alle som har lyst til \u00e5 komme seg p\u00e5 topptur, finne god sn\u00f8 og kj\u00f8re utenfor preparerte l\u00f8yper. <\/p>\n\n\n\n<p>Fra gammelt av st\u00e5r det i v\u00e5r form\u00e5lsparagraf at gruppas hovedm\u00e5l er \u00e5 spre allmenn skiglede i studentmilj\u00f8et. Det pr\u00f8ver vi \u00e5 f\u00e5 til gjennom en riktig miks av sportslige og sosiale aktiviteter. Gjennom \u00e5ret arrangerer vi treninger, skredkurs, turer og fester samt en del annet sprell.<\/p>\n\n\n\n<p>I l\u00f8pet av vinteren tar vi turen til blant annet Sunndalen, Romsdalen og Sunnm\u00f8rsalpene der vi tilbringer alt fra en helg til en uke p\u00e5 toppturer og skikj\u00f8ring p\u00e5 dagtid, og kos og hygge p\u00e5 kveldstid. Vi har ogs\u00e5 v\u00e5r egen frikj\u00f8ringskonkurranse, TF Freeride, som arrangeres i m\u00e5nedsskifte februar\/mars hver v\u00e5r. <\/p>\n\n\n\n<p>Vi er ogs\u00e5 ofte \u00e5 se i Vassfjellet, det lokale skisenteret. Er du gira p\u00e5 topptur, skikj\u00f8ring og sn\u00f8, og leter etter en god gjeng \u00e5 dra p\u00e5 tur med, s\u00e5 garanterer vi at vi har noe for deg! <\/p>\n\n\n\n<figure class=\"wp-block-gallery columns-2 is-cropped\"><ul class=\"blocks-gallery-grid\"><li class=\"blocks-gallery-item\"><figure><a href=\"https:\/\/ntnui.no\/toppturogfrikjoring\/styret\/\"><img loading=\"lazy\" decoding=\"async\" width=\"1389\" height=\"1042\" src=\"https:\/\/ntnui.no\/toppturogfrikjoring\/wp-content\/uploads\/sites\/229\/2021\/02\/Styret.jpg\" alt=\"\" data-id=\"1126\" data-full-url=\"https:\/\/ntnui.no\/toppturogfrikjoring\/wp-content\/uploads\/sites\/229\/2021\/02\/Styret.jpg\" data-link=\"https:\/\/ntnui.no\/toppturogfrikjoring\/styret\/\" class=\"wp-image-1126\"><\/a><\/figure><\/li><li class=\"blocks-gallery-item\"><figure><a href=\"https:\/\/ntnui.no\/toppturogfrikjoring\/komiteene-vare\/\"><img loading=\"lazy\" decoding=\"async\" width=\"1389\" height=\"1042\" src=\"https:\/\/ntnui.no\/toppturogfrikjoring\/wp-content\/uploads\/sites\/229\/2021\/02\/Komiteer-1.jpg\" alt=\"\" data-id=\"1125\" data-full-url=\"https:\/\/ntnui.no\/toppturogfrikjoring\/wp-content\/uploads\/sites\/229\/2021\/02\/Komiteer-1.jpg\" data-link=\"https:\/\/ntnui.no\/toppturogfrikjoring\/komiteene-vare\/\" class=\"wp-image-1125\"><\/a><\/figure><\/li><\/ul><\/figure>\n","protected":false},"excerpt":{"rendered":"<p>Topptur og Frikj\u00f8ring er gruppa for alle som har lyst til \u00e5 komme seg p\u00e5 topptur, finne god sn\u00f8 og kj\u00f8re utenfor preparerte l\u00f8yper. Fra gammelt av st\u00e5r det i v\u00e5r form\u00e5lsparagraf at gruppas hovedm\u00e5l er \u00e5 spre allmenn skiglede i studentmilj\u00f8et. Det pr\u00f8ver vi \u00e5 f\u00e5 til gjennom en riktig miks av sportslige og [&hellip;]<\/p>\n","protected":false},"author":58,"featured_media":0,"parent":0,"menu_order":0,"comment_status":"closed","ping_status":"closed","template":"","meta":{"inline_featured_image":false,"_coblocks_attr":"","_coblocks_dimensions":"","_coblocks_responsive_height":"","_coblocks_accordion_ie_support":"","_price":"","_stock":"","_tribe_ticket_header":"","_tribe_default_ticket_provider":"","_tribe_ticket_capacity":"0","_ticket_start_date":"","_ticket_end_date":"","_tribe_ticket_show_description":"","_tribe_ticket_show_not_going":false,"_tribe_ticket_use_global_stock":"","_tribe_ticket_global_stock_level":"","_global_stock_mode":"","_global_stock_cap":"","_tribe_rsvp_for_event":"","_tribe_ticket_going_count":"","_tribe_ticket_not_going_count":"","_tribe_tickets_list":[],"_tribe_ticket_has_attendee_info_fields":false,"footnotes":""},"class_list":["post-154","page","type-page","status-publish","hentry"],"featured_image_src":null,"featured_image_src_square":null,"_links":{"self":[{"href":"https:\/\/ntnui.no\/toppturogfrikjoring\/wp-json\/wp\/v2\/pages\/154","targetHints":{"allow":["GET"]}}],"collection":[{"href":"https:\/\/ntnui.no\/toppturogfrikjoring\/wp-json\/wp\/v2\/pages"}],"about":[{"href":"https:\/\/ntnui.no\/toppturogfrikjoring\/wp-json\/wp\/v2\/types\/page"}],"author":[{"embeddable":true,"href":"https:\/\/ntnui.no\/toppturogfrikjoring\/wp-json\/wp\/v2\/users\/58"}],"replies":[{"embeddable":true,"href":"https:\/\/ntnui.no\/toppturogfrikjoring\/wp-json\/wp\/v2\/comments?post=154"}],"version-history":[{"count":9,"href":"https:\/\/ntnui.no\/toppturogfrikjoring\/wp-json\/wp\/v2\/pages\/154\/revisions"}],"predecessor-version":[{"id":5849,"href":"https:\/\/ntnui.no\/toppturogfrikjoring\/wp-json\/wp\/v2\/pages\/154\/revisions\/5849"}],"wp:attachment":[{"href":"https:\/\/ntnui.no\/toppturogfrikjoring\/wp-json\/wp\/v2\/media?parent=154"}],"curies":[{"name":"wp","href":"https:\/\/api.w.org\/{rel}","templated":true}]}}