{"id":133,"date":"2020-08-08T11:58:58","date_gmt":"2020-08-08T11:58:58","guid":{"rendered":"https:\/\/ntnui.no\/ta\/?page_id=133"},"modified":"2026-04-09T14:38:55","modified_gmt":"2026-04-09T12:38:55","slug":"komiteene-vare","status":"publish","type":"page","link":"https:\/\/ntnui.no\/toppturogfrikjoring\/komiteene-vare\/","title":{"rendered":"Komiteene v\u00e5re"},"content":{"rendered":"\n<figure class=\"wp-block-image size-large\"><img loading=\"lazy\" decoding=\"async\" width=\"4032\" height=\"3024\" src=\"https:\/\/ntnui.no\/toppturogfrikjoring\/wp-content\/uploads\/sites\/229\/2024\/03\/423735495_1566593140864873_1861056430084876990_n.jpg\" alt=\"\" class=\"wp-image-5239\" \/><\/figure>\n\n\n\n<p>Topptur og Frikj\u00f8ring har fire komiteer; Turkomiteen, Fest og bl\u00e6st, Trenerkomiteen og Konkurransekomiteen. Komiteene best\u00e5r av frivillige og er de som s\u00f8rger for at TF f\u00e5r arrangert turer, arrangementer, konkurranser og treninger. <\/p>\n\n\n\n<p>Om du \u00f8nsker \u00e5 bli med i en komite er det opptak hver h\u00f8st. S\u00f8knadsfrist er 8.september og du s\u00f8ker via linken her:<\/p>\n\n\n\n<div class=\"wp-block-atomic-blocks-ab-button ab-block-button\"><a href=\"https:\/\/ntnui.no\/toppturogfrikjoring\/soknadsskjema-komite-tf-25-26\/\" class=\"ab-button ab-button-shape-circular ab-button-size-medium\" style=\"color:#ffffff;background-color:#ff7ce1\">S\u00f8k komit\u00e9!<\/a><\/div>\n\n\n\n<p><strong>Hva m\u00e5 jeg gj\u00f8re som medlem av en komit\u00e9?<\/strong><\/p>\n\n\n\n<p>Det varierer litt avhengig av hvilken komit\u00e9 du er med i, men stort sett vil det g\u00e5 ut p\u00e5 \u00e5 delta p\u00e5 m\u00e5nedlige m\u00f8ter, samt ulike oppgaver som avhenger av de ulike komiteene. For \u00e5 finne ut mer detaljert hva som forventes i hver komite kan du sjekke ut forventningsavklaringene for hver komite. <\/p>\n\n\n\n<p><strong>Hvorfor b\u00f8r jeg<\/strong> <strong>bli med i en av Topptur og Frikj\u00f8ring sine komiteer?<\/strong><\/p>\n\n\n\n<p>\u00c5 v\u00e6re med i en komit\u00e9 er en super m\u00e5te \u00e5 bli kjent med flere i Topptur og Frikj\u00f8ring p\u00e5. Man f\u00e5r i tillegg delta p\u00e5 arrangementer som er kun for komitemedlemmer, slik som komit\u00e9tur. Man f\u00e5r ogs\u00e5 tilgang ti Earlybird-billetter som gj\u00f8r at man f\u00e5r muligheten til \u00e5 melde seg p\u00e5 tidligere p\u00e5 alle turene TF arrangerer!<\/p>\n\n\n\n<div class=\"wp-block-group alignwide\"><div class=\"wp-block-group__inner-container is-layout-flow wp-block-group-is-layout-flow\">\n<div class=\"wp-block-media-text alignwide is-stacked-on-mobile\"><figure class=\"wp-block-media-text__media\"><img decoding=\"async\" src=\"https:\/\/ntnui.no\/ta\/wp-content\/uploads\/sites\/229\/2020\/08\/IMG_20190309_140007-1024x768.jpg\" alt=\"\" class=\"wp-image-167 size-full\" \/><\/figure><div class=\"wp-block-media-text__content\">\n<p class=\"has-large-font-size\"><strong>Turkomiteen<\/strong><\/p>\n\n\n\n<p>Turkomiteen har ansvaret for \u00e5 planlegge og arrangere alle turer. De bestemmer reisem\u00e5l for de ulike helgene og ordner det praktiske, inkludert mat, overnatting og transport.  Hver enkelt deltager har selv ansvar for \u00e5 planlegge topptur eller evt. andre aktiviteter ut i fra dette. <\/p>\n\n\n\n<p style=\"font-size:14px\">Forventningsavklaring for turkomiteen finner du <span style=\"text-decoration: underline\"><a href=\"https:\/\/ntnui.no\/toppturogfrikjoring\/wp-content\/uploads\/sites\/229\/2026\/04\/TurkomiteenForventningNY.docx.pdf\" data-type=\"link\" data-id=\"https:\/\/ntnui.no\/toppturogfrikjoring\/wp-content\/uploads\/sites\/229\/2026\/04\/TurkomiteenForventningNY.docx.pdf\" target=\"_blank\" rel=\"noreferrer noopener\">her<\/a>!<\/span><br><\/p>\n<\/div><\/div>\n<\/div><\/div>\n\n\n\n<div class=\"wp-block-media-text alignwide has-media-on-the-right is-stacked-on-mobile\"><div class=\"wp-block-media-text__content\">\n<p class=\"has-large-font-size\"><strong>Trenerkomiteen<\/strong><\/p>\n\n\n\n<p>Trenerkomiteen har ansvaret for \u00e5 arrangere sirkeltrening hver uke. Disse treningene foreg\u00e5r p\u00e5 idrettsbygget p\u00e5 Gl\u00f8shaugen hver mandag. I tillegg arrangerer trenerkomiteen turntreninger en del s\u00f8ndager i l\u00f8pet av semesteret. <\/p>\n\n\n\n<p style=\"font-size:14px\">Forventningsavklaring for trenerkomiteen finne du <span style=\"text-decoration: underline\"><a href=\"https:\/\/ntnui.no\/toppturogfrikjoring\/wp-content\/uploads\/sites\/229\/2026\/04\/TurkomiteenForventningNY.docx.pdf\" data-type=\"link\" data-id=\"https:\/\/ntnui.no\/toppturogfrikjoring\/wp-content\/uploads\/sites\/229\/2026\/04\/TurkomiteenForventningNY.docx.pdf\" target=\"_blank\" rel=\"noreferrer noopener\">her<\/a>!<\/span><br><\/p>\n<\/div><figure class=\"wp-block-media-text__media\"><img decoding=\"async\" src=\"https:\/\/ntnui.no\/ta\/wp-content\/uploads\/sites\/229\/2020\/08\/1973472_598544270236986_62252680_o-1024x683.jpg\" alt=\"\" class=\"wp-image-175 size-full\" \/><\/figure><\/div>\n\n\n\n<div class=\"wp-block-media-text alignwide is-stacked-on-mobile\"><figure class=\"wp-block-media-text__media\"><img decoding=\"async\" src=\"https:\/\/ntnui.no\/ta\/wp-content\/uploads\/sites\/229\/2020\/08\/i-ck6D9FF-X3-1024x576.jpg\" alt=\"\" class=\"wp-image-170 size-full\" \/><\/figure><div class=\"wp-block-media-text__content\">\n<p class=\"has-large-font-size\"><strong>Konkurransekomiteen<\/strong><\/p>\n\n\n\n<p>Konkurransekomiteen planlegger og arrangerer frikj\u00f8ringskonkurransen v\u00e5r, TF freeride. TF freeride arrangeres i m\u00e5nedskiftet februar\/mars hvert \u00e5r, og er en lavterskel frikj\u00f8ringskonkurranse \u00e5pen for alle som \u00f8nsker \u00e5 delta. De samler inn spons\/premier gjennom h\u00f8sten, klargj\u00f8r facen og organiserer alt rundt konkurransen. <\/p>\n\n\n\n<p style=\"font-size:14px\">Forventingsavklaring for konkurransekomiteen finner du <span style=\"text-decoration: underline\"><a href=\"https:\/\/ntnui.no\/toppturogfrikjoring\/wp-content\/uploads\/sites\/229\/2026\/04\/Konkurransekomiteen-NY.pdf\" data-type=\"link\" data-id=\"https:\/\/ntnui.no\/toppturogfrikjoring\/wp-content\/uploads\/sites\/229\/2026\/04\/Konkurransekomiteen-NY.pdf\" target=\"_blank\" rel=\"noreferrer noopener\">her<\/a>!<\/span><br><\/p>\n<\/div><\/div>\n\n\n\n<div class=\"wp-block-media-text alignwide has-media-on-the-right is-stacked-on-mobile\"><div class=\"wp-block-media-text__content\">\n<p class=\"has-large-font-size\"><strong>Fest og bl\u00e6st<\/strong><\/p>\n\n\n\n<p>Fest og bl\u00e6st har ansvaret for alle de sosiale arrangementene til Topptur og Frikj\u00f8ring. Dette er for eksempel torsdagspils p\u00e5 Den Gode Nabo, Pray for Snow, skifestivalen og 17. mai frokost.<\/p>\n\n\n\n<p style=\"font-size:14px\">Forventingsavklaring for Fest og bl\u00e6st finner du <span style=\"text-decoration: underline\"><a href=\"https:\/\/ntnui.no\/toppturogfrikjoring\/wp-content\/uploads\/sites\/229\/2026\/04\/Faest-Blaest-ny.pdf\" target=\"_blank\" rel=\"noreferrer noopener\">her<\/a>!<\/span><\/p>\n<\/div><figure class=\"wp-block-media-text__media\"><img decoding=\"async\" src=\"https:\/\/ntnui.no\/ta\/wp-content\/uploads\/sites\/229\/2020\/08\/69427633_2374957442595651_1385054234868711424_o-1024x683.jpg\" alt=\"\" class=\"wp-image-124 size-full\" \/><\/figure><\/div>\n\n\n\n<p><\/p>\n","protected":false},"excerpt":{"rendered":"<p>Topptur og Frikj\u00f8ring har fire komiteer; Turkomiteen, Fest og bl\u00e6st, Trenerkomiteen og Konkurransekomiteen. Komiteene best\u00e5r av frivillige og er de som s\u00f8rger for at TF f\u00e5r arrangert turer, arrangementer, konkurranser og treninger. Om du \u00f8nsker \u00e5 bli med i en komite er det opptak hver h\u00f8st. S\u00f8knadsfrist er 8.september og du s\u00f8ker via linken her: [&hellip;]<\/p>\n","protected":false},"author":58,"featured_media":0,"parent":0,"menu_order":0,"comment_status":"closed","ping_status":"closed","template":"","meta":{"inline_featured_image":false,"_coblocks_attr":"","_coblocks_dimensions":"","_coblocks_responsive_height":"","_coblocks_accordion_ie_support":"","_price":"","_stock":"","_tribe_ticket_header":"","_tribe_default_ticket_provider":"","_tribe_ticket_capacity":"0","_ticket_start_date":"","_ticket_end_date":"","_tribe_ticket_show_description":"","_tribe_ticket_show_not_going":false,"_tribe_ticket_use_global_stock":"","_tribe_ticket_global_stock_level":"","_global_stock_mode":"","_global_stock_cap":"","_tribe_rsvp_for_event":"","_tribe_ticket_going_count":"","_tribe_ticket_not_going_count":"","_tribe_tickets_list":[],"_tribe_ticket_has_attendee_info_fields":false,"footnotes":""},"class_list":["post-133","page","type-page","status-publish","hentry"],"featured_image_src":null,"featured_image_src_square":null,"_links":{"self":[{"href":"https:\/\/ntnui.no\/toppturogfrikjoring\/wp-json\/wp\/v2\/pages\/133","targetHints":{"allow":["GET"]}}],"collection":[{"href":"https:\/\/ntnui.no\/toppturogfrikjoring\/wp-json\/wp\/v2\/pages"}],"about":[{"href":"https:\/\/ntnui.no\/toppturogfrikjoring\/wp-json\/wp\/v2\/types\/page"}],"author":[{"embeddable":true,"href":"https:\/\/ntnui.no\/toppturogfrikjoring\/wp-json\/wp\/v2\/users\/58"}],"replies":[{"embeddable":true,"href":"https:\/\/ntnui.no\/toppturogfrikjoring\/wp-json\/wp\/v2\/comments?post=133"}],"version-history":[{"count":24,"href":"https:\/\/ntnui.no\/toppturogfrikjoring\/wp-json\/wp\/v2\/pages\/133\/revisions"}],"predecessor-version":[{"id":8573,"href":"https:\/\/ntnui.no\/toppturogfrikjoring\/wp-json\/wp\/v2\/pages\/133\/revisions\/8573"}],"wp:attachment":[{"href":"https:\/\/ntnui.no\/toppturogfrikjoring\/wp-json\/wp\/v2\/media?parent=133"}],"curies":[{"name":"wp","href":"https:\/\/api.w.org\/{rel}","templated":true}]}}