{"id":11,"date":"2019-01-10T17:36:42","date_gmt":"2019-01-10T16:36:42","guid":{"rendered":"https:\/\/ntnui.no\/ta\/?page_id=11"},"modified":"2026-03-20T10:35:33","modified_gmt":"2026-03-20T09:35:33","slug":"styret","status":"publish","type":"page","link":"https:\/\/ntnui.no\/toppturogfrikjoring\/styret\/","title":{"rendered":"Styret"},"content":{"rendered":"\n<div class=\"wp-block-group\"><div class=\"wp-block-group__inner-container is-layout-flow wp-block-group-is-layout-flow\">\n<div class=\"wp-block-columns is-layout-flex wp-container-core-columns-is-layout-1 wp-block-columns-is-layout-flex\">\n<div class=\"wp-block-column is-layout-flow wp-block-column-is-layout-flow\" style=\"flex-basis:30%\">\n<figure class=\"wp-block-image size-full is-style-default\"><img loading=\"lazy\" decoding=\"async\" width=\"1536\" height=\"2048\" src=\"https:\/\/ntnui.no\/toppturogfrikjoring\/wp-content\/uploads\/sites\/229\/2024\/09\/hanna.jpeg\" alt=\"\" class=\"wp-image-5877\" \/><\/figure>\n<\/div>\n\n\n\n<div class=\"wp-block-column is-layout-flow wp-block-column-is-layout-flow\" style=\"flex-basis:5%\">\n<p><\/p>\n<\/div>\n\n\n\n<div class=\"wp-block-column is-layout-flow wp-block-column-is-layout-flow\" style=\"flex-basis:65%\">\n<p class=\"has-large-font-size\"><strong>Leder<\/strong><\/p>\n\n\n\n<p style=\"font-size:18px\">Hanna Cruys Sagen H\u00f8yvik<br>Mail: tf-leder@ntnui.no<\/p>\n\n\n\n<p style=\"font-size:15px\">Som Leder har du det overordnede ansvaret for NTNUI Topptur og Frikj\u00f8ring. Lederen har det overordnede ansvaret for gruppens \u00f8konomi, og er ansvarlig for at gruppen f\u00f8lger opp deres m\u00e5lsetninger og statutter. Det er lederens oppgave \u00e5 videreformidle relevant informasjon til NTNUI sitt hovedstyre, og s\u00f8rge for kontinuitet i gruppen ved hjelp av erfaringsoverf\u00f8ring mellom nye og gamle medlemmer. Det er derfor viktig at lederen har en god oversikt over hva som skjer i gruppa, og har en god kommunikasjon med de andre styremedlemmene i gruppa.<\/p>\n<\/div>\n<\/div>\n<\/div><\/div>\n\n\n\n<div class=\"wp-block-columns is-layout-flex wp-container-core-columns-is-layout-2 wp-block-columns-is-layout-flex\">\n<div class=\"wp-block-column is-layout-flow wp-block-column-is-layout-flow\" style=\"flex-basis:30%\">\n<figure class=\"wp-block-image size-full is-style-default\"><img loading=\"lazy\" decoding=\"async\" width=\"1920\" height=\"1679\" src=\"https:\/\/ntnui.no\/toppturogfrikjoring\/wp-content\/uploads\/sites\/229\/2026\/03\/Markus-Nestleder.jpg\" alt=\"\" class=\"wp-image-8336\" \/><\/figure>\n<\/div>\n\n\n\n<div class=\"wp-block-column is-layout-flow wp-block-column-is-layout-flow\" style=\"flex-basis:5%\"><\/div>\n\n\n\n<div class=\"wp-block-column is-layout-flow wp-block-column-is-layout-flow\" style=\"flex-basis:65%\">\n<p class=\"has-large-font-size\"><strong>Nestleder<\/strong><\/p>\n\n\n\n<p style=\"font-size:18px\">Markus Andresen<br>Mail: tf-nestleder@ntnui.no<\/p>\n\n\n\n<p style=\"font-size:15px\">Nestlederen er styrets \u201cpotet\u201d, og hjelper til der det trengs. Som nestleder har du f\u00e5 faste oppgaver, men kan v\u00e6re stedfortreder b\u00e5de for leder og kasserer ved behov. Nestlederen kan f\u00e5 ansvar for oppgaver som ikke h\u00f8rer til en&nbsp; bestemt komite, og skal hjelpe de ulike gruppene \u00e5 kommunisere om n\u00f8dvendig.&nbsp;<br><br>Nestlederen har ansvaret for \u00e5 kalle inn til styrem\u00f8ter og for \u00e5 lede disse. Det er ogs\u00e5 nestlederen som er ansvarlig for utstyret til TF, og bruk og utleie av dette skjer dermed gjennom nestlederen<\/p>\n<\/div>\n<\/div>\n\n\n\n<div class=\"wp-block-columns is-layout-flex wp-container-core-columns-is-layout-3 wp-block-columns-is-layout-flex\">\n<div class=\"wp-block-column is-layout-flow wp-block-column-is-layout-flow\" style=\"flex-basis:30%\">\n<figure class=\"wp-block-image size-full is-resized is-style-default\"><img loading=\"lazy\" decoding=\"async\" width=\"1536\" height=\"2048\" src=\"https:\/\/ntnui.no\/toppturogfrikjoring\/wp-content\/uploads\/sites\/229\/2026\/03\/Hjalte-kasserer.jpg\" alt=\"\" class=\"wp-image-8358\" style=\"width:224px;height:288px\" \/><\/figure>\n\n\n\n<p><\/p>\n<\/div>\n\n\n\n<div class=\"wp-block-column is-layout-flow wp-block-column-is-layout-flow\" style=\"flex-basis:5%\"><\/div>\n\n\n\n<div class=\"wp-block-column is-layout-flow wp-block-column-is-layout-flow\" style=\"flex-basis:65%\">\n<p class=\"has-large-font-size\"><strong>Kasserer<\/strong><\/p>\n\n\n\n<p style=\"font-size:18px\">Hjalte Wesenberg Lauridsen<br>Mail: tf-kasserer@ntnui.no<\/p>\n\n\n\n<p style=\"font-size:15px\">Kassereren er ansvarlig for \u00f8konomien, budsjett og regnskapsf\u00f8ring i Topptur og Frikj\u00f8ring. Dette vil inneb\u00e6re \u00e5 ha egen bankbrikke med kontroll over nettbanken, der alle refusjoner og regninger skal betales. Disse skal igjen regnskapsf\u00f8res, b\u00e5de i perm og digitalt i et fellessystem for NTNUI. Opptil tre ganger i \u00e5ret avholdes det ogs\u00e5 internrevisjon, der kasserer skal g\u00e5 over regnskapsf\u00f8ringen for de foreg\u00e5ende m\u00e5nedene og passe p\u00e5 at alt er riktig. Dette gjennomf\u00f8res p\u00e5 et satt tidspunkt av hovedstyret som er felles for alle NTNUI gruppene. Kasserer vil f\u00e5 egen tilgang til klubbhuset, der man har tilgang p\u00e5 gruppens permer og datamaskiner med det digitale regnskapsf\u00f8ring programmet.<\/p>\n<\/div>\n<\/div>\n\n\n\n<div class=\"wp-block-columns is-layout-flex wp-container-core-columns-is-layout-4 wp-block-columns-is-layout-flex\">\n<div class=\"wp-block-column is-layout-flow wp-block-column-is-layout-flow\" style=\"flex-basis:30%\">\n<figure class=\"wp-block-image size-full is-style-default\"><img loading=\"lazy\" decoding=\"async\" width=\"836\" height=\"627\" src=\"https:\/\/ntnui.no\/toppturogfrikjoring\/wp-content\/uploads\/sites\/229\/2025\/09\/Unknown-2.jpeg\" alt=\"\" class=\"wp-image-7183\" \/><\/figure>\n\n\n\n<p><\/p>\n<\/div>\n\n\n\n<div class=\"wp-block-column is-layout-flow wp-block-column-is-layout-flow\" style=\"flex-basis:5%\"><\/div>\n\n\n\n<div class=\"wp-block-column is-layout-flow wp-block-column-is-layout-flow\" style=\"flex-basis:65%\">\n<p class=\"has-large-font-size\"><strong>Turkomsjef<\/strong><\/p>\n\n\n\n<p style=\"font-size:18px\">\u00c5dne \u00d8vland<br>Mail: tf-turkom@ntnui.no<\/p>\n\n\n\n<p style=\"font-size:15px\">Turkomsjefen har det overordnede ansvaret for turene som Topptur &amp; Frikj\u00f8ring arrangerer. Hovedoppgavene er \u00e5 s\u00f8rge for god planlegging og gjennomf\u00f8ring av turene, og ved det delegere ansvar p\u00e5 turkomitemedlemmene. Som turkomsjef s\u00f8rger du for at komitemedlemmene vet hvordan de arrangerer tur, og passer p\u00e5 at de overholder sine ansvarsomr\u00e5der. Utover dette har turkomsjef, sammen med leder, ansvar for \u00e5 arrangere bl\u00e5tur som avslutningstur med TF.<\/p>\n<\/div>\n<\/div>\n\n\n\n<div class=\"wp-block-columns is-layout-flex wp-container-core-columns-is-layout-5 wp-block-columns-is-layout-flex\">\n<div class=\"wp-block-column is-layout-flow wp-block-column-is-layout-flow\" style=\"flex-basis:30%\">\n<figure class=\"wp-block-image size-full is-resized is-style-default\"><img loading=\"lazy\" decoding=\"async\" width=\"1536\" height=\"2048\" src=\"https:\/\/ntnui.no\/toppturogfrikjoring\/wp-content\/uploads\/sites\/229\/2025\/09\/Unknown.jpeg\" alt=\"\" class=\"wp-image-7181\" style=\"width:238px;height:316px\" \/><\/figure>\n\n\n\n<p><\/p>\n<\/div>\n\n\n\n<div class=\"wp-block-column is-layout-flow wp-block-column-is-layout-flow\" style=\"flex-basis:5%\"><\/div>\n\n\n\n<div class=\"wp-block-column is-layout-flow wp-block-column-is-layout-flow\" style=\"flex-basis:65%\">\n<p class=\"has-large-font-size\"><strong>Sportslig sjef<\/strong><\/p>\n\n\n\n<p style=\"font-size:18px\">Hedda Hove<br>Mail: tf-trener@ntnui.no<\/p>\n\n\n\n<p style=\"font-size:15px\">Sportslig sjef sitt hovedansvar er \u00e5 s\u00f8rge for at b\u00e5de sirkeltreninger og turntreninger g\u00e5r som planlagt. Utover dette har du ogs\u00e5 ansvar for gjennomf\u00f8ringen av skikurset, samt konkurransene under skifestivalen. Som sjef for trenerkomiteen betyr det at du m\u00e5 delegere ansvar innad i komiteen og v\u00e6re villig til \u00e5 ta det ekstra arbeidet som ikke blir lagt til komitemedlemmene.<\/p>\n<\/div>\n<\/div>\n\n\n\n<div class=\"wp-block-columns is-layout-flex wp-container-core-columns-is-layout-6 wp-block-columns-is-layout-flex\">\n<div class=\"wp-block-column is-layout-flow wp-block-column-is-layout-flow\" style=\"flex-basis:30%\">\n<figure class=\"wp-block-image size-full is-resized is-style-default\"><img loading=\"lazy\" decoding=\"async\" width=\"1536\" height=\"2048\" src=\"https:\/\/ntnui.no\/toppturogfrikjoring\/wp-content\/uploads\/sites\/229\/2026\/03\/Anna-FB-sjef.jpg\" alt=\"\" class=\"wp-image-8402\" style=\"width:250px;height:340px\" \/><\/figure>\n\n\n\n<p><\/p>\n<\/div>\n\n\n\n<div class=\"wp-block-column is-layout-flow wp-block-column-is-layout-flow\" style=\"flex-basis:5%\"><\/div>\n\n\n\n<div class=\"wp-block-column is-layout-flow wp-block-column-is-layout-flow\" style=\"flex-basis:65%\">\n<p class=\"has-large-font-size\" style=\"font-size:24px\"><strong>Utenomsportslig sjef<\/strong><\/p>\n\n\n\n<p style=\"font-size:18px\">Anna Luksengard Stave<br>Mail: tf-blaest@ntnui.no<\/p>\n\n\n\n<p style=\"font-size:15px\" class=\"mb-0 pb-0\">Som utenomsportslig sjef har du det overordnede ansvaret for at alle sosiale arrangementer med Topptur og Frikj\u00f8ring, som ikke er turer, treninger eller konkurranser. Som sjef for komiteen betyr det at du m\u00e5 delegere ansvar innad i komiteen og s\u00f8rge for at arrangementene blir planlagt og gjennomf\u00f8rt p\u00e5 best mulig m\u00e5te.<\/p>\n\n\n\n<p style=\"font-size:15px\" class=\"mb-0 pb-0\">I tillegg b\u00f8r du som utenomsportslig sjef bidra til at nye og gamle medlemmer oppn\u00e5r best mulig sosial trivsel. Det inneb\u00e6rer at du ikke bare er villig til \u00e5 stille opp p\u00e5 arrangementer, men ogs\u00e5 at du kan ta sosialt initiativ og bidra til at Topptur og Frikj\u00f8ring har et trygt og kjekt, sosialt milj\u00f8.<\/p>\n<\/div>\n<\/div>\n\n\n\n<div class=\"wp-block-columns is-layout-flex wp-container-core-columns-is-layout-7 wp-block-columns-is-layout-flex\">\n<div class=\"wp-block-column is-layout-flow wp-block-column-is-layout-flow\" style=\"flex-basis:30%\">\n<figure class=\"wp-block-image size-full is-style-default\"><img loading=\"lazy\" decoding=\"async\" width=\"1536\" height=\"2048\" src=\"https:\/\/ntnui.no\/toppturogfrikjoring\/wp-content\/uploads\/sites\/229\/2025\/09\/att.4Rg4LaiDsK2mw9JvnLgzA00hZcrS2-7rqrmOTgLW7Nc.jpeg\" alt=\"\" class=\"wp-image-7182\" \/><\/figure>\n\n\n\n<p><\/p>\n<\/div>\n\n\n\n<div class=\"wp-block-column is-layout-flow wp-block-column-is-layout-flow\" style=\"flex-basis:5%\"><\/div>\n\n\n\n<div class=\"wp-block-column is-layout-flow wp-block-column-is-layout-flow\" style=\"flex-basis:65%\">\n<p class=\"has-large-font-size\" style=\"font-size:24px\"><strong>Frikj\u00f8ringsgeneral<\/strong><\/p>\n\n\n\n<p style=\"font-size:18px\">Mats Flottorp <br>Mail: tf-konkurranse@ntnui.no<\/p>\n\n\n\n<p style=\"font-size:15px\">Frikj\u00f8ringsgeneralen har hovedansvaret for konkurransekomiteen. Dette er komiteen som arrangerer den \u00e5rlige frikj\u00f8ringskonkurransen, TF Freeride. Dette inneb\u00e6rer \u00e5 f\u00e5 tak i frivillige, kontakte sponsorer for premier, ordne overnatting og annet som er n\u00f8dvendig til konkurransehelgen. Konkurransesjefen er i tillegg ansvarlig for \u00e5 tilrettelegge for personer som \u00f8nsker \u00e5 kj\u00f8re andre frikj\u00f8ringskonkurranser for NTNUI.<\/p>\n<\/div>\n<\/div>\n\n\n\n<div class=\"wp-block-columns is-layout-flex wp-container-core-columns-is-layout-8 wp-block-columns-is-layout-flex\">\n<div class=\"wp-block-column is-layout-flow wp-block-column-is-layout-flow\" style=\"flex-basis:30%\">\n<figure class=\"wp-block-image size-full is-resized is-style-default\"><img loading=\"lazy\" decoding=\"async\" width=\"1093\" height=\"1359\" src=\"https:\/\/ntnui.no\/toppturogfrikjoring\/wp-content\/uploads\/sites\/229\/2026\/03\/DSC00305.jpeg\" alt=\"\" class=\"wp-image-8354\" style=\"width:250px;height:309px\" \/><\/figure>\n\n\n\n<p><\/p>\n<\/div>\n\n\n\n<div class=\"wp-block-column is-layout-flow wp-block-column-is-layout-flow\" style=\"flex-basis:5%\"><\/div>\n\n\n\n<div class=\"wp-block-column is-layout-flow wp-block-column-is-layout-flow\" style=\"flex-basis:65%\">\n<p class=\"has-large-font-size\"><strong>Websjef<\/strong><\/p>\n\n\n\n<p style=\"font-size:18px\">Tage Rosenlund<br>Mail: tf-websjef@ntnui.no<\/p>\n\n\n\n<p style=\"font-size:15px\">Som websjef har du i hovedsak ansvaret for nettsiden, Facebook og fildelingsystemet (Google drive). Nettsiden inneb\u00e6rer oppdatering av informasjon og innf\u00f8ring av produkter og salg i webshopen. Du vil st\u00e5 ansvarlig for gruppens sosiale medier og mailingsystemet. Dette vervet krever ingen tidligere erfaring med digitale systemer.<\/p>\n<\/div>\n<\/div>\n\n\n\n<p class=\"has-text-align-left\">Styret i Topptur og Frikj\u00f8ring best\u00e5r av 8 medlemmer, der 5 velges inn p\u00e5 generalforsamlingen p\u00e5 h\u00f8sten, mens de 3 andre velges inn p\u00e5 generalforsamlingen p\u00e5 v\u00e5ren. <\/p>\n","protected":false},"excerpt":{"rendered":"<p>Leder Hanna Cruys Sagen H\u00f8yvikMail: tf-leder@ntnui.no Som Leder har du det overordnede ansvaret for NTNUI Topptur og Frikj\u00f8ring. Lederen har det overordnede ansvaret for gruppens \u00f8konomi, og er ansvarlig for at gruppen f\u00f8lger opp deres m\u00e5lsetninger og statutter. Det er lederens oppgave \u00e5 videreformidle relevant informasjon til NTNUI sitt hovedstyre, og s\u00f8rge for kontinuitet i [&hellip;]<\/p>\n","protected":false},"author":7,"featured_media":0,"parent":0,"menu_order":0,"comment_status":"closed","ping_status":"closed","template":"","meta":{"inline_featured_image":false,"_coblocks_attr":"","_coblocks_dimensions":"","_coblocks_responsive_height":"","_coblocks_accordion_ie_support":"","_price":"","_stock":"","_tribe_ticket_header":"","_tribe_default_ticket_provider":"","_tribe_ticket_capacity":"0","_ticket_start_date":"","_ticket_end_date":"","_tribe_ticket_show_description":"","_tribe_ticket_show_not_going":false,"_tribe_ticket_use_global_stock":"","_tribe_ticket_global_stock_level":"","_global_stock_mode":"","_global_stock_cap":"","_tribe_rsvp_for_event":"","_tribe_ticket_going_count":"","_tribe_ticket_not_going_count":"","_tribe_tickets_list":[],"_tribe_ticket_has_attendee_info_fields":false,"footnotes":""},"class_list":["post-11","page","type-page","status-publish","hentry"],"featured_image_src":null,"featured_image_src_square":null,"_links":{"self":[{"href":"https:\/\/ntnui.no\/toppturogfrikjoring\/wp-json\/wp\/v2\/pages\/11","targetHints":{"allow":["GET"]}}],"collection":[{"href":"https:\/\/ntnui.no\/toppturogfrikjoring\/wp-json\/wp\/v2\/pages"}],"about":[{"href":"https:\/\/ntnui.no\/toppturogfrikjoring\/wp-json\/wp\/v2\/types\/page"}],"author":[{"embeddable":true,"href":"https:\/\/ntnui.no\/toppturogfrikjoring\/wp-json\/wp\/v2\/users\/7"}],"replies":[{"embeddable":true,"href":"https:\/\/ntnui.no\/toppturogfrikjoring\/wp-json\/wp\/v2\/comments?post=11"}],"version-history":[{"count":73,"href":"https:\/\/ntnui.no\/toppturogfrikjoring\/wp-json\/wp\/v2\/pages\/11\/revisions"}],"predecessor-version":[{"id":8467,"href":"https:\/\/ntnui.no\/toppturogfrikjoring\/wp-json\/wp\/v2\/pages\/11\/revisions\/8467"}],"wp:attachment":[{"href":"https:\/\/ntnui.no\/toppturogfrikjoring\/wp-json\/wp\/v2\/media?parent=11"}],"curies":[{"name":"wp","href":"https:\/\/api.w.org\/{rel}","templated":true}]}}