{"id":7174,"date":"2026-03-10T21:15:04","date_gmt":"2026-03-10T20:15:04","guid":{"rendered":"https:\/\/ntnui.no\/tindegruppa\/?post_type=product&#038;p=7174"},"modified":"2026-04-08T22:44:06","modified_gmt":"2026-04-08T20:44:06","slug":"aa-tur-til-sogndal-les-beskrivelsen","status":"publish","type":"product","link":"https:\/\/ntnui.no\/tindegruppa\/product\/aa-tur-til-sogndal-les-beskrivelsen\/","title":{"rendered":"A) Tur til Sogndal (Les beskrivelsen!!)"},"content":{"rendered":"<p><strong>Tur til Sogndal 23-27. April!! Husk ogs\u00e5 \u00e5 registrere deg p\u00e5 registreringsskjemaet nedenfor!!<\/strong><\/p>\n<p>Dette er den offisielle p\u00e5meldingen til Sogndaltur! Denne skal betales <strong>F\u00d8R<\/strong> du trykker p\u00e5 linken til registreringsskjemaet nedenfor \ud83d\ude42<\/p>\n<p>P\u00e5melding er bindende, og betaling kan derfor ikke refunderes.<\/p>\n<p>Her er link til registreringsskjemaet + viktig info om turen (<strong>NB!<\/strong>\u00a0Registrering teller IKKE alene som p\u00e5melding)<\/p>\n<p><a href=\"https:\/\/forms.gle\/tAFWhAdYchoEf47R8\">https:\/\/forms.gle\/tAFWhAdYchoEf47R8<\/a><\/p>\n<p>&nbsp;<\/p>\n<p><em>English:<\/em><\/p>\n<p><strong>Remember to also fill out the registrationform below!!<\/strong><\/p>\n<p><em>This is the official registration for the Sogndal trip! This must be paid <strong data-start=\"72\" data-end=\"82\">BEFORE<\/strong> you click the link to the registration below.<\/em><\/p>\n<p><em>Registration is binding, and payment is therefore non-refundable.<\/em><\/p>\n<p><em>Here is the link to the registration form + important information about the trip (<strong>NB!<\/strong>\u00a0Registration alone does NOT count as signing up).<\/em><\/p>\n<p><a href=\"https:\/\/forms.gle\/tAFWhAdYchoEf47R8\">https:\/\/forms.gle\/tAFWhAdYchoEf47R8<\/a><\/p>\n","protected":false},"excerpt":{"rendered":"<p>Tur til Sogndal 23-27. April!! Husk ogs\u00e5 \u00e5 registrere deg p\u00e5 registreringsskjemaet nedenfor!! Dette er den offisielle p\u00e5meldingen til Sogndaltur! Denne skal betales F\u00d8R du trykker p\u00e5 linken til registreringsskjemaet nedenfor \ud83d\ude42 P\u00e5melding er bindende, og betaling kan derfor ikke refunderes. Her er link til registreringsskjemaet + viktig info om turen (NB!\u00a0Registrering teller IKKE alene [&hellip;]<\/p>\n","protected":false},"featured_media":7175,"comment_status":"closed","ping_status":"closed","template":"","meta":{"_coblocks_attr":"","_coblocks_dimensions":"","_coblocks_responsive_height":"","_coblocks_accordion_ie_support":"","_price":"600","_stock":"3","_tribe_ticket_header":"","_tribe_default_ticket_provider":"","_tribe_ticket_capacity":"40","_ticket_start_date":"","_ticket_end_date":"","_tribe_ticket_show_description":"","_tribe_ticket_show_not_going":false,"_tribe_ticket_use_global_stock":"","_tribe_ticket_global_stock_level":"","_global_stock_mode":"","_global_stock_cap":"","_tribe_rsvp_for_event":"","_tribe_ticket_going_count":"","_tribe_ticket_not_going_count":"","_tribe_tickets_list":[],"_tribe_ticket_has_attendee_info_fields":false},"product_brand":[],"product_cat":[48],"product_tag":[],"class_list":{"0":"post-7174","1":"product","2":"type-product","3":"status-publish","4":"has-post-thumbnail","6":"product_cat-tur","8":"first","9":"instock","10":"sold-individually","11":"shipping-taxable","12":"purchasable","13":"product-type-simple"},"_links":{"self":[{"href":"https:\/\/ntnui.no\/tindegruppa\/wp-json\/wp\/v2\/product\/7174","targetHints":{"allow":["GET"]}}],"collection":[{"href":"https:\/\/ntnui.no\/tindegruppa\/wp-json\/wp\/v2\/product"}],"about":[{"href":"https:\/\/ntnui.no\/tindegruppa\/wp-json\/wp\/v2\/types\/product"}],"replies":[{"embeddable":true,"href":"https:\/\/ntnui.no\/tindegruppa\/wp-json\/wp\/v2\/comments?post=7174"}],"wp:featuredmedia":[{"embeddable":true,"href":"https:\/\/ntnui.no\/tindegruppa\/wp-json\/wp\/v2\/media\/7175"}],"wp:attachment":[{"href":"https:\/\/ntnui.no\/tindegruppa\/wp-json\/wp\/v2\/media?parent=7174"}],"wp:term":[{"taxonomy":"product_brand","embeddable":true,"href":"https:\/\/ntnui.no\/tindegruppa\/wp-json\/wp\/v2\/product_brand?post=7174"},{"taxonomy":"product_cat","embeddable":true,"href":"https:\/\/ntnui.no\/tindegruppa\/wp-json\/wp\/v2\/product_cat?post=7174"},{"taxonomy":"product_tag","embeddable":true,"href":"https:\/\/ntnui.no\/tindegruppa\/wp-json\/wp\/v2\/product_tag?post=7174"}],"curies":[{"name":"wp","href":"https:\/\/api.w.org\/{rel}","templated":true}]}}