{"id":6166,"date":"2024-11-05T20:51:48","date_gmt":"2024-11-05T19:51:48","guid":{"rendered":"https:\/\/ntnui.no\/tindegruppa\/?post_type=product&#038;p=6166"},"modified":"2024-11-05T21:27:39","modified_gmt":"2024-11-05T20:27:39","slug":"navn-pa-kurs","status":"publish","type":"product","link":"https:\/\/ntnui.no\/tindegruppa\/product\/navn-pa-kurs\/","title":{"rendered":"*NAVN P\u00c5 KURS*"},"content":{"rendered":"<p>INFO OM KURS, eks:<\/p>\n<p><strong>Inne til ute kurs<br \/>\n<\/strong><span style=\"font-weight: 400\">Har du brattkort og klatret inne, men kjenner det krible etter \u00e5 oppleve hva uteklatring kan tilby?<\/span><span style=\"font-weight: 400\"><br \/>\n<\/span><span style=\"font-weight: 400\">Bli med p\u00e5 inne til ute kurs!<\/span><\/p>\n<p><span style=\"font-weight: 400\">\u00a0<\/span><span style=\"font-weight: 400\">Kurset g\u00e5r over en dag (ca 8 timer) p\u00e5 et nybegynnervennlig klatrefelt. <\/span><span style=\"font-weight: 400\"><br \/>\n<\/span><span style=\"font-weight: 400\">Kursavgift dekker bare selve kurset.\u00a0<\/span><\/p>\n<p><b>Du m\u00e5 selv stille med noe av utstyret:<\/b><\/p>\n<p><span style=\"font-weight: 400\">&#8211; Klatresele<br \/>\n<\/span><span style=\"font-weight: 400\">&#8211; Klatresko<br \/>\n<\/span><span style=\"font-weight: 400\">&#8211; 1x Vanlig karabiner<br \/>\n<\/span><span style=\"font-weight: 400\">&#8211; 2x Skrukarabiner<br \/>\n<\/span><span style=\"font-weight: 400\">&#8211; Taubrems med rappellmulighet<br \/>\n<\/span><span style=\"font-weight: 400\">&#8211; Prusik \/ klemknuteslynge (5-6mm x 30cm)\u00a0<\/span><\/p>\n<p><b>Ta gjerne med:<br \/>\n<\/b><span style=\"font-weight: 400\">&#8211; Klatrehjelm<br \/>\n<\/span><span style=\"font-weight: 400\">&#8211; ATC brems<br \/>\n<\/span><span style=\"font-weight: 400\">&#8211; Kortslynger<br \/>\n<\/span><span style=\"font-weight: 400\">&#8211; Klatretau<br \/>\n<\/span><span style=\"font-weight: 400\">&#8211; 120cm &#8211; slynge\u00a0<\/span><\/p>\n<p><b>Husk at du skal v\u00e6re ute hele dagen, s\u00e5 ikke glem:<br \/>\n<\/b><span style=\"font-weight: 400\">&#8211; Kl\u00e6r etter v\u00e6ret<br \/>\n<\/span><span style=\"font-weight: 400\">&#8211; Fjellsko\/anmarsjsko<br \/>\n<\/span><span style=\"font-weight: 400\">&#8211; Hodelykt!<br \/>\n<\/span><span style=\"font-weight: 400\">&#8211; Mat og drikke! (Husk at du skal v\u00e6re utend\u00f8rs i 8 timer +\/-)<\/span><\/p>\n<p><span style=\"font-weight: 400\">\u00a0<\/span><span style=\"font-weight: 400\">P\u00e5 dette kurset \u00f8nsker vi \u00e5 fokusere p\u00e5 \u00e5 gi deltakeren innf\u00f8ring i de ulike aspektene med klatring p\u00e5 boltede klatreruter utend\u00f8rs, og det legges vekt p\u00e5 grunnleggende kunnskap og ferdigheter. Metodene som presenteres bygger p\u00e5 det gjeldende metodesettet i klatring. Kurset bygger videre p\u00e5 det deltakerne har av erfaring fra klatring innend\u00f8rs og krever at deltakeren har Brattkort. Etter kurset skal deltakeren kjenne til;<br \/>\n<\/span><\/p>\n<p><span style=\"font-weight: 400\">&#8211; utstyret som brukes ved sportsklatring<br \/>\n<\/span><span style=\"font-weight: 400\">&#8211; standard metoder som brukes i sportsklatring<br \/>\n<\/span><span style=\"font-weight: 400\">&#8211; de potensielle farene som er forbundet med klatring p\u00e5 utend\u00f8rs sportsklatrefelt.<br \/>\n<\/span><span style=\"font-weight: 400\">&#8211; prinsippene om sporl\u00f8s ferdsel og hensynsfull opptreden under bes\u00f8k p\u00e5 utend\u00f8rs klatrefelt og klatreetikk.\u00a0<\/span><\/p>\n<p><span style=\"font-weight: 400\">Dersom du har sp\u00f8rsm\u00e5l, ta kontakt!<\/span><\/p>\n","protected":false},"excerpt":{"rendered":"<p>INFO OM KURS, eks: Inne til ute kurs Har du brattkort og klatret inne, men kjenner det krible etter \u00e5 oppleve hva uteklatring kan tilby? Bli med p\u00e5 inne til ute kurs! \u00a0Kurset g\u00e5r over en dag (ca 8 timer) p\u00e5 et nybegynnervennlig klatrefelt. Kursavgift dekker bare selve kurset.\u00a0 Du m\u00e5 selv stille med noe [&hellip;]<\/p>\n","protected":false},"featured_media":6123,"comment_status":"closed","ping_status":"closed","template":"","meta":{"_coblocks_attr":"","_coblocks_dimensions":"","_coblocks_responsive_height":"","_coblocks_accordion_ie_support":"","_price":"0","_stock":"9","_tribe_ticket_header":"","_tribe_default_ticket_provider":"","_tribe_ticket_capacity":"10","_ticket_start_date":"","_ticket_end_date":"","_tribe_ticket_show_description":"","_tribe_ticket_show_not_going":false,"_tribe_ticket_use_global_stock":"","_tribe_ticket_global_stock_level":"","_global_stock_mode":"","_global_stock_cap":"","_tribe_rsvp_for_event":"","_tribe_ticket_going_count":"","_tribe_ticket_not_going_count":"","_tribe_tickets_list":[],"_tribe_ticket_has_attendee_info_fields":false},"product_brand":[],"product_cat":[103,44],"product_tag":[],"class_list":{"0":"post-6166","1":"product","2":"type-product","3":"status-publish","4":"has-post-thumbnail","6":"product_cat-grunnkurs","7":"product_cat-kurs","9":"first","10":"instock","11":"downloadable","12":"virtual","13":"purchasable","14":"product-type-simple"},"_links":{"self":[{"href":"https:\/\/ntnui.no\/tindegruppa\/wp-json\/wp\/v2\/product\/6166","targetHints":{"allow":["GET"]}}],"collection":[{"href":"https:\/\/ntnui.no\/tindegruppa\/wp-json\/wp\/v2\/product"}],"about":[{"href":"https:\/\/ntnui.no\/tindegruppa\/wp-json\/wp\/v2\/types\/product"}],"replies":[{"embeddable":true,"href":"https:\/\/ntnui.no\/tindegruppa\/wp-json\/wp\/v2\/comments?post=6166"}],"wp:featuredmedia":[{"embeddable":true,"href":"https:\/\/ntnui.no\/tindegruppa\/wp-json\/wp\/v2\/media\/6123"}],"wp:attachment":[{"href":"https:\/\/ntnui.no\/tindegruppa\/wp-json\/wp\/v2\/media?parent=6166"}],"wp:term":[{"taxonomy":"product_brand","embeddable":true,"href":"https:\/\/ntnui.no\/tindegruppa\/wp-json\/wp\/v2\/product_brand?post=6166"},{"taxonomy":"product_cat","embeddable":true,"href":"https:\/\/ntnui.no\/tindegruppa\/wp-json\/wp\/v2\/product_cat?post=6166"},{"taxonomy":"product_tag","embeddable":true,"href":"https:\/\/ntnui.no\/tindegruppa\/wp-json\/wp\/v2\/product_tag?post=6166"}],"curies":[{"name":"wp","href":"https:\/\/api.w.org\/{rel}","templated":true}]}}