{"id":2363,"date":"2019-08-19T10:10:11","date_gmt":"2019-08-19T10:10:11","guid":{"rendered":"https:\/\/ntnui.no\/tindegruppa-ny\/?post_type=product&#038;p=2363"},"modified":"2025-02-13T17:35:21","modified_gmt":"2025-02-13T16:35:21","slug":"bli-medlem-2","status":"publish","type":"product","link":"https:\/\/ntnui.no\/tindegruppa\/product\/bli-medlem-2\/","title":{"rendered":"Bli medlem"},"content":{"rendered":"<p>For \u00e5 bli medlem av tindegruppa m\u00e5 man v\u00e6re medlem av NTNUI i tillegg til \u00e5 betale en engangskontigent p\u00e5 250 kroner for norske studenter, og 150 kroner for utvekslingsstudenter. Du kan velge om du \u00f8nsker \u00e5 betale med vipps ved \u00e5 s\u00f8ke opp tindegruppa og s\u00e5 velge kontigent, eller ved \u00e5 betale her p\u00e5 nettsiden ved \u00e5 trykke deg inn p\u00e5 linken under.<\/p>\n<p>&nbsp;<\/p>\n<p>For \u00e5 bli oppf\u00f8rt som aktivt medlem m\u00e5 du g\u00e5 inn p\u00e5 NTNUI sitt medlemssystem og s\u00f8ke om \u00e5 f\u00e5 bli med i Tindegruppa etter du har betalt avgiften.<\/p>\n<p><a href=\"https:\/\/medlem.ntnui.no\/groups\/tindegruppa\/\" data-saferedirecturl=\"https:\/\/www.google.com\/url?q=https:\/\/medlem.ntnui.no\/groups\/tindegruppa\/&amp;source=gmail&amp;ust=1662657624245000&amp;usg=AOvVaw3Sm-kAOwAyv7DFl-A5W0nV\">https:\/\/medlem.ntnui.no\/groups\/tindegruppa\/<\/a><\/p>\n<p>&nbsp;<\/p>\n<p>Det er s\u00e5 bare \u00e5 bli med p\u00e5 treninger og arrangementer.<\/p>\n<p>Vi arrangerer som regel tirsdagsbuldringer og torsdagsbuldringer hver uke.<\/p>\n<p>Det blir ogs\u00e5 flere arrangerte turer i l\u00f8pet av \u00e5ret.<\/p>\n<p>Vi har en Facebook side hvor det blir postet om turer og events.<\/p>\n<p><a href=\"https:\/\/www.facebook.com\/ntnuiTG\" data-saferedirecturl=\"https:\/\/www.google.com\/url?q=https:\/\/www.facebook.com\/ntnuiTG&amp;source=gmail&amp;ust=1662657624245000&amp;usg=AOvVaw3FSy4rvsahCHJmgxTp7I0C\">https:\/\/www.facebook.com\/ntnuiTG<\/a><\/p>\n<p>&nbsp;<\/p>\n<p>Vi har ogs\u00e5 en Facebook gruppe hvor medlemmer kan arrangere ting p\u00e5 egenh\u00e5nd.<\/p>\n<p>Denne er det mye liv i og et flott sted \u00e5 finne klatrepartnere.<\/p>\n<p><a href=\"https:\/\/www.facebook.com\/groups\/1428561710796885\" data-saferedirecturl=\"https:\/\/www.google.com\/url?q=https:\/\/www.facebook.com\/groups\/1428561710796885&amp;source=gmail&amp;ust=1662657624245000&amp;usg=AOvVaw0DANXp2YbN8pjzymTH6_m2\">https:\/\/www.facebook.com\/groups\/1428561710796885<\/a><\/p>\n<p>&nbsp;<\/p>\n<p>H\u00e5per \u00e5 se deg p\u00e5 kommende arrangementer. \ud83d\ude42<\/p>\n","protected":false},"excerpt":{"rendered":"<p>For \u00e5 bli medlem av tindegruppa m\u00e5 man v\u00e6re medlem av NTNUI i tillegg til \u00e5 betale en engangskontigent p\u00e5 250 kroner for norske studenter, og 150 kroner for utvekslingsstudenter. Du kan velge om du \u00f8nsker \u00e5 betale med vipps ved \u00e5 s\u00f8ke opp tindegruppa og s\u00e5 velge kontigent, eller ved \u00e5 betale her p\u00e5 [&hellip;]<\/p>\n","protected":false},"featured_media":1208,"comment_status":"closed","ping_status":"closed","template":"","meta":{"_coblocks_attr":"","_coblocks_dimensions":"","_coblocks_responsive_height":"","_coblocks_accordion_ie_support":"","_price":"250","_stock":"","_tribe_ticket_header":"","_tribe_default_ticket_provider":"","_tribe_ticket_capacity":"151","_ticket_start_date":"","_ticket_end_date":"","_tribe_ticket_show_description":"","_tribe_ticket_show_not_going":false,"_tribe_ticket_use_global_stock":"","_tribe_ticket_global_stock_level":"","_global_stock_mode":"","_global_stock_cap":"","_tribe_rsvp_for_event":"","_tribe_ticket_going_count":"","_tribe_ticket_not_going_count":"","_tribe_tickets_list":[],"_tribe_ticket_has_attendee_info_fields":false},"product_brand":[],"product_cat":[45],"product_tag":[],"class_list":{"0":"post-2363","1":"product","2":"type-product","3":"status-publish","4":"has-post-thumbnail","6":"product_cat-medlemskap","8":"first","9":"instock","10":"featured","11":"virtual","12":"purchasable","13":"product-type-simple"},"_links":{"self":[{"href":"https:\/\/ntnui.no\/tindegruppa\/wp-json\/wp\/v2\/product\/2363","targetHints":{"allow":["GET"]}}],"collection":[{"href":"https:\/\/ntnui.no\/tindegruppa\/wp-json\/wp\/v2\/product"}],"about":[{"href":"https:\/\/ntnui.no\/tindegruppa\/wp-json\/wp\/v2\/types\/product"}],"replies":[{"embeddable":true,"href":"https:\/\/ntnui.no\/tindegruppa\/wp-json\/wp\/v2\/comments?post=2363"}],"wp:featuredmedia":[{"embeddable":true,"href":"https:\/\/ntnui.no\/tindegruppa\/wp-json\/wp\/v2\/media\/1208"}],"wp:attachment":[{"href":"https:\/\/ntnui.no\/tindegruppa\/wp-json\/wp\/v2\/media?parent=2363"}],"wp:term":[{"taxonomy":"product_brand","embeddable":true,"href":"https:\/\/ntnui.no\/tindegruppa\/wp-json\/wp\/v2\/product_brand?post=2363"},{"taxonomy":"product_cat","embeddable":true,"href":"https:\/\/ntnui.no\/tindegruppa\/wp-json\/wp\/v2\/product_cat?post=2363"},{"taxonomy":"product_tag","embeddable":true,"href":"https:\/\/ntnui.no\/tindegruppa\/wp-json\/wp\/v2\/product_tag?post=2363"}],"curies":[{"name":"wp","href":"https:\/\/api.w.org\/{rel}","templated":true}]}}