{"id":7370,"date":"2026-03-21T15:02:49","date_gmt":"2026-03-21T14:02:49","guid":{"rendered":"https:\/\/ntnui.no\/tindegruppa\/?page_id=7370"},"modified":"2026-03-21T16:05:47","modified_gmt":"2026-03-21T15:05:47","slug":"komiteer","status":"publish","type":"page","link":"https:\/\/ntnui.no\/tindegruppa\/komiteer\/","title":{"rendered":"Komiteene v\u00e5re &lt;3"},"content":{"rendered":"\n<figure class=\"wp-block-gallery has-nested-images columns-default is-cropped wp-block-gallery-1 is-layout-flex wp-block-gallery-is-layout-flex\">\n<figure class=\"wp-block-image size-large\"><img loading=\"lazy\" decoding=\"async\" width=\"640\" height=\"427\" data-id=\"7376\" src=\"https:\/\/ntnui.no\/tindegruppa\/wp-content\/uploads\/sites\/261\/2026\/03\/20250907-DSC07772-1.png\" alt=\"\" class=\"wp-image-7376\" \/><\/figure>\n<\/figure>\n\n\n\n<p>Tindegruppa har to komiteer; Tur- og Sosialkomiteen:) Komiteene s\u00f8rger for at TG f\u00e5r arrangert sine turer og at det er frukt&amp;kaker p\u00e5 arrangementene v\u00e5re. Det er en frivillig gjeng, best\u00e5ende av sterke og engasjerte sjeler. <\/p>\n\n\n\n<p>\u00d8nsker du \u00e5 bli en del av komiteene, f\u00f8lg med p\u00e5 v\u00e5re sosiale medier for stillingsutlysninger!<\/p>\n\n\n\n<p><\/p>\n\n\n\n<p><strong>Hva gj\u00f8r komitemedlemmene?<\/strong><\/p>\n\n\n\n<p>V\u00e5re komiteemedlemmer deltar p\u00e5 jevnlige m\u00f8ter utover semesteret, samt bidrar p\u00e5 ulike m\u00e5ter til TG&#8217;s arrangementer, litt avhengig av hvilken komite man er i. For \u00e5 finne ut mer om hva som forventes i hver komite kan du kontakte tur eller sosialansvarlig i styret:)<\/p>\n\n\n\n<p><strong>Hvorfor bli med i en komite?<\/strong><\/p>\n\n\n\n<p>\u00c5 v\u00e6re en del av Tindegruppas komiteer er en shmud m\u00e5te \u00e5 bli kjent med flere sterke klatrere i Trondheim! I tillegg f\u00e5r man mulighet til \u00e5 delta p\u00e5 arrangementer som kun er for komitemedlemmer. Man vil i tillegg ogs\u00e5 f\u00e5 tilgang til Early-bird billetter som gj\u00f8r at man f\u00e5r muligheten til \u00e5 melde seg p\u00e5 tidligere p\u00e5 TG&#8217;s turer og samlinger.<\/p>\n\n\n\n<div class=\"wp-block-coblocks-accordion\"><\/div>\n\n\n\n<div class=\"wp-block-group alignfull is-content-justification-center\" style=\"margin-top:0;margin-bottom:0;padding-top:calc( 0.5 * var(--wp--style--root--padding-right, var(--wp--custom--gap--horizontal)));padding-right:var(--wp--style--root--padding-right, var(--wp--custom--gap--horizontal));padding-bottom:calc( 0.5 * var(--wp--style--root--padding-right, var(--wp--custom--gap--horizontal)));padding-left:var(--wp--style--root--padding-left, var(--wp--custom--gap--horizontal))\"><div class=\"wp-block-group__inner-container is-layout-constrained wp-container-core-group-is-layout-1 wp-block-group-is-layout-constrained\">\n<div style=\"height:calc( 0.25 * var(--wp--style--root--padding-right, var(--wp--custom--gap--horizontal)))\" aria-hidden=\"true\" class=\"wp-block-spacer\"><\/div>\n\n\n\n<div style=\"height:calc( 0.25 * var(--wp--style--root--padding-right, var(--wp--custom--gap--horizontal)))\" aria-hidden=\"true\" class=\"wp-block-spacer\"><\/div>\n<\/div><\/div>\n\n\n\n<div class=\"wp-block-group alignfull has-background\" style=\"background-color:#f5eac1;padding-top:6vw;padding-right:6vw;padding-bottom:6vw;padding-left:6vw\"><div class=\"wp-block-group__inner-container is-layout-flow wp-block-group-is-layout-flow\">\n<div style=\"height:1vw\" aria-hidden=\"true\" class=\"wp-block-spacer\"><\/div>\n\n\n\n<div class=\"wp-block-group alignwide is-vertical is-nowrap is-layout-flex wp-container-core-group-is-layout-2 wp-block-group-is-layout-flex\" style=\"padding-top:0;padding-right:0;padding-bottom:0;padding-left:0\">\n<div class=\"wp-block-columns alignwide is-layout-flex wp-container-core-columns-is-layout-1 wp-block-columns-is-layout-flex\">\n<div class=\"wp-block-column is-layout-flow wp-block-column-is-layout-flow\" style=\"flex-basis:33.38%\">\n<p><strong>Turkomiteen<\/strong>:))<\/p>\n\n\n\n<p class=\"has-text-color\" style=\"color:#000000;font-size:17px\">Turkomiteen st\u00e5r for TG&#8217;s turer! De planlegger og bestemmer reisem\u00e5l for de ulike turene og s\u00f8rger for det praktiske ifm mat, overnatting, transport osv. De enkelte deltakerne har selv ansvar for \u00e5 planlegge turer og ruter de \u00f8nsker \u00e5 klatre. Dette er ikke noe turkomiteen har ansvar for. <\/p>\n<\/div>\n\n\n\n<div class=\"wp-block-column is-layout-flow wp-block-column-is-layout-flow\" style=\"flex-basis:33%\">\n<div style=\"height:2vw\" aria-hidden=\"true\" class=\"wp-block-spacer\"><\/div>\n\n\n\n<figure class=\"wp-block-image size-full\"><img loading=\"lazy\" decoding=\"async\" width=\"565\" height=\"640\" src=\"https:\/\/ntnui.no\/tindegruppa\/wp-content\/uploads\/sites\/261\/2026\/03\/20250906-DSC07681-2.png\" alt=\"\" class=\"wp-image-7385\" \/><\/figure>\n<\/div>\n\n\n\n<div class=\"wp-block-column is-layout-flow wp-block-column-is-layout-flow\" style=\"flex-basis:33.62%\">\n<figure class=\"wp-block-image size-full\"><img loading=\"lazy\" decoding=\"async\" width=\"1282\" height=\"1613\" src=\"https:\/\/ntnui.no\/tindegruppa\/wp-content\/uploads\/sites\/261\/2026\/03\/IMG_2039-1.jpeg\" alt=\"\" class=\"wp-image-7386\" \/><\/figure>\n<\/div>\n<\/div>\n\n\n\n<div class=\"wp-block-columns alignwide is-layout-flex wp-container-core-columns-is-layout-2 wp-block-columns-is-layout-flex\">\n<div class=\"wp-block-column is-layout-flow wp-block-column-is-layout-flow\" style=\"flex-basis:69%\">\n<figure class=\"wp-block-image size-full\"><img loading=\"lazy\" decoding=\"async\" width=\"640\" height=\"427\" src=\"https:\/\/ntnui.no\/tindegruppa\/wp-content\/uploads\/sites\/261\/2026\/03\/20250906-DSC07698.png\" alt=\"\" class=\"wp-image-7387\" \/><\/figure>\n<\/div>\n\n\n\n<div class=\"wp-block-column is-vertically-aligned-center is-layout-flow wp-block-column-is-layout-flow\" style=\"flex-basis:33%\">\n<div style=\"height:0px\" aria-hidden=\"true\" class=\"wp-block-spacer\"><\/div>\n\n\n\n<p><strong>Sosialkomiteen<\/strong>&lt;3<\/p>\n\n\n\n<p class=\"has-text-color\" style=\"color:#000000;font-size:17px\">Sosialkomiteen stiller med frukt&amp;kjeks p\u00e5 tirsdagsbuldringene v\u00e5re! De s\u00f8rger for b\u00e5lkos&amp;quiz p\u00e5 TG&#8217;s turer, samt andre sosiale arrangementer utover semesteret! <\/p>\n<\/div>\n<\/div>\n\n\n\n<p><\/p>\n<\/div>\n<\/div><\/div>\n","protected":false},"excerpt":{"rendered":"<p>Tindegruppa har to komiteer; Tur- og Sosialkomiteen:) Komiteene s\u00f8rger for at TG f\u00e5r arrangert sine turer og at det er frukt&amp;kaker p\u00e5 arrangementene v\u00e5re. Det er en frivillig gjeng, best\u00e5ende av sterke og engasjerte sjeler. \u00d8nsker du \u00e5 bli en del av komiteene, f\u00f8lg med p\u00e5 v\u00e5re sosiale medier for stillingsutlysninger! Hva gj\u00f8r komitemedlemmene? V\u00e5re [&hellip;]<\/p>\n","protected":false},"author":284,"featured_media":0,"parent":0,"menu_order":0,"comment_status":"closed","ping_status":"closed","template":"","meta":{"_coblocks_attr":"","_coblocks_dimensions":"","_coblocks_responsive_height":"","_coblocks_accordion_ie_support":"","_price":"","_stock":"","_tribe_ticket_header":"","_tribe_default_ticket_provider":"","_tribe_ticket_capacity":"0","_ticket_start_date":"","_ticket_end_date":"","_tribe_ticket_show_description":"","_tribe_ticket_show_not_going":false,"_tribe_ticket_use_global_stock":"","_tribe_ticket_global_stock_level":"","_global_stock_mode":"","_global_stock_cap":"","_tribe_rsvp_for_event":"","_tribe_ticket_going_count":"","_tribe_ticket_not_going_count":"","_tribe_tickets_list":[],"_tribe_ticket_has_attendee_info_fields":false,"footnotes":""},"class_list":["post-7370","page","type-page","status-publish","hentry"],"featured_image_src":null,"featured_image_src_square":null,"ticketed":false,"_links":{"self":[{"href":"https:\/\/ntnui.no\/tindegruppa\/wp-json\/wp\/v2\/pages\/7370","targetHints":{"allow":["GET"]}}],"collection":[{"href":"https:\/\/ntnui.no\/tindegruppa\/wp-json\/wp\/v2\/pages"}],"about":[{"href":"https:\/\/ntnui.no\/tindegruppa\/wp-json\/wp\/v2\/types\/page"}],"author":[{"embeddable":true,"href":"https:\/\/ntnui.no\/tindegruppa\/wp-json\/wp\/v2\/users\/284"}],"replies":[{"embeddable":true,"href":"https:\/\/ntnui.no\/tindegruppa\/wp-json\/wp\/v2\/comments?post=7370"}],"version-history":[{"count":7,"href":"https:\/\/ntnui.no\/tindegruppa\/wp-json\/wp\/v2\/pages\/7370\/revisions"}],"predecessor-version":[{"id":7397,"href":"https:\/\/ntnui.no\/tindegruppa\/wp-json\/wp\/v2\/pages\/7370\/revisions\/7397"}],"wp:attachment":[{"href":"https:\/\/ntnui.no\/tindegruppa\/wp-json\/wp\/v2\/media?parent=7370"}],"curies":[{"name":"wp","href":"https:\/\/api.w.org\/{rel}","templated":true}]}}