{"id":7,"date":"2019-01-10T17:36:13","date_gmt":"2019-01-10T17:36:13","guid":{"rendered":"https:\/\/ntnui.no\/tindegruppa-ny2\/?page_id=7"},"modified":"2026-03-21T15:17:31","modified_gmt":"2026-03-21T14:17:31","slug":"forside","status":"publish","type":"page","link":"https:\/\/ntnui.no\/tindegruppa\/","title":{"rendered":""},"content":{"rendered":"\n<div class=\"wp-block-cover has-parallax is-light alignfull\" style=\"min-height:430px;aspect-ratio:unset;\"><span aria-hidden=\"true\" class=\"wp-block-cover__background has-background-dim-40 has-background-dim\"><\/span><div class=\"wp-block-cover__image-background wp-image-1212 has-parallax\" style=\"background-position:50% 50%;background-image:url(https:\/\/ntnui.no\/tindegruppa-ny\/wp-content\/uploads\/sites\/261\/2018\/08\/DSC_0367.jpg)\"><\/div><div class=\"wp-block-cover__inner-container is-layout-flow wp-block-cover-is-layout-flow\">\n<h1 class=\"wp-block-heading has-text-align-center has-large-font-size\" style=\"color: white\">Tindegruppa<\/h1>\n<\/div><\/div>\n\n\n\n<div class=\"wp-block-media-text alignwide is-vertically-aligned-bottom\" style=\"grid-template-columns:62% auto\"><figure class=\"wp-block-media-text__media\"><img loading=\"lazy\" decoding=\"async\" width=\"1284\" height=\"1646\" src=\"https:\/\/ntnui.no\/tindegruppa\/wp-content\/uploads\/sites\/261\/2026\/03\/IMG_0207-2.jpeg\" alt=\"\" class=\"wp-image-7283 size-full\" \/><\/figure><div class=\"wp-block-media-text__content\">\n<h2 class=\"wp-block-heading has-text-align-center\" style=\"font-size:48px\"><a href=\"https:\/\/ntnui.no\/tindegruppa\/info\/\" data-type=\"page\" data-id=\"1235\">Om oss<\/a><\/h2>\n\n\n\n<p><\/p>\n\n\n\n<p>Tindegruppa er NTNUIs klatregruppe. Gruppen er \u00e5pen for alle studenter som vil klatre, enten det er p\u00e5 plastikk, stein, klippe, is eller fjell. Vi har buldring p\u00e5 Grip sluppen hver tirsdag, Vi har ogs\u00e5 helgeturer til crag rundt omkring i Midt-Norge spredt utover skole\u00e5ret. Selneskoia, TG sin egen koie, er tilgjengelig for alle gruppens medlemmer, og vi har utstyr til utl\u00e5n! I tillegg arrangerer vi konkurranser og holder diverse klatrekurs. <\/p>\n<\/div><\/div>\n\n\n\n<div class=\"wp-block-blockgallery-stacked alignfull\"><ul class=\"blockgallery has-fullwidth-images\"><\/ul><\/div>\n\n\n\n<div class=\"wp-block-media-text alignwide has-media-on-the-right is-stacked-on-mobile\" style=\"grid-template-columns:auto 54%\"><div class=\"wp-block-media-text__content\">\n<h3 class=\"wp-block-heading has-text-align-center has-custom-lineheight\" style=\"line-height:3\">Medlemskap<\/h3>\n\n\n\n<ul class=\"wp-block-list\">\n<li>Tilgang til kurs arrangert av Tindegruppa<\/li>\n\n\n\n<li>Tilgang til \u00e5 leie utstyr (ikke personlig utstyr som sele, sko ++)<\/li>\n\n\n\n<li>Rabatt p\u00e5 tirsdagsbuldring<\/li>\n\n\n\n<li>Rabatt hos VPG<\/li>\n<\/ul>\n\n\n\n<p>For \u00e5 bli medlem hos oss m\u00e5 du v\u00e6re medlem av NTNUI. V\u00e5rt medlemskap (livstidsmedlemskap) koster 200 kr for ordin\u00e6r student og 100 kr for utvekslingsstudenter. Dette kan betales via v\u00e5re hjemmesider. Medlemskap hos NTNUI kommer i tillegg. Det kan man kj\u00f8pe for seg selv, eller som en del at medlemskap hos Sit Trening.<\/p>\n\n\n\n<div class=\"wp-block-buttons is-content-justification-center is-layout-flex wp-container-core-buttons-is-layout-1 wp-block-buttons-is-layout-flex\">\n<div class=\"wp-block-button\"><a class=\"wp-block-button__link wp-element-button\" href=\"https:\/\/ntnui.no\/tindegruppa\/bli-medlem\/\">Bli medlem!<\/a><\/div>\n<\/div>\n<\/div><figure class=\"wp-block-media-text__media\"><img loading=\"lazy\" decoding=\"async\" width=\"1284\" height=\"1678\" src=\"https:\/\/ntnui.no\/tindegruppa\/wp-content\/uploads\/sites\/261\/2026\/03\/IMG_6882.jpeg\" alt=\"\" class=\"wp-image-7289 size-full\" \/><\/figure><\/div>\n\n\n\n<div class=\"wp-block-blockgallery-masonry alignwide\"><div class=\"blockgallery has-caption-style-dark has-gutter\"><ul class=\"has-grid-lrg has-gutter-15 has-gutter-mobile-15\"><\/ul><\/div><\/div>\n\n\n\n<div class=\"wp-block-media-text alignwide is-stacked-on-mobile\"><figure class=\"wp-block-media-text__media\"><img loading=\"lazy\" decoding=\"async\" width=\"1014\" height=\"1703\" src=\"https:\/\/ntnui.no\/tindegruppa\/wp-content\/uploads\/sites\/261\/2026\/03\/IMG_2051.jpg\" alt=\"\" class=\"wp-image-7296 size-full\" \/><\/figure><div class=\"wp-block-media-text__content\">\n<h3 class=\"wp-block-heading has-custom-lineheight\" style=\"line-height:3\">Sosiale medier<\/h3>\n\n\n\n<p>Sosiale medier er gode steder for \u00e5 h\u00f8re om arrangementer og m\u00f8te nye klatrepartnere. Derfor har vi flere sider for et hvert form\u00e5l.<\/p>\n\n\n\n<p><a href=\"https:\/\/www.facebook.com\/ntnuiTG\" data-type=\"URL\" data-id=\"https:\/\/www.facebook.com\/ntnuiTG\"><span class=\"has-inline-color has-coblocks-blue-color\">NTNUI Tindegruppa<\/span>:<\/a> Informasjonen ang\u00e5ende arrangementer og samlinger blir lagt ut her.<\/p>\n\n\n\n<p><a href=\"https:\/\/join.slack.com\/t\/ntnuitindegruppa\/shared_invite\/zt-2498szjy8-rJVxt29_78riRqnmEbeN7w\"><span class=\"has-inline-color has-coblocks-blue-color\">Slack:<\/span><\/a> V\u00e5r lavterskel kanal for alt fra gr\u00f8tspising til salg av kursplasser. <\/p>\n\n\n\n<p><a href=\"https:\/\/www.instagram.com\/ntnui_tindegruppa\/\" data-type=\"link\" data-id=\"https:\/\/www.instagram.com\/ntnui_tindegruppa\/\">instagrm:<\/a><\/p>\n<\/div><\/div>\n\n\n\n<div class=\"wp-block-columns alignwide is-layout-flex wp-container-core-columns-is-layout-1 wp-block-columns-is-layout-flex\">\n<div class=\"wp-block-column is-layout-flow wp-block-column-is-layout-flow\" style=\"flex-basis:45%\">\n<h3 class=\"wp-block-heading has-custom-lineheight\" style=\"line-height:3\">Samlinger<\/h3>\n\n\n\n<p>T<em>irsdagsklatring<\/em>: De fleste tirsdager m\u00f8tes vi p\u00e5 Grip Klatring Sluppen. Vi begynner kl. 19 og har felles oppvarming da. Sjekk facebook-gruppen NTNUI Tindegruppa for datoer.<\/p>\n\n\n\n<p><\/p>\n\n\n\n<p>Vi drar ogs\u00e5 p\u00e5 helgeturer, blant annet <em>Romsdalssamling<\/em> i starten av h\u00f8st-semesteret og <em>vintersamling<\/em> en gang i februar. Se egne facebook-events for disse og andre turer. Som medlem av NTNUI kan man f\u00e5 st\u00f8tte til reisen til og fra samlinger i regi av Tindegruppa.<\/p>\n<\/div>\n\n\n\n<div class=\"wp-block-column is-layout-flow wp-block-column-is-layout-flow\" style=\"flex-basis:45%\">\n<h3 class=\"wp-block-heading has-custom-lineheight\" style=\"line-height:3\">Kurs<\/h3>\n\n\n\n<p>Vi arrangerer en rekke kurs i begge semester. For \u00e5 delta p\u00e5 kurs m\u00e5 man v\u00e6re medlem av Tindegruppa og NTNUI. De faste er nybegynnerkurs, med brattkort som m\u00e5l, og kile-\/tradklatrekurs. I tillegg arrangerer vi kurs for kameratredning, NKF instrukt\u00f8r\/klatreleder inne og ruteskruing. Kursene holdes av godkjente instrukt\u00f8rer. P\u00e5melding gj\u00f8res via hjemmesiden v\u00e5r og annonseres p\u00e5 facebook-sidene.<\/p>\n\n\n\n<div class=\"wp-block-buttons is-content-justification-center is-layout-flex wp-container-core-buttons-is-layout-2 wp-block-buttons-is-layout-flex\">\n<div class=\"wp-block-button\"><a class=\"wp-block-button__link wp-element-button\" href=\"https:\/\/ntnui.no\/tindegruppa\/?page_id=3052\">Kurs<\/a><\/div>\n<\/div>\n<\/div>\n<\/div>\n\n\n\n<div class=\"wp-block-columns alignwide is-layout-flex wp-container-core-columns-is-layout-2 wp-block-columns-is-layout-flex\">\n<div class=\"wp-block-column is-layout-flow wp-block-column-is-layout-flow\" style=\"flex-basis:45%\">\n<h3 class=\"wp-block-heading has-custom-lineheight\" style=\"line-height:3\">Anlegg<\/h3>\n\n\n\n<p>Helgasetr er en 12 meter h\u00f8y klatrevegg med bolter for led og topptau. p\u00e5 treningsenteret til sit. Klatring her krever brattkort og vi arrangerer nybegynnerkurs i starten hvert semester. Dersom du kan \u00e5 sikre led trygt, uten at du har brattkort, kan du ta brattkorttesten i forbindelse med tirsdagsklatring. Ta kontakt med oss p\u00e5 facebook om du \u00f8nsker dette.<\/p>\n\n\n\n<p>Vi har ogs\u00e5 et lite buldrerom p\u00e5 I-bygget som anbefales \u00e5 utforske.<\/p>\n\n\n\n<p><\/p>\n<\/div>\n\n\n\n<div class=\"wp-block-column is-layout-flow wp-block-column-is-layout-flow\" style=\"flex-basis:45%\">\n<h3 class=\"wp-block-heading has-custom-lineheight\" style=\"line-height:3\">Utend\u00f8rsklatring<\/h3>\n\n\n\n<p>I omr\u00e5de rundt Trondheim er det gode muligheter for utend\u00f8rsklatring. De mest brukte feltene for sportsklatring er Hell og Korsvika. Korsvika er byn\u00e6rt, men ikke s\u00e5 stort. Hell er stort, men litt lenger \u00e5 kj\u00f8re (25 min). N\u00e5r det gjelder trad er St\u00f8ren (45 min kj\u00f8ring) det mest brukte av de byn\u00e6re feltene. Andre felt i n\u00e6rheten er Tikneppen, Trolla, Storvika og Olavsspranget. Informasjon om Storvika og Olavsspranget finner man p\u00e5 27crags. <\/p>\n\n\n\n<p>De andre feltene og mange flere, er beskrevet i f\u00f8reren Tr\u00f8nder Rock (skrevet av Tindegruppa).Det er flere gode omr\u00e5der for buldring utend\u00f8rs. Med sykkel\/buss kommer man seg lett til Trolla, Ila og Korsvika. Ved Harbak og Vingsand, begge nord for Trondheim, ligger noen av landets beste omr\u00e5der for buldring.<\/p>\n<\/div>\n<\/div>\n\n\n\n<h3 class=\"wp-block-heading has-custom-lineheight\" style=\"line-height:3\">Konkurranser<\/h3>\n\n\n\n<p>Konkurransene v\u00e5re er \u00e5pne for alle, uansett niv\u00e5. Fokuset er rett mot \u00e5 samle klatrere i Trondheim til klatrekonkurranser litt utenom det vanlig. Dagen avsluttes alltid med en fest. De faste konkurransene v\u00e5re er Midt-Norsk Studentmesterskap i oktober, og 3B \u2013 Buldring, benk og biceps i mars.<\/p>\n\n\n\n<figure class=\"wp-block-gallery has-nested-images columns-default is-cropped wp-block-gallery-1 is-layout-flex wp-block-gallery-is-layout-flex\">\n<figure class=\"wp-block-image size-large\"><img loading=\"lazy\" decoding=\"async\" width=\"2560\" height=\"1708\" data-id=\"7328\" src=\"https:\/\/ntnui.no\/tindegruppa\/wp-content\/uploads\/sites\/261\/2026\/03\/Bilde-90-4.jpeg\" alt=\"\" class=\"wp-image-7328\" \/><\/figure>\n<\/figure>\n\n\n\n<p>Foto: Fotografens navn\/NTNUI Blits (CC BY 4.0)<\/p>\n\n\n\n<h3 class=\"wp-block-heading has-custom-lineheight\" style=\"line-height:3\">Barnslige gl\u00e6der<\/h3>\n\n\n\n<p>V\u00e5rt \u00e5rlige magasin med TG-historier fra n\u00e6rt og fjernt.<\/p>\n\n\n\n<div class=\"wp-block-blockgallery-stacked alignfull\"><ul class=\"blockgallery has-fullwidth-images\"><li class=\"blockgallery--item\"><figure class=\"blockgallery--figure\"><img loading=\"lazy\" decoding=\"async\" width=\"640\" height=\"479\" src=\"https:\/\/ntnui.no\/tindegruppa\/wp-content\/uploads\/sites\/261\/2026\/03\/20250906-DSC07576-3.png\" alt=\"\" data-id=\"7333\" data-link=\"https:\/\/ntnui.no\/tindegruppa\/forside\/20250906-dsc07576-4\/\" class=\"wp-image-7333 has-shadow-none\" \/><\/figure><\/li><\/ul><\/div>\n\n\n\n<p>Foto: Dimitri Franov<\/p>\n\n\n\n<p><\/p>\n","protected":false},"excerpt":{"rendered":"<p>Om oss Tindegruppa er NTNUIs klatregruppe. Gruppen er \u00e5pen for alle studenter som vil klatre, enten det er p\u00e5 plastikk, stein, klippe, is eller fjell. Vi har buldring p\u00e5 Grip sluppen hver tirsdag, Vi har ogs\u00e5 helgeturer til crag rundt omkring i Midt-Norge spredt utover skole\u00e5ret. Selneskoia, TG sin egen koie, er tilgjengelig for alle [&hellip;]<\/p>\n","protected":false},"author":98,"featured_media":1217,"parent":0,"menu_order":0,"comment_status":"closed","ping_status":"closed","template":"","meta":{"_coblocks_attr":"Arial,Times New Roman,Noto Sans,Roboto,Helvetica,Georgia,Faustina,IBM Plex Sans,Arvo","_coblocks_dimensions":"","_coblocks_responsive_height":"","_coblocks_accordion_ie_support":"","_price":"","_stock":"","_tribe_ticket_header":"","_tribe_default_ticket_provider":"","_tribe_ticket_capacity":"0","_ticket_start_date":"","_ticket_end_date":"","_tribe_ticket_show_description":"","_tribe_ticket_show_not_going":false,"_tribe_ticket_use_global_stock":"","_tribe_ticket_global_stock_level":"","_global_stock_mode":"","_global_stock_cap":"","_tribe_rsvp_for_event":"","_tribe_ticket_going_count":"","_tribe_ticket_not_going_count":"","_tribe_tickets_list":[],"_tribe_ticket_has_attendee_info_fields":false,"footnotes":""},"class_list":["post-7","page","type-page","status-publish","has-post-thumbnail","hentry"],"featured_image_src":"https:\/\/ntnui.no\/tindegruppa\/wp-content\/uploads\/sites\/261\/2018\/08\/Flatanger4-600x400.jpg","featured_image_src_square":"https:\/\/ntnui.no\/tindegruppa\/wp-content\/uploads\/sites\/261\/2018\/08\/Flatanger4-600x600.jpg","ticketed":false,"_links":{"self":[{"href":"https:\/\/ntnui.no\/tindegruppa\/wp-json\/wp\/v2\/pages\/7","targetHints":{"allow":["GET"]}}],"collection":[{"href":"https:\/\/ntnui.no\/tindegruppa\/wp-json\/wp\/v2\/pages"}],"about":[{"href":"https:\/\/ntnui.no\/tindegruppa\/wp-json\/wp\/v2\/types\/page"}],"author":[{"embeddable":true,"href":"https:\/\/ntnui.no\/tindegruppa\/wp-json\/wp\/v2\/users\/98"}],"replies":[{"embeddable":true,"href":"https:\/\/ntnui.no\/tindegruppa\/wp-json\/wp\/v2\/comments?post=7"}],"version-history":[{"count":123,"href":"https:\/\/ntnui.no\/tindegruppa\/wp-json\/wp\/v2\/pages\/7\/revisions"}],"predecessor-version":[{"id":7375,"href":"https:\/\/ntnui.no\/tindegruppa\/wp-json\/wp\/v2\/pages\/7\/revisions\/7375"}],"wp:featuredmedia":[{"embeddable":true,"href":"https:\/\/ntnui.no\/tindegruppa\/wp-json\/wp\/v2\/media\/1217"}],"wp:attachment":[{"href":"https:\/\/ntnui.no\/tindegruppa\/wp-json\/wp\/v2\/media?parent=7"}],"curies":[{"name":"wp","href":"https:\/\/api.w.org\/{rel}","templated":true}]}}