{"id":6024,"date":"2024-09-25T17:31:13","date_gmt":"2024-09-25T15:31:13","guid":{"rendered":"https:\/\/ntnui.no\/tindegruppa\/?page_id=6024"},"modified":"2024-10-11T14:36:29","modified_gmt":"2024-10-11T12:36:29","slug":"refusjon-av-reiseutgifter-2","status":"publish","type":"page","link":"https:\/\/ntnui.no\/tindegruppa\/refusjon-av-reiseutgifter-2\/","title":{"rendered":"Refusjon av reiseutgifter"},"content":{"rendered":"\n<p id=\"block-0a96a2f4-88b4-4147-aab5-f4b41dcafb90\">Tindegruppa kan dekke deler av reiseutgiftene til og fra eventer organisert av Tindegruppa. Du m\u00e5 v\u00e6re b\u00e5de NTNUI- og TG-medlem for \u00e5 kunne f\u00e5 refusjon. <\/p>\n\n\n\n<figure class=\"wp-block-image size-large\" id=\"block-4a44ac43-54ff-4599-ac1e-b77aa2606e07\"><img loading=\"lazy\" decoding=\"async\" width=\"668\" height=\"548\" src=\"https:\/\/ntnui.no\/tindegruppa\/wp-content\/uploads\/sites\/261\/2024\/09\/Screenshot-2024-09-25-at-16.35.06.png\" alt=\"\" class=\"wp-image-6022\" \/><\/figure>\n\n\n\n<h2 class=\"wp-block-heading\" id=\"block-a3f6e8e9-8ea2-48de-94c9-f624a36b1a65\">Krav for refusjon:<\/h2>\n\n\n\n<ul class=\"wp-block-list\" id=\"block-7a83858a-59aa-4bb8-abf3-4fe77fe143ed\"><li>Du og passasjerene m\u00e5 v\u00e6re NTNUI-medlemmer <\/li><li>Du og passasjerene m\u00e5 v\u00e6re TG-medlemmer<\/li><li>Sj\u00e5f\u00f8ren m\u00e5 fylle ut refusjonsskjemaet med korrekt dokumentasjon innen fristen (f\u00f8lg med p\u00e5 Slack for info rundt hver tur).<\/li><\/ul>\n\n\n\n<h2 class=\"wp-block-heading\" id=\"block-a070c690-ab57-46dd-9ab3-4d43c4f1f100\">Hva du m\u00e5 gj\u00f8re:<\/h2>\n\n\n\n<p id=\"block-4986d753-a52f-4e80-a670-4dcc3be378ab\"><em>Alle passasjerer m\u00e5 gj\u00f8re 1 og 2, sj\u00e5f\u00f8ren m\u00e5 i tillegg gj\u00f8re punkt 3. <\/em><\/p>\n\n\n\n<p id=\"block-9fa2d194-65de-4a4e-86a5-5f64e88949b5\"><strong>1.<\/strong> <strong>NTNUI-medlemsskap:<\/strong><br>&#8211; Sjekk at du og passasjerene har gyldig NTNUI-medlemsskap ved \u00e5 logge inn p\u00e5 <a rel=\"noreferrer noopener\" href=\"https:\/\/medlem.ntnui.no\/?fbclid=IwAR31b-oDPn9JH9d1gF4CxsxPQYstTaIwnZ51OvbL4UriHtJ7iUwOO4BcuJg\" target=\"_blank\"> https:\/\/medlem.ntnui.no\/<\/a>. Om medlemsskapet er ugyldig, eller det har skjedd en feil, kontakt SiT p\u00e5 et av SiT sine sentre. <\/p>\n\n\n\n<div class=\"wp-block-atomic-blocks-ab-button ab-block-button\"><a href=\"https:\/\/medlem.ntnui.no\/\" target=\"_blank\" rel=\"noopener noreferrer\" class=\"ab-button ab-button-shape-rounded ab-button-size-medium\" style=\"color:#ffffff;background-color:#fed03e\">Sjekk NTNUI-medlemsskapet ditt<\/a><\/div>\n\n\n\n<p id=\"block-3267a383-b91f-4df3-a7fe-d43e4681d113\"><strong>2.<\/strong> <strong>TG-medlemsskap:<\/strong><br>&#8211; Bli TG-medlem ved \u00e5 <strong>betale<\/strong> et engangsbel\u00f8p for livslangt medlemsskap i TG i nettbutikken<br>&#8211; Logg inn p\u00e5 <a rel=\"noreferrer noopener\" href=\"https:\/\/medlem.ntnui.no\/?fbclid=IwAR31b-oDPn9JH9d1gF4CxsxPQYstTaIwnZ51OvbL4UriHtJ7iUwOO4BcuJg\" target=\"_blank\">https:\/\/medlem.ntnui.no\/<\/a> og <strong>registrer<\/strong> deg som medlem i Tindegruppa.<\/p>\n\n\n\n<div class=\"wp-block-atomic-blocks-ab-button ab-block-button\"><a href=\"https:\/\/ntnui.no\/tindegruppa\/bli-medlem\/\" target=\"_blank\" rel=\"noopener noreferrer\" class=\"ab-button ab-button-shape-rounded ab-button-size-medium\" style=\"color:#ffffff;background-color:#fed03e\">Bli TG-medlem<\/a><\/div>\n\n\n\n<div class=\"wp-block-atomic-blocks-ab-button ab-block-button\"><a target=\"_blank\" rel=\"noopener noreferrer\" class=\"ab-button ab-button-shape-rounded ab-button-size-medium\" style=\"color:#ffffff;background-color:#fed03e\">Registrer TG-medlemsskapet ditt<\/a><\/div>\n\n\n\n<p id=\"block-a7fb7e74-f689-4981-8828-90d230b8eb76\"><strong>3.<\/strong> Sj\u00e5f\u00f8ren m\u00e5 fylle ut <strong>refusjonsskjemaet:<\/strong><br>&#8211; <strong>Logg inn<\/strong> p\u00e5 <a rel=\"noreferrer noopener\" target=\"_blank\" href=\"https:\/\/reise.ntnui.no\/\">https:\/\/reise.ntnui.no\/<\/a> and fyll ut skjemaet<br>&#8211; Last opp <strong>screenshot av reiseruten<\/strong> fra Google Maps som viser korteste rute fra NTNUIs klubbhus (Christian Frederiks gate 20) til arrangementet du har v\u00e6rt med p\u00e5. For samlingene Tindegruppa arrangerer er det campingplassens adresse som er destinasjonen.<br>&#8211; Under &#8220;Bel\u00f8p&#8221; skriver du resultatet av f\u00f8lgende utregning: <br><strong>Egen bil:<\/strong> <em>3,5 * antall kilometer totalt = _____<\/em><br><strong>Leiebil:<\/strong> <em>0,9 * antall kilometer totalt * antall NTNUI-members = ______<\/em><br>&#8211; Under &#8220;Kommentar&#8221; skriver du selve utregningen du gjorde^<\/p>\n\n\n\n<p><em>Reisest\u00f8tten du mottar fra NTNUI og Tindegruppa utgj\u00f8r 70% av bel\u00f8pet du regner ut.<\/em><\/p>\n\n\n\n<div class=\"wp-block-atomic-blocks-ab-button ab-block-button\"><a href=\"https:\/\/reise.ntnui.no\/\" target=\"_blank\" rel=\"noopener noreferrer\" class=\"ab-button ab-button-shape-rounded ab-button-size-medium\" style=\"color:#ffffff;background-color:#fed03e\">Refusjonsskjema<\/a><\/div>\n\n\n\n<p id=\"block-7f192700-8f02-47e7-8bff-e9fc6d65e560\">Hvis du har noen sp\u00f8rsm\u00e5l, ta kontakt med <a href=\"mailto:tindegruppa-kasserer@ntnui.no\"><strong>tindegruppa-kasserer@ntnui.no<\/strong><\/a><\/p>\n\n\n\n<p>Her er link til NTNUIs interne \u00f8konomiregler: <br>https:\/\/drive.google.com\/file\/d\/17mA7447CE3ewSP0WZAIaJFwH-P8A3Lzq\/view <br><\/p>\n\n\n\n<h2 class=\"wp-block-heading\">Forklaring p\u00e5 hva du skal skrive hvor:<\/h2>\n\n\n\n<div class=\"wp-block-blockgallery-stacked alignfull\"><ul class=\"blockgallery has-fullwidth-images\"><li class=\"blockgallery--item\"><figure class=\"blockgallery--figure\"><img loading=\"lazy\" decoding=\"async\" width=\"1254\" height=\"482\" src=\"https:\/\/ntnui.no\/tindegruppa\/wp-content\/uploads\/sites\/261\/2024\/09\/Screenshot-2024-09-30-at-11.28.47.png\" alt=\"\" data-id=\"6057\" data-link=\"https:\/\/ntnui.no\/tindegruppa\/en\/refunding-of-travel-expenses\/screenshot-2024-09-30-at-11-28-47\/\" class=\"wp-image-6057 has-shadow-none\" \/><\/figure><\/li><li class=\"blockgallery--item\"><figure class=\"blockgallery--figure\"><img loading=\"lazy\" decoding=\"async\" width=\"1248\" height=\"1032\" src=\"https:\/\/ntnui.no\/tindegruppa\/wp-content\/uploads\/sites\/261\/2024\/09\/Screenshot-2024-09-30-at-11.28.37.png\" alt=\"\" data-id=\"6056\" data-link=\"https:\/\/ntnui.no\/tindegruppa\/en\/refunding-of-travel-expenses\/screenshot-2024-09-30-at-11-28-37\/\" class=\"wp-image-6056 has-shadow-none\" \/><\/figure><\/li><li class=\"blockgallery--item\"><figure class=\"blockgallery--figure\"><img loading=\"lazy\" decoding=\"async\" width=\"1274\" height=\"1132\" src=\"https:\/\/ntnui.no\/tindegruppa\/wp-content\/uploads\/sites\/261\/2024\/09\/Screenshot-2024-09-30-at-11.28.18.png\" alt=\"\" data-id=\"6055\" data-link=\"https:\/\/ntnui.no\/tindegruppa\/en\/refunding-of-travel-expenses\/screenshot-2024-09-30-at-11-28-18\/\" class=\"wp-image-6055 has-shadow-none\" \/><\/figure><\/li><\/ul><\/div>\n\n\n\n<p><\/p>\n","protected":false},"excerpt":{"rendered":"<p>Tindegruppa kan dekke deler av reiseutgiftene til og fra eventer organisert av Tindegruppa. Du m\u00e5 v\u00e6re b\u00e5de NTNUI- og TG-medlem for \u00e5 kunne f\u00e5 refusjon. Krav for refusjon: Du og passasjerene m\u00e5 v\u00e6re NTNUI-medlemmer Du og passasjerene m\u00e5 v\u00e6re TG-medlemmer Sj\u00e5f\u00f8ren m\u00e5 fylle ut refusjonsskjemaet med korrekt dokumentasjon innen fristen (f\u00f8lg med p\u00e5 Slack for [&hellip;]<\/p>\n","protected":false},"author":570,"featured_media":0,"parent":0,"menu_order":0,"comment_status":"closed","ping_status":"closed","template":"","meta":{"_coblocks_attr":"","_coblocks_dimensions":"","_coblocks_responsive_height":"","_coblocks_accordion_ie_support":"","_price":"","_stock":"","_tribe_ticket_header":"","_tribe_default_ticket_provider":"","_tribe_ticket_capacity":"0","_ticket_start_date":"","_ticket_end_date":"","_tribe_ticket_show_description":"","_tribe_ticket_show_not_going":false,"_tribe_ticket_use_global_stock":"","_tribe_ticket_global_stock_level":"","_global_stock_mode":"","_global_stock_cap":"","_tribe_rsvp_for_event":"","_tribe_ticket_going_count":"","_tribe_ticket_not_going_count":"","_tribe_tickets_list":[],"_tribe_ticket_has_attendee_info_fields":false,"footnotes":""},"class_list":["post-6024","page","type-page","status-publish","hentry"],"featured_image_src":null,"featured_image_src_square":null,"ticketed":false,"_links":{"self":[{"href":"https:\/\/ntnui.no\/tindegruppa\/wp-json\/wp\/v2\/pages\/6024","targetHints":{"allow":["GET"]}}],"collection":[{"href":"https:\/\/ntnui.no\/tindegruppa\/wp-json\/wp\/v2\/pages"}],"about":[{"href":"https:\/\/ntnui.no\/tindegruppa\/wp-json\/wp\/v2\/types\/page"}],"author":[{"embeddable":true,"href":"https:\/\/ntnui.no\/tindegruppa\/wp-json\/wp\/v2\/users\/570"}],"replies":[{"embeddable":true,"href":"https:\/\/ntnui.no\/tindegruppa\/wp-json\/wp\/v2\/comments?post=6024"}],"version-history":[{"count":9,"href":"https:\/\/ntnui.no\/tindegruppa\/wp-json\/wp\/v2\/pages\/6024\/revisions"}],"predecessor-version":[{"id":6102,"href":"https:\/\/ntnui.no\/tindegruppa\/wp-json\/wp\/v2\/pages\/6024\/revisions\/6102"}],"wp:attachment":[{"href":"https:\/\/ntnui.no\/tindegruppa\/wp-json\/wp\/v2\/media?parent=6024"}],"curies":[{"name":"wp","href":"https:\/\/api.w.org\/{rel}","templated":true}]}}