{"id":5477,"date":"2024-01-27T13:31:18","date_gmt":"2024-01-27T12:31:18","guid":{"rendered":"https:\/\/ntnui.no\/tindegruppa\/?page_id=5477"},"modified":"2024-02-22T13:16:56","modified_gmt":"2024-02-22T12:16:56","slug":"helgaseter","status":"publish","type":"page","link":"https:\/\/ntnui.no\/tindegruppa\/helgaseter\/","title":{"rendered":"Helgaseter"},"content":{"rendered":"\n<p>Helgaseter er et nytt campus bygg som kommer ved avkj\u00f8rselen til \u00d8ya. Som en del av campusbygget skal SIT f\u00e5 et nytt treningssenter som ogs\u00e5 har et klatre\/buldrerom. Planen er at dette skal driftes av Tindegruppa og vi kommer til \u00e5 v\u00e6re ansvarlige for ruteskruing. Tentativ \u00e5pningsdato for dette er h\u00f8sten 2024. <\/p>\n\n\n\n<p>Mer info kommer!<\/p>\n","protected":false},"excerpt":{"rendered":"<p>Helgaseter er et nytt campus bygg som kommer ved avkj\u00f8rselen til \u00d8ya. Som en del av campusbygget skal SIT f\u00e5 et nytt treningssenter som ogs\u00e5 har et klatre\/buldrerom. Planen er at dette skal driftes av Tindegruppa og vi kommer til \u00e5 v\u00e6re ansvarlige for ruteskruing. Tentativ \u00e5pningsdato for dette er h\u00f8sten 2024. Mer info kommer!<\/p>\n","protected":false},"author":219,"featured_media":0,"parent":0,"menu_order":0,"comment_status":"closed","ping_status":"closed","template":"","meta":{"_coblocks_attr":"","_coblocks_dimensions":"","_coblocks_responsive_height":"","_coblocks_accordion_ie_support":"","_price":"","_stock":"","_tribe_ticket_header":"","_tribe_default_ticket_provider":"","_tribe_ticket_capacity":"0","_ticket_start_date":"","_ticket_end_date":"","_tribe_ticket_show_description":"","_tribe_ticket_show_not_going":false,"_tribe_ticket_use_global_stock":"","_tribe_ticket_global_stock_level":"","_global_stock_mode":"","_global_stock_cap":"","_tribe_rsvp_for_event":"","_tribe_ticket_going_count":"","_tribe_ticket_not_going_count":"","_tribe_tickets_list":[],"_tribe_ticket_has_attendee_info_fields":false,"footnotes":""},"class_list":["post-5477","page","type-page","status-publish","hentry"],"featured_image_src":null,"featured_image_src_square":null,"ticketed":false,"_links":{"self":[{"href":"https:\/\/ntnui.no\/tindegruppa\/wp-json\/wp\/v2\/pages\/5477","targetHints":{"allow":["GET"]}}],"collection":[{"href":"https:\/\/ntnui.no\/tindegruppa\/wp-json\/wp\/v2\/pages"}],"about":[{"href":"https:\/\/ntnui.no\/tindegruppa\/wp-json\/wp\/v2\/types\/page"}],"author":[{"embeddable":true,"href":"https:\/\/ntnui.no\/tindegruppa\/wp-json\/wp\/v2\/users\/219"}],"replies":[{"embeddable":true,"href":"https:\/\/ntnui.no\/tindegruppa\/wp-json\/wp\/v2\/comments?post=5477"}],"version-history":[{"count":3,"href":"https:\/\/ntnui.no\/tindegruppa\/wp-json\/wp\/v2\/pages\/5477\/revisions"}],"predecessor-version":[{"id":7245,"href":"https:\/\/ntnui.no\/tindegruppa\/wp-json\/wp\/v2\/pages\/5477\/revisions\/7245"}],"wp:attachment":[{"href":"https:\/\/ntnui.no\/tindegruppa\/wp-json\/wp\/v2\/media?parent=5477"}],"curies":[{"name":"wp","href":"https:\/\/api.w.org\/{rel}","templated":true}]}}